{"id":152171,"date":"2021-01-26T15:14:54","date_gmt":"2021-01-26T14:14:54","guid":{"rendered":"https:\/\/clinical.r-biopharm.com\/?page_id=152171"},"modified":"2022-08-19T10:58:53","modified_gmt":"2022-08-19T08:58:53","slug":"coronavirus","status":"publish","type":"page","link":"https:\/\/clinical.r-biopharm.com\/de\/coronavirus\/","title":{"rendered":"Coronavirus"},"content":{"rendered":"<div class=\"wpb-content-wrapper\">[vc_row][vc_column][vc_column_text css=&#8220;.vc_custom_1660899499757{margin-bottom: 0px !important;}&#8220;]<strong>Seit Beginn der Pandemie im Februar 2020 bestimmt das Coronavirus unseren Alltag, eine gro\u00dfe Herausforderung f\u00fcr uns alle. R-Biopharm stellt sich der gesellschaftlichen Verantwortung, die diagnostischen Anforderungen im Nachweis von SARS-CoV-2 zu erf\u00fcllen.<\/strong><\/p>\n<p>Mit mehr als 30 Jahren Erfahrung im Bereich Human Diagnostik sind wir in der Lage, das Gesundheitswesen mit PCR-Tests bei der Eind\u00e4mmung und Bek\u00e4mpfung zu unterst\u00fctzen. Das Portfolio wird stetig den \u00c4nderungen im Pandemieverlauf angepasst und ausgebaut.[\/vc_column_text][\/vc_column][\/vc_row][vc_row css=&#8220;.vc_custom_1638197064578{background-color: #e3e5e6 !important;}&#8220;][vc_column][vc_empty_space height=&#8220;16px&#8220;][vc_column_text css=&#8220;.vc_custom_1660899527735{margin-bottom: 0px !important;}&#8220;]<strong>Alle RIDA\u00aeGENE SARS-CoV-2 Tests detektieren die neu aufgekommene Variante Omikron (B1.1.529) mit der gewohnten Sensitivit\u00e4t und Sicherheit.<\/strong>[\/vc_column_text][\/vc_column][\/vc_row][vc_row][vc_column][vc_empty_space][\/vc_column][\/vc_row][vc_row][vc_column width=&#8220;1\/2&#8243; css=&#8220;.vc_custom_1611745411161{background-color: #ffffff !important;}&#8220;][vc_column_text css=&#8220;.vc_custom_1611744265210{margin-bottom: 0px !important;}&#8220;]\n<h3><a href=\"https:\/\/clinical.r-biopharm.com\/de\/produkte\/ridagene-sars-cov-2\/\">PCR-Test<\/a><\/h3>\n[\/vc_column_text][mk_image src=&#8220;https:\/\/clinical.r-biopharm.com\/wp-content\/uploads\/2021\/01\/2021-01_coronavirus-microsite_rg-sars-cov-2_neutral.jpg&#8220; link=&#8220;https:\/\/clinical.r-biopharm.com\/de\/produkte\/ridagene-sars-cov-2\/&#8220;][vc_column_text css=&#8220;.vc_custom_1611745389934{margin-bottom: 0px !important;background-color: #ffffff !important;}&#8220;]Multiplex real-time RT-PCR zum direkten qualitativen Nachweis der Coronavirus (SARS-CoV-2) RNA.[\/vc_column_text][\/vc_column][vc_column width=&#8220;1\/2&#8243; css=&#8220;.vc_custom_1611745375208{background-color: #ffffff !important;}&#8220;][vc_column_text css=&#8220;.vc_custom_1611744331116{margin-bottom: 0px !important;}&#8220;]\n<h3><a href=\"https:\/\/clinical.r-biopharm.com\/de\/produkte\/ridagene-flu-sars-cov-2\/\">PCR-Kombi-Test Flu &amp; SARS-CoV-2<\/a><\/h3>\n[\/vc_column_text][mk_image src=&#8220;https:\/\/clinical.r-biopharm.com\/wp-content\/uploads\/2021\/01\/2021-01_coronavirus-microsite_rg-flu-u-sars-cov-2_neutral.jpg&#8220; link=&#8220;https:\/\/clinical.r-biopharm.com\/de\/produkte\/ridagene-flu-sars-cov-2\/&#8220;][vc_column_text css=&#8220;.vc_custom_1611745360178{margin-bottom: 0px !important;background-color: #ffffff !important;}&#8220;]Direkter qualitativer Nachweis und Differenzierung der Influenza A\/B und der Coronavirus (SARS-CoV-2) RNA.[\/vc_column_text][\/vc_column][\/vc_row][vc_row disable_element=&#8220;yes&#8220;][vc_column width=&#8220;1\/3&#8243; css=&#8220;.vc_custom_1611745411161{background-color: #ffffff !important;}&#8220;][vc_column_text css=&#8220;.vc_custom_1611744293580{margin-bottom: 0px !important;}&#8220;]\n<h3><a href=\"https:\/\/clinical.r-biopharm.com\/de\/produkte\/ridaquick-sars-cov-2-antigen\/\">Schnelltest<\/a><\/h3>\n[\/vc_column_text][mk_image src=&#8220;https:\/\/clinical.r-biopharm.com\/wp-content\/uploads\/2021\/01\/2021-01_coronavirus-microsite_rq-sars-cov-2-antigen_neutral.jpg&#8220; link=&#8220;https:\/\/clinical.r-biopharm.com\/de\/produkte\/ridaquick-sars-cov-2-antigen\/&#8220;][vc_column_text css=&#8220;.vc_custom_1611747612686{margin-bottom: 0px !important;background-color: #ffffff !important;}&#8220;]Immunchromatographischer Schnelltest zum qualitativen Nachweis von SARS-CoV-2 spezifischen Antigenen.[\/vc_column_text][\/vc_column][vc_column width=&#8220;1\/3&#8243; css=&#8220;.vc_custom_1611745375208{background-color: #ffffff !important;}&#8220;][\/vc_column][vc_column width=&#8220;1\/3&#8243; css=&#8220;.vc_custom_1611745347069{background-color: #ffffff !important;}&#8220;][\/vc_column][\/vc_row][vc_row][vc_column][vc_empty_space height=&#8220;64px&#8220;][\/vc_column][\/vc_row][vc_row disable_element=&#8220;yes&#8220;][vc_column width=&#8220;1\/2&#8243;][vc_column_text css=&#8220;.vc_custom_1611322696027{margin-bottom: 0px !important;}&#8220;]\n<h2>RIDA\u00aeQUICK SARS-CoV-2 Antigen Schnelltest<\/h2>\n[\/vc_column_text][vc_column_text css=&#8220;.vc_custom_1611920858258{margin-bottom: 0px !important;}&#8220;]\n<ul>\n<li><strong>Offizieller Partner des Bundesministeriums f\u00fcr Gesundheit f\u00fcr die SARS-CoV2 Diagnostik zur Bek\u00e4mpfung von COVID-19<\/strong><\/li>\n<li>einfache Testdurchf\u00fchrung inklusive Abnahme-Tupfer<\/li>\n<li>bei einem positiven Schnelltest kann aus dem gleichen Abstrich ein PCR-Best\u00e4tigungstest durchgef\u00fchrt werden<\/li>\n<li>f\u00fcr Nasen- und\/oder Rachenabstrich verwendbar<\/li>\n<li>bei der BfArM gelisteter Antigen-Test<\/li>\n<li>analytische Sensitivit\u00e4t entspricht laut Paul Ehrlich Institut dem Stand der Technik<\/li>\n<li>Sensitivit\u00e4t von 95% bei einem PCR-Ct-Wert von &lt;29, sowie eine Spezifit\u00e4t von 100% (Studie der Charit\u00e9, Prof. Dr. Drosten und Universit\u00e4tsklinikum Frankfurt, Frau Prof. Dr. Ciesek)<\/li>\n<\/ul>\n[\/vc_column_text][vc_row_inner attached=&#8220;true&#8220; column_padding=&#8220;1&#8243;][vc_column_inner width=&#8220;1\/3&#8243;][mk_button dimension=&#8220;flat&#8220; url=&#8220;\/de\/produkte\/ridaquick-sars-cov-2-antigen\/&#8220; align=&#8220;center&#8220; fullwidth=&#8220;true&#8220; bg_color=&#8220;#4d4d4d&#8220; btn_hover_bg=&#8220;#ffffff&#8220; btn_hover_txt_color=&#8220;#4d4d4d&#8220;]Zum Produkt[\/mk_button][\/vc_column_inner][vc_column_inner width=&#8220;1\/3&#8243;][mk_button dimension=&#8220;flat&#8220; url=&#8220;https:\/\/clinical.r-biopharm.com\/wp-content\/uploads\/2021\/01\/2021-01_rida-quick-sars-cov-2_2p_lores_de.pdf&#8220; align=&#8220;center&#8220; fullwidth=&#8220;true&#8220; bg_color=&#8220;#4d4d4d&#8220; btn_hover_bg=&#8220;#ffffff&#8220; btn_hover_txt_color=&#8220;#4d4d4d&#8220;]Flyer anschauen[\/mk_button][\/vc_column_inner][vc_column_inner width=&#8220;1\/3&#8243;][mk_button dimension=&#8220;flat&#8220; url=&#8220;https:\/\/youtu.be\/WC42ggor2KA&#8220; align=&#8220;center&#8220; fullwidth=&#8220;true&#8220; bg_color=&#8220;#4d4d4d&#8220; btn_hover_bg=&#8220;#ffffff&#8220; btn_hover_txt_color=&#8220;#4d4d4d&#8220;]Zum Video[\/mk_button][\/vc_column_inner][\/vc_row_inner][\/vc_column][vc_column width=&#8220;1\/2&#8243;][mk_image src=&#8220;https:\/\/clinical.r-biopharm.com\/wp-content\/uploads\/2021\/01\/2021-01_coronavirus-microsite_rq-sars-cov-2-antigen_labor-scaled.jpg&#8220; image_size=&#8220;full&#8220; link=&#8220;https:\/\/clinical.r-biopharm.com\/de\/produkte\/ridaquick-sars-cov-2-antigen\/&#8220;][\/vc_column][\/vc_row][vc_row][vc_column width=&#8220;1\/2&#8243;][mk_image src=&#8220;https:\/\/clinical.r-biopharm.com\/wp-content\/uploads\/2021\/01\/2021-01_coronavirus-microsite_rg-sars-cov-2_labor-scaled.jpg&#8220; image_size=&#8220;full&#8220; link=&#8220;https:\/\/clinical.r-biopharm.com\/de\/produkte\/ridagene-sars-cov-2\/&#8220;][\/vc_column][vc_column width=&#8220;1\/2&#8243;][vc_column_text css=&#8220;.vc_custom_1611322714498{margin-bottom: 0px !important;}&#8220;]\n<h2>RIDA\u00aeGENE SARS-CoV-2 real-time PCR-Test<\/h2>\n[\/vc_column_text][vc_column_text css=&#8220;.vc_custom_1611747903375{margin-bottom: 0px !important;}&#8220;]\n<ul>\n<li>qualitative Detektion von SARS-CoV-2 RNA (spezifische E-Gen Sequenz) aus respiratorischem Probenmaterial<\/li>\n<li>Anwendung auf g\u00e4ngigen real-time PCR-Cyclern m\u00f6glich<\/li>\n<li>Ergebnis innerhalb ca. 1,5 h verf\u00fcgbar<\/li>\n<li>bei der FIND gelisteter PCR-Test<\/li>\n<li>eignet sich f\u00fcr Labore mit hohen Durchsatz f\u00fcr die Erstdiagnose und als Best\u00e4tigungstest nach einem positiven Befund eines Schnelltests<\/li>\n<li>entspricht der Empfehlung der WHO f\u00fcr Gebiete, in denen das COVID-19-Virus weit verbreitet ist<\/li>\n<li>enth\u00e4lt alle erforderlichen Kontrollen (Interne -, Positiv- &amp; Negativkontrolle)<\/li>\n<\/ul>\n[\/vc_column_text][vc_row_inner attached=&#8220;true&#8220;][vc_column_inner width=&#8220;1\/3&#8243;][mk_button dimension=&#8220;flat&#8220; url=&#8220;https:\/\/clinical.r-biopharm.com\/de\/produkte\/ridagene-sars-cov-2\/&#8220; align=&#8220;center&#8220; bg_color=&#8220;#4d4d4d&#8220; btn_hover_bg=&#8220;#ffffff&#8220; btn_hover_txt_color=&#8220;#4d4d4d&#8220;]Zum Produkt[\/mk_button][\/vc_column_inner][vc_column_inner width=&#8220;1\/3&#8243;][mk_button dimension=&#8220;flat&#8220; url=&#8220;https:\/\/clinical.r-biopharm.com\/wp-content\/uploads\/2021\/01\/2020-11_pg6815-pg6820_rg-sars-cov-2_ce_2p_de.pdf&#8220; align=&#8220;center&#8220; bg_color=&#8220;#4d4d4d&#8220; btn_hover_bg=&#8220;#ffffff&#8220; btn_hover_txt_color=&#8220;#4d4d4d&#8220;]Flyer anschauen[\/mk_button][\/vc_column_inner][vc_column_inner width=&#8220;1\/3&#8243;][\/vc_column_inner][\/vc_row_inner][\/vc_column][\/vc_row][vc_row][vc_column][vc_empty_space][\/vc_column][\/vc_row][vc_row][vc_column width=&#8220;1\/2&#8243;][vc_column_text css=&#8220;.vc_custom_1611322734403{margin-bottom: 0px !important;}&#8220;]\n<h2>RIDA\u00aeGENE Flu &amp; SARS-CoV-2 Kombi-Test<\/h2>\n[\/vc_column_text][vc_column_text css=&#8220;.vc_custom_1611318869973{margin-bottom: 0px !important;}&#8220;]\n<ul>\n<li>qualitative Detektion und Differenzierung von Influenza A\/B (M-Gen\/ NP1-Gen) und SARS-CoV-2 (E-Gen; RdRp-Gen)<\/li>\n<li>flexible Anwendung auf g\u00e4ngigen real-time PCR-Cyclern m\u00f6glich<\/li>\n<li>Ergebnis innerhalb ca. 1,5 h verf\u00fcgbar<\/li>\n<li>Nachweis von zwei SARS-CoV-2 spezifischen Genfragmenten innerhalb des E-Gens und des RdRp-Gens<\/li>\n<li>enth\u00e4lt alle erforderlichen Kontrollen (Interne -, Positiv- &amp; Negativkontrolle)<\/li>\n<\/ul>\n[\/vc_column_text][vc_row_inner attached=&#8220;true&#8220;][vc_column_inner width=&#8220;1\/3&#8243;][mk_button dimension=&#8220;flat&#8220; url=&#8220;https:\/\/clinical.r-biopharm.com\/de\/produkte\/ridagene-flu-sars-cov-2\/&#8220; align=&#8220;center&#8220; margin_bottom=&#8220;&#8220; bg_color=&#8220;#4d4d4d&#8220; btn_hover_bg=&#8220;#ffffff&#8220; btn_hover_txt_color=&#8220;#4d4d4d&#8220;]Zum Produkt[\/mk_button][\/vc_column_inner][vc_column_inner width=&#8220;1\/3&#8243;][mk_button dimension=&#8220;flat&#8220; url=&#8220;https:\/\/clinical.r-biopharm.com\/wp-content\/uploads\/2021\/01\/pg6825_rg-flu-u.-sars-cov-2_2p_de_2021-01_lores.pdf&#8220; align=&#8220;center&#8220; margin_bottom=&#8220;&#8220; bg_color=&#8220;#4d4d4d&#8220; btn_hover_bg=&#8220;#ffffff&#8220; btn_hover_txt_color=&#8220;#4d4d4d&#8220;]Flyer anschauen[\/mk_button][\/vc_column_inner][vc_column_inner width=&#8220;1\/3&#8243;][\/vc_column_inner][\/vc_row_inner][\/vc_column][vc_column width=&#8220;1\/2&#8243;][mk_image src=&#8220;https:\/\/clinical.r-biopharm.com\/wp-content\/uploads\/2021\/01\/2021-01_coronavirus-microsite_rg-flu-u-sars-cov-2_labor-scaled.jpg&#8220; image_size=&#8220;full&#8220; link=&#8220;https:\/\/clinical.r-biopharm.com\/de\/produkte\/ridagene-flu-sars-cov-2\/&#8220;][\/vc_column][\/vc_row]\n<\/div>","protected":false},"excerpt":{"rendered":"<p>[vc_row][vc_column][vc_column_text css=&#8220;.vc_custom_1660899499757{margin-bottom: 0px !important;}&#8220;]Seit Beginn der Pandemie im Februar 2020 bestimmt das Coronavirus unseren Alltag, eine gro\u00dfe Herausforderung f\u00fcr uns alle. R-Biopharm stellt sich der gesellschaftlichen Verantwortung, die diagnostischen Anforderungen im Nachweis von SARS-CoV-2 zu erf\u00fcllen. Mit mehr als 30 Jahren Erfahrung im Bereich Human Diagnostik sind wir in der Lage, das Gesundheitswesen mit PCR-Tests [&hellip;]<\/p>\n","protected":false},"author":1,"featured_media":0,"parent":0,"menu_order":0,"comment_status":"closed","ping_status":"closed","template":"","meta":{"_acf_changed":false,"content-type":"","_relevanssi_hide_post":"","_relevanssi_hide_content":"","_relevanssi_pin_for_all":"","_relevanssi_pin_keywords":"","_relevanssi_unpin_keywords":"","_relevanssi_related_keywords":"","_relevanssi_related_include_ids":"","_relevanssi_related_exclude_ids":"","_relevanssi_related_no_append":"","_relevanssi_related_not_related":"","_relevanssi_related_posts":"","_relevanssi_noindex_reason":"","footnotes":""},"class_list":["post-152171","page","type-page","status-publish","hentry"],"acf":[],"yoast_head":"<!-- This site is optimized with the Yoast SEO plugin v27.4 - https:\/\/yoast.com\/product\/yoast-seo-wordpress\/ -->\n<title>Coronavirus - Clinical Diagnostics<\/title>\n<meta name=\"robots\" content=\"index, follow, max-snippet:-1, max-image-preview:large, max-video-preview:-1\" \/>\n<link rel=\"canonical\" href=\"https:\/\/clinical.r-biopharm.com\/de\/coronavirus\/\" \/>\n<meta property=\"og:locale\" content=\"de_DE\" \/>\n<meta property=\"og:type\" content=\"article\" \/>\n<meta property=\"og:title\" content=\"Coronavirus - Clinical Diagnostics\" \/>\n<meta property=\"og:description\" content=\"[vc_row][vc_column][vc_column_text css=&#8220;.vc_custom_1660899499757{margin-bottom: 0px !important;}&#8220;]Seit Beginn der Pandemie im Februar 2020 bestimmt das Coronavirus unseren Alltag, eine gro\u00dfe Herausforderung f\u00fcr uns alle. R-Biopharm stellt sich der gesellschaftlichen Verantwortung, die diagnostischen Anforderungen im Nachweis von SARS-CoV-2 zu erf\u00fcllen. Mit mehr als 30 Jahren Erfahrung im Bereich Human Diagnostik sind wir in der Lage, das Gesundheitswesen mit PCR-Tests [&hellip;]\" \/>\n<meta property=\"og:url\" content=\"https:\/\/clinical.r-biopharm.com\/de\/coronavirus\/\" \/>\n<meta property=\"og:site_name\" content=\"Clinical Diagnostics\" \/>\n<meta property=\"article:modified_time\" content=\"2022-08-19T08:58:53+00:00\" \/>\n<meta name=\"twitter:label1\" content=\"Gesch\u00e4tzte Lesezeit\" \/>\n\t<meta name=\"twitter:data1\" content=\"3\u00a0Minuten\" \/>\n<script type=\"application\/ld+json\" class=\"yoast-schema-graph\">{\"@context\":\"https:\\\/\\\/schema.org\",\"@graph\":[{\"@type\":\"WebPage\",\"@id\":\"https:\\\/\\\/clinical.r-biopharm.com\\\/de\\\/coronavirus\\\/\",\"url\":\"https:\\\/\\\/clinical.r-biopharm.com\\\/de\\\/coronavirus\\\/\",\"name\":\"Coronavirus - Clinical Diagnostics\",\"isPartOf\":{\"@id\":\"https:\\\/\\\/clinical.r-biopharm.com\\\/fr\\\/#website\"},\"datePublished\":\"2021-01-26T14:14:54+00:00\",\"dateModified\":\"2022-08-19T08:58:53+00:00\",\"breadcrumb\":{\"@id\":\"https:\\\/\\\/clinical.r-biopharm.com\\\/de\\\/coronavirus\\\/#breadcrumb\"},\"inLanguage\":\"de\",\"potentialAction\":[{\"@type\":\"ReadAction\",\"target\":[\"https:\\\/\\\/clinical.r-biopharm.com\\\/de\\\/coronavirus\\\/\"]}]},{\"@type\":\"BreadcrumbList\",\"@id\":\"https:\\\/\\\/clinical.r-biopharm.com\\\/de\\\/coronavirus\\\/#breadcrumb\",\"itemListElement\":[{\"@type\":\"ListItem\",\"position\":1,\"name\":\"Home\",\"item\":\"https:\\\/\\\/clinical.r-biopharm.com\\\/de\\\/\"},{\"@type\":\"ListItem\",\"position\":2,\"name\":\"Coronavirus\"}]},{\"@type\":\"WebSite\",\"@id\":\"https:\\\/\\\/clinical.r-biopharm.com\\\/fr\\\/#website\",\"url\":\"https:\\\/\\\/clinical.r-biopharm.com\\\/fr\\\/\",\"name\":\"Clinical Diagnostics\",\"description\":\"A Division of the R-Biopharm Group\",\"potentialAction\":[{\"@type\":\"SearchAction\",\"target\":{\"@type\":\"EntryPoint\",\"urlTemplate\":\"https:\\\/\\\/clinical.r-biopharm.com\\\/fr\\\/?s={search_term_string}\"},\"query-input\":{\"@type\":\"PropertyValueSpecification\",\"valueRequired\":true,\"valueName\":\"search_term_string\"}}],\"inLanguage\":\"de\"}]}<\/script>\n<!-- \/ Yoast SEO plugin. -->","yoast_head_json":{"title":"Coronavirus - Clinical Diagnostics","robots":{"index":"index","follow":"follow","max-snippet":"max-snippet:-1","max-image-preview":"max-image-preview:large","max-video-preview":"max-video-preview:-1"},"canonical":"https:\/\/clinical.r-biopharm.com\/de\/coronavirus\/","og_locale":"de_DE","og_type":"article","og_title":"Coronavirus - Clinical Diagnostics","og_description":"[vc_row][vc_column][vc_column_text css=&#8220;.vc_custom_1660899499757{margin-bottom: 0px !important;}&#8220;]Seit Beginn der Pandemie im Februar 2020 bestimmt das Coronavirus unseren Alltag, eine gro\u00dfe Herausforderung f\u00fcr uns alle. R-Biopharm stellt sich der gesellschaftlichen Verantwortung, die diagnostischen Anforderungen im Nachweis von SARS-CoV-2 zu erf\u00fcllen. Mit mehr als 30 Jahren Erfahrung im Bereich Human Diagnostik sind wir in der Lage, das Gesundheitswesen mit PCR-Tests [&hellip;]","og_url":"https:\/\/clinical.r-biopharm.com\/de\/coronavirus\/","og_site_name":"Clinical Diagnostics","article_modified_time":"2022-08-19T08:58:53+00:00","twitter_misc":{"Gesch\u00e4tzte Lesezeit":"3\u00a0Minuten"},"schema":{"@context":"https:\/\/schema.org","@graph":[{"@type":"WebPage","@id":"https:\/\/clinical.r-biopharm.com\/de\/coronavirus\/","url":"https:\/\/clinical.r-biopharm.com\/de\/coronavirus\/","name":"Coronavirus - Clinical Diagnostics","isPartOf":{"@id":"https:\/\/clinical.r-biopharm.com\/fr\/#website"},"datePublished":"2021-01-26T14:14:54+00:00","dateModified":"2022-08-19T08:58:53+00:00","breadcrumb":{"@id":"https:\/\/clinical.r-biopharm.com\/de\/coronavirus\/#breadcrumb"},"inLanguage":"de","potentialAction":[{"@type":"ReadAction","target":["https:\/\/clinical.r-biopharm.com\/de\/coronavirus\/"]}]},{"@type":"BreadcrumbList","@id":"https:\/\/clinical.r-biopharm.com\/de\/coronavirus\/#breadcrumb","itemListElement":[{"@type":"ListItem","position":1,"name":"Home","item":"https:\/\/clinical.r-biopharm.com\/de\/"},{"@type":"ListItem","position":2,"name":"Coronavirus"}]},{"@type":"WebSite","@id":"https:\/\/clinical.r-biopharm.com\/fr\/#website","url":"https:\/\/clinical.r-biopharm.com\/fr\/","name":"Clinical Diagnostics","description":"A Division of the R-Biopharm Group","potentialAction":[{"@type":"SearchAction","target":{"@type":"EntryPoint","urlTemplate":"https:\/\/clinical.r-biopharm.com\/fr\/?s={search_term_string}"},"query-input":{"@type":"PropertyValueSpecification","valueRequired":true,"valueName":"search_term_string"}}],"inLanguage":"de"}]}},"_links":{"self":[{"href":"https:\/\/clinical.r-biopharm.com\/de\/wp-json\/wp\/v2\/pages\/152171","targetHints":{"allow":["GET"]}}],"collection":[{"href":"https:\/\/clinical.r-biopharm.com\/de\/wp-json\/wp\/v2\/pages"}],"about":[{"href":"https:\/\/clinical.r-biopharm.com\/de\/wp-json\/wp\/v2\/types\/page"}],"author":[{"embeddable":true,"href":"https:\/\/clinical.r-biopharm.com\/de\/wp-json\/wp\/v2\/users\/1"}],"replies":[{"embeddable":true,"href":"https:\/\/clinical.r-biopharm.com\/de\/wp-json\/wp\/v2\/comments?post=152171"}],"version-history":[{"count":95,"href":"https:\/\/clinical.r-biopharm.com\/de\/wp-json\/wp\/v2\/pages\/152171\/revisions"}],"predecessor-version":[{"id":170333,"href":"https:\/\/clinical.r-biopharm.com\/de\/wp-json\/wp\/v2\/pages\/152171\/revisions\/170333"}],"wp:attachment":[{"href":"https:\/\/clinical.r-biopharm.com\/de\/wp-json\/wp\/v2\/media?parent=152171"}],"curies":[{"name":"wp","href":"https:\/\/api.w.org\/{rel}","templated":true}]}}