{"id":169728,"date":"2022-07-19T07:51:11","date_gmt":"2022-07-19T05:51:11","guid":{"rendered":"https:\/\/clinical.r-biopharm.com\/?page_id=169728"},"modified":"2026-02-19T11:57:27","modified_gmt":"2026-02-19T10:57:27","slug":"ridaunity-system","status":"publish","type":"page","link":"https:\/\/clinical.r-biopharm.com\/de\/ridaunity-system\/","title":{"rendered":"RIDA\u00aeUNITY System"},"content":{"rendered":"<div class=\"wpb-content-wrapper\">[vc_row][vc_column][vc_column_text css=&#8220;.vc_custom_1657803072625{margin-bottom: 0px !important;}&#8220;]\n<h3>RIDA\u00aeUNITY vereint Probenextraktion, PCR Setup und real-time PCR in einem Workflow f\u00fcr maximale Walk-away Zeit.<\/h3>\n[\/vc_column_text][\/vc_column][\/vc_row][vc_row][vc_column width=&#8220;1\/3&#8243;][vc_empty_space][mk_flipbox min_height=&#8220;100&#8243; image=&#8220;https:\/\/clinical.r-biopharm.com\/wp-content\/uploads\/2025\/03\/rida-unity_ansicht-front-02_lowres_rgb_11-2024_small.jpg&#8220; front_title=&#8220;RIDA\u00aeUNITY&#8220; front_title_size=&#8220;18&#8243; back_title=&#8220;RIDA\u00aeUNITY (Art. Nr. ZUNITY)&#8220; back_title_size=&#8220;18&#8243; font_weight=&#8220;400&#8243; front_desc_size=&#8220;16&#8243; back_desc_size=&#8220;16&#8243; button_url=&#8220;https:\/\/clinical.r-biopharm.com\/de\/produkte\/ridaunity\/&#8220; button_text=&#8220;Produkt ansehen&#8220; button_bg_color=&#8220;#4d4d4d&#8220; button_bg_hover_color=&#8220;#ffffff&#8220; el_class=&#8220;flippy&#8220;][vc_empty_space][\/vc_column][vc_column width=&#8220;1\/3&#8243;][\/vc_column][vc_column width=&#8220;1\/3&#8243;][\/vc_column][\/vc_row][vc_row][vc_column width=&#8220;1\/3&#8243;][vc_row_inner][vc_column_inner width=&#8220;1\/4&#8243;][vc_single_image image=&#8220;169273&#8243; img_size=&#8220;medium&#8220;][\/vc_column_inner][vc_column_inner width=&#8220;3\/4&#8243;][vc_column_text css=&#8220;.vc_custom_1743157478497{margin-bottom: 0px !important;}&#8220;]<strong>Effizient &amp; schnell:<\/strong> automatisierte Prozessierung einer maximalen Probenanzahl pro Lauf[\/vc_column_text][vc_column_text css=&#8220;.vc_custom_1743157495904{margin-bottom: 0px !important;}&#8220;]\n<ul>\n<li>Vollautomatische Abarbeitung von bis zu 96 Extraktionen und 192 Reaktionen pro Lauf<\/li>\n<li>Ergebnisse innerhalb von 2,5 &#8211; 4,5 Std., 2 bis 3 Gesamtl\u00e4ufe pro Arbeitstag<\/li>\n<li>Matrix\u00fcbergreifende Extraktion sowohl von DNA als auch von RNA mit gebrauchsfertigen Reagenzien<\/li>\n<li>Vollst\u00e4ndiger Zugang zu den Eluaten erm\u00f6glicht deren Wiederverwendung und Lagerung<\/li>\n<\/ul>\n[\/vc_column_text][\/vc_column_inner][\/vc_row_inner][\/vc_column][vc_column width=&#8220;1\/3&#8243;][vc_row_inner][vc_column_inner width=&#8220;1\/4&#8243;][vc_single_image image=&#8220;181438&#8243; img_size=&#8220;medium&#8220;][\/vc_column_inner][vc_column_inner width=&#8220;3\/4&#8243;][vc_column_text css=&#8220;.vc_custom_1743157523026{margin-bottom: 0px !important;}&#8220;]<strong>Sicher &amp; intuitiv:<\/strong> l\u00fcckenlose R\u00fcckverfolgbarkeit f\u00fcr zuverl\u00e4ssige Ergebnisse[\/vc_column_text][vc_column_text css=&#8220;.vc_custom_1743157534224{margin-bottom: 0px !important;}&#8220;]\n<ul>\n<li>Durchg\u00e4ngige Barcodierung aller Reagenzien und Verbrauchsmaterialien f\u00fcr maximale Sicherheit und l\u00fcckenlose R\u00fcckverfolgbarkeit<\/li>\n<li>Umfassende Sensorik und Prozesskontrollen sorgen f\u00fcr stabile Arbeitsabl\u00e4ufe und zuverl\u00e4ssige Ergebnisse<\/li>\n<li>Nutzerfreundliche Software-Oberfl\u00e4che f\u00fcr die einfache Bedienbarkeit<\/li>\n<\/ul>\n[\/vc_column_text][\/vc_column_inner][\/vc_row_inner][\/vc_column][vc_column width=&#8220;1\/3&#8243;][vc_row_inner][vc_column_inner width=&#8220;1\/4&#8243;][vc_single_image image=&#8220;169286&#8243; img_size=&#8220;medium&#8220;][\/vc_column_inner][vc_column_inner width=&#8220;3\/4&#8243;][vc_column_text css=&#8220;.vc_custom_1743157593186{margin-bottom: 0px !important;}&#8220;]<strong>Flexibel &amp; universell:<\/strong> freie Kombinierbarkeit von bis zu 6 Assays pro Lauf[\/vc_column_text][vc_column_text css=&#8220;.vc_custom_1743157608130{margin-bottom: 0px !important;}&#8220;]\n<ul>\n<li>RIDA\u00aeUNITY kann f\u00fcr einen kompletten Arbeitsablauf von der Extraktion bis zur PCR, nur f\u00fcr die Extraktion oder das PCR Setup oder die Kombination von beidem verwendet werden<\/li>\n<li>Bis zu 6 Assays des st\u00e4ndig wachsenden Portfolios k\u00f6nnen indikations\u00fcbergreifend innerhalb eines Laufs kombiniert werden<\/li>\n<li>Der Arbeitsablauf kann mit zus\u00e4tzlichen externen PCR-Cyclern f\u00fcr entsprechende Bedarfe des jeweiligen Labors angepasst werden<\/li>\n<\/ul>\n[\/vc_column_text][\/vc_column_inner][\/vc_row_inner][\/vc_column][\/vc_row][vc_row][vc_column][vc_column_text css=&#8220;.vc_custom_1743415774842{margin-bottom: 0px !important;}&#8220;]\n<h2>Erfahren Sie mehr<\/h2>\n[\/vc_column_text][mk_button corner_style=&#8220;rounded&#8220; size=&#8220;x-large&#8220; letter_spacing=&#8220;0&#8243; url=&#8220;https:\/\/clinical.r-biopharm.com\/wp-content\/uploads\/2025-05_success-story_medlab-_limbach-group.pdf&#8220; button_custom_width=&#8220;0&#8243; margin_top=&#8220;0&#8243; margin_bottom=&#8220;15&#8243; margin_right=&#8220;15&#8243; text_color=&#8220;dark&#8220;]Download Success Story Limbach Group (2 Seiten)[\/mk_button][mk_button corner_style=&#8220;rounded&#8220; size=&#8220;x-large&#8220; url=&#8220;https:\/\/clinical.r-biopharm.com\/wp-content\/uploads\/2025\/03\/rida-unity_focus-flyer_de_2025-03.pdf&#8220; text_color=&#8220;dark&#8220;]Download Focus-Flyer (2 Seiten)[\/mk_button][mk_button corner_style=&#8220;rounded&#8220; size=&#8220;x-large&#8220; url=&#8220;https:\/\/clinical.r-biopharm.com\/wp-content\/uploads\/2025\/03\/rida-unity_12p_de_2025-03_flyeralarm.pdf&#8220; text_color=&#8220;dark&#8220;]Download Brosch\u00fcre (12 Seiten)[\/mk_button][mk_button corner_style=&#8220;rounded&#8220; size=&#8220;x-large&#8220; url=&#8220;https:\/\/share.hsforms.com\/1CXfFWIimQS-6ifc44OOCEw2vkjv&#8220; target=&#8220;_blank&#8220; text_color=&#8220;dark&#8220;]Informationen anfordern[\/mk_button][mk_padding_divider][vc_empty_space][vc_column_text css=&#8220;.vc_custom_1743158992767{margin-bottom: 0px !important;}&#8220;]\n<h2>RIDA\u00aeUNITY erm\u00f6glicht bis zu drei L\u00e4ufen an einem Tag \u2013 starten Sie die n\u00e4chste Abarbeitung w\u00e4hrend Ihre PCR noch l\u00e4uft.<\/h2>\n<p>Je nach Probenaufkommen k\u00f6nnen mit RIDA\u00aeUNITY bis zu 3 L\u00e4ufe oder bis zu 384 Reaktionen an einem Arbeitstag bearbeitet werden. Die Extraktion weiterer Proben kann gestartet werden, w\u00e4hrend die PCR noch l\u00e4uft.[\/vc_column_text][vc_empty_space][vc_row_inner][vc_column_inner width=&#8220;5\/6&#8243;][vc_single_image image=&#8220;181455&#8243; img_size=&#8220;full&#8220;][\/vc_column_inner][vc_column_inner width=&#8220;1\/6&#8243;][\/vc_column_inner][\/vc_row_inner][\/vc_column][\/vc_row][vc_row][vc_column][vc_empty_space][vc_column_text css=&#8220;.vc_custom_1657885554456{margin-bottom: 0px !important;}&#8220;]\n<h2>Die RIDA\u00aeUNITY Software bietet Ihnen eine einfache und zugleich intuitive Bedienung des RIDA\u00aeUNITY Systems.<\/h2>\n[\/vc_column_text][vc_empty_space][vc_row_inner css=&#8220;.vc_custom_1657696909474{background-color: #e3e5e6 !important;}&#8220;][vc_column_inner width=&#8220;1\/3&#8243;][vc_empty_space][vc_single_image image=&#8220;181426&#8243; img_size=&#8220;full&#8220;][\/vc_column_inner][vc_column_inner width=&#8220;2\/3&#8243;][vc_empty_space][vc_column_text css=&#8220;.vc_custom_1743159439380{margin-bottom: 0px !important;}&#8220;]\n<h3>Laden von Verbrauchsmaterial und Proben<\/h3>\n<ul>\n<li>Die Software und die in das Ger\u00e4t integrierten LEDs f\u00fchren den Anwender einfach durch den Beladeprozess des Systems<\/li>\n<li>In Carrier geladene Probenr\u00f6hrchen (Prim\u00e4rr\u00f6hrchen m\u00f6glich) werden vom System automatisch gelesen<\/li>\n<\/ul>\n[\/vc_column_text][\/vc_column_inner][\/vc_row_inner][vc_row_inner][vc_column_inner][vc_empty_space][\/vc_column_inner][\/vc_row_inner][vc_row_inner css=&#8220;.vc_custom_1657697013528{background-color: #e3e5e6 !important;}&#8220;][vc_column_inner width=&#8220;1\/3&#8243;][vc_empty_space][vc_single_image image=&#8220;181432&#8243; img_size=&#8220;full&#8220;][\/vc_column_inner][vc_column_inner width=&#8220;2\/3&#8243;][vc_empty_space][vc_column_text css=&#8220;.vc_custom_1743159475518{margin-bottom: 0px !important;}&#8220;]\n<h3>Beladung der Cycler<\/h3>\n<ul>\n<li>Die Software optimiert die Zuweisung der verf\u00fcgbaren Cycler-Kapazit\u00e4t<\/li>\n<li>Die Software zeigt genau an, wo welche PCR-Assays platziert werden<\/li>\n<li>Assays k\u00f6nnen bei Bedarf abgew\u00e4hlt werden<\/li>\n<\/ul>\n[\/vc_column_text][\/vc_column_inner][\/vc_row_inner][vc_row_inner][vc_column_inner][vc_empty_space][\/vc_column_inner][\/vc_row_inner][vc_row_inner css=&#8220;.vc_custom_1657697050833{background-color: #e3e5e6 !important;}&#8220;][vc_column_inner width=&#8220;1\/3&#8243;][vc_empty_space][vc_single_image image=&#8220;169749&#8243; img_size=&#8220;full&#8220;][\/vc_column_inner][vc_column_inner width=&#8220;2\/3&#8243;][vc_empty_space][vc_column_text css=&#8220;.vc_custom_1657634562286{margin-bottom: 0px !important;}&#8220;]\n<h3>Auswertung der Ergebnisse<\/h3>\n<ul>\n<li>Die automatisierte Auswertesoftware RIDA\u00aeSEEK gestaltet die Analyse und Interpretation der PCR-Ergebnisse sicher und zuverl\u00e4ssig<\/li>\n<li>Laufkontrollen k\u00f6nnen einfach \u00fcberwacht und zusammen mit den Analysen sicher archiviert werden<\/li>\n<li>Um die Datensicherheit zu erh\u00f6hen, werden die Ergebnisse zus\u00e4tzlich auf einem lokalen Server gespeichert, nachdem diese an ein LIS \u00fcbermittelt wurden<\/li>\n<\/ul>\n[\/vc_column_text][\/vc_column_inner][\/vc_row_inner][mk_padding_divider][\/vc_column][\/vc_row][vc_row][vc_column width=&#8220;1\/2&#8243;][vc_column_text css=&#8220;.vc_custom_1743416539296{margin-bottom: 0px !important;}&#8220;]\n<h2>Details RIDA\u00aeUNITY<\/h2>\n[\/vc_column_text][vc_video link=&#8220;https:\/\/www.youtube.com\/watch?v=E0oH8rDinN4&#8243;][\/vc_column][vc_column width=&#8220;1\/2&#8243;][\/vc_column][\/vc_row]\n<\/div>","protected":false},"excerpt":{"rendered":"<p>[vc_row][vc_column][vc_column_text css=&#8220;.vc_custom_1657803072625{margin-bottom: 0px !important;}&#8220;] RIDA\u00aeUNITY vereint Probenextraktion, PCR Setup und real-time PCR in einem Workflow f\u00fcr maximale Walk-away Zeit. [\/vc_column_text][\/vc_column][\/vc_row][vc_row][vc_column width=&#8220;1\/3&#8243;][vc_empty_space][mk_flipbox min_height=&#8220;100&#8243; image=&#8220;https:\/\/clinical.r-biopharm.com\/wp-content\/uploads\/2025\/03\/rida-unity_ansicht-front-02_lowres_rgb_11-2024_small.jpg&#8220; front_title=&#8220;RIDA\u00aeUNITY&#8220; front_title_size=&#8220;18&#8243; back_title=&#8220;RIDA\u00aeUNITY (Art. Nr. ZUNITY)&#8220; back_title_size=&#8220;18&#8243; font_weight=&#8220;400&#8243; front_desc_size=&#8220;16&#8243; back_desc_size=&#8220;16&#8243; button_url=&#8220;https:\/\/clinical.r-biopharm.com\/de\/produkte\/ridaunity\/&#8220; button_text=&#8220;Produkt ansehen&#8220; button_bg_color=&#8220;#4d4d4d&#8220; button_bg_hover_color=&#8220;#ffffff&#8220; el_class=&#8220;flippy&#8220;][vc_empty_space][\/vc_column][vc_column width=&#8220;1\/3&#8243;][\/vc_column][vc_column width=&#8220;1\/3&#8243;][\/vc_column][\/vc_row][vc_row][vc_column width=&#8220;1\/3&#8243;][vc_row_inner][vc_column_inner width=&#8220;1\/4&#8243;][vc_single_image image=&#8220;169273&#8243; img_size=&#8220;medium&#8220;][\/vc_column_inner][vc_column_inner width=&#8220;3\/4&#8243;][vc_column_text css=&#8220;.vc_custom_1743157478497{margin-bottom: 0px !important;}&#8220;]Effizient &amp; schnell: automatisierte Prozessierung einer maximalen [&hellip;]<\/p>\n","protected":false},"author":1,"featured_media":0,"parent":0,"menu_order":0,"comment_status":"closed","ping_status":"closed","template":"","meta":{"_acf_changed":false,"content-type":"","_relevanssi_hide_post":"","_relevanssi_hide_content":"","_relevanssi_pin_for_all":"","_relevanssi_pin_keywords":"","_relevanssi_unpin_keywords":"","_relevanssi_related_keywords":"","_relevanssi_related_include_ids":"","_relevanssi_related_exclude_ids":"","_relevanssi_related_no_append":"","_relevanssi_related_not_related":"","_relevanssi_related_posts":"","_relevanssi_noindex_reason":"","footnotes":""},"class_list":["post-169728","page","type-page","status-publish","hentry"],"acf":[],"yoast_head":"<!-- This site is optimized with the Yoast SEO plugin v26.7 - https:\/\/yoast.com\/wordpress\/plugins\/seo\/ -->\n<title>RIDA\u00aeUNITY System - Clinical Diagnostics<\/title>\n<meta name=\"robots\" content=\"index, follow, max-snippet:-1, max-image-preview:large, max-video-preview:-1\" \/>\n<link rel=\"canonical\" href=\"https:\/\/clinical.r-biopharm.com\/de\/ridaunity-system\/\" \/>\n<meta property=\"og:locale\" content=\"de_DE\" \/>\n<meta property=\"og:type\" content=\"article\" \/>\n<meta property=\"og:title\" content=\"RIDA\u00aeUNITY System - Clinical Diagnostics\" \/>\n<meta property=\"og:description\" content=\"[vc_row][vc_column][vc_column_text css=&#8220;.vc_custom_1657803072625{margin-bottom: 0px !important;}&#8220;] RIDA\u00aeUNITY vereint Probenextraktion, PCR Setup und real-time PCR in einem Workflow f\u00fcr maximale Walk-away Zeit. [\/vc_column_text][\/vc_column][\/vc_row][vc_row][vc_column width=&#8220;1\/3&#8243;][vc_empty_space][mk_flipbox min_height=&#8220;100&#8243; image=&#8220;https:\/\/clinical.r-biopharm.com\/wp-content\/uploads\/2025\/03\/rida-unity_ansicht-front-02_lowres_rgb_11-2024_small.jpg&#8220; front_title=&#8220;RIDA\u00aeUNITY&#8220; front_title_size=&#8220;18&#8243; back_title=&#8220;RIDA\u00aeUNITY (Art. Nr. ZUNITY)&#8220; back_title_size=&#8220;18&#8243; font_weight=&#8220;400&#8243; front_desc_size=&#8220;16&#8243; back_desc_size=&#8220;16&#8243; button_url=&#8220;https:\/\/clinical.r-biopharm.com\/de\/produkte\/ridaunity\/&#8220; button_text=&#8220;Produkt ansehen&#8220; button_bg_color=&#8220;#4d4d4d&#8220; button_bg_hover_color=&#8220;#ffffff&#8220; el_class=&#8220;flippy&#8220;][vc_empty_space][\/vc_column][vc_column width=&#8220;1\/3&#8243;][\/vc_column][vc_column width=&#8220;1\/3&#8243;][\/vc_column][\/vc_row][vc_row][vc_column width=&#8220;1\/3&#8243;][vc_row_inner][vc_column_inner width=&#8220;1\/4&#8243;][vc_single_image image=&#8220;169273&#8243; img_size=&#8220;medium&#8220;][\/vc_column_inner][vc_column_inner width=&#8220;3\/4&#8243;][vc_column_text css=&#8220;.vc_custom_1743157478497{margin-bottom: 0px !important;}&#8220;]Effizient &amp; schnell: automatisierte Prozessierung einer maximalen [&hellip;]\" \/>\n<meta property=\"og:url\" content=\"https:\/\/clinical.r-biopharm.com\/de\/ridaunity-system\/\" \/>\n<meta property=\"og:site_name\" content=\"Clinical Diagnostics\" \/>\n<meta property=\"article:modified_time\" content=\"2026-02-19T10:57:27+00:00\" \/>\n<meta name=\"twitter:label1\" content=\"Gesch\u00e4tzte Lesezeit\" \/>\n\t<meta name=\"twitter:data1\" content=\"3\u00a0Minuten\" \/>\n<script type=\"application\/ld+json\" class=\"yoast-schema-graph\">{\"@context\":\"https:\/\/schema.org\",\"@graph\":[{\"@type\":\"WebPage\",\"@id\":\"https:\/\/clinical.r-biopharm.com\/de\/ridaunity-system\/\",\"url\":\"https:\/\/clinical.r-biopharm.com\/de\/ridaunity-system\/\",\"name\":\"RIDA\u00aeUNITY System - Clinical Diagnostics\",\"isPartOf\":{\"@id\":\"https:\/\/clinical.r-biopharm.com\/fr\/#website\"},\"datePublished\":\"2022-07-19T05:51:11+00:00\",\"dateModified\":\"2026-02-19T10:57:27+00:00\",\"breadcrumb\":{\"@id\":\"https:\/\/clinical.r-biopharm.com\/de\/ridaunity-system\/#breadcrumb\"},\"inLanguage\":\"de\",\"potentialAction\":[{\"@type\":\"ReadAction\",\"target\":[\"https:\/\/clinical.r-biopharm.com\/de\/ridaunity-system\/\"]}]},{\"@type\":\"BreadcrumbList\",\"@id\":\"https:\/\/clinical.r-biopharm.com\/de\/ridaunity-system\/#breadcrumb\",\"itemListElement\":[{\"@type\":\"ListItem\",\"position\":1,\"name\":\"Home\",\"item\":\"https:\/\/clinical.r-biopharm.com\/de\/\"},{\"@type\":\"ListItem\",\"position\":2,\"name\":\"RIDA\u00aeUNITY System\"}]},{\"@type\":\"WebSite\",\"@id\":\"https:\/\/clinical.r-biopharm.com\/fr\/#website\",\"url\":\"https:\/\/clinical.r-biopharm.com\/fr\/\",\"name\":\"Clinical Diagnostics\",\"description\":\"A Division of the R-Biopharm Group\",\"potentialAction\":[{\"@type\":\"SearchAction\",\"target\":{\"@type\":\"EntryPoint\",\"urlTemplate\":\"https:\/\/clinical.r-biopharm.com\/fr\/?s={search_term_string}\"},\"query-input\":{\"@type\":\"PropertyValueSpecification\",\"valueRequired\":true,\"valueName\":\"search_term_string\"}}],\"inLanguage\":\"de\"}]}<\/script>\n<!-- \/ Yoast SEO plugin. -->","yoast_head_json":{"title":"RIDA\u00aeUNITY System - Clinical Diagnostics","robots":{"index":"index","follow":"follow","max-snippet":"max-snippet:-1","max-image-preview":"max-image-preview:large","max-video-preview":"max-video-preview:-1"},"canonical":"https:\/\/clinical.r-biopharm.com\/de\/ridaunity-system\/","og_locale":"de_DE","og_type":"article","og_title":"RIDA\u00aeUNITY System - Clinical Diagnostics","og_description":"[vc_row][vc_column][vc_column_text css=&#8220;.vc_custom_1657803072625{margin-bottom: 0px !important;}&#8220;] RIDA\u00aeUNITY vereint Probenextraktion, PCR Setup und real-time PCR in einem Workflow f\u00fcr maximale Walk-away Zeit. [\/vc_column_text][\/vc_column][\/vc_row][vc_row][vc_column width=&#8220;1\/3&#8243;][vc_empty_space][mk_flipbox min_height=&#8220;100&#8243; image=&#8220;https:\/\/clinical.r-biopharm.com\/wp-content\/uploads\/2025\/03\/rida-unity_ansicht-front-02_lowres_rgb_11-2024_small.jpg&#8220; front_title=&#8220;RIDA\u00aeUNITY&#8220; front_title_size=&#8220;18&#8243; back_title=&#8220;RIDA\u00aeUNITY (Art. Nr. ZUNITY)&#8220; back_title_size=&#8220;18&#8243; font_weight=&#8220;400&#8243; front_desc_size=&#8220;16&#8243; back_desc_size=&#8220;16&#8243; button_url=&#8220;https:\/\/clinical.r-biopharm.com\/de\/produkte\/ridaunity\/&#8220; button_text=&#8220;Produkt ansehen&#8220; button_bg_color=&#8220;#4d4d4d&#8220; button_bg_hover_color=&#8220;#ffffff&#8220; el_class=&#8220;flippy&#8220;][vc_empty_space][\/vc_column][vc_column width=&#8220;1\/3&#8243;][\/vc_column][vc_column width=&#8220;1\/3&#8243;][\/vc_column][\/vc_row][vc_row][vc_column width=&#8220;1\/3&#8243;][vc_row_inner][vc_column_inner width=&#8220;1\/4&#8243;][vc_single_image image=&#8220;169273&#8243; img_size=&#8220;medium&#8220;][\/vc_column_inner][vc_column_inner width=&#8220;3\/4&#8243;][vc_column_text css=&#8220;.vc_custom_1743157478497{margin-bottom: 0px !important;}&#8220;]Effizient &amp; schnell: automatisierte Prozessierung einer maximalen [&hellip;]","og_url":"https:\/\/clinical.r-biopharm.com\/de\/ridaunity-system\/","og_site_name":"Clinical Diagnostics","article_modified_time":"2026-02-19T10:57:27+00:00","twitter_misc":{"Gesch\u00e4tzte Lesezeit":"3\u00a0Minuten"},"schema":{"@context":"https:\/\/schema.org","@graph":[{"@type":"WebPage","@id":"https:\/\/clinical.r-biopharm.com\/de\/ridaunity-system\/","url":"https:\/\/clinical.r-biopharm.com\/de\/ridaunity-system\/","name":"RIDA\u00aeUNITY System - Clinical Diagnostics","isPartOf":{"@id":"https:\/\/clinical.r-biopharm.com\/fr\/#website"},"datePublished":"2022-07-19T05:51:11+00:00","dateModified":"2026-02-19T10:57:27+00:00","breadcrumb":{"@id":"https:\/\/clinical.r-biopharm.com\/de\/ridaunity-system\/#breadcrumb"},"inLanguage":"de","potentialAction":[{"@type":"ReadAction","target":["https:\/\/clinical.r-biopharm.com\/de\/ridaunity-system\/"]}]},{"@type":"BreadcrumbList","@id":"https:\/\/clinical.r-biopharm.com\/de\/ridaunity-system\/#breadcrumb","itemListElement":[{"@type":"ListItem","position":1,"name":"Home","item":"https:\/\/clinical.r-biopharm.com\/de\/"},{"@type":"ListItem","position":2,"name":"RIDA\u00aeUNITY System"}]},{"@type":"WebSite","@id":"https:\/\/clinical.r-biopharm.com\/fr\/#website","url":"https:\/\/clinical.r-biopharm.com\/fr\/","name":"Clinical Diagnostics","description":"A Division of the R-Biopharm Group","potentialAction":[{"@type":"SearchAction","target":{"@type":"EntryPoint","urlTemplate":"https:\/\/clinical.r-biopharm.com\/fr\/?s={search_term_string}"},"query-input":{"@type":"PropertyValueSpecification","valueRequired":true,"valueName":"search_term_string"}}],"inLanguage":"de"}]}},"_links":{"self":[{"href":"https:\/\/clinical.r-biopharm.com\/de\/wp-json\/wp\/v2\/pages\/169728","targetHints":{"allow":["GET"]}}],"collection":[{"href":"https:\/\/clinical.r-biopharm.com\/de\/wp-json\/wp\/v2\/pages"}],"about":[{"href":"https:\/\/clinical.r-biopharm.com\/de\/wp-json\/wp\/v2\/types\/page"}],"author":[{"embeddable":true,"href":"https:\/\/clinical.r-biopharm.com\/de\/wp-json\/wp\/v2\/users\/1"}],"replies":[{"embeddable":true,"href":"https:\/\/clinical.r-biopharm.com\/de\/wp-json\/wp\/v2\/comments?post=169728"}],"version-history":[{"count":22,"href":"https:\/\/clinical.r-biopharm.com\/de\/wp-json\/wp\/v2\/pages\/169728\/revisions"}],"predecessor-version":[{"id":182541,"href":"https:\/\/clinical.r-biopharm.com\/de\/wp-json\/wp\/v2\/pages\/169728\/revisions\/182541"}],"wp:attachment":[{"href":"https:\/\/clinical.r-biopharm.com\/de\/wp-json\/wp\/v2\/media?parent=169728"}],"curies":[{"name":"wp","href":"https:\/\/api.w.org\/{rel}","templated":true}]}}