{"id":169756,"date":"2022-07-19T07:50:51","date_gmt":"2022-07-19T05:50:51","guid":{"rendered":"https:\/\/clinical.r-biopharm.com\/?page_id=169756"},"modified":"2024-02-23T12:36:53","modified_gmt":"2024-02-23T11:36:53","slug":"ridaunity-extraktion","status":"publish","type":"page","link":"https:\/\/clinical.r-biopharm.com\/de\/ridaunity-extraktion\/","title":{"rendered":"RIDA\u00aeUNITY Extraktion"},"content":{"rendered":"<div class=\"wpb-content-wrapper\">[vc_row][vc_column][vc_column_text css=&#8220;.vc_custom_1657697856579{margin-bottom: 0px !important;}&#8220;]Das von R-Biopharm speziell entwickelte und optimierte RIDA\u00aeUNITY Universal Extraction Kit basiert auf der bew\u00e4hrten \u201eMagnetic Beads\u201c-Aufreinigungstechnologie. Es kann sowohl mit gastrointestinalen als auch mit respiratorischen Proben eingesetzt und \u00fcber ein universelles Extraktionsprotokoll abgearbeitet werden.<\/p>\n<p>Die gebrauchsfertige Extraktionskartusche kann ohne weiteren Aufwand auf dem System platziert werden und enth\u00e4lt alle ben\u00f6tigten Reagenzien f\u00fcr bis zu 96 Reaktionen. Die zur \u00dcberwachung des Workflows eingesetzte Interne Kontrolle kann kit\u00fcbergreifend f\u00fcr alle DNA- und RNA-PCR-Assays eingesetzt werden.[\/vc_column_text][vc_empty_space height=&#8220;16px&#8220;][\/vc_column][\/vc_row][vc_row][vc_column width=&#8220;1\/3&#8243;][mk_flipbox min_height=&#8220;100&#8243; image=&#8220;https:\/\/clinical.r-biopharm.com\/wp-content\/uploads\/2022\/07\/un0001-ridaunity-universal-extraction-kit.jpg&#8220; front_title=&#8220;RIDA\u00aeUNITY Universal Extraction Kit&#8220; front_title_size=&#8220;18&#8243; back_title=&#8220;RIDA\u00aeUNITY Universal Extraction Kit (Art. Nr. UN0001)&#8220; back_title_size=&#8220;18&#8243; font_weight=&#8220;400&#8243; front_desc_size=&#8220;16&#8243; back_desc_size=&#8220;16&#8243; button_url=&#8220;https:\/\/clinical.r-biopharm.com\/de\/produkte\/ridaunity-universal-extraction-kit\/&#8220; button_target=&#8220;_blank&#8220; button_text=&#8220;Produkt ansehen&#8220; button_bg_color=&#8220;#4d4d4d&#8220; button_bg_hover_color=&#8220;#ffffff&#8220; el_class=&#8220;flippy&#8220;][vc_empty_space][\/vc_column][vc_column width=&#8220;1\/3&#8243;][mk_flipbox min_height=&#8220;100&#8243; image=&#8220;https:\/\/clinical.r-biopharm.com\/wp-content\/uploads\/2022\/07\/2022_rida-unity-internal-control-kit_600x300px.jpg&#8220; front_title=&#8220;RIDA\u00aeUNITY Internal Control Kit&#8220; front_title_size=&#8220;18&#8243; back_title=&#8220;RIDA\u00aeUNITY Internal Control Kit (Art. Nr. UN0010)&#8220; back_title_size=&#8220;18&#8243; font_weight=&#8220;400&#8243; front_desc_size=&#8220;16&#8243; back_desc_size=&#8220;16&#8243; button_url=&#8220;https:\/\/clinical.r-biopharm.com\/de\/produkte\/ridaunity-internal-control-kit\/&#8220; button_target=&#8220;_blank&#8220; button_text=&#8220;Produkt ansehen&#8220; button_bg_color=&#8220;#4d4d4d&#8220; button_bg_hover_color=&#8220;#ffffff&#8220; el_class=&#8220;flippy&#8220;][vc_empty_space][\/vc_column][vc_column width=&#8220;1\/3&#8243;][\/vc_column][\/vc_row][vc_row][vc_column][vc_column_text css=&#8220;.vc_custom_1657697229525{margin-bottom: 0px !important;}&#8220;]\n<h2>Ihre Vorteile:<\/h2>\n[\/vc_column_text][\/vc_column][\/vc_row][vc_row][vc_column][vc_empty_space height=&#8220;16px&#8220;][\/vc_column][\/vc_row][vc_row][vc_column width=&#8220;1\/6&#8243;][vc_single_image image=&#8220;169342&#8243; img_size=&#8220;full&#8220;][\/vc_column][vc_column width=&#8220;2\/3&#8243;][vc_column_text css=&#8220;.vc_custom_1657884432780{margin-bottom: 0px !important;}&#8220;]\n<h3>Effizient:<\/h3>\n<h4>Basierend auf der bew\u00e4hrten \u201eMagnetic Beads\u201c-Aufreinigungstechnologie.<\/h4>\n[\/vc_column_text][\/vc_column][vc_column width=&#8220;1\/6&#8243;][\/vc_column][\/vc_row][vc_row][vc_column][vc_empty_space height=&#8220;16px&#8220;][\/vc_column][\/vc_row][vc_row][vc_column width=&#8220;1\/6&#8243;][vc_single_image image=&#8220;169377&#8243; img_size=&#8220;full&#8220;][\/vc_column][vc_column width=&#8220;2\/3&#8243;][vc_column_text css=&#8220;.vc_custom_1657884440690{margin-bottom: 0px !important;}&#8220;]\n<h3>Intuitiv:<\/h3>\n<h4>Alle Reagenzien sind gebrauchsfertig und sofort einsetzbar.<\/h4>\n[\/vc_column_text][\/vc_column][vc_column width=&#8220;1\/6&#8243;][\/vc_column][\/vc_row][vc_row][vc_column][vc_empty_space height=&#8220;16px&#8220;][\/vc_column][\/vc_row][vc_row][vc_column width=&#8220;1\/6&#8243;][vc_single_image image=&#8220;169332&#8243; img_size=&#8220;full&#8220;][\/vc_column][vc_column width=&#8220;2\/3&#8243;][vc_column_text css=&#8220;.vc_custom_1657884456382{margin-bottom: 0px !important;}&#8220;]\n<h3>Universell:<\/h3>\n<h4>F\u00fcr alle verf\u00fcgbaren RIDA\u00aeUNITY DNA- und RNA-PCR Assays.<\/h4>\n[\/vc_column_text][\/vc_column][vc_column width=&#8220;1\/6&#8243;][\/vc_column][\/vc_row][vc_row][vc_column][vc_empty_space][\/vc_column][\/vc_row][vc_row][vc_column][vc_column_text css=&#8220;.vc_custom_1657698020509{margin-bottom: 0px !important;}&#8220;]\n<h2>Folgende Matrices k\u00f6nnen mit dem RIDA\u00aeUNITY Universal Extraktion Kit abgearbeitet werden:<\/h2>\n[\/vc_column_text][vc_empty_space height=&#8220;16px&#8220;][vc_row_inner][vc_column_inner width=&#8220;1\/3&#8243;][vc_single_image image=&#8220;174227&#8243; img_size=&#8220;full&#8220;][\/vc_column_inner][vc_column_inner width=&#8220;1\/3&#8243;][\/vc_column_inner][vc_column_inner width=&#8220;1\/3&#8243;][\/vc_column_inner][\/vc_row_inner][\/vc_column][\/vc_row]\n<\/div>","protected":false},"excerpt":{"rendered":"<p>[vc_row][vc_column][vc_column_text css=&#8220;.vc_custom_1657697856579{margin-bottom: 0px !important;}&#8220;]Das von R-Biopharm speziell entwickelte und optimierte RIDA\u00aeUNITY Universal Extraction Kit basiert auf der bew\u00e4hrten \u201eMagnetic Beads\u201c-Aufreinigungstechnologie. Es kann sowohl mit gastrointestinalen als auch mit respiratorischen Proben eingesetzt und \u00fcber ein universelles Extraktionsprotokoll abgearbeitet werden. Die gebrauchsfertige Extraktionskartusche kann ohne weiteren Aufwand auf dem System platziert werden und enth\u00e4lt alle ben\u00f6tigten Reagenzien [&hellip;]<\/p>\n","protected":false},"author":1,"featured_media":0,"parent":0,"menu_order":0,"comment_status":"closed","ping_status":"closed","template":"","meta":{"_acf_changed":false,"content-type":"","_relevanssi_hide_post":"","_relevanssi_hide_content":"","_relevanssi_pin_for_all":"","_relevanssi_pin_keywords":"","_relevanssi_unpin_keywords":"","_relevanssi_related_keywords":"","_relevanssi_related_include_ids":"","_relevanssi_related_exclude_ids":"","_relevanssi_related_no_append":"","_relevanssi_related_not_related":"","_relevanssi_related_posts":"","_relevanssi_noindex_reason":"","footnotes":""},"class_list":["post-169756","page","type-page","status-publish","hentry"],"acf":[],"yoast_head":"<!-- This site is optimized with the Yoast SEO plugin v26.7 - https:\/\/yoast.com\/wordpress\/plugins\/seo\/ -->\n<title>RIDA\u00aeUNITY Extraktion - Clinical Diagnostics<\/title>\n<meta name=\"robots\" content=\"index, follow, max-snippet:-1, max-image-preview:large, max-video-preview:-1\" \/>\n<link rel=\"canonical\" href=\"https:\/\/clinical.r-biopharm.com\/de\/ridaunity-extraktion\/\" \/>\n<meta property=\"og:locale\" content=\"de_DE\" \/>\n<meta property=\"og:type\" content=\"article\" \/>\n<meta property=\"og:title\" content=\"RIDA\u00aeUNITY Extraktion - Clinical Diagnostics\" \/>\n<meta property=\"og:description\" content=\"[vc_row][vc_column][vc_column_text css=&#8220;.vc_custom_1657697856579{margin-bottom: 0px !important;}&#8220;]Das von R-Biopharm speziell entwickelte und optimierte RIDA\u00aeUNITY Universal Extraction Kit basiert auf der bew\u00e4hrten \u201eMagnetic Beads\u201c-Aufreinigungstechnologie. Es kann sowohl mit gastrointestinalen als auch mit respiratorischen Proben eingesetzt und \u00fcber ein universelles Extraktionsprotokoll abgearbeitet werden. Die gebrauchsfertige Extraktionskartusche kann ohne weiteren Aufwand auf dem System platziert werden und enth\u00e4lt alle ben\u00f6tigten Reagenzien [&hellip;]\" \/>\n<meta property=\"og:url\" content=\"https:\/\/clinical.r-biopharm.com\/de\/ridaunity-extraktion\/\" \/>\n<meta property=\"og:site_name\" content=\"Clinical Diagnostics\" \/>\n<meta property=\"article:modified_time\" content=\"2024-02-23T11:36:53+00:00\" \/>\n<meta name=\"twitter:label1\" content=\"Gesch\u00e4tzte Lesezeit\" \/>\n\t<meta name=\"twitter:data1\" content=\"1\u00a0Minute\" \/>\n<script type=\"application\/ld+json\" class=\"yoast-schema-graph\">{\"@context\":\"https:\/\/schema.org\",\"@graph\":[{\"@type\":\"WebPage\",\"@id\":\"https:\/\/clinical.r-biopharm.com\/de\/ridaunity-extraktion\/\",\"url\":\"https:\/\/clinical.r-biopharm.com\/de\/ridaunity-extraktion\/\",\"name\":\"RIDA\u00aeUNITY Extraktion - Clinical Diagnostics\",\"isPartOf\":{\"@id\":\"https:\/\/clinical.r-biopharm.com\/fr\/#website\"},\"datePublished\":\"2022-07-19T05:50:51+00:00\",\"dateModified\":\"2024-02-23T11:36:53+00:00\",\"breadcrumb\":{\"@id\":\"https:\/\/clinical.r-biopharm.com\/de\/ridaunity-extraktion\/#breadcrumb\"},\"inLanguage\":\"de\",\"potentialAction\":[{\"@type\":\"ReadAction\",\"target\":[\"https:\/\/clinical.r-biopharm.com\/de\/ridaunity-extraktion\/\"]}]},{\"@type\":\"BreadcrumbList\",\"@id\":\"https:\/\/clinical.r-biopharm.com\/de\/ridaunity-extraktion\/#breadcrumb\",\"itemListElement\":[{\"@type\":\"ListItem\",\"position\":1,\"name\":\"Home\",\"item\":\"https:\/\/clinical.r-biopharm.com\/de\/\"},{\"@type\":\"ListItem\",\"position\":2,\"name\":\"RIDA\u00aeUNITY Extraktion\"}]},{\"@type\":\"WebSite\",\"@id\":\"https:\/\/clinical.r-biopharm.com\/fr\/#website\",\"url\":\"https:\/\/clinical.r-biopharm.com\/fr\/\",\"name\":\"Clinical Diagnostics\",\"description\":\"A Division of the R-Biopharm Group\",\"potentialAction\":[{\"@type\":\"SearchAction\",\"target\":{\"@type\":\"EntryPoint\",\"urlTemplate\":\"https:\/\/clinical.r-biopharm.com\/fr\/?s={search_term_string}\"},\"query-input\":{\"@type\":\"PropertyValueSpecification\",\"valueRequired\":true,\"valueName\":\"search_term_string\"}}],\"inLanguage\":\"de\"}]}<\/script>\n<!-- \/ Yoast SEO plugin. -->","yoast_head_json":{"title":"RIDA\u00aeUNITY Extraktion - Clinical Diagnostics","robots":{"index":"index","follow":"follow","max-snippet":"max-snippet:-1","max-image-preview":"max-image-preview:large","max-video-preview":"max-video-preview:-1"},"canonical":"https:\/\/clinical.r-biopharm.com\/de\/ridaunity-extraktion\/","og_locale":"de_DE","og_type":"article","og_title":"RIDA\u00aeUNITY Extraktion - Clinical Diagnostics","og_description":"[vc_row][vc_column][vc_column_text css=&#8220;.vc_custom_1657697856579{margin-bottom: 0px !important;}&#8220;]Das von R-Biopharm speziell entwickelte und optimierte RIDA\u00aeUNITY Universal Extraction Kit basiert auf der bew\u00e4hrten \u201eMagnetic Beads\u201c-Aufreinigungstechnologie. Es kann sowohl mit gastrointestinalen als auch mit respiratorischen Proben eingesetzt und \u00fcber ein universelles Extraktionsprotokoll abgearbeitet werden. Die gebrauchsfertige Extraktionskartusche kann ohne weiteren Aufwand auf dem System platziert werden und enth\u00e4lt alle ben\u00f6tigten Reagenzien [&hellip;]","og_url":"https:\/\/clinical.r-biopharm.com\/de\/ridaunity-extraktion\/","og_site_name":"Clinical Diagnostics","article_modified_time":"2024-02-23T11:36:53+00:00","twitter_misc":{"Gesch\u00e4tzte Lesezeit":"1\u00a0Minute"},"schema":{"@context":"https:\/\/schema.org","@graph":[{"@type":"WebPage","@id":"https:\/\/clinical.r-biopharm.com\/de\/ridaunity-extraktion\/","url":"https:\/\/clinical.r-biopharm.com\/de\/ridaunity-extraktion\/","name":"RIDA\u00aeUNITY Extraktion - Clinical Diagnostics","isPartOf":{"@id":"https:\/\/clinical.r-biopharm.com\/fr\/#website"},"datePublished":"2022-07-19T05:50:51+00:00","dateModified":"2024-02-23T11:36:53+00:00","breadcrumb":{"@id":"https:\/\/clinical.r-biopharm.com\/de\/ridaunity-extraktion\/#breadcrumb"},"inLanguage":"de","potentialAction":[{"@type":"ReadAction","target":["https:\/\/clinical.r-biopharm.com\/de\/ridaunity-extraktion\/"]}]},{"@type":"BreadcrumbList","@id":"https:\/\/clinical.r-biopharm.com\/de\/ridaunity-extraktion\/#breadcrumb","itemListElement":[{"@type":"ListItem","position":1,"name":"Home","item":"https:\/\/clinical.r-biopharm.com\/de\/"},{"@type":"ListItem","position":2,"name":"RIDA\u00aeUNITY Extraktion"}]},{"@type":"WebSite","@id":"https:\/\/clinical.r-biopharm.com\/fr\/#website","url":"https:\/\/clinical.r-biopharm.com\/fr\/","name":"Clinical Diagnostics","description":"A Division of the R-Biopharm Group","potentialAction":[{"@type":"SearchAction","target":{"@type":"EntryPoint","urlTemplate":"https:\/\/clinical.r-biopharm.com\/fr\/?s={search_term_string}"},"query-input":{"@type":"PropertyValueSpecification","valueRequired":true,"valueName":"search_term_string"}}],"inLanguage":"de"}]}},"_links":{"self":[{"href":"https:\/\/clinical.r-biopharm.com\/de\/wp-json\/wp\/v2\/pages\/169756","targetHints":{"allow":["GET"]}}],"collection":[{"href":"https:\/\/clinical.r-biopharm.com\/de\/wp-json\/wp\/v2\/pages"}],"about":[{"href":"https:\/\/clinical.r-biopharm.com\/de\/wp-json\/wp\/v2\/types\/page"}],"author":[{"embeddable":true,"href":"https:\/\/clinical.r-biopharm.com\/de\/wp-json\/wp\/v2\/users\/1"}],"replies":[{"embeddable":true,"href":"https:\/\/clinical.r-biopharm.com\/de\/wp-json\/wp\/v2\/comments?post=169756"}],"version-history":[{"count":8,"href":"https:\/\/clinical.r-biopharm.com\/de\/wp-json\/wp\/v2\/pages\/169756\/revisions"}],"predecessor-version":[{"id":174233,"href":"https:\/\/clinical.r-biopharm.com\/de\/wp-json\/wp\/v2\/pages\/169756\/revisions\/174233"}],"wp:attachment":[{"href":"https:\/\/clinical.r-biopharm.com\/de\/wp-json\/wp\/v2\/media?parent=169756"}],"curies":[{"name":"wp","href":"https:\/\/api.w.org\/{rel}","templated":true}]}}