{"id":172467,"date":"2023-01-26T10:35:04","date_gmt":"2023-01-26T09:35:04","guid":{"rendered":"https:\/\/clinical.r-biopharm.com\/?page_id=172467"},"modified":"2023-01-26T13:10:12","modified_gmt":"2023-01-26T12:10:12","slug":"infografiken","status":"publish","type":"page","link":"https:\/\/clinical.r-biopharm.com\/de\/medien\/infografiken\/","title":{"rendered":"Infografiken"},"content":{"rendered":"<div class=\"wpb-content-wrapper\">[vc_row css=&#8220;.vc_custom_1479819385638{margin-top: 30px !important;}&#8220;][vc_column][vc_column_text css=&#8220;.vc_custom_1674734952152{margin-bottom: 0px !important;}&#8220;]<strong>Sie interessieren sich f\u00fcr unsere Produktlinien im Bereich der klinischen Diagnostik? Unsere Infografiken sind die ideale Quelle f\u00fcr klare und verst\u00e4ndliche Produktinformationen. Verschaffen Sie sich einen \u00dcberblick \u00fcber unsere diagnostischen L\u00f6sungen und finden Sie das Produkt, das perfekt zu Ihren Anforderungen passt.<\/strong><\/p>\n<p>St\u00f6bern Sie durch unser Angebot an Infografiken und laden Sie sich die gew\u00fcnschten Informationen herunter. Sie haben noch Fragen oder m\u00f6chten weiterf\u00fchrende Informationen? Wir helfen Ihnen gern. <a href=\"https:\/\/clinical.r-biopharm.com\/de\/kontakt\/\">Rufen Sie an oder schreiben Sie uns<\/a>![\/vc_column_text][\/vc_column][\/vc_row][vc_row css=&#8220;.vc_custom_1479819385638{margin-top: 30px !important;}&#8220;][vc_column width=&#8220;1\/3&#8243;][mk_image src=&#8220;https:\/\/clinical.r-biopharm.com\/wp-content\/uploads\/2023\/01\/2022-11_erregersteckbrief-rotavirus.jpg&#8220; image_size=&#8220;full&#8220; link=&#8220;https:\/\/clinical.r-biopharm.com\/wp-content\/uploads\/2023\/01\/2022-11_erregersteckbrief-rotavirus.jpg&#8220; target=&#8220;_blank&#8220; title=&#8220;Infographic Rotavirus&#8220; desc=&#8220;PDF (935 KB)&#8220; caption_location=&#8220;outside-image&#8220;][\/vc_column][vc_column width=&#8220;1\/3&#8243;][\/vc_column][vc_column width=&#8220;1\/3&#8243;][\/vc_column][\/vc_row][mk_page_section bg_color=&#8220;#f7f7f7&#8243; padding_top=&#8220;20&#8243; padding_bottom=&#8220;20&#8243; sidebar=&#8220;sidebar-1&#8243;][vc_column][vc_column_text disable_pattern=&#8220;false&#8220; align=&#8220;center&#8220; css=&#8220;.vc_custom_1674734971568{margin-bottom: 0px !important;}&#8220;]\n<h2>Beratung<\/h2>\n<p>Fragen? Unser erfahrenes Team unterst\u00fctzt Sie gern mit individuell zugeschnittenen L\u00f6sungen f\u00fcr Ihre Diagnostik.[\/vc_column_text][mk_button dimension=&#8220;flat&#8220; url=&#8220;\/de\/kontakt&#8220; align=&#8220;center&#8220; margin_bottom=&#8220;&#8220; bg_color=&#8220;#4d4d4d&#8220; btn_hover_bg=&#8220;#ffffff&#8220; btn_hover_txt_color=&#8220;#4d4d4d&#8220;]Kontakt[\/mk_button][\/vc_column][\/mk_page_section]\n<\/div>","protected":false},"excerpt":{"rendered":"<p>[vc_row css=&#8220;.vc_custom_1479819385638{margin-top: 30px !important;}&#8220;][vc_column][vc_column_text css=&#8220;.vc_custom_1674734952152{margin-bottom: 0px !important;}&#8220;]Sie interessieren sich f\u00fcr unsere Produktlinien im Bereich der klinischen Diagnostik? Unsere Infografiken sind die ideale Quelle f\u00fcr klare und verst\u00e4ndliche Produktinformationen. Verschaffen Sie sich einen \u00dcberblick \u00fcber unsere diagnostischen L\u00f6sungen und finden Sie das Produkt, das perfekt zu Ihren Anforderungen passt. St\u00f6bern Sie durch unser Angebot an Infografiken [&hellip;]<\/p>\n","protected":false},"author":1,"featured_media":0,"parent":73675,"menu_order":0,"comment_status":"closed","ping_status":"closed","template":"","meta":{"_acf_changed":false,"content-type":"","_relevanssi_hide_post":"","_relevanssi_hide_content":"","_relevanssi_pin_for_all":"","_relevanssi_pin_keywords":"","_relevanssi_unpin_keywords":"","_relevanssi_related_keywords":"","_relevanssi_related_include_ids":"","_relevanssi_related_exclude_ids":"","_relevanssi_related_no_append":"","_relevanssi_related_not_related":"","_relevanssi_related_posts":"","_relevanssi_noindex_reason":"","footnotes":""},"class_list":["post-172467","page","type-page","status-publish","hentry"],"acf":[],"yoast_head":"<!-- This site is optimized with the Yoast SEO plugin v26.7 - https:\/\/yoast.com\/wordpress\/plugins\/seo\/ -->\n<title>Infografiken - Clinical Diagnostics<\/title>\n<meta name=\"robots\" content=\"index, follow, max-snippet:-1, max-image-preview:large, max-video-preview:-1\" \/>\n<link rel=\"canonical\" href=\"https:\/\/clinical.r-biopharm.com\/de\/medien\/infografiken\/\" \/>\n<meta property=\"og:locale\" content=\"de_DE\" \/>\n<meta property=\"og:type\" content=\"article\" \/>\n<meta property=\"og:title\" content=\"Infografiken - Clinical Diagnostics\" \/>\n<meta property=\"og:description\" content=\"[vc_row css=&#8220;.vc_custom_1479819385638{margin-top: 30px !important;}&#8220;][vc_column][vc_column_text css=&#8220;.vc_custom_1674734952152{margin-bottom: 0px !important;}&#8220;]Sie interessieren sich f\u00fcr unsere Produktlinien im Bereich der klinischen Diagnostik? Unsere Infografiken sind die ideale Quelle f\u00fcr klare und verst\u00e4ndliche Produktinformationen. Verschaffen Sie sich einen \u00dcberblick \u00fcber unsere diagnostischen L\u00f6sungen und finden Sie das Produkt, das perfekt zu Ihren Anforderungen passt. St\u00f6bern Sie durch unser Angebot an Infografiken [&hellip;]\" \/>\n<meta property=\"og:url\" content=\"https:\/\/clinical.r-biopharm.com\/de\/medien\/infografiken\/\" \/>\n<meta property=\"og:site_name\" content=\"Clinical Diagnostics\" \/>\n<meta property=\"article:modified_time\" content=\"2023-01-26T12:10:12+00:00\" \/>\n<meta name=\"twitter:label1\" content=\"Gesch\u00e4tzte Lesezeit\" \/>\n\t<meta name=\"twitter:data1\" content=\"1\u00a0Minute\" \/>\n<script type=\"application\/ld+json\" class=\"yoast-schema-graph\">{\"@context\":\"https:\/\/schema.org\",\"@graph\":[{\"@type\":\"WebPage\",\"@id\":\"https:\/\/clinical.r-biopharm.com\/de\/medien\/infografiken\/\",\"url\":\"https:\/\/clinical.r-biopharm.com\/de\/medien\/infografiken\/\",\"name\":\"Infografiken - Clinical Diagnostics\",\"isPartOf\":{\"@id\":\"https:\/\/clinical.r-biopharm.com\/fr\/#website\"},\"datePublished\":\"2023-01-26T09:35:04+00:00\",\"dateModified\":\"2023-01-26T12:10:12+00:00\",\"breadcrumb\":{\"@id\":\"https:\/\/clinical.r-biopharm.com\/de\/medien\/infografiken\/#breadcrumb\"},\"inLanguage\":\"de\",\"potentialAction\":[{\"@type\":\"ReadAction\",\"target\":[\"https:\/\/clinical.r-biopharm.com\/de\/medien\/infografiken\/\"]}]},{\"@type\":\"BreadcrumbList\",\"@id\":\"https:\/\/clinical.r-biopharm.com\/de\/medien\/infografiken\/#breadcrumb\",\"itemListElement\":[{\"@type\":\"ListItem\",\"position\":1,\"name\":\"Home\",\"item\":\"https:\/\/clinical.r-biopharm.com\/de\/\"},{\"@type\":\"ListItem\",\"position\":2,\"name\":\"Medien\",\"item\":\"https:\/\/clinical.r-biopharm.com\/de\/medien\/\"},{\"@type\":\"ListItem\",\"position\":3,\"name\":\"Infografiken\"}]},{\"@type\":\"WebSite\",\"@id\":\"https:\/\/clinical.r-biopharm.com\/fr\/#website\",\"url\":\"https:\/\/clinical.r-biopharm.com\/fr\/\",\"name\":\"Clinical Diagnostics\",\"description\":\"A Division of the R-Biopharm Group\",\"potentialAction\":[{\"@type\":\"SearchAction\",\"target\":{\"@type\":\"EntryPoint\",\"urlTemplate\":\"https:\/\/clinical.r-biopharm.com\/fr\/?s={search_term_string}\"},\"query-input\":{\"@type\":\"PropertyValueSpecification\",\"valueRequired\":true,\"valueName\":\"search_term_string\"}}],\"inLanguage\":\"de\"}]}<\/script>\n<!-- \/ Yoast SEO plugin. -->","yoast_head_json":{"title":"Infografiken - Clinical Diagnostics","robots":{"index":"index","follow":"follow","max-snippet":"max-snippet:-1","max-image-preview":"max-image-preview:large","max-video-preview":"max-video-preview:-1"},"canonical":"https:\/\/clinical.r-biopharm.com\/de\/medien\/infografiken\/","og_locale":"de_DE","og_type":"article","og_title":"Infografiken - Clinical Diagnostics","og_description":"[vc_row css=&#8220;.vc_custom_1479819385638{margin-top: 30px !important;}&#8220;][vc_column][vc_column_text css=&#8220;.vc_custom_1674734952152{margin-bottom: 0px !important;}&#8220;]Sie interessieren sich f\u00fcr unsere Produktlinien im Bereich der klinischen Diagnostik? Unsere Infografiken sind die ideale Quelle f\u00fcr klare und verst\u00e4ndliche Produktinformationen. Verschaffen Sie sich einen \u00dcberblick \u00fcber unsere diagnostischen L\u00f6sungen und finden Sie das Produkt, das perfekt zu Ihren Anforderungen passt. St\u00f6bern Sie durch unser Angebot an Infografiken [&hellip;]","og_url":"https:\/\/clinical.r-biopharm.com\/de\/medien\/infografiken\/","og_site_name":"Clinical Diagnostics","article_modified_time":"2023-01-26T12:10:12+00:00","twitter_misc":{"Gesch\u00e4tzte Lesezeit":"1\u00a0Minute"},"schema":{"@context":"https:\/\/schema.org","@graph":[{"@type":"WebPage","@id":"https:\/\/clinical.r-biopharm.com\/de\/medien\/infografiken\/","url":"https:\/\/clinical.r-biopharm.com\/de\/medien\/infografiken\/","name":"Infografiken - Clinical Diagnostics","isPartOf":{"@id":"https:\/\/clinical.r-biopharm.com\/fr\/#website"},"datePublished":"2023-01-26T09:35:04+00:00","dateModified":"2023-01-26T12:10:12+00:00","breadcrumb":{"@id":"https:\/\/clinical.r-biopharm.com\/de\/medien\/infografiken\/#breadcrumb"},"inLanguage":"de","potentialAction":[{"@type":"ReadAction","target":["https:\/\/clinical.r-biopharm.com\/de\/medien\/infografiken\/"]}]},{"@type":"BreadcrumbList","@id":"https:\/\/clinical.r-biopharm.com\/de\/medien\/infografiken\/#breadcrumb","itemListElement":[{"@type":"ListItem","position":1,"name":"Home","item":"https:\/\/clinical.r-biopharm.com\/de\/"},{"@type":"ListItem","position":2,"name":"Medien","item":"https:\/\/clinical.r-biopharm.com\/de\/medien\/"},{"@type":"ListItem","position":3,"name":"Infografiken"}]},{"@type":"WebSite","@id":"https:\/\/clinical.r-biopharm.com\/fr\/#website","url":"https:\/\/clinical.r-biopharm.com\/fr\/","name":"Clinical Diagnostics","description":"A Division of the R-Biopharm Group","potentialAction":[{"@type":"SearchAction","target":{"@type":"EntryPoint","urlTemplate":"https:\/\/clinical.r-biopharm.com\/fr\/?s={search_term_string}"},"query-input":{"@type":"PropertyValueSpecification","valueRequired":true,"valueName":"search_term_string"}}],"inLanguage":"de"}]}},"_links":{"self":[{"href":"https:\/\/clinical.r-biopharm.com\/de\/wp-json\/wp\/v2\/pages\/172467","targetHints":{"allow":["GET"]}}],"collection":[{"href":"https:\/\/clinical.r-biopharm.com\/de\/wp-json\/wp\/v2\/pages"}],"about":[{"href":"https:\/\/clinical.r-biopharm.com\/de\/wp-json\/wp\/v2\/types\/page"}],"author":[{"embeddable":true,"href":"https:\/\/clinical.r-biopharm.com\/de\/wp-json\/wp\/v2\/users\/1"}],"replies":[{"embeddable":true,"href":"https:\/\/clinical.r-biopharm.com\/de\/wp-json\/wp\/v2\/comments?post=172467"}],"version-history":[{"count":3,"href":"https:\/\/clinical.r-biopharm.com\/de\/wp-json\/wp\/v2\/pages\/172467\/revisions"}],"predecessor-version":[{"id":172470,"href":"https:\/\/clinical.r-biopharm.com\/de\/wp-json\/wp\/v2\/pages\/172467\/revisions\/172470"}],"up":[{"embeddable":true,"href":"https:\/\/clinical.r-biopharm.com\/de\/wp-json\/wp\/v2\/pages\/73675"}],"wp:attachment":[{"href":"https:\/\/clinical.r-biopharm.com\/de\/wp-json\/wp\/v2\/media?parent=172467"}],"curies":[{"name":"wp","href":"https:\/\/api.w.org\/{rel}","templated":true}]}}