{"id":181118,"date":"2024-04-25T09:25:20","date_gmt":"2024-04-25T07:25:20","guid":{"rendered":"https:\/\/clinical.r-biopharm.com\/indikation\/dermatophyten-infektionen\/"},"modified":"2026-03-11T15:05:56","modified_gmt":"2026-03-11T14:05:56","slug":"dermatophyten-infektionen","status":"publish","type":"page","link":"https:\/\/clinical.r-biopharm.com\/de\/indikation\/dermatophyten-infektionen\/","title":{"rendered":"Dermatophyten Infektionen"},"content":{"rendered":"[mk_page_section padding_top=&#8220;30&#8243; padding_bottom=&#8220;30&#8243; sidebar=&#8220;sidebar-1&#8243;][vc_column width=&#8220;2\/3&#8243;][vc_column_text css=&#8220;.vc_custom_1770886570943{margin-bottom: 0px !important;}&#8220;]<strong>Dermatophyten sind eine Gruppe von Pilzen, die Infektionen in Haut, Haaren und N\u00e4geln verursachen k\u00f6nnen, bekannt als Dermatophytose. Diese Pilze gedeihen in warmen und feuchten Umgebungen und ihre Infektionen \u00e4u\u00dfern sich typischerweise als rote, schuppige Flecken auf der Haut oder als br\u00fcchige, verf\u00e4rbte N\u00e4gel. Dermatophyten-Infektionen sind hoch ansteckend und k\u00f6nnen durch direkten Kontakt oder indirekt \u00fcber kontaminierte Oberfl\u00e4chen \u00fcbertragen werden.<\/strong><\/p>\n<p>Mikroskopie- und Kulturmethoden zur Diagnose von Dermatophyten-Infektionen sind zeitaufwendig und k\u00f6nnen mehrere Wochen dauern, oft mit geringerer Sensitivit\u00e4t. Der Einsatz der TandemPlex\u2122 PCR erm\u00f6glicht eine schnelle, hochsensitive und spezifische Erkennung von Pathogenen, was eine schnellere und genauere Diagnose und Behandlung erm\u00f6glicht.<\/p>\n<p><strong>Vorteile der molekularen Dermatophyten-Diagnostik mit patentierter TandemPlex\u2122-Technologie<\/strong><\/p>\n<ul>\n<li><strong>Geschwindigkeit:<\/strong> Reduzierte Diagnosedauer von 4 &#8211; 6 Wochen auf 4 &#8211; 6 Stunden.<\/li>\n<li><strong>H\u00f6chste Sensitivit\u00e4t und Spezifit\u00e4t:<\/strong>\u00a0Genauere Erkennung von Dermatophyten.<\/li>\n<li><strong>Automatisierung und Skalierbarkeit:<\/strong>\u00a0Geeignet f\u00fcr individuelle Probendurchs\u00e4tze mit unserem halbautomatisierten Workflow.<\/li>\n<li><strong>Reduzierter Bedarf an Laborpersonalzeit:<\/strong>\u00a0Effizientere Verarbeitung.<\/li>\n<\/ul>\n<p>Mehr als 55 Arten von Dermatophyten sind als Infektionserreger identifiziert, doch nicht jede einzelne Art erfordert einen spezifischen Behandlungsansatz. Mit dem TandemPlex\u00ae Panel REF 84115 Dermatophytes and other fungi von AusDiagnostics werden 95der klinisch signifikanten Dermatophyten auf Spezies- oder Komplexebene identifiziert, was eine pr\u00e4zise Behandlung mit h\u00f6chster Spezifit\u00e4t erm\u00f6glicht. Durch die \u00fcbergeordneten Targets erreicht das Panel eine hohe Sensitivit\u00e4t und gew\u00e4hrleistet eine umfassende Erkennung aller relevanten Pathogene. % (im Vergleich zu aktuellen epidemiologischen Daten*)<\/p>\n<p>*Uhrla\u00df et al. DMykG e. V., 09 2023, Frankfurt\/Main[\/vc_column_text][vc_cta h2=&#8220;Molekulare Diagnostik dermatologischer Infektionen&#8220; shape=&#8220;square&#8220; style=&#8220;flat&#8220; add_button=&#8220;right&#8220; btn_title=&#8220;Download&#8220; btn_style=&#8220;flat&#8220; btn_shape=&#8220;square&#8220; btn_color=&#8220;inverse&#8220; css=&#8220;&#8220; btn_link=&#8220;url:https%3A%2F%2Fclinical.r-biopharm.com%2Fwp-content%2Fuploads%2Fdermatophytes-diagnostics_focus-flyer_2p_en_2026-03.pdf|title:Dermatophyten%20Infektionen|target:_blank&#8220;]Weitere Informationen zu unserer Diagnostik von dermatologischen Infektionen finden Sie in unserer kostenlosen Kundenbrosch\u00fcre.[\/vc_cta][\/vc_column][vc_column width=&#8220;1\/3&#8243;][vc_column_text margin_bottom=&#8220;20&#8243;]\n<h3 style=\"margin-bottom: 25px;\">Choose a technology<\/h3>\n<div class=\"facetwp-facet facetwp-facet-technology_fselect facetwp-type-fselect\" data-name=\"technology_fselect\" data-type=\"fselect\"><\/div>[\/vc_column_text][vc_column_text margin_bottom=&#8220;20&#8243;]\n<h3 style=\"margin-bottom: 25px;\">Choose a\u00a0diagnostic field<\/h3>\n<div class=\"facetwp-facet facetwp-facet-diagnostics_fselect facetwp-type-fselect\" data-name=\"diagnostics_fselect\" data-type=\"fselect\"><\/div>[\/vc_column_text][vc_column_text margin_bottom=&#8220;40&#8243; css=&#8220;.vc_custom_1713859999015{margin-bottom: 40px !important;}&#8220;]\n<h3 style=\"margin-bottom: 25px;\">Choose your product for dermatological infections<\/h3>\n<div class=\"facetwp-template\" data-name=\"parasitic-infections\"><ul class=\"product_facets\"><li>\n<a class=\"facetwp_pimg\" href=\"https:\/\/clinical.r-biopharm.com\/de\/produkte\/ridaquick-cryptosporidiumgiardiaentamoeba-combi-kassetten\/\"><img loading=\"lazy\" decoding=\"async\" width=\"100\" height=\"50\" src=\"https:\/\/clinical.r-biopharm.com\/wp-content\/uploads\/2012\/06\/2018-04_n1723_rq-crypto-giardia-entamoeba-kit-mit-inhalt_rgb_300x600-100x50.jpg\" class=\"recent-thumbs wp-post-image\" alt=\"n1723_rida-quick-crypto-giardia-entamoeba-kit\" itemprop=\"image\" \/><\/a>\n<div class=\"facetwp_title_container\"><a class=\"facetwp_ptitle\" href=\"https:\/\/clinical.r-biopharm.com\/de\/produkte\/ridaquick-cryptosporidiumgiardiaentamoeba-combi-kassetten\/\">RIDA\u00aeQUICK Cryptosporidium \/ Giardia \/ Entamoeba Combi (Kassetten) <\/a><\/div>\n<\/li>\n\n<li>\n<a class=\"facetwp_pimg\" href=\"https:\/\/clinical.r-biopharm.com\/de\/produkte\/ridaquick-entamoeba-kassetten\/\"><img loading=\"lazy\" decoding=\"async\" width=\"100\" height=\"50\" src=\"https:\/\/clinical.r-biopharm.com\/wp-content\/uploads\/2012\/06\/2018-04_n2203_rq-verotoxin-o157-kit-mit-inhalt_rgb_lowres-100x50.jpg\" class=\"recent-thumbs wp-post-image\" alt=\"n2203_rida-quick-verotoxin-o157-kit\" srcset=\"https:\/\/clinical.r-biopharm.com\/wp-content\/uploads\/2012\/06\/2018-04_n2203_rq-verotoxin-o157-kit-mit-inhalt_rgb_lowres-100x50.jpg 100w, https:\/\/clinical.r-biopharm.com\/wp-content\/uploads\/2012\/06\/2018-04_n2203_rq-verotoxin-o157-kit-mit-inhalt_rgb_lowres-200x100.jpg 200w, https:\/\/clinical.r-biopharm.com\/wp-content\/uploads\/2012\/06\/2018-04_n2203_rq-verotoxin-o157-kit-mit-inhalt_rgb_lowres-353x179.jpg 353w\" sizes=\"auto, (max-width: 100px) 100vw, 100px\" itemprop=\"image\" \/><\/a>\n<div class=\"facetwp_title_container\"><a class=\"facetwp_ptitle\" href=\"https:\/\/clinical.r-biopharm.com\/de\/produkte\/ridaquick-entamoeba-kassetten\/\">RIDA\u00aeQUICK Entamoeba (Kassetten) <\/a><\/div>\n<\/li>\n\n<li>\n<a class=\"facetwp_pimg\" href=\"https:\/\/clinical.r-biopharm.com\/de\/produkte\/ridaquick-cryptosporidium-kassetten\/\"><img loading=\"lazy\" decoding=\"async\" width=\"100\" height=\"50\" src=\"https:\/\/clinical.r-biopharm.com\/wp-content\/uploads\/2012\/06\/2018-04_n2203_rq-verotoxin-o157-kit-mit-inhalt_rgb_lowres-100x50.jpg\" class=\"recent-thumbs wp-post-image\" alt=\"n2203_rida-quick-verotoxin-o157-kit\" srcset=\"https:\/\/clinical.r-biopharm.com\/wp-content\/uploads\/2012\/06\/2018-04_n2203_rq-verotoxin-o157-kit-mit-inhalt_rgb_lowres-100x50.jpg 100w, https:\/\/clinical.r-biopharm.com\/wp-content\/uploads\/2012\/06\/2018-04_n2203_rq-verotoxin-o157-kit-mit-inhalt_rgb_lowres-200x100.jpg 200w, https:\/\/clinical.r-biopharm.com\/wp-content\/uploads\/2012\/06\/2018-04_n2203_rq-verotoxin-o157-kit-mit-inhalt_rgb_lowres-353x179.jpg 353w\" sizes=\"auto, (max-width: 100px) 100vw, 100px\" itemprop=\"image\" \/><\/a>\n<div class=\"facetwp_title_container\"><a class=\"facetwp_ptitle\" href=\"https:\/\/clinical.r-biopharm.com\/de\/produkte\/ridaquick-cryptosporidium-kassetten\/\">RIDA\u00aeQUICK Cryptosporidium (Kassetten)<\/a><\/div>\n<\/li>\n\n<li>\n<a class=\"facetwp_pimg\" href=\"https:\/\/clinical.r-biopharm.com\/de\/produkte\/ridaquick-cryptosporidiumgiardia-combi-kassetten\/\"><img loading=\"lazy\" decoding=\"async\" width=\"100\" height=\"50\" src=\"https:\/\/clinical.r-biopharm.com\/wp-content\/uploads\/2012\/06\/2018-04_n2203_rq-verotoxin-o157-kit-mit-inhalt_rgb_lowres-100x50.jpg\" class=\"recent-thumbs wp-post-image\" alt=\"n2203_rida-quick-verotoxin-o157-kit\" srcset=\"https:\/\/clinical.r-biopharm.com\/wp-content\/uploads\/2012\/06\/2018-04_n2203_rq-verotoxin-o157-kit-mit-inhalt_rgb_lowres-100x50.jpg 100w, https:\/\/clinical.r-biopharm.com\/wp-content\/uploads\/2012\/06\/2018-04_n2203_rq-verotoxin-o157-kit-mit-inhalt_rgb_lowres-200x100.jpg 200w, https:\/\/clinical.r-biopharm.com\/wp-content\/uploads\/2012\/06\/2018-04_n2203_rq-verotoxin-o157-kit-mit-inhalt_rgb_lowres-353x179.jpg 353w\" sizes=\"auto, (max-width: 100px) 100vw, 100px\" itemprop=\"image\" \/><\/a>\n<div class=\"facetwp_title_container\"><a class=\"facetwp_ptitle\" href=\"https:\/\/clinical.r-biopharm.com\/de\/produkte\/ridaquick-cryptosporidiumgiardia-combi-kassetten\/\">RIDA\u00aeQUICK Cryptosporidium \/ Giardia Combi (Kassetten)<\/a><\/div>\n<\/li>\n\n<li>\n<a class=\"facetwp_pimg\" href=\"https:\/\/clinical.r-biopharm.com\/de\/produkte\/ridaquick-giardia-kassetten\/\"><img loading=\"lazy\" decoding=\"async\" width=\"100\" height=\"50\" src=\"https:\/\/clinical.r-biopharm.com\/wp-content\/uploads\/2012\/06\/2018-04_n2203_rq-verotoxin-o157-kit-mit-inhalt_rgb_lowres-100x50.jpg\" class=\"recent-thumbs wp-post-image\" alt=\"n2203_rida-quick-verotoxin-o157-kit\" srcset=\"https:\/\/clinical.r-biopharm.com\/wp-content\/uploads\/2012\/06\/2018-04_n2203_rq-verotoxin-o157-kit-mit-inhalt_rgb_lowres-100x50.jpg 100w, https:\/\/clinical.r-biopharm.com\/wp-content\/uploads\/2012\/06\/2018-04_n2203_rq-verotoxin-o157-kit-mit-inhalt_rgb_lowres-200x100.jpg 200w, https:\/\/clinical.r-biopharm.com\/wp-content\/uploads\/2012\/06\/2018-04_n2203_rq-verotoxin-o157-kit-mit-inhalt_rgb_lowres-353x179.jpg 353w\" sizes=\"auto, (max-width: 100px) 100vw, 100px\" itemprop=\"image\" \/><\/a>\n<div class=\"facetwp_title_container\"><a class=\"facetwp_ptitle\" href=\"https:\/\/clinical.r-biopharm.com\/de\/produkte\/ridaquick-giardia-kassetten\/\">RIDA\u00aeQUICK Giardia (Kassetten)<\/a><\/div>\n<\/li>\n\n<li>\n<a class=\"facetwp_pimg\" href=\"https:\/\/clinical.r-biopharm.com\/de\/produkte\/ridascreen-entamoeba\/\"><img loading=\"lazy\" decoding=\"async\" width=\"100\" height=\"50\" src=\"https:\/\/clinical.r-biopharm.com\/wp-content\/uploads\/2016\/08\/2014-09_ridascreen-cryptosporidium-giardia-combi-m1-lowres-100x50.jpg\" class=\"recent-thumbs wp-post-image\" alt=\"ridascreen-cryptosporidium-giardia-combi-easy-kit\" srcset=\"https:\/\/clinical.r-biopharm.com\/wp-content\/uploads\/2016\/08\/2014-09_ridascreen-cryptosporidium-giardia-combi-m1-lowres-100x50.jpg 100w, https:\/\/clinical.r-biopharm.com\/wp-content\/uploads\/2016\/08\/2014-09_ridascreen-cryptosporidium-giardia-combi-m1-lowres-200x100.jpg 200w, https:\/\/clinical.r-biopharm.com\/wp-content\/uploads\/2016\/08\/2014-09_ridascreen-cryptosporidium-giardia-combi-m1-lowres-353x179.jpg 353w\" sizes=\"auto, (max-width: 100px) 100vw, 100px\" itemprop=\"image\" \/><\/a>\n<div class=\"facetwp_title_container\"><a class=\"facetwp_ptitle\" href=\"https:\/\/clinical.r-biopharm.com\/de\/produkte\/ridascreen-entamoeba\/\">RIDASCREEN\u00ae Entamoeba<\/a><\/div>\n<\/li>\n\n<li>\n<a class=\"facetwp_pimg\" href=\"https:\/\/clinical.r-biopharm.com\/de\/produkte\/ridascreen-cryptosporidium\/\"><img loading=\"lazy\" decoding=\"async\" width=\"100\" height=\"50\" src=\"https:\/\/clinical.r-biopharm.com\/wp-content\/uploads\/2016\/08\/2014-09_ridascreen-cryptosporidium-giardia-combi-m1-lowres-100x50.jpg\" class=\"recent-thumbs wp-post-image\" alt=\"ridascreen-cryptosporidium-giardia-combi-easy-kit\" srcset=\"https:\/\/clinical.r-biopharm.com\/wp-content\/uploads\/2016\/08\/2014-09_ridascreen-cryptosporidium-giardia-combi-m1-lowres-100x50.jpg 100w, https:\/\/clinical.r-biopharm.com\/wp-content\/uploads\/2016\/08\/2014-09_ridascreen-cryptosporidium-giardia-combi-m1-lowres-200x100.jpg 200w, https:\/\/clinical.r-biopharm.com\/wp-content\/uploads\/2016\/08\/2014-09_ridascreen-cryptosporidium-giardia-combi-m1-lowres-353x179.jpg 353w\" sizes=\"auto, (max-width: 100px) 100vw, 100px\" itemprop=\"image\" \/><\/a>\n<div class=\"facetwp_title_container\"><a class=\"facetwp_ptitle\" href=\"https:\/\/clinical.r-biopharm.com\/de\/produkte\/ridascreen-cryptosporidium\/\">RIDASCREEN\u00ae Cryptosporidium <\/a><\/div>\n<\/li>\n\n<li>\n<a class=\"facetwp_pimg\" href=\"https:\/\/clinical.r-biopharm.com\/de\/produkte\/ridascreen-giardia\/\"><img loading=\"lazy\" decoding=\"async\" width=\"100\" height=\"50\" src=\"https:\/\/clinical.r-biopharm.com\/wp-content\/uploads\/2016\/08\/2014-09_ridascreen-cryptosporidium-giardia-combi-m1-lowres-100x50.jpg\" class=\"recent-thumbs wp-post-image\" alt=\"ridascreen-cryptosporidium-giardia-combi-easy-kit\" srcset=\"https:\/\/clinical.r-biopharm.com\/wp-content\/uploads\/2016\/08\/2014-09_ridascreen-cryptosporidium-giardia-combi-m1-lowres-100x50.jpg 100w, https:\/\/clinical.r-biopharm.com\/wp-content\/uploads\/2016\/08\/2014-09_ridascreen-cryptosporidium-giardia-combi-m1-lowres-200x100.jpg 200w, https:\/\/clinical.r-biopharm.com\/wp-content\/uploads\/2016\/08\/2014-09_ridascreen-cryptosporidium-giardia-combi-m1-lowres-353x179.jpg 353w\" sizes=\"auto, (max-width: 100px) 100vw, 100px\" itemprop=\"image\" \/><\/a>\n<div class=\"facetwp_title_container\"><a class=\"facetwp_ptitle\" href=\"https:\/\/clinical.r-biopharm.com\/de\/produkte\/ridascreen-giardia\/\">RIDASCREEN\u00ae Giardia<\/a><\/div>\n<\/li>\n\n<\/ul><\/div><div class=\"facetwp-facet facetwp-facet-load_more_pager facetwp-type-pager\" data-name=\"load_more_pager\" data-type=\"pager\"><button class=\"facetwp-load-more\" data-loading=\"Loading...\">Load more<\/button><\/div>[\/vc_column_text][\/vc_column][\/mk_page_section][mk_page_section bg_color=&#8220;#f7f7f7&#8243; padding_top=&#8220;20&#8243; padding_bottom=&#8220;20&#8243; sidebar=&#8220;sidebar-1&#8243;][vc_column css=&#8220;.vc_custom_1468415774645{padding-top: 0px !important;padding-bottom: 0px !important;}&#8220;][vc_column_text disable_pattern=&#8220;false&#8220; align=&#8220;center&#8220; css=&#8220;.vc_custom_1713859739990{margin-bottom: 0px !important;}&#8220;]\n<h2>Support on dermatolocial infections<\/h2>\n<p>Questions? Tap into our team\u2019s expertise. We\u2019re here to support you and your business throughout the testing process to ensure your success[\/vc_column_text][mk_button dimension=&#8220;flat&#8220; url=&#8220;\/contact&#8220; align=&#8220;center&#8220; margin_bottom=&#8220;&#8220; bg_color=&#8220;#4d4d4d&#8220; btn_hover_bg=&#8220;#ffffff&#8220; btn_hover_txt_color=&#8220;#4d4d4d&#8220;]Kontakt[\/mk_button][\/vc_column][\/mk_page_section]\n","protected":false},"excerpt":{"rendered":"<p>[mk_page_section padding_top=&#8220;30&#8243; padding_bottom=&#8220;30&#8243; sidebar=&#8220;sidebar-1&#8243;][vc_column width=&#8220;2\/3&#8243;][vc_column_text css=&#8220;.vc_custom_1770886570943{margin-bottom: 0px !important;}&#8220;]Dermatophyten sind eine Gruppe von Pilzen, die Infektionen in Haut, Haaren und N\u00e4geln verursachen k\u00f6nnen, bekannt als Dermatophytose. Diese Pilze gedeihen in warmen und feuchten Umgebungen und ihre Infektionen \u00e4u\u00dfern sich typischerweise als rote, schuppige Flecken auf der Haut oder als br\u00fcchige, verf\u00e4rbte N\u00e4gel. Dermatophyten-Infektionen sind hoch ansteckend [&hellip;]<\/p>\n","protected":false},"author":1190,"featured_media":0,"parent":73557,"menu_order":0,"comment_status":"closed","ping_status":"closed","template":"","meta":{"_acf_changed":false,"content-type":"","_relevanssi_hide_post":"","_relevanssi_hide_content":"","_relevanssi_pin_for_all":"","_relevanssi_pin_keywords":"","_relevanssi_unpin_keywords":"","_relevanssi_related_keywords":"","_relevanssi_related_include_ids":"","_relevanssi_related_exclude_ids":"","_relevanssi_related_no_append":"","_relevanssi_related_not_related":"","_relevanssi_related_posts":"","_relevanssi_noindex_reason":"","footnotes":""},"class_list":["post-181118","page","type-page","status-publish","hentry"],"acf":[],"yoast_head":"<!-- This site is optimized with the Yoast SEO plugin v26.7 - https:\/\/yoast.com\/wordpress\/plugins\/seo\/ -->\n<title>Dermatophyten Infektionen - Clinical Diagnostics<\/title>\n<meta name=\"description\" content=\"R-Biopharm bietet patentierte molekulardiagnostische L\u00f6sungen zum Nachweis verschiedener dermatologischer Infektionen.\" \/>\n<meta name=\"robots\" content=\"index, follow, max-snippet:-1, max-image-preview:large, max-video-preview:-1\" \/>\n<link rel=\"canonical\" href=\"https:\/\/clinical.r-biopharm.com\/de\/indikation\/dermatophyten-infektionen\/\" \/>\n<meta property=\"og:locale\" content=\"de_DE\" \/>\n<meta property=\"og:type\" content=\"article\" \/>\n<meta property=\"og:title\" content=\"Dermatophyten Infektionen - Clinical Diagnostics\" \/>\n<meta property=\"og:description\" content=\"R-Biopharm bietet patentierte molekulardiagnostische L\u00f6sungen zum Nachweis verschiedener dermatologischer Infektionen.\" \/>\n<meta property=\"og:url\" content=\"https:\/\/clinical.r-biopharm.com\/de\/indikation\/dermatophyten-infektionen\/\" \/>\n<meta property=\"og:site_name\" content=\"Clinical Diagnostics\" \/>\n<meta property=\"article:modified_time\" content=\"2026-03-11T14:05:56+00:00\" \/>\n<meta name=\"twitter:label1\" content=\"Gesch\u00e4tzte Lesezeit\" \/>\n\t<meta name=\"twitter:data1\" content=\"2\u00a0Minuten\" \/>\n<script type=\"application\/ld+json\" class=\"yoast-schema-graph\">{\"@context\":\"https:\/\/schema.org\",\"@graph\":[{\"@type\":\"WebPage\",\"@id\":\"https:\/\/clinical.r-biopharm.com\/de\/indikation\/dermatophyten-infektionen\/\",\"url\":\"https:\/\/clinical.r-biopharm.com\/de\/indikation\/dermatophyten-infektionen\/\",\"name\":\"Dermatophyten Infektionen - Clinical Diagnostics\",\"isPartOf\":{\"@id\":\"https:\/\/clinical.r-biopharm.com\/fr\/#website\"},\"datePublished\":\"2024-04-25T07:25:20+00:00\",\"dateModified\":\"2026-03-11T14:05:56+00:00\",\"description\":\"R-Biopharm bietet patentierte molekulardiagnostische L\u00f6sungen zum Nachweis verschiedener dermatologischer Infektionen.\",\"breadcrumb\":{\"@id\":\"https:\/\/clinical.r-biopharm.com\/de\/indikation\/dermatophyten-infektionen\/#breadcrumb\"},\"inLanguage\":\"de\",\"potentialAction\":[{\"@type\":\"ReadAction\",\"target\":[\"https:\/\/clinical.r-biopharm.com\/de\/indikation\/dermatophyten-infektionen\/\"]}]},{\"@type\":\"BreadcrumbList\",\"@id\":\"https:\/\/clinical.r-biopharm.com\/de\/indikation\/dermatophyten-infektionen\/#breadcrumb\",\"itemListElement\":[{\"@type\":\"ListItem\",\"position\":1,\"name\":\"Home\",\"item\":\"https:\/\/clinical.r-biopharm.com\/de\/\"},{\"@type\":\"ListItem\",\"position\":2,\"name\":\"Indikation\",\"item\":\"https:\/\/clinical.r-biopharm.com\/de\/indikation\/\"},{\"@type\":\"ListItem\",\"position\":3,\"name\":\"Dermatophyten Infektionen\"}]},{\"@type\":\"WebSite\",\"@id\":\"https:\/\/clinical.r-biopharm.com\/fr\/#website\",\"url\":\"https:\/\/clinical.r-biopharm.com\/fr\/\",\"name\":\"Clinical Diagnostics\",\"description\":\"A Division of the R-Biopharm Group\",\"potentialAction\":[{\"@type\":\"SearchAction\",\"target\":{\"@type\":\"EntryPoint\",\"urlTemplate\":\"https:\/\/clinical.r-biopharm.com\/fr\/?s={search_term_string}\"},\"query-input\":{\"@type\":\"PropertyValueSpecification\",\"valueRequired\":true,\"valueName\":\"search_term_string\"}}],\"inLanguage\":\"de\"}]}<\/script>\n<!-- \/ Yoast SEO plugin. -->","yoast_head_json":{"title":"Dermatophyten Infektionen - Clinical Diagnostics","description":"R-Biopharm bietet patentierte molekulardiagnostische L\u00f6sungen zum Nachweis verschiedener dermatologischer Infektionen.","robots":{"index":"index","follow":"follow","max-snippet":"max-snippet:-1","max-image-preview":"max-image-preview:large","max-video-preview":"max-video-preview:-1"},"canonical":"https:\/\/clinical.r-biopharm.com\/de\/indikation\/dermatophyten-infektionen\/","og_locale":"de_DE","og_type":"article","og_title":"Dermatophyten Infektionen - Clinical Diagnostics","og_description":"R-Biopharm bietet patentierte molekulardiagnostische L\u00f6sungen zum Nachweis verschiedener dermatologischer Infektionen.","og_url":"https:\/\/clinical.r-biopharm.com\/de\/indikation\/dermatophyten-infektionen\/","og_site_name":"Clinical Diagnostics","article_modified_time":"2026-03-11T14:05:56+00:00","twitter_misc":{"Gesch\u00e4tzte Lesezeit":"2\u00a0Minuten"},"schema":{"@context":"https:\/\/schema.org","@graph":[{"@type":"WebPage","@id":"https:\/\/clinical.r-biopharm.com\/de\/indikation\/dermatophyten-infektionen\/","url":"https:\/\/clinical.r-biopharm.com\/de\/indikation\/dermatophyten-infektionen\/","name":"Dermatophyten Infektionen - Clinical Diagnostics","isPartOf":{"@id":"https:\/\/clinical.r-biopharm.com\/fr\/#website"},"datePublished":"2024-04-25T07:25:20+00:00","dateModified":"2026-03-11T14:05:56+00:00","description":"R-Biopharm bietet patentierte molekulardiagnostische L\u00f6sungen zum Nachweis verschiedener dermatologischer Infektionen.","breadcrumb":{"@id":"https:\/\/clinical.r-biopharm.com\/de\/indikation\/dermatophyten-infektionen\/#breadcrumb"},"inLanguage":"de","potentialAction":[{"@type":"ReadAction","target":["https:\/\/clinical.r-biopharm.com\/de\/indikation\/dermatophyten-infektionen\/"]}]},{"@type":"BreadcrumbList","@id":"https:\/\/clinical.r-biopharm.com\/de\/indikation\/dermatophyten-infektionen\/#breadcrumb","itemListElement":[{"@type":"ListItem","position":1,"name":"Home","item":"https:\/\/clinical.r-biopharm.com\/de\/"},{"@type":"ListItem","position":2,"name":"Indikation","item":"https:\/\/clinical.r-biopharm.com\/de\/indikation\/"},{"@type":"ListItem","position":3,"name":"Dermatophyten Infektionen"}]},{"@type":"WebSite","@id":"https:\/\/clinical.r-biopharm.com\/fr\/#website","url":"https:\/\/clinical.r-biopharm.com\/fr\/","name":"Clinical Diagnostics","description":"A Division of the R-Biopharm Group","potentialAction":[{"@type":"SearchAction","target":{"@type":"EntryPoint","urlTemplate":"https:\/\/clinical.r-biopharm.com\/fr\/?s={search_term_string}"},"query-input":{"@type":"PropertyValueSpecification","valueRequired":true,"valueName":"search_term_string"}}],"inLanguage":"de"}]}},"_links":{"self":[{"href":"https:\/\/clinical.r-biopharm.com\/de\/wp-json\/wp\/v2\/pages\/181118","targetHints":{"allow":["GET"]}}],"collection":[{"href":"https:\/\/clinical.r-biopharm.com\/de\/wp-json\/wp\/v2\/pages"}],"about":[{"href":"https:\/\/clinical.r-biopharm.com\/de\/wp-json\/wp\/v2\/types\/page"}],"author":[{"embeddable":true,"href":"https:\/\/clinical.r-biopharm.com\/de\/wp-json\/wp\/v2\/users\/1190"}],"replies":[{"embeddable":true,"href":"https:\/\/clinical.r-biopharm.com\/de\/wp-json\/wp\/v2\/comments?post=181118"}],"version-history":[{"count":15,"href":"https:\/\/clinical.r-biopharm.com\/de\/wp-json\/wp\/v2\/pages\/181118\/revisions"}],"predecessor-version":[{"id":182575,"href":"https:\/\/clinical.r-biopharm.com\/de\/wp-json\/wp\/v2\/pages\/181118\/revisions\/182575"}],"up":[{"embeddable":true,"href":"https:\/\/clinical.r-biopharm.com\/de\/wp-json\/wp\/v2\/pages\/73557"}],"wp:attachment":[{"href":"https:\/\/clinical.r-biopharm.com\/de\/wp-json\/wp\/v2\/media?parent=181118"}],"curies":[{"name":"wp","href":"https:\/\/api.w.org\/{rel}","templated":true}]}}