{"id":181600,"date":"2025-01-29T14:08:02","date_gmt":"2025-01-29T13:08:02","guid":{"rendered":"https:\/\/clinical.r-biopharm.com\/diagnostik\/tuberkulose\/"},"modified":"2026-02-17T10:46:35","modified_gmt":"2026-02-17T09:46:35","slug":"tuberkulose","status":"publish","type":"page","link":"https:\/\/clinical.r-biopharm.com\/de\/diagnostik\/tuberkulose\/","title":{"rendered":"Tuberkulose"},"content":{"rendered":"\r\n<blockquote class=\"wp-block-quote\" style=\"padding-top: 18px; position: relative;\">\r\n<h2 class=\"wp-block-heading\" style=\"margin-bottom: 0;\"><span style=\"font-size: 21px;\">Tuberkulose ist nach wie vor die weltweit h\u00e4ufigste Infektionskrankheit mit t\u00f6dlichem Ausgang.<\/span><\/h2>\r\n<cite>WHO &#8211; Tuberkulose-Bericht 2024<\/cite><\/blockquote>\r\n<p>&nbsp;<\/p>\r\n\r\n\r\n\r\n<div class=\"wp-block-spacer\" style=\"height: 15px;\" aria-hidden=\"true\">\u00a0<\/div>\r\n\r\n\r\n\r\n<div class=\"wp-block-media-text is-stacked-on-mobile\" style=\"grid-template-columns: 15% auto;\">\r\n<figure class=\"wp-block-media-text__media\"><img loading=\"lazy\" decoding=\"async\" width=\"600\" height=\"600\" class=\"wp-image-180985 size-full\" src=\"https:\/\/clinical.r-biopharm.com\/wp-content\/uploads\/2025\/01\/global_tuberculosis_report_tb_cases_deaths_who_2024.png\" alt=\"\" srcset=\"https:\/\/clinical.r-biopharm.com\/wp-content\/uploads\/2025\/01\/global_tuberculosis_report_tb_cases_deaths_who_2024.png 600w, https:\/\/clinical.r-biopharm.com\/wp-content\/uploads\/2025\/01\/global_tuberculosis_report_tb_cases_deaths_who_2024-300x300.png 300w, https:\/\/clinical.r-biopharm.com\/wp-content\/uploads\/2025\/01\/global_tuberculosis_report_tb_cases_deaths_who_2024-150x150.png 150w, https:\/\/clinical.r-biopharm.com\/wp-content\/uploads\/2025\/01\/global_tuberculosis_report_tb_cases_deaths_who_2024-60x60.png 60w, https:\/\/clinical.r-biopharm.com\/wp-content\/uploads\/2025\/01\/global_tuberculosis_report_tb_cases_deaths_who_2024-1024x1024.png 1024w\" sizes=\"auto, (max-width: 600px) 100vw, 600px\" \/><\/figure>\r\n<div class=\"wp-block-media-text__content\">\r\n<p>Im Jahr 2023 erkrankten 10,8 Millionen Menschen an Tuberkulose und 1,25\u00a0Millionen verloren ihr Leben. <small>(WHO &#8211; Tuberkulose-Bericht 2024)<\/small><\/p>\r\n<\/div>\r\n<\/div>\r\n\r\n\r\n\r\n<div class=\"wp-block-media-text is-stacked-on-mobile\" style=\"grid-template-columns: 15% auto;\">\r\n<figure class=\"wp-block-media-text__media\"><img loading=\"lazy\" decoding=\"async\" width=\"600\" height=\"600\" class=\"wp-image-180979 size-full\" src=\"https:\/\/clinical.r-biopharm.com\/wp-content\/uploads\/2025\/01\/global_latent_tuberculosis_quarter_population_active_tb_risk.png\" alt=\"\" srcset=\"https:\/\/clinical.r-biopharm.com\/wp-content\/uploads\/2025\/01\/global_latent_tuberculosis_quarter_population_active_tb_risk.png 600w, https:\/\/clinical.r-biopharm.com\/wp-content\/uploads\/2025\/01\/global_latent_tuberculosis_quarter_population_active_tb_risk-300x300.png 300w, https:\/\/clinical.r-biopharm.com\/wp-content\/uploads\/2025\/01\/global_latent_tuberculosis_quarter_population_active_tb_risk-150x150.png 150w, https:\/\/clinical.r-biopharm.com\/wp-content\/uploads\/2025\/01\/global_latent_tuberculosis_quarter_population_active_tb_risk-60x60.png 60w\" sizes=\"auto, (max-width: 600px) 100vw, 600px\" \/><\/figure>\r\n<div class=\"wp-block-media-text__content\">\r\n<p>Etwa ein Viertel der Weltbev\u00f6lkerung ist von einer latenten Tuberkulose betroffen, bei der das Risiko besteht, dass sich eine aktive Tuberkulose entwickelt.<\/p>\r\n<\/div>\r\n<\/div>\r\n\r\n\r\n\r\n<div class=\"wp-block-media-text is-stacked-on-mobile\" style=\"grid-template-columns: 15% auto;\">\r\n<figure class=\"wp-block-media-text__media\"><img loading=\"lazy\" decoding=\"async\" width=\"600\" height=\"600\" class=\"wp-image-180967 size-full\" src=\"https:\/\/clinical.r-biopharm.com\/wp-content\/uploads\/2025\/01\/early_tuberculosis_detection_treatment_transmission.png\" alt=\"\" srcset=\"https:\/\/clinical.r-biopharm.com\/wp-content\/uploads\/2025\/01\/early_tuberculosis_detection_treatment_transmission.png 600w, https:\/\/clinical.r-biopharm.com\/wp-content\/uploads\/2025\/01\/early_tuberculosis_detection_treatment_transmission-300x300.png 300w, https:\/\/clinical.r-biopharm.com\/wp-content\/uploads\/2025\/01\/early_tuberculosis_detection_treatment_transmission-150x150.png 150w, https:\/\/clinical.r-biopharm.com\/wp-content\/uploads\/2025\/01\/early_tuberculosis_detection_treatment_transmission-60x60.png 60w\" sizes=\"auto, (max-width: 600px) 100vw, 600px\" \/><\/figure>\r\n<div class=\"wp-block-media-text__content\">\r\n<p>Die fr\u00fchzeitige und zuverl\u00e4ssige Erkennung und Behandlung von Tuberkulose ist entscheidend, um die \u00dcbertragungskette zu durchbrechen und Tuberkulose weltweit zu eliminieren.<\/p>\r\n<\/div>\r\n<\/div>\r\n\r\n\r\n\r\n<div class=\"wp-block-spacer\" style=\"height: 30px;\" aria-hidden=\"true\">\u00a0<\/div>\r\n\r\n\r\n\r\n<h2 class=\"wp-block-heading\">Tuberkulose-Diagnosel\u00f6sungen auf der Grundlage des neuen Markers IP-10<\/h2>\r\n\r\n\r\n\r\n<p>Nur drei Stimulationsr\u00f6hrchen und einen der zugeh\u00f6rigen Tests \u2013 entweder ELISA oder Lateral Flow \u2013 werden ben\u00f6tigt um Tuberkulose (TB) in allen Umgebungen, vom voll ausgestatteten Labor bis hin zu abgelegenen Standorten, zu bek\u00e4mpfen.<\/p>\r\n\r\n\r\n\r\n<p>Die TB-Diagnostik von R-Biopharm (<strong>CE IVDR<\/strong>) basiert auf dem Nachweis des Biomarkers IP-10 (Interferon-gamma-induziertes Protein 10), der nach spezifischer T-Zell-Stimulation mit Tuberkulose-Antigenen in bis zu 100-fach h\u00f6heren Konzentrationen als Interferon- \u03b3 (IFN\u2014\u03b3) vorliegt. IP-10 ist ein Chemokin, das als Reaktion auf IFN-\u03b3 freigesetzt wird und eine wichtige Rolle bei der Entz\u00fcndungsreaktion spielt.<\/p>\r\n\r\n\r\n\r\n<p>Diese neue Generation der TB-Diagnostik stellt damit einen gro\u00dfen Fortschritt gegen\u00fcber den herk\u00f6mmlichen Tests auf latente TB dar. Sie bietet Fachkr\u00e4ften des Gesundheitswesens eine einfache, zuverl\u00e4ssige, effiziente und leicht zug\u00e4ngliche Diagnostik f\u00fcr jedes Umfeld.<\/p>\r\n\r\n\r\n\r\n<div class=\"wp-block-spacer\" style=\"height: 30px;\" aria-hidden=\"true\">\u00a0<\/div>\r\n\r\n\r\n\r\n<div class=\"wp-block-group\"><div class=\"wp-block-group__inner-container is-layout-constrained wp-block-group-is-layout-constrained\">\r\n<h2 class=\"wp-block-heading\">IP-10 und TB<\/h2>\r\n\r\n\r\n\r\n<ul class=\"wp-block-list\">\r\n<li><strong>Etablierter Marker:<\/strong> IP-10 ist ein gut untersuchter Biomarker, dessen Zusammenhang mit TB in zahlreichen Ver\u00f6ffentlichungen nachgewiesen wurde.<\/li>\r\n\r\n\r\n\r\n<li><strong>Umfassendes Expressionsprofil:<\/strong> IP-10 steht in direktem Zusammenhang mit der Freisetzung von IFN-\u03b3. Es ist nicht auf die Aktivierung von T-Zellen beschr\u00e4nkt, sondern wird auch von anderen Immunzellen produziert, was zu deutlich h\u00f6heren Konzentrationen f\u00fchrt.<\/li>\r\n\r\n\r\n\r\n<li><strong>Empfindlichkeit:<\/strong> Das vorteilhafte Expressionsprofil von IP-10 kann zu einer verbesserten Empfindlichkeit beitragen, insbesondere bei anspruchsvollen Patientenkollektiven.<\/li>\r\n<\/ul>\r\n\r\n\r\n\r\n<p>&nbsp;<\/p>\r\n<\/div><\/div>\r\n\r\n\r\n\r\n<div class=\"wp-block-spacer\" style=\"height: 30px;\" aria-hidden=\"true\">\u00a0<\/div>\r\n\r\n\r\n[vc_cta h2=&#8220;Neue Tuberkulosediagnostik basierend auf IP-10&#8243; shape=&#8220;square&#8220; style=&#8220;flat&#8220; add_button=&#8220;right&#8220; btn_title=&#8220;Download&#8220; btn_style=&#8220;flat&#8220; btn_shape=&#8220;square&#8220; btn_color=&#8220;inverse&#8220; css=&#8220;&#8220; btn_link=&#8220;url:https%3A%2F%2Fclinical.r-biopharm.com%2Fwp-content%2Fuploads%2Ftb-diagnosis_rs-rq-tubes_4p_en_2025-06.pdf|target:_blank&#8220;]Mehr Informationen zu unserer innovativen Tuberkulose-Diagnostik auf der Grundlage von IP-10 (CE IVDR) finden Sie in unserer Kundenbrosch\u00fcre.[\/vc_cta]\n<div class=\"wp-block-spacer\" style=\"height: 30px;\" aria-hidden=\"true\">\u00a0<\/div>\n<h2 class=\"wp-block-heading\">Produkte<\/h2>\n<div class=\"wp-block-media-text is-stacked-on-mobile is-vertically-aligned-top\" style=\"grid-template-columns: 30% auto;\">\n<figure class=\"wp-block-media-text__media\"><img loading=\"lazy\" decoding=\"async\" width=\"729\" height=\"701\" class=\"wp-image-181009 size-medium\" src=\"https:\/\/clinical.r-biopharm.com\/wp-content\/uploads\/2025\/01\/rida_tb_tubes_ce_ivdr_esat6_cfp10_ip10.jpg\" alt=\"\" \/><\/figure>\n<div class=\"wp-block-media-text__content\">\n<p><img decoding=\"async\" style=\"width: 60px;\" src=\"\/wp-content\/uploads\/2025\/01\/vacuum_blood_collection_tubes_direct_collection.png\" alt=\"\" \/><strong>RIDA\u00ae TB Tubes<\/strong> <small>(CE IVDR)<\/small><\/p>\n<ul class=\"wp-block-list\">\n<li>Nur 3 sterile Induktionsr\u00f6hrchen pro Patient<\/li>\n<li>3 Vakuum-Blutentnahmer\u00f6hrchen f\u00fcr die <strong>direkte Blutentnahme<\/strong> (negative Kontrolle, TB-spezifisches Testr\u00f6hrchen, unspezifische positive Kontrolle)<\/li>\n<li>ESAT-6 und CFP-10 als etablierte und spezifische TB-Antigene<\/li>\n<li>IP-10-Induktion in nur <strong>16 Std.<\/strong><\/li>\n<li>Bis zu 100-fache Induktion im Vergleich zu IFN-y<\/li>\n<li>Minimierte Wartezeiten<\/li>\n<\/ul>\n<p><small style=\"margin-left: 20px;\">\u00a0<\/small><\/p>\n<\/div>\n<\/div>\n<div class=\"wp-block-media-text is-stacked-on-mobile is-vertically-aligned-top\" style=\"grid-template-columns: 30% auto;\">\n<figure class=\"wp-block-media-text__media\"><img loading=\"lazy\" decoding=\"async\" width=\"729\" height=\"701\" class=\"wp-image-181003 size-medium\" src=\"https:\/\/clinical.r-biopharm.com\/wp-content\/uploads\/2025\/01\/rida_quick_tb_ce_ivdr_lateral_flow_rapid_results_robust_colloidal_gold.jpg\" alt=\"\" \/><\/figure>\n<div class=\"wp-block-media-text__content\">\n<p><img decoding=\"async\" style=\"width: 60px;\" src=\"\/wp-content\/uploads\/2025\/01\/lateral_flow_test_decentralized_testing.png\" alt=\"\" \/><strong>RIDA\u00aeQUICK TB<\/strong> <small>(CE IVDR)<\/small><\/p>\n<ul class=\"wp-block-list\">\n<li>Lateral Flow Test \u2013 optimal f\u00fcr <strong>dezentrales Testen<\/strong><\/li>\n<li><strong>Eine Testkassette pro Patient<\/strong> f\u00fcr eine einfache Handhabung<\/li>\n<li>Ergebnisse in nur 15 Minuten, die eine sofortige Entscheidungsfindung erm\u00f6glichen<\/li>\n<li>Robuste kolloidale Goldtechnologie, die weniger lichtempfindlich ist und daher in allen Bereichen zuverl\u00e4ssig funktioniert (keine Fluoreszenz erforderlich)<\/li>\n<li>Einfaches Auslesen und Interpretieren der Ergebnisse mit dem RIDA\u00aeQ3-Reader<\/li>\n<\/ul>\n<\/div>\n<\/div>\n<div class=\"wp-block-media-text is-stacked-on-mobile is-vertically-aligned-top\" style=\"grid-template-columns: 30% auto;\">\n<figure class=\"wp-block-media-text__media\"><img loading=\"lazy\" decoding=\"async\" width=\"729\" height=\"701\" class=\"wp-image-181015 size-medium\" src=\"https:\/\/clinical.r-biopharm.com\/wp-content\/uploads\/2025\/01\/ridascreen_tb_ce_ivdr_elisa_manual_automated_ip10.jpg\" alt=\"\" \/><\/figure>\n<div class=\"wp-block-media-text__content\">\n<p><img decoding=\"async\" style=\"width: 60px;\" src=\"\/wp-content\/uploads\/2025\/01\/elisa_manual_automated_workflows.png\" alt=\"\" \/><strong>RIDASCREEN\u00ae TB<\/strong> <small>(CE IVDR)<\/small><\/p>\n<ul class=\"wp-block-list\">\n<li>ELISA-Test geeignet f\u00fcr die <strong>manuelle und automatisierte* Abarbeitung<\/strong><\/li>\n<li>Bis zu <strong>28 Bestimmungen pro Platte<\/strong><\/li>\n<li>F\u00fcr einen mittleren bis hohen Durchsatz<\/li>\n<li>Minimierte Wartezeiten<\/li>\n<li><strong>Alle erforderlichen Reagenzien<\/strong> in einem Kit f\u00fcr eine einfache Abarbeitung enthalten<\/li>\n<\/ul>\n<p><small style=\"margin-left: 20px;\">* Protokoll vorhanden\/Validierung durch den Kunden<\/small><\/p>\n<\/div>\n<\/div>\n<div class=\"wp-block-spacer\" style=\"height: 30px;\" aria-hidden=\"true\">\u00a0<\/div>\n<h2 class=\"wp-block-heading\">Arbeitsablauf des IP-10-Tests<\/h2>\n<figure class=\"wp-block-image size-large\"><img loading=\"lazy\" decoding=\"async\" width=\"2038\" height=\"1334\" class=\"wp-image-181603\" src=\"https:\/\/clinical.r-biopharm.com\/wp-content\/uploads\/2025\/06\/ip-10_assay_workflow_de_2025-02.png\" alt=\"\" srcset=\"https:\/\/clinical.r-biopharm.com\/wp-content\/uploads\/2025\/06\/ip-10_assay_workflow_de_2025-02.png 2038w, https:\/\/clinical.r-biopharm.com\/wp-content\/uploads\/2025\/06\/ip-10_assay_workflow_de_2025-02-768x502.png 768w\" sizes=\"auto, (max-width: 2038px) 100vw, 2038px\" \/><\/figure>\n<div class=\"wp-block-spacer\" style=\"height: 30px;\" aria-hidden=\"true\">\u00a0<\/div>\n<h2 class=\"wp-block-heading\">Leistungsdaten<\/h2>\n<p>Leistung im Vergleich zu QuantiFERON\u00ae-TB Gold Plus (QFT-Plus).<\/p>\n<p>Multizentrische diagnostische Studie mit 339 Patienten aus 7 Studienzentren in Deutschland und S\u00fcdafrika.<\/p>\n<h3 class=\"wp-block-heading\">85,2 % Sensitivit\u00e4t bei aktiven TB-Patienten gegen\u00fcber 71,7 % QFT-Plus<\/h3>\n<ul class=\"wp-block-list\">\n<li>PPA und NPA mit QTF-Plus\n<ul class=\"wp-block-list\">\n<li>Positive prozentuale \u00dcbereinstimmung 96,9 %<\/li>\n<li>Negative prozentuale \u00dcbereinstimmung 86,9 % *<\/li>\n<\/ul>\n<\/li>\n<\/ul>\n<p>&nbsp;<\/p>\n<ul class=\"wp-block-list\">\n<li>Starke \u00dcbereinstimmung zwischen RIDA\u00aeQUICK TB und RIDASCREEN\u00ae TB\n<ul class=\"wp-block-list\">\n<li>Positive prozentuale \u00dcbereinstimmung 92,1 %<\/li>\n<li>Negative prozentuale \u00dcbereinstimmung 98,9 %<\/li>\n<\/ul>\n<\/li>\n<\/ul>\n<p>* <em>Negative prozentuale \u00dcbereinstimmung niedriger aufgrund h\u00f6herer Empfindlichkeit des RIDASCREEN\u00ae TB bei klinisch best\u00e4tigten aktiven TB-Patienten<\/em><\/p>\n<div class=\"wp-block-spacer\" style=\"height: 30px;\" aria-hidden=\"true\">\u00a0<\/div>\n<h2 class=\"wp-block-heading\">Kontaktieren Sie uns f\u00fcr weitere Informationen<\/h2>\n<p><script charset=\"utf-8\" type=\"text\/javascript\" src=\"\/\/js.hsforms.net\/forms\/embed\/v2.js\"><\/script> <script><\/p>\n<p>  hbspt.forms.create({<\/p>\n<p>    portalId: \"4832203\",<\/p>\n<p>    formId: \"f431c2c6-9c5e-4a7d-9488-2c4592a34847\",<\/p>\n<p>    region: \"na1\"<\/p>\n<p>  });\n<\/script><\/p>\n","protected":false},"excerpt":{"rendered":"<p>Tuberkulose ist nach wie vor die weltweit h\u00e4ufigste Infektionskrankheit mit t\u00f6dlichem Ausgang. WHO &#8211; Tuberkulose-Bericht 2024 &nbsp; Im Jahr 2023 erkrankten 10,8 Millionen Menschen an Tuberkulose und 1,25\u00a0Millionen verloren ihr Leben. (WHO &#8211; Tuberkulose-Bericht 2024) Etwa ein Viertel der Weltbev\u00f6lkerung ist von einer latenten Tuberkulose betroffen, bei der das Risiko besteht, dass sich eine aktive [&hellip;]<\/p>\n","protected":false},"author":1190,"featured_media":0,"parent":69758,"menu_order":0,"comment_status":"closed","ping_status":"closed","template":"","meta":{"_acf_changed":false,"content-type":"","_relevanssi_hide_post":"","_relevanssi_hide_content":"","_relevanssi_pin_for_all":"","_relevanssi_pin_keywords":"","_relevanssi_unpin_keywords":"","_relevanssi_related_keywords":"","_relevanssi_related_include_ids":"","_relevanssi_related_exclude_ids":"","_relevanssi_related_no_append":"","_relevanssi_related_not_related":"","_relevanssi_related_posts":"","_relevanssi_noindex_reason":"","footnotes":""},"class_list":["post-181600","page","type-page","status-publish","hentry"],"acf":[],"yoast_head":"<!-- This site is optimized with the Yoast SEO plugin v26.7 - https:\/\/yoast.com\/wordpress\/plugins\/seo\/ -->\n<title>Neue Tuberkulosediagnostik basierend auf IP-10 (CE IVDR)<\/title>\n<meta name=\"description\" content=\"Entdecken Sie die innovativen IP-10-basierten TB-Diagnostikl\u00f6sungen von R-Biopharm f\u00fcr Labor- und Remote-Umgebungen. Effizienz, Zuverl\u00e4ssigkeit und Zug\u00e4nglichkeit in jedem Kontext.\" \/>\n<meta name=\"robots\" content=\"index, follow, max-snippet:-1, max-image-preview:large, max-video-preview:-1\" \/>\n<link rel=\"canonical\" href=\"https:\/\/clinical.r-biopharm.com\/de\/diagnostik\/tuberkulose\/\" \/>\n<meta property=\"og:locale\" content=\"de_DE\" \/>\n<meta property=\"og:type\" content=\"article\" \/>\n<meta property=\"og:title\" content=\"Neue Tuberkulosediagnostik basierend auf IP-10 (CE IVDR)\" \/>\n<meta property=\"og:description\" content=\"Entdecken Sie die innovativen IP-10-basierten TB-Diagnostikl\u00f6sungen von R-Biopharm f\u00fcr Labor- und Remote-Umgebungen. Effizienz, Zuverl\u00e4ssigkeit und Zug\u00e4nglichkeit in jedem Kontext.\" \/>\n<meta property=\"og:url\" content=\"https:\/\/clinical.r-biopharm.com\/de\/diagnostik\/tuberkulose\/\" \/>\n<meta property=\"og:site_name\" content=\"Clinical Diagnostics\" \/>\n<meta property=\"article:modified_time\" content=\"2026-02-17T09:46:35+00:00\" \/>\n<meta property=\"og:image\" content=\"https:\/\/clinical.r-biopharm.com\/wp-content\/uploads\/2025\/01\/global_tuberculosis_report_tb_cases_deaths_who_2024.png\" \/>\n\t<meta property=\"og:image:width\" content=\"600\" \/>\n\t<meta property=\"og:image:height\" content=\"600\" \/>\n\t<meta property=\"og:image:type\" content=\"image\/png\" \/>\n<meta name=\"twitter:label1\" content=\"Gesch\u00e4tzte Lesezeit\" \/>\n\t<meta name=\"twitter:data1\" content=\"5\u00a0Minuten\" \/>\n<script type=\"application\/ld+json\" class=\"yoast-schema-graph\">{\"@context\":\"https:\/\/schema.org\",\"@graph\":[{\"@type\":\"WebPage\",\"@id\":\"https:\/\/clinical.r-biopharm.com\/de\/diagnostik\/tuberkulose\/\",\"url\":\"https:\/\/clinical.r-biopharm.com\/de\/diagnostik\/tuberkulose\/\",\"name\":\"Neue Tuberkulosediagnostik basierend auf IP-10 (CE IVDR)\",\"isPartOf\":{\"@id\":\"https:\/\/clinical.r-biopharm.com\/fr\/#website\"},\"primaryImageOfPage\":{\"@id\":\"https:\/\/clinical.r-biopharm.com\/de\/diagnostik\/tuberkulose\/#primaryimage\"},\"image\":{\"@id\":\"https:\/\/clinical.r-biopharm.com\/de\/diagnostik\/tuberkulose\/#primaryimage\"},\"thumbnailUrl\":\"https:\/\/clinical.r-biopharm.com\/wp-content\/uploads\/2025\/01\/global_tuberculosis_report_tb_cases_deaths_who_2024.png\",\"datePublished\":\"2025-01-29T13:08:02+00:00\",\"dateModified\":\"2026-02-17T09:46:35+00:00\",\"description\":\"Entdecken Sie die innovativen IP-10-basierten TB-Diagnostikl\u00f6sungen von R-Biopharm f\u00fcr Labor- und Remote-Umgebungen. Effizienz, Zuverl\u00e4ssigkeit und Zug\u00e4nglichkeit in jedem Kontext.\",\"breadcrumb\":{\"@id\":\"https:\/\/clinical.r-biopharm.com\/de\/diagnostik\/tuberkulose\/#breadcrumb\"},\"inLanguage\":\"de\",\"potentialAction\":[{\"@type\":\"ReadAction\",\"target\":[\"https:\/\/clinical.r-biopharm.com\/de\/diagnostik\/tuberkulose\/\"]}]},{\"@type\":\"ImageObject\",\"inLanguage\":\"de\",\"@id\":\"https:\/\/clinical.r-biopharm.com\/de\/diagnostik\/tuberkulose\/#primaryimage\",\"url\":\"https:\/\/clinical.r-biopharm.com\/wp-content\/uploads\/2025\/01\/global_tuberculosis_report_tb_cases_deaths_who_2024.png\",\"contentUrl\":\"https:\/\/clinical.r-biopharm.com\/wp-content\/uploads\/2025\/01\/global_tuberculosis_report_tb_cases_deaths_who_2024.png\"},{\"@type\":\"BreadcrumbList\",\"@id\":\"https:\/\/clinical.r-biopharm.com\/de\/diagnostik\/tuberkulose\/#breadcrumb\",\"itemListElement\":[{\"@type\":\"ListItem\",\"position\":1,\"name\":\"Home\",\"item\":\"https:\/\/clinical.r-biopharm.com\/de\/\"},{\"@type\":\"ListItem\",\"position\":2,\"name\":\"Diagnostik\",\"item\":\"https:\/\/clinical.r-biopharm.com\/de\/diagnostik\/\"},{\"@type\":\"ListItem\",\"position\":3,\"name\":\"Tuberkulose\"}]},{\"@type\":\"WebSite\",\"@id\":\"https:\/\/clinical.r-biopharm.com\/fr\/#website\",\"url\":\"https:\/\/clinical.r-biopharm.com\/fr\/\",\"name\":\"Clinical Diagnostics\",\"description\":\"A Division of the R-Biopharm Group\",\"potentialAction\":[{\"@type\":\"SearchAction\",\"target\":{\"@type\":\"EntryPoint\",\"urlTemplate\":\"https:\/\/clinical.r-biopharm.com\/fr\/?s={search_term_string}\"},\"query-input\":{\"@type\":\"PropertyValueSpecification\",\"valueRequired\":true,\"valueName\":\"search_term_string\"}}],\"inLanguage\":\"de\"}]}<\/script>\n<!-- \/ Yoast SEO plugin. -->","yoast_head_json":{"title":"Neue Tuberkulosediagnostik basierend auf IP-10 (CE IVDR)","description":"Entdecken Sie die innovativen IP-10-basierten TB-Diagnostikl\u00f6sungen von R-Biopharm f\u00fcr Labor- und Remote-Umgebungen. Effizienz, Zuverl\u00e4ssigkeit und Zug\u00e4nglichkeit in jedem Kontext.","robots":{"index":"index","follow":"follow","max-snippet":"max-snippet:-1","max-image-preview":"max-image-preview:large","max-video-preview":"max-video-preview:-1"},"canonical":"https:\/\/clinical.r-biopharm.com\/de\/diagnostik\/tuberkulose\/","og_locale":"de_DE","og_type":"article","og_title":"Neue Tuberkulosediagnostik basierend auf IP-10 (CE IVDR)","og_description":"Entdecken Sie die innovativen IP-10-basierten TB-Diagnostikl\u00f6sungen von R-Biopharm f\u00fcr Labor- und Remote-Umgebungen. Effizienz, Zuverl\u00e4ssigkeit und Zug\u00e4nglichkeit in jedem Kontext.","og_url":"https:\/\/clinical.r-biopharm.com\/de\/diagnostik\/tuberkulose\/","og_site_name":"Clinical Diagnostics","article_modified_time":"2026-02-17T09:46:35+00:00","og_image":[{"width":600,"height":600,"url":"https:\/\/clinical.r-biopharm.com\/wp-content\/uploads\/2025\/01\/global_tuberculosis_report_tb_cases_deaths_who_2024.png","type":"image\/png"}],"twitter_misc":{"Gesch\u00e4tzte Lesezeit":"5\u00a0Minuten"},"schema":{"@context":"https:\/\/schema.org","@graph":[{"@type":"WebPage","@id":"https:\/\/clinical.r-biopharm.com\/de\/diagnostik\/tuberkulose\/","url":"https:\/\/clinical.r-biopharm.com\/de\/diagnostik\/tuberkulose\/","name":"Neue Tuberkulosediagnostik basierend auf IP-10 (CE IVDR)","isPartOf":{"@id":"https:\/\/clinical.r-biopharm.com\/fr\/#website"},"primaryImageOfPage":{"@id":"https:\/\/clinical.r-biopharm.com\/de\/diagnostik\/tuberkulose\/#primaryimage"},"image":{"@id":"https:\/\/clinical.r-biopharm.com\/de\/diagnostik\/tuberkulose\/#primaryimage"},"thumbnailUrl":"https:\/\/clinical.r-biopharm.com\/wp-content\/uploads\/2025\/01\/global_tuberculosis_report_tb_cases_deaths_who_2024.png","datePublished":"2025-01-29T13:08:02+00:00","dateModified":"2026-02-17T09:46:35+00:00","description":"Entdecken Sie die innovativen IP-10-basierten TB-Diagnostikl\u00f6sungen von R-Biopharm f\u00fcr Labor- und Remote-Umgebungen. Effizienz, Zuverl\u00e4ssigkeit und Zug\u00e4nglichkeit in jedem Kontext.","breadcrumb":{"@id":"https:\/\/clinical.r-biopharm.com\/de\/diagnostik\/tuberkulose\/#breadcrumb"},"inLanguage":"de","potentialAction":[{"@type":"ReadAction","target":["https:\/\/clinical.r-biopharm.com\/de\/diagnostik\/tuberkulose\/"]}]},{"@type":"ImageObject","inLanguage":"de","@id":"https:\/\/clinical.r-biopharm.com\/de\/diagnostik\/tuberkulose\/#primaryimage","url":"https:\/\/clinical.r-biopharm.com\/wp-content\/uploads\/2025\/01\/global_tuberculosis_report_tb_cases_deaths_who_2024.png","contentUrl":"https:\/\/clinical.r-biopharm.com\/wp-content\/uploads\/2025\/01\/global_tuberculosis_report_tb_cases_deaths_who_2024.png"},{"@type":"BreadcrumbList","@id":"https:\/\/clinical.r-biopharm.com\/de\/diagnostik\/tuberkulose\/#breadcrumb","itemListElement":[{"@type":"ListItem","position":1,"name":"Home","item":"https:\/\/clinical.r-biopharm.com\/de\/"},{"@type":"ListItem","position":2,"name":"Diagnostik","item":"https:\/\/clinical.r-biopharm.com\/de\/diagnostik\/"},{"@type":"ListItem","position":3,"name":"Tuberkulose"}]},{"@type":"WebSite","@id":"https:\/\/clinical.r-biopharm.com\/fr\/#website","url":"https:\/\/clinical.r-biopharm.com\/fr\/","name":"Clinical Diagnostics","description":"A Division of the R-Biopharm Group","potentialAction":[{"@type":"SearchAction","target":{"@type":"EntryPoint","urlTemplate":"https:\/\/clinical.r-biopharm.com\/fr\/?s={search_term_string}"},"query-input":{"@type":"PropertyValueSpecification","valueRequired":true,"valueName":"search_term_string"}}],"inLanguage":"de"}]}},"_links":{"self":[{"href":"https:\/\/clinical.r-biopharm.com\/de\/wp-json\/wp\/v2\/pages\/181600","targetHints":{"allow":["GET"]}}],"collection":[{"href":"https:\/\/clinical.r-biopharm.com\/de\/wp-json\/wp\/v2\/pages"}],"about":[{"href":"https:\/\/clinical.r-biopharm.com\/de\/wp-json\/wp\/v2\/types\/page"}],"author":[{"embeddable":true,"href":"https:\/\/clinical.r-biopharm.com\/de\/wp-json\/wp\/v2\/users\/1190"}],"replies":[{"embeddable":true,"href":"https:\/\/clinical.r-biopharm.com\/de\/wp-json\/wp\/v2\/comments?post=181600"}],"version-history":[{"count":19,"href":"https:\/\/clinical.r-biopharm.com\/de\/wp-json\/wp\/v2\/pages\/181600\/revisions"}],"predecessor-version":[{"id":182532,"href":"https:\/\/clinical.r-biopharm.com\/de\/wp-json\/wp\/v2\/pages\/181600\/revisions\/182532"}],"up":[{"embeddable":true,"href":"https:\/\/clinical.r-biopharm.com\/de\/wp-json\/wp\/v2\/pages\/69758"}],"wp:attachment":[{"href":"https:\/\/clinical.r-biopharm.com\/de\/wp-json\/wp\/v2\/media?parent=181600"}],"curies":[{"name":"wp","href":"https:\/\/api.w.org\/{rel}","templated":true}]}}