{"id":5,"date":"2015-02-05T12:22:09","date_gmt":"2015-02-05T11:22:09","guid":{"rendered":"http:\/\/clinical.rbiodev.de\/?page_id=5"},"modified":"2026-04-16T13:05:25","modified_gmt":"2026-04-16T11:05:25","slug":"start","status":"publish","type":"page","link":"https:\/\/clinical.r-biopharm.com\/de\/","title":{"rendered":"Start"},"content":{"rendered":"<div class=\"wpb-content-wrapper\">[vc_row fullwidth=&#8220;true&#8220; fullwidth_content=&#8220;false&#8220; css=&#8220;.vc_custom_1688469534463{margin-bottom: 40px !important;background: #ffffff url(https:\/\/clinical.r-biopharm.com\/wp-content\/uploads\/2023\/07\/2023_06_starseite_kd_-scaled.jpg?id=173418) !important;background-position: center !important;background-repeat: no-repeat !important;background-size: cover !important;}&#8220;][vc_column width=&#8220;1\/3&#8243;][mk_padding_divider size=&#8220;300&#8243; visibility=&#8220;hidden-sm&#8220;][mk_padding_divider size=&#8220;150&#8243; visibility=&#8220;visible-sm&#8220;][vc_column_text el_class=&#8220;sliderbox&#8220; css=&#8220;.vc_custom_1576578622974{padding-top: 10px !important;padding-right: 10px !important;padding-bottom: 10px !important;padding-left: 10px !important;background-color: rgba(255,255,255,0.5) !important;*background-color: rgb(255,255,255) !important;}&#8220;]\n<h1 class=\"slider_maintext\">Klinische Diagnostik<\/h1>\n<p><span style=\"font-size: 1.1em;\">Ein Bereich der R-Biopharm AG<\/span>[\/vc_column_text][mk_padding_divider size=&#8220;100&#8243; visibility=&#8220;hidden-sm&#8220;][mk_padding_divider size=&#8220;50&#8243; visibility=&#8220;visible-sm&#8220;][\/vc_column][vc_column width=&#8220;1\/3&#8243;][\/vc_column][vc_column width=&#8220;1\/3&#8243;][\/vc_column][\/vc_row][vc_row css=&#8220;.vc_custom_1509499403335{margin-top: 20px !important;margin-bottom: 20px !important;}&#8220;][vc_column width=&#8220;1\/2&#8243;][mk_icon_box2 icon_type=&#8220;image&#8220; icon_size=&#8220;inherit&#8220; icon_image=&#8220;https:\/\/clinical.r-biopharm.com\/wp-content\/uploads\/2026-04_website-startseite-tb-zulassung-goa_de.jpg&#8220; title=&#8220;GOP 32670 nun auch f\u00fcr IP-10 g\u00fcltig&#8220; title_size=&#8220;20&#8243; title_top_padding=&#8220;20&#8243; title_bottom_padding=&#8220;20&#8243; align=&#8220;left&#8220; read_more_url=&#8220;\/news\/meilenstein-fuer-die-tuberkulose-diagnostik\/&#8220; el_class=&#8220;yellow-border&#8220;]Die R-Biopharm AG hat einen bedeutenden Meilenstein f\u00fcr die moderne Tuberkulose-Diagnostik in Deutschland erreicht: Seit dem 1. April 2026 kann der auf dem Biomarker IP-10 (Interferon-gamma-induziertes Protein 10) basierende Test zum Nachweis einer Tuberkulose- Infektion im Rahmen des Einheitlichen Bewertungsma\u00dfstabs (EBM) \u00fcber die Geb\u00fchrenordnungsposition (GOP) 32670 abgerechnet werden.[\/mk_icon_box2][\/vc_column][vc_column width=&#8220;1\/2&#8243;][mk_icon_box2 icon_type=&#8220;image&#8220; icon_size=&#8220;inherit&#8220; icon_image=&#8220;https:\/\/clinical.r-biopharm.com\/wp-content\/uploads\/2026-02_website-kd-startseite_ecovadis-1-1.jpg&#8220; title=&#8220;EcoVadis Bronze Medaille&#8220; title_top_padding=&#8220;20&#8243; title_bottom_padding=&#8220;20&#8243; align=&#8220;left&#8220; read_more_url=&#8220;\/news\/ecovadis-bronze-medaille\/&#8220; el_class=&#8220;yellow-border&#8220;]Wir haben gro\u00dfartige Neuigkeiten: R-Biopharm hat k\u00fcrzlich eine umfassende Bewertung unserer Nachhaltigkeitspraktiken durch EcoVadis, einem weltweit f\u00fchrenden Anbieter von Nachhaltigkeitsbewertungen f\u00fcr Unternehmen, abgeschlossen. Daf\u00fcr wurden wir f\u00fcr unsere Nachhaltigkeitsleistung mit der Bronzemedaille ausgezeichnet.[\/mk_icon_box2][\/vc_column][\/vc_row][vc_row css=&#8220;.vc_custom_1509499403335{margin-top: 20px !important;margin-bottom: 20px !important;}&#8220;][vc_column width=&#8220;1\/2&#8243;][mk_icon_box2 icon_type=&#8220;image&#8220; icon_size=&#8220;inherit&#8220; icon_image=&#8220;https:\/\/clinical.r-biopharm.com\/wp-content\/uploads\/2025-10_startseite_rida-xplore-quantstudio_labor_rgb.jpg&#8220; title=&#8220;Einf\u00fchrung des RIDA\u00aeXplore Systems&#8220; title_top_padding=&#8220;20&#8243; title_bottom_padding=&#8220;20&#8243; align=&#8220;left&#8220; read_more_url=&#8220;news\/einfuehrung-des-ridaxplore-systems\/&#8220; el_class=&#8220;yellow-border&#8220;]Wir freuen uns, Ihnen das <strong>RIDA\u00aeXplore System<\/strong> vorzustellen \u2013 den Nachfolger unserer bew\u00e4hrten HighPlex-Plattform. Jetzt vollst\u00e4ndig in die <strong>RIDA\u00aeFAMILY<\/strong>\u00a0integriert, pr\u00e4sentiert sich das System mit einem \u00fcberarbeiteten Design, einem neuen Namen und einer modernen Farbgebung \u2013 bei gleichbleibend zuverl\u00e4ssiger Leistung, auf die Sie sich stets verlassen konnten.[\/mk_icon_box2][\/vc_column][vc_column width=&#8220;1\/2&#8243;][mk_icon_box2 icon_type=&#8220;image&#8220; icon_size=&#8220;inherit&#8220; icon_image=&#8220;https:\/\/clinical.r-biopharm.com\/wp-content\/uploads\/2023\/04\/rida_unity_startseite_600x300.png&#8220; title=&#8220;RIDA\u00aeUNITY&#8220; title_top_padding=&#8220;20&#8243; title_bottom_padding=&#8220;20&#8243; align=&#8220;left&#8220; read_more_url=&#8220;https:\/\/clinical.r-biopharm.com\/de\/ridaunity\/&#8220; el_class=&#8220;yellow-border&#8220;]Profitieren Sie von unserer vollautomatischen, IVDR-zugelassenen Systeml\u00f6sung f\u00fcr Ihre Real-time PCR Diagnostik.[\/mk_icon_box2][\/vc_column][\/vc_row][vc_row css=&#8220;.vc_custom_1509499403335{margin-top: 20px !important;margin-bottom: 20px !important;}&#8220;][vc_column width=&#8220;1\/2&#8243;][mk_icon_box2 icon_type=&#8220;image&#8220; icon_size=&#8220;inherit&#8220; icon_image=&#8220;https:\/\/clinical.r-biopharm.com\/wp-content\/uploads\/2022\/03\/2022-02_website_kd_ivdr_startseite_600x300-px.jpg&#8220; title=&#8220;H\u00f6chste Priorit\u00e4t bei R-Biopharm: die IVDR&#8220; title_top_padding=&#8220;20&#8243; title_bottom_padding=&#8220;20&#8243; align=&#8220;left&#8220; read_more_url=&#8220;https:\/\/clinical.r-biopharm.com\/de\/news\/hoechste-prioritaet-bei-r-biopharm-die-ivdr\/&#8220; el_class=&#8220;yellow-border&#8220;]F\u00fcr die Qualit\u00e4t und Sicherheit von In-vitro-Medizinprodukten hat die EU mit der IVDR (In-vitro-Diagnostika Verordnung) einen neuen Rechtsrahmen geschaffen.[\/mk_icon_box2][\/vc_column][vc_column width=&#8220;1\/2&#8243;][mk_icon_box2 icon_type=&#8220;image&#8220; icon_size=&#8220;inherit&#8220; icon_image=&#8220;https:\/\/clinical.r-biopharm.com\/wp-content\/uploads\/diagnostic-fields-1.jpg&#8220; title=&#8220;Unsere diagnostischen Bereiche&#8220; title_top_padding=&#8220;20&#8243; title_bottom_padding=&#8220;20&#8243; align=&#8220;left&#8220; read_more_url=&#8220;\/de\/diagnostik\/&#8220; el_class=&#8220;yellow-border&#8220;]Wir bieten innovative Produkte f\u00fcr zahlreiche Anwendungen im Bereich der klinischen Diagnostik. Hier finden Sie einen \u00dcberblick \u00fcber unsere Kompetenzen.[\/mk_icon_box2][\/vc_column][\/vc_row][vc_row css=&#8220;.vc_custom_1509499403335{margin-top: 20px !important;margin-bottom: 20px !important;}&#8220;][vc_column width=&#8220;1\/2&#8243;][mk_icon_box2 icon_type=&#8220;image&#8220; icon_size=&#8220;inherit&#8220; icon_image=&#8220;https:\/\/clinical.r-biopharm.com\/wp-content\/uploads\/systems.jpg&#8220; title=&#8220;Systeme&#8220; title_top_padding=&#8220;20&#8243; title_bottom_padding=&#8220;20&#8243; align=&#8220;left&#8220; read_more_url=&#8220;\/de\/systeme\/&#8220; el_class=&#8220;yellow-border&#8220;]Automatisierung gewinnt in der klinischen Diagnostik zunehmend an Bedeutung. Machen Sie Ihr Labor effizienter mit unseren praktischen Ger\u00e4tel\u00f6sungen.[\/mk_icon_box2][\/vc_column][vc_column width=&#8220;1\/2&#8243;][mk_icon_box2 icon_type=&#8220;image&#8220; icon_size=&#8220;inherit&#8220; icon_image=&#8220;https:\/\/clinical.r-biopharm.com\/wp-content\/uploads\/indications.jpg&#8220; title=&#8220;Indikationen&#8220; title_top_padding=&#8220;20&#8243; title_bottom_padding=&#8220;20&#8243; align=&#8220;left&#8220; read_more_url=&#8220;\/de\/indikation\/&#8220; el_class=&#8220;yellow-border&#8220;]Eine verl\u00e4ssliche Diagnose ist die Grundvoraussetzung f\u00fcr eine wirksame Behandlung. St\u00f6bern Sie durch unser Portfolio und finden Sie den besten diagnostischen Test f\u00fcr Ihre Indikation.[\/mk_icon_box2][\/vc_column][\/vc_row][vc_row disable_element=&#8220;yes&#8220; css=&#8220;.vc_custom_1605256064086{margin-top: 20px !important;margin-bottom: 20px !important;}&#8220;][vc_column width=&#8220;1\/2&#8243;][mk_icon_box2 icon_type=&#8220;image&#8220; icon_size=&#8220;inherit&#8220; icon_image=&#8220;https:\/\/clinical.r-biopharm.com\/wp-content\/uploads\/technologies.jpg&#8220; title=&#8220;Technologien&#8220; title_top_padding=&#8220;20&#8243; title_bottom_padding=&#8220;20&#8243; align=&#8220;left&#8220; read_more_url=&#8220;\/de\/technologien\/&#8220; el_class=&#8220;yellow-border&#8220;]Zu unseren innovativen Technologien f\u00fcr die klinische Diagnostik z\u00e4hlen ELISA, PCR, Lateral Flow, Blot und weitere. Hier sehen Sie unsere analytischen Methoden im \u00dcberblick.[\/mk_icon_box2][\/vc_column][vc_column width=&#8220;1\/2&#8243;][\/vc_column][\/vc_row][vc_row fullwidth=&#8220;true&#8220;][vc_column][mk_padding_divider size=&#8220;50&#8243;][\/vc_column][\/vc_row][mk_page_section bg_color=&#8220;#fff5cc&#8220; padding_top=&#8220;30&#8243; padding_bottom=&#8220;0&#8243; sidebar=&#8220;sidebar-1&#8243;][vc_column width=&#8220;1\/3&#8243;][mk_milestone icon=&#8220;mk-li-posion&#8220; align=&#8220;center&#8220; icon_color=&#8220;#393836&#8243; stop=&#8220;30&#8243; text=&#8220;Jahre Erfahrung&#8220; text_color=&#8220;#666360&#8243; font_family=&#8220;none&#8220; desc_size=&#8220;20&#8243;][\/vc_column][vc_column width=&#8220;1\/3&#8243;][mk_milestone icon=&#8220;mk-moon-earth&#8220; align=&#8220;center&#8220; icon_color=&#8220;#393836&#8243; stop=&#8220;122&#8243; text=&#8220;L\u00e4nder&#8220; text_color=&#8220;#666360&#8243; font_family=&#8220;none&#8220; desc_size=&#8220;20&#8243;][\/vc_column][vc_column width=&#8220;1\/3&#8243;][mk_milestone icon=&#8220;mk-li-smile&#8220; align=&#8220;center&#8220; icon_color=&#8220;#393836&#8243; stop=&#8220;300&#8243; text=&#8220;Produkte im Portfolio&#8220; text_color=&#8220;#666360&#8243; font_family=&#8220;none&#8220; desc_size=&#8220;20&#8243;][\/vc_column][\/mk_page_section][mk_page_section bg_color=&#8220;#f9f9f9&#8243; padding_top=&#8220;60&#8243; padding_bottom=&#8220;60&#8243; margin_bottom=&#8220;&#8220; top_shape_color=&#8220;#ffffff&#8220; bottom_shape_color=&#8220;#ffffff&#8220; sidebar=&#8220;sidebar-1&#8243;][vc_column][vc_column_text margin_bottom=&#8220;20&#8243;]\n<h2 class=\"knubbel\">R-Biopharm News<\/h2>\n[\/vc_column_text][mk_blog_carousel][\/vc_column][\/mk_page_section][mk_page_section bg_image=&#8220;https:\/\/clinical.r-biopharm.com\/wp-content\/uploads\/2019\/08\/weltkarte.jpg&#8220; attachment=&#8220;fixed&#8220; bg_position=&#8220;center center&#8220; bg_repeat=&#8220;no-repeat&#8220; video_color_mask=&#8220;#ffffff&#8220; video_opacity=&#8220;0.8&#8243; padding_top=&#8220;60&#8243; padding_bottom=&#8220;0&#8243; sidebar=&#8220;sidebar-1&#8243;][vc_column width=&#8220;1\/2&#8243; css=&#8220;.vc_custom_1429082440293{padding-right: 50px !important;padding-left: 20px !important;}&#8220;][mk_icon_box icon=&#8220;&#8220; title=&#8220;Schnelles und zuverl\u00e4ssiges IFX Monitoring&#8220; text_size=&#8220;22&#8243; read_more_txt=&#8220;Mehr erfahren&#8220; read_more_url=&#8220;\/de\/produkte\/ridaquick-ifx-monitoring-2\/&#8220; icon_size=&#8220;medium&#8220; icon_color=&#8220;#eeee22&#8243; icon_circle_color=&#8220;&#8220; margin=&#8220;50&#8243;]Medikamenten-Monitoring von Infliximab in 20 Minuten: RIDA\u00aeQUICK IFX Monitoring in Kombination mit dem RIDA\u00aeQUICK SCAN II.[\/mk_icon_box][\/vc_column][vc_column width=&#8220;1\/2&#8243;][mk_icon_box icon=&#8220;&#8220; title=&#8220;Events&#8220; text_size=&#8220;22&#8243; read_more_txt=&#8220;Mehr erfahren&#8220; read_more_url=&#8220;\/de\/events\/&#8220; icon_size=&#8220;medium&#8220; icon_color=&#8220;#eeee22&#8243; icon_circle_color=&#8220;&#8220; margin=&#8220;50&#8243;]Welche neuen Erkenntnisse gibt es im Bereich der klinischen Diagnostik? Treffen Sie uns auf Messen und Konferenzen weltweit und erfahren Sie mehr![\/mk_icon_box][\/vc_column][\/mk_page_section][mk_page_section bg_color=&#8220;#f7f7f7&#8243; padding_top=&#8220;20&#8243; padding_bottom=&#8220;20&#8243; sidebar=&#8220;sidebar-1&#8243;][vc_column][vc_column_text align=&#8220;center&#8220;]\n<h2>Interessiert? Ihre individuelle Beratung ist nur einen Klick entfernt!<\/h2>\n[\/vc_column_text][mk_button dimension=&#8220;flat&#8220; url=&#8220;\/de\/kontakt\/&#8220; align=&#8220;center&#8220; margin_bottom=&#8220;&#8220; bg_color=&#8220;#4d4d4d&#8220; btn_hover_bg=&#8220;#ffffff&#8220; btn_hover_txt_color=&#8220;#4d4d4d&#8220;]Kontakt[\/mk_button][\/vc_column][\/mk_page_section]\n<\/div>","protected":false},"excerpt":{"rendered":"<p>[vc_row fullwidth=&#8220;true&#8220; fullwidth_content=&#8220;false&#8220; css=&#8220;.vc_custom_1688469534463{margin-bottom: 40px !important;background: #ffffff url(https:\/\/clinical.r-biopharm.com\/wp-content\/uploads\/2023\/07\/2023_06_starseite_kd_-scaled.jpg?id=173418) !important;background-position: center !important;background-repeat: no-repeat !important;background-size: cover !important;}&#8220;][vc_column width=&#8220;1\/3&#8243;][mk_padding_divider size=&#8220;300&#8243; visibility=&#8220;hidden-sm&#8220;][mk_padding_divider size=&#8220;150&#8243; visibility=&#8220;visible-sm&#8220;][vc_column_text el_class=&#8220;sliderbox&#8220; css=&#8220;.vc_custom_1576578622974{padding-top: 10px !important;padding-right: 10px !important;padding-bottom: 10px !important;padding-left: 10px !important;background-color: rgba(255,255,255,0.5) !important;*background-color: rgb(255,255,255) !important;}&#8220;] Klinische Diagnostik Ein Bereich der R-Biopharm AG[\/vc_column_text][mk_padding_divider size=&#8220;100&#8243; visibility=&#8220;hidden-sm&#8220;][mk_padding_divider size=&#8220;50&#8243; visibility=&#8220;visible-sm&#8220;][\/vc_column][vc_column width=&#8220;1\/3&#8243;][\/vc_column][vc_column width=&#8220;1\/3&#8243;][\/vc_column][\/vc_row][vc_row css=&#8220;.vc_custom_1509499403335{margin-top: 20px !important;margin-bottom: 20px !important;}&#8220;][vc_column width=&#8220;1\/2&#8243;][mk_icon_box2 icon_type=&#8220;image&#8220; icon_size=&#8220;inherit&#8220; [&hellip;]<\/p>\n","protected":false},"author":1,"featured_media":0,"parent":0,"menu_order":0,"comment_status":"closed","ping_status":"closed","template":"","meta":{"_acf_changed":false,"content-type":"","_relevanssi_hide_post":"","_relevanssi_hide_content":"","_relevanssi_pin_for_all":"","_relevanssi_pin_keywords":"","_relevanssi_unpin_keywords":"","_relevanssi_related_keywords":"","_relevanssi_related_include_ids":"","_relevanssi_related_exclude_ids":"","_relevanssi_related_no_append":"","_relevanssi_related_not_related":"","_relevanssi_related_posts":"","_relevanssi_noindex_reason":"","footnotes":""},"class_list":["post-5","page","type-page","status-publish","hentry"],"acf":[],"yoast_head":"<!-- This site is optimized with the Yoast SEO plugin v27.4 - https:\/\/yoast.com\/product\/yoast-seo-wordpress\/ -->\n<title>R-Biopharm AG - Klinische Diagnostik<\/title>\n<meta name=\"description\" content=\"R-Biopharm bietet innovative Produkte f\u00fcr zahlreiche Anwendungen im Bereich der klinischen Diagnostik. Finden Sie heraus, was wir f\u00fcr Sie tun k\u00f6nnen!\" \/>\n<meta name=\"robots\" content=\"index, follow, max-snippet:-1, max-image-preview:large, max-video-preview:-1\" \/>\n<link rel=\"canonical\" href=\"https:\/\/clinical.r-biopharm.com\/de\/\" \/>\n<meta property=\"og:locale\" content=\"de_DE\" \/>\n<meta property=\"og:type\" content=\"article\" \/>\n<meta property=\"og:title\" content=\"R-Biopharm AG - Klinische Diagnostik\" \/>\n<meta property=\"og:description\" content=\"R-Biopharm bietet innovative Produkte f\u00fcr zahlreiche Anwendungen im Bereich der klinischen Diagnostik. Finden Sie heraus, was wir f\u00fcr Sie tun k\u00f6nnen!\" \/>\n<meta property=\"og:url\" content=\"https:\/\/clinical.r-biopharm.com\/de\/\" \/>\n<meta property=\"og:site_name\" content=\"Clinical Diagnostics\" \/>\n<meta property=\"article:modified_time\" content=\"2026-04-16T11:05:25+00:00\" \/>\n<meta name=\"twitter:label1\" content=\"Gesch\u00e4tzte Lesezeit\" \/>\n\t<meta name=\"twitter:data1\" content=\"3\u00a0Minuten\" \/>\n<script type=\"application\/ld+json\" class=\"yoast-schema-graph\">{\"@context\":\"https:\\\/\\\/schema.org\",\"@graph\":[{\"@type\":\"WebPage\",\"@id\":\"https:\\\/\\\/clinical.r-biopharm.com\\\/de\\\/\",\"url\":\"https:\\\/\\\/clinical.r-biopharm.com\\\/de\\\/\",\"name\":\"R-Biopharm AG - Klinische Diagnostik\",\"isPartOf\":{\"@id\":\"https:\\\/\\\/clinical.r-biopharm.com\\\/fr\\\/#website\"},\"datePublished\":\"2015-02-05T11:22:09+00:00\",\"dateModified\":\"2026-04-16T11:05:25+00:00\",\"description\":\"R-Biopharm bietet innovative Produkte f\u00fcr zahlreiche Anwendungen im Bereich der klinischen Diagnostik. Finden Sie heraus, was wir f\u00fcr Sie tun k\u00f6nnen!\",\"breadcrumb\":{\"@id\":\"https:\\\/\\\/clinical.r-biopharm.com\\\/de\\\/#breadcrumb\"},\"inLanguage\":\"de\",\"potentialAction\":[{\"@type\":\"ReadAction\",\"target\":[\"https:\\\/\\\/clinical.r-biopharm.com\\\/de\\\/\"]}]},{\"@type\":\"BreadcrumbList\",\"@id\":\"https:\\\/\\\/clinical.r-biopharm.com\\\/de\\\/#breadcrumb\",\"itemListElement\":[{\"@type\":\"ListItem\",\"position\":1,\"name\":\"Home\",\"item\":\"https:\\\/\\\/clinical.r-biopharm.com\\\/de\\\/\"},{\"@type\":\"ListItem\",\"position\":2,\"name\":\"Start\"}]},{\"@type\":\"WebSite\",\"@id\":\"https:\\\/\\\/clinical.r-biopharm.com\\\/fr\\\/#website\",\"url\":\"https:\\\/\\\/clinical.r-biopharm.com\\\/fr\\\/\",\"name\":\"Clinical Diagnostics\",\"description\":\"A Division of the R-Biopharm Group\",\"potentialAction\":[{\"@type\":\"SearchAction\",\"target\":{\"@type\":\"EntryPoint\",\"urlTemplate\":\"https:\\\/\\\/clinical.r-biopharm.com\\\/fr\\\/?s={search_term_string}\"},\"query-input\":{\"@type\":\"PropertyValueSpecification\",\"valueRequired\":true,\"valueName\":\"search_term_string\"}}],\"inLanguage\":\"de\"}]}<\/script>\n<!-- \/ Yoast SEO plugin. -->","yoast_head_json":{"title":"R-Biopharm AG - Klinische Diagnostik","description":"R-Biopharm bietet innovative Produkte f\u00fcr zahlreiche Anwendungen im Bereich der klinischen Diagnostik. Finden Sie heraus, was wir f\u00fcr Sie tun k\u00f6nnen!","robots":{"index":"index","follow":"follow","max-snippet":"max-snippet:-1","max-image-preview":"max-image-preview:large","max-video-preview":"max-video-preview:-1"},"canonical":"https:\/\/clinical.r-biopharm.com\/de\/","og_locale":"de_DE","og_type":"article","og_title":"R-Biopharm AG - Klinische Diagnostik","og_description":"R-Biopharm bietet innovative Produkte f\u00fcr zahlreiche Anwendungen im Bereich der klinischen Diagnostik. Finden Sie heraus, was wir f\u00fcr Sie tun k\u00f6nnen!","og_url":"https:\/\/clinical.r-biopharm.com\/de\/","og_site_name":"Clinical Diagnostics","article_modified_time":"2026-04-16T11:05:25+00:00","twitter_misc":{"Gesch\u00e4tzte Lesezeit":"3\u00a0Minuten"},"schema":{"@context":"https:\/\/schema.org","@graph":[{"@type":"WebPage","@id":"https:\/\/clinical.r-biopharm.com\/de\/","url":"https:\/\/clinical.r-biopharm.com\/de\/","name":"R-Biopharm AG - Klinische Diagnostik","isPartOf":{"@id":"https:\/\/clinical.r-biopharm.com\/fr\/#website"},"datePublished":"2015-02-05T11:22:09+00:00","dateModified":"2026-04-16T11:05:25+00:00","description":"R-Biopharm bietet innovative Produkte f\u00fcr zahlreiche Anwendungen im Bereich der klinischen Diagnostik. Finden Sie heraus, was wir f\u00fcr Sie tun k\u00f6nnen!","breadcrumb":{"@id":"https:\/\/clinical.r-biopharm.com\/de\/#breadcrumb"},"inLanguage":"de","potentialAction":[{"@type":"ReadAction","target":["https:\/\/clinical.r-biopharm.com\/de\/"]}]},{"@type":"BreadcrumbList","@id":"https:\/\/clinical.r-biopharm.com\/de\/#breadcrumb","itemListElement":[{"@type":"ListItem","position":1,"name":"Home","item":"https:\/\/clinical.r-biopharm.com\/de\/"},{"@type":"ListItem","position":2,"name":"Start"}]},{"@type":"WebSite","@id":"https:\/\/clinical.r-biopharm.com\/fr\/#website","url":"https:\/\/clinical.r-biopharm.com\/fr\/","name":"Clinical Diagnostics","description":"A Division of the R-Biopharm Group","potentialAction":[{"@type":"SearchAction","target":{"@type":"EntryPoint","urlTemplate":"https:\/\/clinical.r-biopharm.com\/fr\/?s={search_term_string}"},"query-input":{"@type":"PropertyValueSpecification","valueRequired":true,"valueName":"search_term_string"}}],"inLanguage":"de"}]}},"_links":{"self":[{"href":"https:\/\/clinical.r-biopharm.com\/de\/wp-json\/wp\/v2\/pages\/5","targetHints":{"allow":["GET"]}}],"collection":[{"href":"https:\/\/clinical.r-biopharm.com\/de\/wp-json\/wp\/v2\/pages"}],"about":[{"href":"https:\/\/clinical.r-biopharm.com\/de\/wp-json\/wp\/v2\/types\/page"}],"author":[{"embeddable":true,"href":"https:\/\/clinical.r-biopharm.com\/de\/wp-json\/wp\/v2\/users\/1"}],"replies":[{"embeddable":true,"href":"https:\/\/clinical.r-biopharm.com\/de\/wp-json\/wp\/v2\/comments?post=5"}],"version-history":[{"count":85,"href":"https:\/\/clinical.r-biopharm.com\/de\/wp-json\/wp\/v2\/pages\/5\/revisions"}],"predecessor-version":[{"id":182659,"href":"https:\/\/clinical.r-biopharm.com\/de\/wp-json\/wp\/v2\/pages\/5\/revisions\/182659"}],"wp:attachment":[{"href":"https:\/\/clinical.r-biopharm.com\/de\/wp-json\/wp\/v2\/media?parent=5"}],"curies":[{"name":"wp","href":"https:\/\/api.w.org\/{rel}","templated":true}]}}