{"id":69758,"date":"2015-02-23T09:52:32","date_gmt":"2015-02-23T08:52:32","guid":{"rendered":"http:\/\/clinical.rbiodev.de\/?page_id=69758\/"},"modified":"2025-07-07T15:36:29","modified_gmt":"2025-07-07T13:36:29","slug":"diagnostik","status":"publish","type":"page","link":"https:\/\/clinical.r-biopharm.com\/de\/diagnostik\/","title":{"rendered":"Diagnostik"},"content":{"rendered":"<div class=\"wpb-content-wrapper\">[vc_row css=&#8220;.vc_custom_1477642106202{margin-top: 30px !important;}&#8220;][vc_column][vc_column_text]<strong>Wir bieten innovative Produkte f\u00fcr zahlreiche Anwendungen im Bereich der klinischen Diagnostik. Labore und Kliniken weltweit sch\u00e4tzen unsere zuverl\u00e4ssigen und anwenderfreundlichen L\u00f6sungen f\u00fcr die Diagnostik von Infektionen, Allergien und gastroenterologischen Erkrankungen.<br \/>\n<\/strong><\/p>\n<p>W\u00e4hlen Sie hier den gew\u00fcnschten diagnostischen Bereich:[\/vc_column_text][\/vc_column][\/vc_row][vc_row][vc_column][mk_padding_divider][mk_imagebox show_as=&#8220;column&#8220; column=&#8220;4&#8243; padding=&#8220;5&#8243; el_class=&#8220;overview-img&#8220;][mk_imagebox_item item_image=&#8220;https:\/\/clinical.r-biopharm.com\/wp-content\/uploads\/2024\/04\/icons_navigation_klinik_seite_0007_allergology.png&#8220; image_padding=&#8220;false&#8220; background_color=&#8220;#ffffff&#8220; title_text_size=&#8220;26&#8243; btn_text=&#8220;Allergologie&#8220; btn_url=&#8220;https:\/\/clinical.r-biopharm.com\/de\/diagnostik\/allergologie\/&#8220; btn_background_color=&#8220;#ffffff&#8220; btn_text_color=&#8220;#585858&#8243; btn_hover_background_color=&#8220;#fdca00&#8243;][\/mk_imagebox_item][mk_imagebox_item item_image=&#8220;https:\/\/clinical.r-biopharm.com\/wp-content\/uploads\/2024\/04\/icons_navigation_klinik_seite_0000_virology.png&#8220; image_padding=&#8220;false&#8220; background_color=&#8220;#ffffff&#8220; title_text_size=&#8220;26&#8243; btn_text=&#8220;Virologie&#8220; btn_url=&#8220;\/de\/diagnostik\/virologie\/&#8220; btn_background_color=&#8220;#ffffff&#8220; btn_text_color=&#8220;#585858&#8243; btn_hover_background_color=&#8220;#fdca00&#8243;][\/mk_imagebox_item][mk_imagebox_item item_image=&#8220;https:\/\/clinical.r-biopharm.com\/wp-content\/uploads\/2024\/04\/icons_navigation_klinik_seite_0005_bacteriology.png&#8220; image_padding=&#8220;false&#8220; background_color=&#8220;#ffffff&#8220; btn_text=&#8220;Bakteriologie&#8220; btn_url=&#8220;\/de\/diagnostik\/bakteriologie&#8220; btn_background_color=&#8220;#ffffff&#8220; btn_text_color=&#8220;#585858&#8243; btn_hover_background_color=&#8220;#fdca00&#8243;][\/mk_imagebox_item][\/mk_imagebox][mk_imagebox show_as=&#8220;column&#8220; column=&#8220;4&#8243; padding=&#8220;5&#8243; el_class=&#8220;overview-img&#8220;][mk_imagebox_item item_image=&#8220;https:\/\/clinical.r-biopharm.com\/wp-content\/uploads\/2024\/04\/icons_navigation_klinik_seite_0004_gastroenterology.png&#8220; image_padding=&#8220;false&#8220; background_color=&#8220;#ffffff&#8220; title_text_size=&#8220;26&#8243; btn_text=&#8220;Gastroenterologie&#8220; btn_url=&#8220;https:\/\/clinical.r-biopharm.com\/de\/diagnostik\/gastroenterologie\/&#8220; btn_background_color=&#8220;#ffffff&#8220; btn_text_color=&#8220;#585858&#8243; btn_hover_background_color=&#8220;#fdca00&#8243;][\/mk_imagebox_item][mk_imagebox_item item_image=&#8220;https:\/\/clinical.r-biopharm.com\/wp-content\/uploads\/2024\/04\/icons_navigation_klinik_seite_0003_human_genetics.png&#8220; image_padding=&#8220;false&#8220; background_color=&#8220;#ffffff&#8220; title_text_size=&#8220;26&#8243; btn_text=&#8220;Humangenetik&#8220; btn_url=&#8220;https:\/\/clinical.r-biopharm.com\/de\/diagnostik\/humangenetik\/&#8220; btn_background_color=&#8220;#ffffff&#8220; btn_text_color=&#8220;#585858&#8243; btn_hover_background_color=&#8220;#fdca00&#8243;][\/mk_imagebox_item][mk_imagebox_item item_image=&#8220;https:\/\/clinical.r-biopharm.com\/wp-content\/uploads\/2024\/04\/icons_navigation_klinik_seite_0002_mycology.png&#8220; image_padding=&#8220;false&#8220; background_color=&#8220;#ffffff&#8220; btn_text=&#8220;Mykologie&#8220; btn_url=&#8220;https:\/\/clinical.r-biopharm.com\/de\/diagnostik\/mykologie\/&#8220; btn_background_color=&#8220;#ffffff&#8220; btn_text_color=&#8220;#585858&#8243; btn_hover_background_color=&#8220;#fdca00&#8243;][\/mk_imagebox_item][\/mk_imagebox][mk_padding_divider size=&#8220;30&#8243;][mk_imagebox show_as=&#8220;column&#8220; column=&#8220;4&#8243; padding=&#8220;5&#8243; el_class=&#8220;overview-img&#8220;][mk_imagebox_item item_image=&#8220;https:\/\/clinical.r-biopharm.com\/wp-content\/uploads\/2024\/04\/icons_navigation_klinik_seite_0001_parasitology.png&#8220; image_padding=&#8220;false&#8220; background_color=&#8220;#ffffff&#8220; btn_text=&#8220;Parasitologie&#8220; btn_url=&#8220;https:\/\/clinical.r-biopharm.com\/de\/diagnostik\/parasitologie\/&#8220; btn_background_color=&#8220;#ffffff&#8220; btn_text_color=&#8220;#585858&#8243; btn_hover_background_color=&#8220;#fdca00&#8243;][\/mk_imagebox_item][mk_imagebox_item item_image=&#8220;https:\/\/clinical.r-biopharm.com\/wp-content\/uploads\/2024\/04\/icons_navigation_klinik_seite_0000_vektor-smartobjekt-1.png&#8220; image_padding=&#8220;false&#8220; background_color=&#8220;#ffffff&#8220; btn_text=&#8220;Tuberkulose&#8220; btn_url=&#8220;\/de\/diagnostik\/tuberkulose&#8220; btn_background_color=&#8220;#ffffff&#8220; btn_text_color=&#8220;#585858&#8243; btn_hover_background_color=&#8220;#fdca00&#8243;][\/mk_imagebox_item][\/mk_imagebox][mk_padding_divider][\/vc_column][\/vc_row][mk_page_section bg_color=&#8220;#f7f7f7&#8243; padding_top=&#8220;20&#8243; padding_bottom=&#8220;20&#8243; sidebar=&#8220;sidebar-1&#8243;][vc_column][vc_column_text disable_pattern=&#8220;false&#8220; align=&#8220;center&#8220;]\n<h2>Beratung zum Thema Diagnostik<\/h2>\n<p>Fragen? Unser erfahrenes Team unterst\u00fctzt Sie gern mit individuell zugeschnittenen L\u00f6sungen f\u00fcr Ihre Diagnostik.[\/vc_column_text][mk_button dimension=&#8220;flat&#8220; url=&#8220;\/de\/kontakt\/&#8220; align=&#8220;center&#8220; margin_bottom=&#8220;&#8220; bg_color=&#8220;#4d4d4d&#8220; btn_hover_bg=&#8220;#ffffff&#8220; btn_hover_txt_color=&#8220;#4d4d4d&#8220;]Kontakt[\/mk_button][\/vc_column][\/mk_page_section]\n<\/div>","protected":false},"excerpt":{"rendered":"<p>[vc_row css=&#8220;.vc_custom_1477642106202{margin-top: 30px !important;}&#8220;][vc_column][vc_column_text]Wir bieten innovative Produkte f\u00fcr zahlreiche Anwendungen im Bereich der klinischen Diagnostik. Labore und Kliniken weltweit sch\u00e4tzen unsere zuverl\u00e4ssigen und anwenderfreundlichen L\u00f6sungen f\u00fcr die Diagnostik von Infektionen, Allergien und gastroenterologischen Erkrankungen. W\u00e4hlen Sie hier den gew\u00fcnschten diagnostischen Bereich:[\/vc_column_text][\/vc_column][\/vc_row][vc_row][vc_column][mk_padding_divider][mk_imagebox show_as=&#8220;column&#8220; column=&#8220;4&#8243; padding=&#8220;5&#8243; el_class=&#8220;overview-img&#8220;][mk_imagebox_item item_image=&#8220;https:\/\/clinical.r-biopharm.com\/wp-content\/uploads\/2024\/04\/icons_navigation_klinik_seite_0007_allergology.png&#8220; image_padding=&#8220;false&#8220; background_color=&#8220;#ffffff&#8220; title_text_size=&#8220;26&#8243; btn_text=&#8220;Allergologie&#8220; btn_url=&#8220;https:\/\/clinical.r-biopharm.com\/de\/diagnostik\/allergologie\/&#8220; btn_background_color=&#8220;#ffffff&#8220; btn_text_color=&#8220;#585858&#8243; btn_hover_background_color=&#8220;#fdca00&#8243;][\/mk_imagebox_item][mk_imagebox_item item_image=&#8220;https:\/\/clinical.r-biopharm.com\/wp-content\/uploads\/2024\/04\/icons_navigation_klinik_seite_0000_virology.png&#8220; [&hellip;]<\/p>\n","protected":false},"author":1,"featured_media":0,"parent":0,"menu_order":0,"comment_status":"closed","ping_status":"closed","template":"","meta":{"_acf_changed":false,"content-type":"","_relevanssi_hide_post":"","_relevanssi_hide_content":"","_relevanssi_pin_for_all":"","_relevanssi_pin_keywords":"","_relevanssi_unpin_keywords":"","_relevanssi_related_keywords":"","_relevanssi_related_include_ids":"","_relevanssi_related_exclude_ids":"","_relevanssi_related_no_append":"","_relevanssi_related_not_related":"","_relevanssi_related_posts":"","_relevanssi_noindex_reason":"","footnotes":""},"class_list":["post-69758","page","type-page","status-publish","hentry"],"acf":[],"yoast_head":"<!-- This site is optimized with the Yoast SEO plugin v27.4 - https:\/\/yoast.com\/product\/yoast-seo-wordpress\/ -->\n<title>Diagnostik - Clinical Diagnostics<\/title>\n<meta name=\"robots\" content=\"index, follow, max-snippet:-1, max-image-preview:large, max-video-preview:-1\" \/>\n<link rel=\"canonical\" href=\"https:\/\/clinical.r-biopharm.com\/de\/diagnostik\/\" \/>\n<meta property=\"og:locale\" content=\"de_DE\" \/>\n<meta property=\"og:type\" content=\"article\" \/>\n<meta property=\"og:title\" content=\"Diagnostik - Clinical Diagnostics\" \/>\n<meta property=\"og:description\" content=\"[vc_row css=&#8220;.vc_custom_1477642106202{margin-top: 30px !important;}&#8220;][vc_column][vc_column_text]Wir bieten innovative Produkte f\u00fcr zahlreiche Anwendungen im Bereich der klinischen Diagnostik. Labore und Kliniken weltweit sch\u00e4tzen unsere zuverl\u00e4ssigen und anwenderfreundlichen L\u00f6sungen f\u00fcr die Diagnostik von Infektionen, Allergien und gastroenterologischen Erkrankungen. W\u00e4hlen Sie hier den gew\u00fcnschten diagnostischen Bereich:[\/vc_column_text][\/vc_column][\/vc_row][vc_row][vc_column][mk_padding_divider][mk_imagebox show_as=&#8220;column&#8220; column=&#8220;4&#8243; padding=&#8220;5&#8243; el_class=&#8220;overview-img&#8220;][mk_imagebox_item item_image=&#8220;https:\/\/clinical.r-biopharm.com\/wp-content\/uploads\/2024\/04\/icons_navigation_klinik_seite_0007_allergology.png&#8220; image_padding=&#8220;false&#8220; background_color=&#8220;#ffffff&#8220; title_text_size=&#8220;26&#8243; btn_text=&#8220;Allergologie&#8220; btn_url=&#8220;https:\/\/clinical.r-biopharm.com\/de\/diagnostik\/allergologie\/&#8220; btn_background_color=&#8220;#ffffff&#8220; btn_text_color=&#8220;#585858&#8243; btn_hover_background_color=&#8220;#fdca00&#8243;][\/mk_imagebox_item][mk_imagebox_item item_image=&#8220;https:\/\/clinical.r-biopharm.com\/wp-content\/uploads\/2024\/04\/icons_navigation_klinik_seite_0000_virology.png&#8220; [&hellip;]\" \/>\n<meta property=\"og:url\" content=\"https:\/\/clinical.r-biopharm.com\/de\/diagnostik\/\" \/>\n<meta property=\"og:site_name\" content=\"Clinical Diagnostics\" \/>\n<meta property=\"article:modified_time\" content=\"2025-07-07T13:36:29+00:00\" \/>\n<meta name=\"twitter:label1\" content=\"Gesch\u00e4tzte Lesezeit\" \/>\n\t<meta name=\"twitter:data1\" content=\"1\u00a0Minute\" \/>\n<script type=\"application\/ld+json\" class=\"yoast-schema-graph\">{\"@context\":\"https:\\\/\\\/schema.org\",\"@graph\":[{\"@type\":\"WebPage\",\"@id\":\"https:\\\/\\\/clinical.r-biopharm.com\\\/de\\\/diagnostik\\\/\",\"url\":\"https:\\\/\\\/clinical.r-biopharm.com\\\/de\\\/diagnostik\\\/\",\"name\":\"Diagnostik - Clinical Diagnostics\",\"isPartOf\":{\"@id\":\"https:\\\/\\\/clinical.r-biopharm.com\\\/fr\\\/#website\"},\"datePublished\":\"2015-02-23T08:52:32+00:00\",\"dateModified\":\"2025-07-07T13:36:29+00:00\",\"breadcrumb\":{\"@id\":\"https:\\\/\\\/clinical.r-biopharm.com\\\/de\\\/diagnostik\\\/#breadcrumb\"},\"inLanguage\":\"de\",\"potentialAction\":[{\"@type\":\"ReadAction\",\"target\":[\"https:\\\/\\\/clinical.r-biopharm.com\\\/de\\\/diagnostik\\\/\"]}]},{\"@type\":\"BreadcrumbList\",\"@id\":\"https:\\\/\\\/clinical.r-biopharm.com\\\/de\\\/diagnostik\\\/#breadcrumb\",\"itemListElement\":[{\"@type\":\"ListItem\",\"position\":1,\"name\":\"Home\",\"item\":\"https:\\\/\\\/clinical.r-biopharm.com\\\/de\\\/\"},{\"@type\":\"ListItem\",\"position\":2,\"name\":\"Diagnostik\"}]},{\"@type\":\"WebSite\",\"@id\":\"https:\\\/\\\/clinical.r-biopharm.com\\\/fr\\\/#website\",\"url\":\"https:\\\/\\\/clinical.r-biopharm.com\\\/fr\\\/\",\"name\":\"Clinical Diagnostics\",\"description\":\"A Division of the R-Biopharm Group\",\"potentialAction\":[{\"@type\":\"SearchAction\",\"target\":{\"@type\":\"EntryPoint\",\"urlTemplate\":\"https:\\\/\\\/clinical.r-biopharm.com\\\/fr\\\/?s={search_term_string}\"},\"query-input\":{\"@type\":\"PropertyValueSpecification\",\"valueRequired\":true,\"valueName\":\"search_term_string\"}}],\"inLanguage\":\"de\"}]}<\/script>\n<!-- \/ Yoast SEO plugin. -->","yoast_head_json":{"title":"Diagnostik - Clinical Diagnostics","robots":{"index":"index","follow":"follow","max-snippet":"max-snippet:-1","max-image-preview":"max-image-preview:large","max-video-preview":"max-video-preview:-1"},"canonical":"https:\/\/clinical.r-biopharm.com\/de\/diagnostik\/","og_locale":"de_DE","og_type":"article","og_title":"Diagnostik - Clinical Diagnostics","og_description":"[vc_row css=&#8220;.vc_custom_1477642106202{margin-top: 30px !important;}&#8220;][vc_column][vc_column_text]Wir bieten innovative Produkte f\u00fcr zahlreiche Anwendungen im Bereich der klinischen Diagnostik. Labore und Kliniken weltweit sch\u00e4tzen unsere zuverl\u00e4ssigen und anwenderfreundlichen L\u00f6sungen f\u00fcr die Diagnostik von Infektionen, Allergien und gastroenterologischen Erkrankungen. W\u00e4hlen Sie hier den gew\u00fcnschten diagnostischen Bereich:[\/vc_column_text][\/vc_column][\/vc_row][vc_row][vc_column][mk_padding_divider][mk_imagebox show_as=&#8220;column&#8220; column=&#8220;4&#8243; padding=&#8220;5&#8243; el_class=&#8220;overview-img&#8220;][mk_imagebox_item item_image=&#8220;https:\/\/clinical.r-biopharm.com\/wp-content\/uploads\/2024\/04\/icons_navigation_klinik_seite_0007_allergology.png&#8220; image_padding=&#8220;false&#8220; background_color=&#8220;#ffffff&#8220; title_text_size=&#8220;26&#8243; btn_text=&#8220;Allergologie&#8220; btn_url=&#8220;https:\/\/clinical.r-biopharm.com\/de\/diagnostik\/allergologie\/&#8220; btn_background_color=&#8220;#ffffff&#8220; btn_text_color=&#8220;#585858&#8243; btn_hover_background_color=&#8220;#fdca00&#8243;][\/mk_imagebox_item][mk_imagebox_item item_image=&#8220;https:\/\/clinical.r-biopharm.com\/wp-content\/uploads\/2024\/04\/icons_navigation_klinik_seite_0000_virology.png&#8220; [&hellip;]","og_url":"https:\/\/clinical.r-biopharm.com\/de\/diagnostik\/","og_site_name":"Clinical Diagnostics","article_modified_time":"2025-07-07T13:36:29+00:00","twitter_misc":{"Gesch\u00e4tzte Lesezeit":"1\u00a0Minute"},"schema":{"@context":"https:\/\/schema.org","@graph":[{"@type":"WebPage","@id":"https:\/\/clinical.r-biopharm.com\/de\/diagnostik\/","url":"https:\/\/clinical.r-biopharm.com\/de\/diagnostik\/","name":"Diagnostik - Clinical Diagnostics","isPartOf":{"@id":"https:\/\/clinical.r-biopharm.com\/fr\/#website"},"datePublished":"2015-02-23T08:52:32+00:00","dateModified":"2025-07-07T13:36:29+00:00","breadcrumb":{"@id":"https:\/\/clinical.r-biopharm.com\/de\/diagnostik\/#breadcrumb"},"inLanguage":"de","potentialAction":[{"@type":"ReadAction","target":["https:\/\/clinical.r-biopharm.com\/de\/diagnostik\/"]}]},{"@type":"BreadcrumbList","@id":"https:\/\/clinical.r-biopharm.com\/de\/diagnostik\/#breadcrumb","itemListElement":[{"@type":"ListItem","position":1,"name":"Home","item":"https:\/\/clinical.r-biopharm.com\/de\/"},{"@type":"ListItem","position":2,"name":"Diagnostik"}]},{"@type":"WebSite","@id":"https:\/\/clinical.r-biopharm.com\/fr\/#website","url":"https:\/\/clinical.r-biopharm.com\/fr\/","name":"Clinical Diagnostics","description":"A Division of the R-Biopharm Group","potentialAction":[{"@type":"SearchAction","target":{"@type":"EntryPoint","urlTemplate":"https:\/\/clinical.r-biopharm.com\/fr\/?s={search_term_string}"},"query-input":{"@type":"PropertyValueSpecification","valueRequired":true,"valueName":"search_term_string"}}],"inLanguage":"de"}]}},"_links":{"self":[{"href":"https:\/\/clinical.r-biopharm.com\/de\/wp-json\/wp\/v2\/pages\/69758","targetHints":{"allow":["GET"]}}],"collection":[{"href":"https:\/\/clinical.r-biopharm.com\/de\/wp-json\/wp\/v2\/pages"}],"about":[{"href":"https:\/\/clinical.r-biopharm.com\/de\/wp-json\/wp\/v2\/types\/page"}],"author":[{"embeddable":true,"href":"https:\/\/clinical.r-biopharm.com\/de\/wp-json\/wp\/v2\/users\/1"}],"replies":[{"embeddable":true,"href":"https:\/\/clinical.r-biopharm.com\/de\/wp-json\/wp\/v2\/comments?post=69758"}],"version-history":[{"count":42,"href":"https:\/\/clinical.r-biopharm.com\/de\/wp-json\/wp\/v2\/pages\/69758\/revisions"}],"predecessor-version":[{"id":181794,"href":"https:\/\/clinical.r-biopharm.com\/de\/wp-json\/wp\/v2\/pages\/69758\/revisions\/181794"}],"wp:attachment":[{"href":"https:\/\/clinical.r-biopharm.com\/de\/wp-json\/wp\/v2\/media?parent=69758"}],"curies":[{"name":"wp","href":"https:\/\/api.w.org\/{rel}","templated":true}]}}