{"id":69773,"date":"2015-10-05T11:42:07","date_gmt":"2015-10-05T09:42:07","guid":{"rendered":"http:\/\/clinical.rbiodev.de\/?page_id=69773\/"},"modified":"2024-03-07T09:52:34","modified_gmt":"2024-03-07T08:52:34","slug":"virologie","status":"publish","type":"page","link":"https:\/\/clinical.r-biopharm.com\/de\/diagnostik\/virologie\/","title":{"rendered":"Virologie"},"content":{"rendered":"<div class=\"wpb-content-wrapper\">[mk_page_section padding_top=&#8220;30&#8243; padding_bottom=&#8220;30&#8243; sidebar=&#8220;sidebar-1&#8243;][vc_column width=&#8220;2\/3&#8243;][vc_column_text]\n<div id=\"text-block-3\" class=\"mk-text-block \">\n<p><strong>Die klinische Virologie hat sich in den letzten Jahren rapide ver\u00e4ndert. Ein modernes Labor f\u00fcr klinische Virologie f\u00fchrt verschiedene Tests durch, wie Antigen-Schnelltests, Serologie oder molekulare Diagnostik, um Gesundheitseinrichtungen und Patienten den besten Service zu bieten.<\/strong><\/p>\n<p>Der effektive Einsatz dieser Diagnostikplattformen erm\u00f6glicht die rechtzeitige Erkennung und Kontrolle von Infektionskrankheiten, die durch virale Erreger verursacht werden. Wir bieten ein umfangreiches Portfolio an Parametern und Technologien f\u00fcr die klinische Virologie, mit besonderem Schwerpunkt auf Viren, die Magen-Darm-Infektionen und Infektionen der Atemwege verursachen.<\/p>\n<h3 class=\"knubbel\">Influenza\u00a0\u2013 die h\u00e4ufigste respiratorische Infektionskrankheit weltweit<\/h3>\n<p>Die Influenza, auch Grippe genannt, geh\u00f6rt zu den bedeutendsten respiratorischen Infektionskrankheiten, wobei die Subtypen A und B die j\u00e4hrlich auftretenden Grippeepidemien ausl\u00f6sen. Die Mehrzahl der Influenza A Infektionen beim Menschen wird durch die Subtypen H1N1 und H3N2 hervorgerufen. Weltweit erkranken 3 \u2013 5 Millionen Menschen j\u00e4hrlich an Influenza und ca. 250.000 \u2013 500.000 sterben an der Erkrankung.<\/p>\n<h3 class=\"knubbel\">Norovirus: Schnelle Diagnostik bei Ausbr\u00fcchen\u00a0\u2013 stets ganz vorne<\/h3>\n<p>Noroviren sind weltweit eine der Hauptursachen f\u00fcr Gastroenteritis; Sch\u00e4tzungen gehen von 23 Millionen F\u00e4llen pro Jahr in den USA aus. Sie sind h\u00e4ufig die Ursache von Ausbr\u00fcchen in kommunalen Einrichtungen, wie z.B. Pflegeheimen, Krankenh\u00e4usern, Gef\u00e4ngnissen und Kreuzfahrtschiffen. Da Norovirus-Ausbr\u00fcche h\u00e4ufiger als durch bakterielle Pathogene verursachte Ausbr\u00fcche gemeldet werden, k\u00f6nnen sie erhebliche Auswirkungen auf die \u00f6ffentliche Gesundheit haben.<\/p>\n<p>Die zuverl\u00e4ssigen Norovirus-Diagnosetests von R-Biopharm helfen klinischen Labors jeder Gr\u00f6\u00dfenordnung, Norovirus-Infektionen einfach und schnell nachzuweisen. Je nach ihren Bed\u00fcrfnissen k\u00f6nnen Labors aus unserem ELISA-, Schnelltest- oder PCR-Produktportfolio ausw\u00e4hlen.<\/p>\n<h3 class=\"knubbel\">Innovative diagnostische L\u00f6sungen f\u00fcr die Virologie<\/h3>\n<p>Unser Virologiekatalog bietet Technologien, die den diagnostischen und organisatorischen Bed\u00fcrfnissen von Laboratorien jeder Gr\u00f6\u00dfenordnung gerecht werden, u.a.:<\/p><\/div>\n[\/vc_column_text][mk_custom_list style=&#8220;mk-moon-circle-small&#8220;]\n<ul>\n<li>Echtzeit-PCR Testkits f\u00fcr verschiedene Open-Platform-Cycler<\/li>\n<li>Enzymimmunoassays, die f\u00fcr Automationsplattformen validiert sind<\/li>\n<li>Schnelltests in Form einer Kassette oder eines Teststreifens &#8211; ein einfaches, schnelles, sensitives Verfahren f\u00fcr den Nachweis von viralen Antigenen in kleinen Probens\u00e4tzen<\/li>\n<\/ul>\n[\/mk_custom_list][vc_column_text]\n<div id=\"text-block-3\" class=\"mk-text-block \">\n<p>Sie haben die Wahl zwischen verschiedenen Systemen, um auf eine Vielzahl von viralen Pathogenen zu testen, wie z.B. Influenza, Norovirus, Rotavirus, Adenovirus, Astrovirus, Enterovirus, RSV, Parainfluenza, FSME, HSV, Mumps, Masern, Parvovirus und Sapovirus.<\/p><\/div>\n[\/vc_column_text][\/vc_column][vc_column width=&#8220;1\/3&#8243;][vc_column_text margin_bottom=&#8220;20&#8243;]\n<h3 style=\"margin-bottom: 25px;\">Indikation w\u00e4hlen<\/h3>\n<div class=\"facetwp-facet facetwp-facet-indication_fselect facetwp-type-fselect\" data-name=\"indication_fselect\" data-type=\"fselect\"><\/div>[\/vc_column_text][vc_column_text margin_bottom=&#8220;20&#8243;]\n<h3 style=\"margin-bottom: 25px;\">Technologie w\u00e4hlen<\/h3>\n<div class=\"facetwp-facet facetwp-facet-technology_fselect facetwp-type-fselect\" data-name=\"technology_fselect\" data-type=\"fselect\"><\/div>[\/vc_column_text][vc_column_text margin_bottom=&#8220;40&#8243;]\n<h3 style=\"margin-bottom: 25px;\">Passende Produkte zu Ihrer Auswahl<\/h3>\n<div class=\"facetwp-template\" data-name=\"virology\"><ul class=\"product_facets\"><li>\n<a class=\"facetwp_pimg\" href=\"https:\/\/clinical.r-biopharm.com\/de\/produkte\/ridaunity-flu\/\"><img loading=\"lazy\" decoding=\"async\" width=\"100\" height=\"50\" src=\"https:\/\/clinical.r-biopharm.com\/wp-content\/uploads\/2024\/12\/un0505-rida-unity-flu_neutral_rgb_1200x600_10-2023-100x50.jpg\" class=\"recent-thumbs wp-post-image\" alt=\"\" srcset=\"https:\/\/clinical.r-biopharm.com\/wp-content\/uploads\/2024\/12\/un0505-rida-unity-flu_neutral_rgb_1200x600_10-2023-100x50.jpg 100w, https:\/\/clinical.r-biopharm.com\/wp-content\/uploads\/2024\/12\/un0505-rida-unity-flu_neutral_rgb_1200x600_10-2023-300x150.jpg 300w, https:\/\/clinical.r-biopharm.com\/wp-content\/uploads\/2024\/12\/un0505-rida-unity-flu_neutral_rgb_1200x600_10-2023-1024x512.jpg 1024w, https:\/\/clinical.r-biopharm.com\/wp-content\/uploads\/2024\/12\/un0505-rida-unity-flu_neutral_rgb_1200x600_10-2023-768x384.jpg 768w, https:\/\/clinical.r-biopharm.com\/wp-content\/uploads\/2024\/12\/un0505-rida-unity-flu_neutral_rgb_1200x600_10-2023-353x179.jpg 353w, https:\/\/clinical.r-biopharm.com\/wp-content\/uploads\/2024\/12\/un0505-rida-unity-flu_neutral_rgb_1200x600_10-2023-200x100.jpg 200w, https:\/\/clinical.r-biopharm.com\/wp-content\/uploads\/2024\/12\/un0505-rida-unity-flu_neutral_rgb_1200x600_10-2023-600x300.jpg 600w, https:\/\/clinical.r-biopharm.com\/wp-content\/uploads\/2024\/12\/un0505-rida-unity-flu_neutral_rgb_1200x600_10-2023.jpg 1200w\" sizes=\"auto, (max-width: 100px) 100vw, 100px\" itemprop=\"image\" \/><\/a>\n<div class=\"facetwp_title_container\"><a class=\"facetwp_ptitle\" href=\"https:\/\/clinical.r-biopharm.com\/de\/produkte\/ridaunity-flu\/\">RIDA\u00aeUNITY Flu<\/a><\/div>\n<\/li>\n\n<li>\n<a class=\"facetwp_pimg\" href=\"https:\/\/clinical.r-biopharm.com\/de\/produkte\/ridaunity-parainfluenza\/\"><img loading=\"lazy\" decoding=\"async\" width=\"100\" height=\"50\" src=\"https:\/\/clinical.r-biopharm.com\/wp-content\/uploads\/2023\/11\/un5805-ridaunity-parainflueza_neutral_rgb_1200x600_10-2023-100x50.jpg\" class=\"recent-thumbs wp-post-image\" alt=\"\" srcset=\"https:\/\/clinical.r-biopharm.com\/wp-content\/uploads\/2023\/11\/un5805-ridaunity-parainflueza_neutral_rgb_1200x600_10-2023-100x50.jpg 100w, https:\/\/clinical.r-biopharm.com\/wp-content\/uploads\/2023\/11\/un5805-ridaunity-parainflueza_neutral_rgb_1200x600_10-2023-300x150.jpg 300w, https:\/\/clinical.r-biopharm.com\/wp-content\/uploads\/2023\/11\/un5805-ridaunity-parainflueza_neutral_rgb_1200x600_10-2023-1024x512.jpg 1024w, https:\/\/clinical.r-biopharm.com\/wp-content\/uploads\/2023\/11\/un5805-ridaunity-parainflueza_neutral_rgb_1200x600_10-2023-768x384.jpg 768w, https:\/\/clinical.r-biopharm.com\/wp-content\/uploads\/2023\/11\/un5805-ridaunity-parainflueza_neutral_rgb_1200x600_10-2023-353x179.jpg 353w, https:\/\/clinical.r-biopharm.com\/wp-content\/uploads\/2023\/11\/un5805-ridaunity-parainflueza_neutral_rgb_1200x600_10-2023-600x300.jpg 600w, https:\/\/clinical.r-biopharm.com\/wp-content\/uploads\/2023\/11\/un5805-ridaunity-parainflueza_neutral_rgb_1200x600_10-2023.jpg 1200w\" sizes=\"auto, (max-width: 100px) 100vw, 100px\" itemprop=\"image\" \/><\/a>\n<div class=\"facetwp_title_container\"><a class=\"facetwp_ptitle\" href=\"https:\/\/clinical.r-biopharm.com\/de\/produkte\/ridaunity-parainfluenza\/\">RIDA\u00aeUNITY Parainfluenza<\/a><\/div>\n<\/li>\n\n<li>\n<a class=\"facetwp_pimg\" href=\"https:\/\/clinical.r-biopharm.com\/de\/produkte\/ridaunity-rsv-hmpv\/\"><img loading=\"lazy\" decoding=\"async\" width=\"100\" height=\"50\" src=\"https:\/\/clinical.r-biopharm.com\/wp-content\/uploads\/2023\/10\/un5905-rida-unity-rsv-hmpv_neutral_rgb_1200x600_10-2023-100x50.jpg\" class=\"recent-thumbs wp-post-image\" alt=\"\" itemprop=\"image\" \/><\/a>\n<div class=\"facetwp_title_container\"><a class=\"facetwp_ptitle\" href=\"https:\/\/clinical.r-biopharm.com\/de\/produkte\/ridaunity-rsv-hmpv\/\">RIDA\u00aeUNITY RSV &amp; hMPV<\/a><\/div>\n<\/li>\n\n<li>\n<a class=\"facetwp_pimg\" href=\"https:\/\/clinical.r-biopharm.com\/de\/produkte\/ridaunity-viral-stool-panel-ii\/\"><img loading=\"lazy\" decoding=\"async\" width=\"100\" height=\"50\" src=\"https:\/\/clinical.r-biopharm.com\/wp-content\/uploads\/2023\/01\/un1325_rida-unity-viral-stool-panel-ii_neutral_rgb_1200x600_2022-11-100x50.jpg\" class=\"recent-thumbs wp-post-image\" alt=\"\" srcset=\"https:\/\/clinical.r-biopharm.com\/wp-content\/uploads\/2023\/01\/un1325_rida-unity-viral-stool-panel-ii_neutral_rgb_1200x600_2022-11-100x50.jpg 100w, https:\/\/clinical.r-biopharm.com\/wp-content\/uploads\/2023\/01\/un1325_rida-unity-viral-stool-panel-ii_neutral_rgb_1200x600_2022-11-768x384.jpg 768w, https:\/\/clinical.r-biopharm.com\/wp-content\/uploads\/2023\/01\/un1325_rida-unity-viral-stool-panel-ii_neutral_rgb_1200x600_2022-11-353x179.jpg 353w, https:\/\/clinical.r-biopharm.com\/wp-content\/uploads\/2023\/01\/un1325_rida-unity-viral-stool-panel-ii_neutral_rgb_1200x600_2022-11-600x300.jpg 600w, https:\/\/clinical.r-biopharm.com\/wp-content\/uploads\/2023\/01\/un1325_rida-unity-viral-stool-panel-ii_neutral_rgb_1200x600_2022-11.jpg 1200w\" sizes=\"auto, (max-width: 100px) 100vw, 100px\" itemprop=\"image\" \/><\/a>\n<div class=\"facetwp_title_container\"><a class=\"facetwp_ptitle\" href=\"https:\/\/clinical.r-biopharm.com\/de\/produkte\/ridaunity-viral-stool-panel-ii\/\">RIDA\u00aeUNITY Viral Stool Panel II<\/a><\/div>\n<\/li>\n\n<li>\n<a class=\"facetwp_pimg\" href=\"https:\/\/clinical.r-biopharm.com\/de\/produkte\/ridaunity-norovirus-i-ii\/\"><img loading=\"lazy\" decoding=\"async\" width=\"100\" height=\"50\" src=\"https:\/\/clinical.r-biopharm.com\/wp-content\/uploads\/2022\/11\/un1415_rida-unity-norovirus-i-ii_neutral_rgb_1200x600_2022-11-100x50.jpg\" class=\"recent-thumbs wp-post-image\" alt=\"\" itemprop=\"image\" \/><\/a>\n<div class=\"facetwp_title_container\"><a class=\"facetwp_ptitle\" href=\"https:\/\/clinical.r-biopharm.com\/de\/produkte\/ridaunity-norovirus-i-ii\/\">RIDA\u00aeUNITY Norovirus I &amp; II<\/a><\/div>\n<\/li>\n\n<li>\n<a class=\"facetwp_pimg\" href=\"https:\/\/clinical.r-biopharm.com\/de\/produkte\/ridagene-pediatric-viral-panel\/\"><img loading=\"lazy\" decoding=\"async\" width=\"100\" height=\"50\" src=\"https:\/\/clinical.r-biopharm.com\/wp-content\/uploads\/2022\/09\/ridagene-pediatric-viral-panel_neutral_rgb_1200x600_2022-06-100x50.jpg\" class=\"recent-thumbs wp-post-image\" alt=\"\" itemprop=\"image\" \/><\/a>\n<div class=\"facetwp_title_container\"><a class=\"facetwp_ptitle\" href=\"https:\/\/clinical.r-biopharm.com\/de\/produkte\/ridagene-pediatric-viral-panel\/\">RIDA\u00aeGENE Pediatric Viral Panel<\/a><\/div>\n<\/li>\n\n<li>\n<a class=\"facetwp_pimg\" href=\"https:\/\/clinical.r-biopharm.com\/de\/produkte\/ridagene-flu-sars-cov-2\/\"><img loading=\"lazy\" decoding=\"async\" width=\"100\" height=\"50\" src=\"https:\/\/clinical.r-biopharm.com\/wp-content\/uploads\/default_gene-2017-02_rida_gene_generisch_neutral_rgb_lores_web-100x50.jpg\" class=\"recent-thumbs debug\" alt=\"\" srcset=\"https:\/\/clinical.r-biopharm.com\/wp-content\/uploads\/default_gene-2017-02_rida_gene_generisch_neutral_rgb_lores_web-100x50.jpg 100w, https:\/\/clinical.r-biopharm.com\/wp-content\/uploads\/default_gene-2017-02_rida_gene_generisch_neutral_rgb_lores_web-300x150.jpg 300w, https:\/\/clinical.r-biopharm.com\/wp-content\/uploads\/default_gene-2017-02_rida_gene_generisch_neutral_rgb_lores_web-330x165.jpg 330w, https:\/\/clinical.r-biopharm.com\/wp-content\/uploads\/default_gene-2017-02_rida_gene_generisch_neutral_rgb_lores_web.jpg 600w, https:\/\/clinical.r-biopharm.com\/wp-content\/uploads\/default_gene-2017-02_rida_gene_generisch_neutral_rgb_lores_web-414x207.jpg 414w, https:\/\/clinical.r-biopharm.com\/wp-content\/uploads\/default_gene-2017-02_rida_gene_generisch_neutral_rgb_lores_web-200x100.jpg 200w, https:\/\/clinical.r-biopharm.com\/wp-content\/uploads\/default_gene-2017-02_rida_gene_generisch_neutral_rgb_lores_web-353x179.jpg 353w\" sizes=\"auto, (max-width: 100px) 100vw, 100px\" itemprop=\"image\" \/><\/a>\n<div class=\"facetwp_title_container\"><a class=\"facetwp_ptitle\" href=\"https:\/\/clinical.r-biopharm.com\/de\/produkte\/ridagene-flu-sars-cov-2\/\">RIDA\u00aeGENE Flu &amp; SARS-CoV-2<\/a><\/div>\n<\/li>\n\n<li>\n<a class=\"facetwp_pimg\" href=\"https:\/\/clinical.r-biopharm.com\/de\/produkte\/ridagene-sars-cov-2\/\"><img loading=\"lazy\" decoding=\"async\" width=\"100\" height=\"50\" src=\"https:\/\/clinical.r-biopharm.com\/wp-content\/uploads\/2020\/06\/pg6815-ridagene-sars-cov-2-with-content_neutral_rgb_lowres_2020-05-100x50.jpg\" class=\"recent-thumbs wp-post-image\" alt=\"\" itemprop=\"image\" \/><\/a>\n<div class=\"facetwp_title_container\"><a class=\"facetwp_ptitle\" href=\"https:\/\/clinical.r-biopharm.com\/de\/produkte\/ridagene-sars-cov-2\/\">RIDA\u00aeGENE SARS-CoV-2<\/a><\/div>\n<\/li>\n\n<li>\n<a class=\"facetwp_pimg\" href=\"https:\/\/clinical.r-biopharm.com\/de\/produkte\/ridagene-viral-stool-panel-iii\/\"><img loading=\"lazy\" decoding=\"async\" width=\"100\" height=\"50\" src=\"https:\/\/clinical.r-biopharm.com\/wp-content\/uploads\/2019\/01\/2018-12_pg1335_rida-gene-viral-stool-panel-iii-mit-inhalt__rgb_lowres-100x50.jpg\" class=\"recent-thumbs wp-post-image\" alt=\"\" itemprop=\"image\" \/><\/a>\n<div class=\"facetwp_title_container\"><a class=\"facetwp_ptitle\" href=\"https:\/\/clinical.r-biopharm.com\/de\/produkte\/ridagene-viral-stool-panel-iii\/\">RIDA\u00aeGENE Viral Stool Panel III<\/a><\/div>\n<\/li>\n\n<li>\n<a class=\"facetwp_pimg\" href=\"https:\/\/clinical.r-biopharm.com\/de\/produkte\/ridaquick-rota-adeno-noro-combi\/\"><img loading=\"lazy\" decoding=\"async\" width=\"100\" height=\"50\" src=\"https:\/\/clinical.r-biopharm.com\/wp-content\/uploads\/2018\/03\/2018-03_n1903-rida-quick-rotaadernonoro-combi_rgb_lowres-1-100x50.jpg\" class=\"recent-thumbs wp-post-image\" alt=\"n1903-rida-quick-rota-adeno-noro-combi\" srcset=\"https:\/\/clinical.r-biopharm.com\/wp-content\/uploads\/2018\/03\/2018-03_n1903-rida-quick-rotaadernonoro-combi_rgb_lowres-1-100x50.jpg 100w, https:\/\/clinical.r-biopharm.com\/wp-content\/uploads\/2018\/03\/2018-03_n1903-rida-quick-rotaadernonoro-combi_rgb_lowres-1-300x147.jpg 300w, https:\/\/clinical.r-biopharm.com\/wp-content\/uploads\/2018\/03\/2018-03_n1903-rida-quick-rotaadernonoro-combi_rgb_lowres-1-353x179.jpg 353w, https:\/\/clinical.r-biopharm.com\/wp-content\/uploads\/2018\/03\/2018-03_n1903-rida-quick-rotaadernonoro-combi_rgb_lowres-1-200x100.jpg 200w, https:\/\/clinical.r-biopharm.com\/wp-content\/uploads\/2018\/03\/2018-03_n1903-rida-quick-rotaadernonoro-combi_rgb_lowres-1-600x293.jpg 600w, https:\/\/clinical.r-biopharm.com\/wp-content\/uploads\/2018\/03\/2018-03_n1903-rida-quick-rotaadernonoro-combi_rgb_lowres-1.jpg 613w\" sizes=\"auto, (max-width: 100px) 100vw, 100px\" itemprop=\"image\" \/><\/a>\n<div class=\"facetwp_title_container\"><a class=\"facetwp_ptitle\" href=\"https:\/\/clinical.r-biopharm.com\/de\/produkte\/ridaquick-rota-adeno-noro-combi\/\">RIDA\u00aeQUICK Rota\/Adeno\/Noro Combi<\/a><\/div>\n<\/li>\n\n<\/ul><\/div><div class=\"facetwp-facet facetwp-facet-load_more_pager facetwp-type-pager\" data-name=\"load_more_pager\" data-type=\"pager\"><button class=\"facetwp-load-more\" data-loading=\"Loading...\">Load more<\/button><\/div>[\/vc_column_text][\/vc_column][\/mk_page_section][mk_page_section bg_color=&#8220;#ffffff&#8220; padding_top=&#8220;0&#8243; sidebar=&#8220;sidebar-1&#8243;][vc_column css=&#8220;.vc_custom_1467042052405{margin-top: 40px !important;}&#8220;][vc_column_text margin_bottom=&#8220;20&#8243;]\n<h2 class=\"knubbel\">Das k\u00f6nnte Sie auch interessieren<\/h2>\n[\/vc_column_text][vc_row_inner css=&#8220;.vc_custom_1468404266697{margin-bottom: 40px !important;}&#8220;][vc_column_inner width=&#8220;1\/3&#8243; css=&#8220;.vc_custom_1468416557833{padding-bottom: 10px !important;padding-left: 0px !important;}&#8220;][mk_flipbox_rb taxonomy=&#8220;diagnostic&#8220; tag_diagnostics=&#8220;virologie&#8220; min_height=&#8220;200&#8243; button_bg_color=&#8220;#4d4d4d&#8220; button_bg_hover_color=&#8220;#ffffff&#8220; button_text=&#8220;Produktdetails&#8220;][\/vc_column_inner][vc_column_inner width=&#8220;1\/3&#8243; css=&#8220;.vc_custom_1468416552613{padding-right: 7.5px !important;padding-bottom: 10px !important;padding-left: 7.5px !important;}&#8220;][mk_flipbox_rb taxonomy=&#8220;diagnostic&#8220; tag_diagnostics=&#8220;virologie&#8220; offset=&#8220;1&#8243; min_height=&#8220;200&#8243; button_bg_color=&#8220;#4d4d4d&#8220; button_bg_hover_color=&#8220;#ffffff&#8220; button_text=&#8220;Produktdetails&#8220;][\/vc_column_inner][vc_column_inner width=&#8220;1\/3&#8243; css=&#8220;.vc_custom_1468416547451{padding-right: 0px !important;padding-bottom: 10px !important;}&#8220;][mk_flipbox_rb taxonomy=&#8220;diagnostic&#8220; tag_diagnostics=&#8220;virologie&#8220; offset=&#8220;2&#8243; min_height=&#8220;200&#8243; button_bg_color=&#8220;#4d4d4d&#8220; button_bg_hover_color=&#8220;#ffffff&#8220; button_text=&#8220;Produktdetails&#8220;][\/vc_column_inner][\/vc_row_inner][\/vc_column][\/mk_page_section][mk_page_section bg_color=&#8220;#f7f7f7&#8243; padding_top=&#8220;20&#8243; padding_bottom=&#8220;20&#8243; sidebar=&#8220;sidebar-1&#8243;][vc_column css=&#8220;.vc_custom_1468415774645{padding-top: 0px !important;padding-bottom: 0px !important;}&#8220;][vc_column_text disable_pattern=&#8220;false&#8220; align=&#8220;center&#8220;]\n<h2>Beratung zum Thema Virologie<\/h2>\n<p>Fragen? Unser erfahrenes Team unterst\u00fctzt Sie gern mit individuell zugeschnittenen L\u00f6sungen f\u00fcr Ihre Diagnostik.[\/vc_column_text][mk_button dimension=&#8220;flat&#8220; url=&#8220;\/de\/kontakt\/&#8220; align=&#8220;center&#8220; margin_bottom=&#8220;&#8220; bg_color=&#8220;#4d4d4d&#8220; btn_hover_bg=&#8220;#ffffff&#8220; btn_hover_txt_color=&#8220;#4d4d4d&#8220;]Kontakt[\/mk_button][\/vc_column][\/mk_page_section]\n<\/div>","protected":false},"excerpt":{"rendered":"<p>[mk_page_section padding_top=&#8220;30&#8243; padding_bottom=&#8220;30&#8243; sidebar=&#8220;sidebar-1&#8243;][vc_column width=&#8220;2\/3&#8243;][vc_column_text] Die klinische Virologie hat sich in den letzten Jahren rapide ver\u00e4ndert. Ein modernes Labor f\u00fcr klinische Virologie f\u00fchrt verschiedene Tests durch, wie Antigen-Schnelltests, Serologie oder molekulare Diagnostik, um Gesundheitseinrichtungen und Patienten den besten Service zu bieten. Der effektive Einsatz dieser Diagnostikplattformen erm\u00f6glicht die rechtzeitige Erkennung und Kontrolle von Infektionskrankheiten, die [&hellip;]<\/p>\n","protected":false},"author":1,"featured_media":0,"parent":69758,"menu_order":0,"comment_status":"closed","ping_status":"closed","template":"","meta":{"_acf_changed":false,"content-type":"","_relevanssi_hide_post":"","_relevanssi_hide_content":"","_relevanssi_pin_for_all":"","_relevanssi_pin_keywords":"","_relevanssi_unpin_keywords":"","_relevanssi_related_keywords":"","_relevanssi_related_include_ids":"","_relevanssi_related_exclude_ids":"","_relevanssi_related_no_append":"","_relevanssi_related_not_related":"","_relevanssi_related_posts":"","_relevanssi_noindex_reason":"","footnotes":""},"class_list":["post-69773","page","type-page","status-publish","hentry"],"acf":[],"yoast_head":"<!-- This site is optimized with the Yoast SEO plugin v26.7 - https:\/\/yoast.com\/wordpress\/plugins\/seo\/ -->\n<title>Virologie - Clinical Diagnostics<\/title>\n<meta name=\"robots\" content=\"index, follow, max-snippet:-1, max-image-preview:large, max-video-preview:-1\" \/>\n<link rel=\"canonical\" href=\"https:\/\/clinical.r-biopharm.com\/de\/diagnostik\/virologie\/\" \/>\n<meta property=\"og:locale\" content=\"de_DE\" \/>\n<meta property=\"og:type\" content=\"article\" \/>\n<meta property=\"og:title\" content=\"Virologie - Clinical Diagnostics\" \/>\n<meta property=\"og:description\" content=\"[mk_page_section padding_top=&#8220;30&#8243; padding_bottom=&#8220;30&#8243; sidebar=&#8220;sidebar-1&#8243;][vc_column width=&#8220;2\/3&#8243;][vc_column_text] Die klinische Virologie hat sich in den letzten Jahren rapide ver\u00e4ndert. Ein modernes Labor f\u00fcr klinische Virologie f\u00fchrt verschiedene Tests durch, wie Antigen-Schnelltests, Serologie oder molekulare Diagnostik, um Gesundheitseinrichtungen und Patienten den besten Service zu bieten. Der effektive Einsatz dieser Diagnostikplattformen erm\u00f6glicht die rechtzeitige Erkennung und Kontrolle von Infektionskrankheiten, die [&hellip;]\" \/>\n<meta property=\"og:url\" content=\"https:\/\/clinical.r-biopharm.com\/de\/diagnostik\/virologie\/\" \/>\n<meta property=\"og:site_name\" content=\"Clinical Diagnostics\" \/>\n<meta property=\"article:modified_time\" content=\"2024-03-07T08:52:34+00:00\" \/>\n<meta name=\"twitter:label1\" content=\"Gesch\u00e4tzte Lesezeit\" \/>\n\t<meta name=\"twitter:data1\" content=\"3\u00a0Minuten\" \/>\n<script type=\"application\/ld+json\" class=\"yoast-schema-graph\">{\"@context\":\"https:\/\/schema.org\",\"@graph\":[{\"@type\":\"WebPage\",\"@id\":\"https:\/\/clinical.r-biopharm.com\/de\/diagnostik\/virologie\/\",\"url\":\"https:\/\/clinical.r-biopharm.com\/de\/diagnostik\/virologie\/\",\"name\":\"Virologie - Clinical Diagnostics\",\"isPartOf\":{\"@id\":\"https:\/\/clinical.r-biopharm.com\/fr\/#website\"},\"datePublished\":\"2015-10-05T09:42:07+00:00\",\"dateModified\":\"2024-03-07T08:52:34+00:00\",\"breadcrumb\":{\"@id\":\"https:\/\/clinical.r-biopharm.com\/de\/diagnostik\/virologie\/#breadcrumb\"},\"inLanguage\":\"de\",\"potentialAction\":[{\"@type\":\"ReadAction\",\"target\":[\"https:\/\/clinical.r-biopharm.com\/de\/diagnostik\/virologie\/\"]}]},{\"@type\":\"BreadcrumbList\",\"@id\":\"https:\/\/clinical.r-biopharm.com\/de\/diagnostik\/virologie\/#breadcrumb\",\"itemListElement\":[{\"@type\":\"ListItem\",\"position\":1,\"name\":\"Home\",\"item\":\"https:\/\/clinical.r-biopharm.com\/de\/\"},{\"@type\":\"ListItem\",\"position\":2,\"name\":\"Diagnostik\",\"item\":\"https:\/\/clinical.r-biopharm.com\/de\/diagnostik\/\"},{\"@type\":\"ListItem\",\"position\":3,\"name\":\"Virologie\"}]},{\"@type\":\"WebSite\",\"@id\":\"https:\/\/clinical.r-biopharm.com\/fr\/#website\",\"url\":\"https:\/\/clinical.r-biopharm.com\/fr\/\",\"name\":\"Clinical Diagnostics\",\"description\":\"A Division of the R-Biopharm Group\",\"potentialAction\":[{\"@type\":\"SearchAction\",\"target\":{\"@type\":\"EntryPoint\",\"urlTemplate\":\"https:\/\/clinical.r-biopharm.com\/fr\/?s={search_term_string}\"},\"query-input\":{\"@type\":\"PropertyValueSpecification\",\"valueRequired\":true,\"valueName\":\"search_term_string\"}}],\"inLanguage\":\"de\"}]}<\/script>\n<!-- \/ Yoast SEO plugin. -->","yoast_head_json":{"title":"Virologie - Clinical Diagnostics","robots":{"index":"index","follow":"follow","max-snippet":"max-snippet:-1","max-image-preview":"max-image-preview:large","max-video-preview":"max-video-preview:-1"},"canonical":"https:\/\/clinical.r-biopharm.com\/de\/diagnostik\/virologie\/","og_locale":"de_DE","og_type":"article","og_title":"Virologie - Clinical Diagnostics","og_description":"[mk_page_section padding_top=&#8220;30&#8243; padding_bottom=&#8220;30&#8243; sidebar=&#8220;sidebar-1&#8243;][vc_column width=&#8220;2\/3&#8243;][vc_column_text] Die klinische Virologie hat sich in den letzten Jahren rapide ver\u00e4ndert. Ein modernes Labor f\u00fcr klinische Virologie f\u00fchrt verschiedene Tests durch, wie Antigen-Schnelltests, Serologie oder molekulare Diagnostik, um Gesundheitseinrichtungen und Patienten den besten Service zu bieten. Der effektive Einsatz dieser Diagnostikplattformen erm\u00f6glicht die rechtzeitige Erkennung und Kontrolle von Infektionskrankheiten, die [&hellip;]","og_url":"https:\/\/clinical.r-biopharm.com\/de\/diagnostik\/virologie\/","og_site_name":"Clinical Diagnostics","article_modified_time":"2024-03-07T08:52:34+00:00","twitter_misc":{"Gesch\u00e4tzte Lesezeit":"3\u00a0Minuten"},"schema":{"@context":"https:\/\/schema.org","@graph":[{"@type":"WebPage","@id":"https:\/\/clinical.r-biopharm.com\/de\/diagnostik\/virologie\/","url":"https:\/\/clinical.r-biopharm.com\/de\/diagnostik\/virologie\/","name":"Virologie - Clinical Diagnostics","isPartOf":{"@id":"https:\/\/clinical.r-biopharm.com\/fr\/#website"},"datePublished":"2015-10-05T09:42:07+00:00","dateModified":"2024-03-07T08:52:34+00:00","breadcrumb":{"@id":"https:\/\/clinical.r-biopharm.com\/de\/diagnostik\/virologie\/#breadcrumb"},"inLanguage":"de","potentialAction":[{"@type":"ReadAction","target":["https:\/\/clinical.r-biopharm.com\/de\/diagnostik\/virologie\/"]}]},{"@type":"BreadcrumbList","@id":"https:\/\/clinical.r-biopharm.com\/de\/diagnostik\/virologie\/#breadcrumb","itemListElement":[{"@type":"ListItem","position":1,"name":"Home","item":"https:\/\/clinical.r-biopharm.com\/de\/"},{"@type":"ListItem","position":2,"name":"Diagnostik","item":"https:\/\/clinical.r-biopharm.com\/de\/diagnostik\/"},{"@type":"ListItem","position":3,"name":"Virologie"}]},{"@type":"WebSite","@id":"https:\/\/clinical.r-biopharm.com\/fr\/#website","url":"https:\/\/clinical.r-biopharm.com\/fr\/","name":"Clinical Diagnostics","description":"A Division of the R-Biopharm Group","potentialAction":[{"@type":"SearchAction","target":{"@type":"EntryPoint","urlTemplate":"https:\/\/clinical.r-biopharm.com\/fr\/?s={search_term_string}"},"query-input":{"@type":"PropertyValueSpecification","valueRequired":true,"valueName":"search_term_string"}}],"inLanguage":"de"}]}},"_links":{"self":[{"href":"https:\/\/clinical.r-biopharm.com\/de\/wp-json\/wp\/v2\/pages\/69773","targetHints":{"allow":["GET"]}}],"collection":[{"href":"https:\/\/clinical.r-biopharm.com\/de\/wp-json\/wp\/v2\/pages"}],"about":[{"href":"https:\/\/clinical.r-biopharm.com\/de\/wp-json\/wp\/v2\/types\/page"}],"author":[{"embeddable":true,"href":"https:\/\/clinical.r-biopharm.com\/de\/wp-json\/wp\/v2\/users\/1"}],"replies":[{"embeddable":true,"href":"https:\/\/clinical.r-biopharm.com\/de\/wp-json\/wp\/v2\/comments?post=69773"}],"version-history":[{"count":13,"href":"https:\/\/clinical.r-biopharm.com\/de\/wp-json\/wp\/v2\/pages\/69773\/revisions"}],"predecessor-version":[{"id":174381,"href":"https:\/\/clinical.r-biopharm.com\/de\/wp-json\/wp\/v2\/pages\/69773\/revisions\/174381"}],"up":[{"embeddable":true,"href":"https:\/\/clinical.r-biopharm.com\/de\/wp-json\/wp\/v2\/pages\/69758"}],"wp:attachment":[{"href":"https:\/\/clinical.r-biopharm.com\/de\/wp-json\/wp\/v2\/media?parent=69773"}],"curies":[{"name":"wp","href":"https:\/\/api.w.org\/{rel}","templated":true}]}}