{"id":73565,"date":"2015-10-05T11:44:13","date_gmt":"2015-10-05T09:44:13","guid":{"rendered":"http:\/\/clinical.rbiodev.de\/?page_id=73565\/"},"modified":"2024-03-07T09:53:44","modified_gmt":"2024-03-07T08:53:44","slug":"nosokomiale-infektionen","status":"publish","type":"page","link":"https:\/\/clinical.r-biopharm.com\/de\/indikation\/nosokomiale-infektionen\/","title":{"rendered":"Nosokomiale Infektionen"},"content":{"rendered":"<div class=\"wpb-content-wrapper\">[mk_page_section padding_top=&#8220;30&#8243; padding_bottom=&#8220;30&#8243; sidebar=&#8220;sidebar-1&#8243;][vc_column width=&#8220;2\/3&#8243;][vc_column_text]<strong>Krankenhausinfektionen, auch bekannt als nosokomiale Infektionen, beschreiben Infektionen, die w\u00e4hrend des Krankenhausaufenthalts oder w\u00e4hrend der Behandlung in einem Krankenhaus oder anderen klinischen Einstellungen auftreten.<\/strong><\/p>\n<p>Infektionen k\u00f6nnen z.B. durch medizinisches Personal, kontaminierte Ger\u00e4te, Bettw\u00e4sche oder Tr\u00f6pfchen verbreitet werden. Krankenhausinfektionen werden weiter unterteilt in:[\/vc_column_text][mk_custom_list style=&#8220;mk-moon-circle-small&#8220;]\n<ul>\n<li>Exogene Infektionen beziehen sich auf Infektionen aufgrund eines Pathogens in der Umgebung des Patienten<\/li>\n<li>Endogene Infektionen k\u00f6nnen in prim\u00e4re und sekund\u00e4re Infektionen gruppiert werden. Prim\u00e4re endogene Infektionen werden durch Pathogene aus der Flora des Patienten verursacht. Wenn das Pathogen in die Flora des Patienten gelangt ist und im Verlauf einer Behandlung eine Infektion verursacht hat, wird diese als sekund\u00e4re endogene Infektion bezeichnet.<\/li>\n<\/ul>\n[\/mk_custom_list][vc_column_text]Die h\u00e4ufigsten Arten von Krankenhausinfektionen sind Harnwegsinfektionen, Sepsis durch Venenkatheter, Pneumonie und Infektionen nach einer Operation. Bei gastrointestinalen Krankenhausinfektionen ist <em>Clostridium difficile<\/em> der h\u00e4ufigste Krankheitserreger. Es ist bekannt, dass alle Arten von Mikroorganismen, wie Bakterien und Pilze, Krankenhausinfektionen verursachen, die auch schwer zu behandeln sind, insbesondere im Fall von antibiotikaresistenten St\u00e4mmen wie Methicillin-resistenter <em>Staphylococcus aureus<\/em> (MRSA).<\/p>\n<p>Laut den Centers of Disease Control and Prevention (CDC)) steckt sich t\u00e4glich ca. einer von 25 Krankenhauspatienten mit mindestens einer Krankenhausinfektion an. Laut einer Umfrage zur Pr\u00e4valenz von Krankenhausinfektionen, wurden f\u00fcr 2011 ca. 722.000 nosokomiale Infektionen in Akutkrankenh\u00e4usern in den USA gesch\u00e4tzt. Dar\u00fcber hinaus starben 75.000 Patienten mit nosokomialen Infektionen w\u00e4hrend des Krankenhausaufenthaltes. Man sch\u00e4tzt, dass in Europa zwei Drittel von 25.000 Todesf\u00e4llen pro Jahr durch Infektionen mit gram-negativen Bakterien verursacht werden.<\/p>\n<p>Die Hauptgr\u00fcnde f\u00fcr die Entstehung von Krankenhausinfektionen sind Alter und Gesundheitszustand der Patienten, Kenntnisse des medizinischen Personals \u00fcber hygienische Verfahren und Vorbeugung von Infektionen sowie Organisation von Krankenh\u00e4usern. Hygieneprotokolle umfassen z.B. Ger\u00e4testerilisation, gr\u00fcndliches H\u00e4ndewaschen, alkoholische Desinfektion vor und nach jedem Patientenkontakt sowie ein sorgf\u00e4ltigerer Einsatz von Antibiotika. Studien haben gezeigt, dass Krankenhausinfektionsraten einiger Infektionen um mehr als 70 % gesenkt werden k\u00f6nnen, wenn sich das medizinische Personal der Infektionsprobleme bewusst ist und wenn Hygieneprotokolle eingehalten werden.[\/vc_column_text][\/vc_column][vc_column width=&#8220;1\/3&#8243;][vc_column_text margin_bottom=&#8220;20&#8243;]\n<h3 style=\"margin-bottom: 25px;\">Technologie w\u00e4hlen<\/h3>\n<div class=\"facetwp-facet facetwp-facet-technology_fselect facetwp-type-fselect\" data-name=\"technology_fselect\" data-type=\"fselect\"><\/div>[\/vc_column_text][vc_column_text margin_bottom=&#8220;20&#8243;]\n<h3 style=\"margin-bottom: 25px;\">Diagnostischen Bereich w\u00e4hlen<\/h3>\n<div class=\"facetwp-facet facetwp-facet-diagnostics_fselect facetwp-type-fselect\" data-name=\"diagnostics_fselect\" data-type=\"fselect\"><\/div>[\/vc_column_text][vc_column_text margin_bottom=&#8220;40&#8243;]\n<h3 style=\"margin-bottom: 25px;\">Passende Produkte zu Ihrer Auswahl<\/h3>\n<div class=\"facetwp-template\" data-name=\"hospital_acquired_infections\"><ul class=\"product_facets\"><li>\n<a class=\"facetwp_pimg\" href=\"https:\/\/clinical.r-biopharm.com\/de\/produkte\/ridaunity-c-difficile\/\"><img loading=\"lazy\" decoding=\"async\" width=\"100\" height=\"50\" src=\"https:\/\/clinical.r-biopharm.com\/wp-content\/uploads\/2023\/02\/un0835_rida-unity-c-difficile_neutral_rgb_lowres_2025-08-100x50.jpg\" class=\"recent-thumbs wp-post-image\" alt=\"\" itemprop=\"image\" \/><\/a>\n<div class=\"facetwp_title_container\"><a class=\"facetwp_ptitle\" href=\"https:\/\/clinical.r-biopharm.com\/de\/produkte\/ridaunity-c-difficile\/\">RIDA\u00aeUNITY C. difficile<\/a><\/div>\n<\/li>\n\n<li>\n<a class=\"facetwp_pimg\" href=\"https:\/\/clinical.r-biopharm.com\/de\/produkte\/ridaprime-helicobacter-pylori-bdm\/\"><img loading=\"lazy\" decoding=\"async\" width=\"100\" height=\"50\" src=\"https:\/\/clinical.r-biopharm.com\/wp-content\/uploads\/2025\/06\/pm2305_rida-prime-h-pylori-bdm_neutral_rgb_1200x600_02-2025-100x50.jpg\" class=\"recent-thumbs wp-post-image\" alt=\"\" itemprop=\"image\" \/><\/a>\n<div class=\"facetwp_title_container\"><a class=\"facetwp_ptitle\" href=\"https:\/\/clinical.r-biopharm.com\/de\/produkte\/ridaprime-helicobacter-pylori-bdm\/\">RIDA\u00aePrime Helicobacter pylori BDM<\/a><\/div>\n<\/li>\n\n<li>\n<a class=\"facetwp_pimg\" href=\"https:\/\/clinical.r-biopharm.com\/de\/produkte\/ridaunity-norovirus-i-ii\/\"><img loading=\"lazy\" decoding=\"async\" width=\"100\" height=\"50\" src=\"https:\/\/clinical.r-biopharm.com\/wp-content\/uploads\/2022\/11\/un1415_rida-unity-norovirus-i-ii_neutral_rgb_1200x600_2022-11-100x50.jpg\" class=\"recent-thumbs wp-post-image\" alt=\"\" itemprop=\"image\" \/><\/a>\n<div class=\"facetwp_title_container\"><a class=\"facetwp_ptitle\" href=\"https:\/\/clinical.r-biopharm.com\/de\/produkte\/ridaunity-norovirus-i-ii\/\">RIDA\u00aeUNITY Norovirus I &amp; II<\/a><\/div>\n<\/li>\n\n<li>\n<a class=\"facetwp_pimg\" href=\"https:\/\/clinical.r-biopharm.com\/de\/produkte\/ridaquick-clostridium-difficile-gdh-2\/\"><img loading=\"lazy\" decoding=\"async\" width=\"100\" height=\"50\" src=\"https:\/\/clinical.r-biopharm.com\/wp-content\/uploads\/2013\/05\/2013-03-ridaquick-c-difficile-gdh_600-x-300-100x50.jpg\" class=\"recent-thumbs wp-post-image\" alt=\"ridaquick-clostridium-difficile-gdh\" itemprop=\"image\" \/><\/a>\n<div class=\"facetwp_title_container\"><a class=\"facetwp_ptitle\" href=\"https:\/\/clinical.r-biopharm.com\/de\/produkte\/ridaquick-clostridium-difficile-gdh-2\/\">RIDA\u00aeQUICK Clostridium difficile GDH<\/a><\/div>\n<\/li>\n\n<li>\n<a class=\"facetwp_pimg\" href=\"https:\/\/clinical.r-biopharm.com\/de\/produkte\/ridagene-clostridium-difficile-2\/\"><img loading=\"lazy\" decoding=\"async\" width=\"100\" height=\"50\" src=\"https:\/\/clinical.r-biopharm.com\/wp-content\/uploads\/2013\/04\/2014-10_pg0845_rg-clostridium-difficile-lc2_rgb_600-x-300-100x50.jpg\" class=\"recent-thumbs wp-post-image\" alt=\"pg0845_ridagene-clostridium-difficile-lc2\" srcset=\"https:\/\/clinical.r-biopharm.com\/wp-content\/uploads\/2013\/04\/2014-10_pg0845_rg-clostridium-difficile-lc2_rgb_600-x-300-100x50.jpg 100w, https:\/\/clinical.r-biopharm.com\/wp-content\/uploads\/2013\/04\/2014-10_pg0845_rg-clostridium-difficile-lc2_rgb_600-x-300-300x150.jpg 300w, https:\/\/clinical.r-biopharm.com\/wp-content\/uploads\/2013\/04\/2014-10_pg0845_rg-clostridium-difficile-lc2_rgb_600-x-300.jpg 600w\" sizes=\"auto, (max-width: 100px) 100vw, 100px\" itemprop=\"image\" \/><\/a>\n<div class=\"facetwp_title_container\"><a class=\"facetwp_ptitle\" href=\"https:\/\/clinical.r-biopharm.com\/de\/produkte\/ridagene-clostridium-difficile-2\/\">RIDA\u00aeGENE Clostridium difficile <\/a><\/div>\n<\/li>\n\n<li>\n<a class=\"facetwp_pimg\" href=\"https:\/\/clinical.r-biopharm.com\/de\/produkte\/ridagene-norovirus-2\/\"><img loading=\"lazy\" decoding=\"async\" width=\"100\" height=\"50\" src=\"https:\/\/clinical.r-biopharm.com\/wp-content\/uploads\/2013\/02\/pg1405-rida-gene-norovirus-with-content_laboratory_rgb_lowres_2020-01-100x50.jpg\" class=\"recent-thumbs wp-post-image\" alt=\"\" itemprop=\"image\" \/><\/a>\n<div class=\"facetwp_title_container\"><a class=\"facetwp_ptitle\" href=\"https:\/\/clinical.r-biopharm.com\/de\/produkte\/ridagene-norovirus-2\/\">RIDA\u00aeGENE Norovirus<\/a><\/div>\n<\/li>\n\n<li>\n<a class=\"facetwp_pimg\" href=\"https:\/\/clinical.r-biopharm.com\/de\/produkte\/ridaquick-norovirus-3\/\"><img loading=\"lazy\" decoding=\"async\" width=\"100\" height=\"50\" src=\"https:\/\/clinical.r-biopharm.com\/wp-content\/uploads\/2017\/02\/2012-10-_N1402_RIDA-QUICK-Norovirus-Kit_RGB_LoRes-100x50.jpg\" class=\"recent-thumbs wp-post-image\" alt=\"\" srcset=\"https:\/\/clinical.r-biopharm.com\/wp-content\/uploads\/2017\/02\/2012-10-_N1402_RIDA-QUICK-Norovirus-Kit_RGB_LoRes-100x50.jpg 100w, https:\/\/clinical.r-biopharm.com\/wp-content\/uploads\/2017\/02\/2012-10-_N1402_RIDA-QUICK-Norovirus-Kit_RGB_LoRes-768x384.jpg 768w, https:\/\/clinical.r-biopharm.com\/wp-content\/uploads\/2017\/02\/2012-10-_N1402_RIDA-QUICK-Norovirus-Kit_RGB_LoRes-1200x600.jpg 1200w, https:\/\/clinical.r-biopharm.com\/wp-content\/uploads\/2017\/02\/2012-10-_N1402_RIDA-QUICK-Norovirus-Kit_RGB_LoRes-736x368.jpg 736w, https:\/\/clinical.r-biopharm.com\/wp-content\/uploads\/2017\/02\/2012-10-_N1402_RIDA-QUICK-Norovirus-Kit_RGB_LoRes-200x100.jpg 200w, https:\/\/clinical.r-biopharm.com\/wp-content\/uploads\/2017\/02\/2012-10-_N1402_RIDA-QUICK-Norovirus-Kit_RGB_LoRes-353x179.jpg 353w, https:\/\/clinical.r-biopharm.com\/wp-content\/uploads\/2017\/02\/2012-10-_N1402_RIDA-QUICK-Norovirus-Kit_RGB_LoRes.jpg 600w\" sizes=\"auto, (max-width: 100px) 100vw, 100px\" itemprop=\"image\" \/><\/a>\n<div class=\"facetwp_title_container\"><a class=\"facetwp_ptitle\" href=\"https:\/\/clinical.r-biopharm.com\/de\/produkte\/ridaquick-norovirus-3\/\">RIDA\u00aeQUICK Norovirus<\/a><\/div>\n<\/li>\n\n<li>\n<a class=\"facetwp_pimg\" href=\"https:\/\/clinical.r-biopharm.com\/de\/produkte\/ridascreenclostridium-difficile-gdh\/\"><img loading=\"lazy\" decoding=\"async\" width=\"100\" height=\"50\" src=\"https:\/\/clinical.r-biopharm.com\/wp-content\/uploads\/2016\/08\/2014-09_ridascreen-cryptosporidium-giardia-combi-m1-lowres-100x50.jpg\" class=\"recent-thumbs wp-post-image\" alt=\"ridascreen-cryptosporidium-giardia-combi-easy-kit\" srcset=\"https:\/\/clinical.r-biopharm.com\/wp-content\/uploads\/2016\/08\/2014-09_ridascreen-cryptosporidium-giardia-combi-m1-lowres-100x50.jpg 100w, https:\/\/clinical.r-biopharm.com\/wp-content\/uploads\/2016\/08\/2014-09_ridascreen-cryptosporidium-giardia-combi-m1-lowres-200x100.jpg 200w, https:\/\/clinical.r-biopharm.com\/wp-content\/uploads\/2016\/08\/2014-09_ridascreen-cryptosporidium-giardia-combi-m1-lowres-353x179.jpg 353w\" sizes=\"auto, (max-width: 100px) 100vw, 100px\" itemprop=\"image\" \/><\/a>\n<div class=\"facetwp_title_container\"><a class=\"facetwp_ptitle\" href=\"https:\/\/clinical.r-biopharm.com\/de\/produkte\/ridascreenclostridium-difficile-gdh\/\">RIDASCREEN\u00ae Clostridium difficile GDH<\/a><\/div>\n<\/li>\n\n<li>\n<a class=\"facetwp_pimg\" href=\"https:\/\/clinical.r-biopharm.com\/de\/produkte\/ridagene-norovirus-i-ii\/\"><img loading=\"lazy\" decoding=\"async\" width=\"100\" height=\"50\" src=\"https:\/\/clinical.r-biopharm.com\/wp-content\/uploads\/2012\/06\/pg1415-rida-gene-norovirus-iii-with-content_laboratory_rgb_lowres_2020-01-100x50.jpg\" class=\"recent-thumbs wp-post-image\" alt=\"\" itemprop=\"image\" \/><\/a>\n<div class=\"facetwp_title_container\"><a class=\"facetwp_ptitle\" href=\"https:\/\/clinical.r-biopharm.com\/de\/produkte\/ridagene-norovirus-i-ii\/\">RIDA\u00aeGENE Norovirus I &amp; II<\/a><\/div>\n<\/li>\n\n<li>\n<a class=\"facetwp_pimg\" href=\"https:\/\/clinical.r-biopharm.com\/de\/produkte\/ridagene-mrsa\/\"><img loading=\"lazy\" decoding=\"async\" width=\"100\" height=\"50\" src=\"https:\/\/clinical.r-biopharm.com\/wp-content\/uploads\/2012\/06\/pg0605-ridagene-mrsa-with-content_laboratory_rgb_lowres_2020-03-100x50.jpg\" class=\"recent-thumbs wp-post-image\" alt=\"\" itemprop=\"image\" \/><\/a>\n<div class=\"facetwp_title_container\"><a class=\"facetwp_ptitle\" href=\"https:\/\/clinical.r-biopharm.com\/de\/produkte\/ridagene-mrsa\/\">RIDA\u00aeGENE MRSA<\/a><\/div>\n<\/li>\n\n<\/ul><\/div><div class=\"facetwp-facet facetwp-facet-load_more_pager facetwp-type-pager\" data-name=\"load_more_pager\" data-type=\"pager\"><button class=\"facetwp-load-more\" data-loading=\"Loading...\">Load more<\/button><\/div>[\/vc_column_text][\/vc_column][\/mk_page_section][mk_page_section bg_color=&#8220;#ffffff&#8220; padding_top=&#8220;0&#8243; sidebar=&#8220;sidebar-1&#8243;][vc_column css=&#8220;.vc_custom_1467042052405{margin-top: 40px !important;}&#8220;][vc_column_text margin_bottom=&#8220;20&#8243;]\n<h2 class=\"knubbel\">Das k\u00f6nnte Sie auch interessieren<\/h2>\n[\/vc_column_text][vc_row_inner css=&#8220;.vc_custom_1468404266697{margin-bottom: 40px !important;}&#8220;][vc_column_inner width=&#8220;1\/3&#8243; css=&#8220;.vc_custom_1468416557833{padding-bottom: 10px !important;padding-left: 0px !important;}&#8220;][mk_flipbox_rb taxonomy=&#8220;indication&#8220; tag_indication=&#8220;nosokomiale-infektionen&#8220; min_height=&#8220;200&#8243; button_bg_color=&#8220;#4d4d4d&#8220; button_bg_hover_color=&#8220;#ffffff&#8220; button_text=&#8220;Produktdetails&#8220;][\/vc_column_inner][vc_column_inner width=&#8220;1\/3&#8243; css=&#8220;.vc_custom_1468416552613{padding-right: 7.5px !important;padding-bottom: 10px !important;padding-left: 7.5px !important;}&#8220;][mk_flipbox_rb taxonomy=&#8220;indication&#8220; tag_indication=&#8220;nosokomiale-infektionen&#8220; offset=&#8220;1&#8243; min_height=&#8220;200&#8243; button_bg_color=&#8220;#4d4d4d&#8220; button_bg_hover_color=&#8220;#ffffff&#8220; button_text=&#8220;Produktdetails&#8220;][\/vc_column_inner][vc_column_inner width=&#8220;1\/3&#8243; css=&#8220;.vc_custom_1468416547451{padding-right: 0px !important;padding-bottom: 10px !important;}&#8220;][mk_flipbox_rb taxonomy=&#8220;indication&#8220; tag_indication=&#8220;nosokomiale-infektionen&#8220; offset=&#8220;2&#8243; min_height=&#8220;200&#8243; button_bg_color=&#8220;#4d4d4d&#8220; button_bg_hover_color=&#8220;#ffffff&#8220; button_text=&#8220;Produktdetails&#8220;][\/vc_column_inner][\/vc_row_inner][\/vc_column][\/mk_page_section][mk_page_section bg_color=&#8220;#f7f7f7&#8243; padding_top=&#8220;20&#8243; padding_bottom=&#8220;20&#8243; sidebar=&#8220;sidebar-1&#8243;][vc_column css=&#8220;.vc_custom_1468415774645{padding-top: 0px !important;padding-bottom: 0px !important;}&#8220;][vc_column_text disable_pattern=&#8220;false&#8220; align=&#8220;center&#8220;]\n<h2>Beratung zum Thema Krankenhausinfektionen<\/h2>\n<p>Fragen? Unser erfahrenes Team unterst\u00fctzt Sie gern mit individuell zugeschnittenen L\u00f6sungen f\u00fcr Ihre Diagnostik.[\/vc_column_text][mk_button dimension=&#8220;flat&#8220; url=&#8220;\/de\/kontakt\/&#8220; align=&#8220;center&#8220; margin_bottom=&#8220;&#8220; bg_color=&#8220;#4d4d4d&#8220; btn_hover_bg=&#8220;#ffffff&#8220; btn_hover_txt_color=&#8220;#4d4d4d&#8220;]Kontakt[\/mk_button][\/vc_column][\/mk_page_section]\n<\/div>","protected":false},"excerpt":{"rendered":"<p>[mk_page_section padding_top=&#8220;30&#8243; padding_bottom=&#8220;30&#8243; sidebar=&#8220;sidebar-1&#8243;][vc_column width=&#8220;2\/3&#8243;][vc_column_text]Krankenhausinfektionen, auch bekannt als nosokomiale Infektionen, beschreiben Infektionen, die w\u00e4hrend des Krankenhausaufenthalts oder w\u00e4hrend der Behandlung in einem Krankenhaus oder anderen klinischen Einstellungen auftreten. Infektionen k\u00f6nnen z.B. durch medizinisches Personal, kontaminierte Ger\u00e4te, Bettw\u00e4sche oder Tr\u00f6pfchen verbreitet werden. Krankenhausinfektionen werden weiter unterteilt in:[\/vc_column_text][mk_custom_list style=&#8220;mk-moon-circle-small&#8220;] Exogene Infektionen beziehen sich auf Infektionen aufgrund eines [&hellip;]<\/p>\n","protected":false},"author":1,"featured_media":0,"parent":73557,"menu_order":0,"comment_status":"closed","ping_status":"closed","template":"","meta":{"_acf_changed":false,"content-type":"","_relevanssi_hide_post":"","_relevanssi_hide_content":"","_relevanssi_pin_for_all":"","_relevanssi_pin_keywords":"","_relevanssi_unpin_keywords":"","_relevanssi_related_keywords":"","_relevanssi_related_include_ids":"","_relevanssi_related_exclude_ids":"","_relevanssi_related_no_append":"","_relevanssi_related_not_related":"","_relevanssi_related_posts":"","_relevanssi_noindex_reason":"","footnotes":""},"class_list":["post-73565","page","type-page","status-publish","hentry"],"acf":[],"yoast_head":"<!-- This site is optimized with the Yoast SEO plugin v26.7 - https:\/\/yoast.com\/wordpress\/plugins\/seo\/ -->\n<title>Nosokomiale Infektionen - Clinical Diagnostics<\/title>\n<meta name=\"robots\" content=\"index, follow, max-snippet:-1, max-image-preview:large, max-video-preview:-1\" \/>\n<link rel=\"canonical\" href=\"https:\/\/clinical.r-biopharm.com\/de\/indikation\/nosokomiale-infektionen\/\" \/>\n<meta property=\"og:locale\" content=\"de_DE\" \/>\n<meta property=\"og:type\" content=\"article\" \/>\n<meta property=\"og:title\" content=\"Nosokomiale Infektionen - Clinical Diagnostics\" \/>\n<meta property=\"og:description\" content=\"[mk_page_section padding_top=&#8220;30&#8243; padding_bottom=&#8220;30&#8243; sidebar=&#8220;sidebar-1&#8243;][vc_column width=&#8220;2\/3&#8243;][vc_column_text]Krankenhausinfektionen, auch bekannt als nosokomiale Infektionen, beschreiben Infektionen, die w\u00e4hrend des Krankenhausaufenthalts oder w\u00e4hrend der Behandlung in einem Krankenhaus oder anderen klinischen Einstellungen auftreten. Infektionen k\u00f6nnen z.B. durch medizinisches Personal, kontaminierte Ger\u00e4te, Bettw\u00e4sche oder Tr\u00f6pfchen verbreitet werden. Krankenhausinfektionen werden weiter unterteilt in:[\/vc_column_text][mk_custom_list style=&#8220;mk-moon-circle-small&#8220;] Exogene Infektionen beziehen sich auf Infektionen aufgrund eines [&hellip;]\" \/>\n<meta property=\"og:url\" content=\"https:\/\/clinical.r-biopharm.com\/de\/indikation\/nosokomiale-infektionen\/\" \/>\n<meta property=\"og:site_name\" content=\"Clinical Diagnostics\" \/>\n<meta property=\"article:modified_time\" content=\"2024-03-07T08:53:44+00:00\" \/>\n<meta name=\"twitter:label1\" content=\"Gesch\u00e4tzte Lesezeit\" \/>\n\t<meta name=\"twitter:data1\" content=\"3\u00a0Minuten\" \/>\n<script type=\"application\/ld+json\" class=\"yoast-schema-graph\">{\"@context\":\"https:\/\/schema.org\",\"@graph\":[{\"@type\":\"WebPage\",\"@id\":\"https:\/\/clinical.r-biopharm.com\/de\/indikation\/nosokomiale-infektionen\/\",\"url\":\"https:\/\/clinical.r-biopharm.com\/de\/indikation\/nosokomiale-infektionen\/\",\"name\":\"Nosokomiale Infektionen - Clinical Diagnostics\",\"isPartOf\":{\"@id\":\"https:\/\/clinical.r-biopharm.com\/fr\/#website\"},\"datePublished\":\"2015-10-05T09:44:13+00:00\",\"dateModified\":\"2024-03-07T08:53:44+00:00\",\"breadcrumb\":{\"@id\":\"https:\/\/clinical.r-biopharm.com\/de\/indikation\/nosokomiale-infektionen\/#breadcrumb\"},\"inLanguage\":\"de\",\"potentialAction\":[{\"@type\":\"ReadAction\",\"target\":[\"https:\/\/clinical.r-biopharm.com\/de\/indikation\/nosokomiale-infektionen\/\"]}]},{\"@type\":\"BreadcrumbList\",\"@id\":\"https:\/\/clinical.r-biopharm.com\/de\/indikation\/nosokomiale-infektionen\/#breadcrumb\",\"itemListElement\":[{\"@type\":\"ListItem\",\"position\":1,\"name\":\"Home\",\"item\":\"https:\/\/clinical.r-biopharm.com\/de\/\"},{\"@type\":\"ListItem\",\"position\":2,\"name\":\"Indikation\",\"item\":\"https:\/\/clinical.r-biopharm.com\/de\/indikation\/\"},{\"@type\":\"ListItem\",\"position\":3,\"name\":\"Nosokomiale Infektionen\"}]},{\"@type\":\"WebSite\",\"@id\":\"https:\/\/clinical.r-biopharm.com\/fr\/#website\",\"url\":\"https:\/\/clinical.r-biopharm.com\/fr\/\",\"name\":\"Clinical Diagnostics\",\"description\":\"A Division of the R-Biopharm Group\",\"potentialAction\":[{\"@type\":\"SearchAction\",\"target\":{\"@type\":\"EntryPoint\",\"urlTemplate\":\"https:\/\/clinical.r-biopharm.com\/fr\/?s={search_term_string}\"},\"query-input\":{\"@type\":\"PropertyValueSpecification\",\"valueRequired\":true,\"valueName\":\"search_term_string\"}}],\"inLanguage\":\"de\"}]}<\/script>\n<!-- \/ Yoast SEO plugin. -->","yoast_head_json":{"title":"Nosokomiale Infektionen - Clinical Diagnostics","robots":{"index":"index","follow":"follow","max-snippet":"max-snippet:-1","max-image-preview":"max-image-preview:large","max-video-preview":"max-video-preview:-1"},"canonical":"https:\/\/clinical.r-biopharm.com\/de\/indikation\/nosokomiale-infektionen\/","og_locale":"de_DE","og_type":"article","og_title":"Nosokomiale Infektionen - Clinical Diagnostics","og_description":"[mk_page_section padding_top=&#8220;30&#8243; padding_bottom=&#8220;30&#8243; sidebar=&#8220;sidebar-1&#8243;][vc_column width=&#8220;2\/3&#8243;][vc_column_text]Krankenhausinfektionen, auch bekannt als nosokomiale Infektionen, beschreiben Infektionen, die w\u00e4hrend des Krankenhausaufenthalts oder w\u00e4hrend der Behandlung in einem Krankenhaus oder anderen klinischen Einstellungen auftreten. Infektionen k\u00f6nnen z.B. durch medizinisches Personal, kontaminierte Ger\u00e4te, Bettw\u00e4sche oder Tr\u00f6pfchen verbreitet werden. Krankenhausinfektionen werden weiter unterteilt in:[\/vc_column_text][mk_custom_list style=&#8220;mk-moon-circle-small&#8220;] Exogene Infektionen beziehen sich auf Infektionen aufgrund eines [&hellip;]","og_url":"https:\/\/clinical.r-biopharm.com\/de\/indikation\/nosokomiale-infektionen\/","og_site_name":"Clinical Diagnostics","article_modified_time":"2024-03-07T08:53:44+00:00","twitter_misc":{"Gesch\u00e4tzte Lesezeit":"3\u00a0Minuten"},"schema":{"@context":"https:\/\/schema.org","@graph":[{"@type":"WebPage","@id":"https:\/\/clinical.r-biopharm.com\/de\/indikation\/nosokomiale-infektionen\/","url":"https:\/\/clinical.r-biopharm.com\/de\/indikation\/nosokomiale-infektionen\/","name":"Nosokomiale Infektionen - Clinical Diagnostics","isPartOf":{"@id":"https:\/\/clinical.r-biopharm.com\/fr\/#website"},"datePublished":"2015-10-05T09:44:13+00:00","dateModified":"2024-03-07T08:53:44+00:00","breadcrumb":{"@id":"https:\/\/clinical.r-biopharm.com\/de\/indikation\/nosokomiale-infektionen\/#breadcrumb"},"inLanguage":"de","potentialAction":[{"@type":"ReadAction","target":["https:\/\/clinical.r-biopharm.com\/de\/indikation\/nosokomiale-infektionen\/"]}]},{"@type":"BreadcrumbList","@id":"https:\/\/clinical.r-biopharm.com\/de\/indikation\/nosokomiale-infektionen\/#breadcrumb","itemListElement":[{"@type":"ListItem","position":1,"name":"Home","item":"https:\/\/clinical.r-biopharm.com\/de\/"},{"@type":"ListItem","position":2,"name":"Indikation","item":"https:\/\/clinical.r-biopharm.com\/de\/indikation\/"},{"@type":"ListItem","position":3,"name":"Nosokomiale Infektionen"}]},{"@type":"WebSite","@id":"https:\/\/clinical.r-biopharm.com\/fr\/#website","url":"https:\/\/clinical.r-biopharm.com\/fr\/","name":"Clinical Diagnostics","description":"A Division of the R-Biopharm Group","potentialAction":[{"@type":"SearchAction","target":{"@type":"EntryPoint","urlTemplate":"https:\/\/clinical.r-biopharm.com\/fr\/?s={search_term_string}"},"query-input":{"@type":"PropertyValueSpecification","valueRequired":true,"valueName":"search_term_string"}}],"inLanguage":"de"}]}},"_links":{"self":[{"href":"https:\/\/clinical.r-biopharm.com\/de\/wp-json\/wp\/v2\/pages\/73565","targetHints":{"allow":["GET"]}}],"collection":[{"href":"https:\/\/clinical.r-biopharm.com\/de\/wp-json\/wp\/v2\/pages"}],"about":[{"href":"https:\/\/clinical.r-biopharm.com\/de\/wp-json\/wp\/v2\/types\/page"}],"author":[{"embeddable":true,"href":"https:\/\/clinical.r-biopharm.com\/de\/wp-json\/wp\/v2\/users\/1"}],"replies":[{"embeddable":true,"href":"https:\/\/clinical.r-biopharm.com\/de\/wp-json\/wp\/v2\/comments?post=73565"}],"version-history":[{"count":12,"href":"https:\/\/clinical.r-biopharm.com\/de\/wp-json\/wp\/v2\/pages\/73565\/revisions"}],"predecessor-version":[{"id":174384,"href":"https:\/\/clinical.r-biopharm.com\/de\/wp-json\/wp\/v2\/pages\/73565\/revisions\/174384"}],"up":[{"embeddable":true,"href":"https:\/\/clinical.r-biopharm.com\/de\/wp-json\/wp\/v2\/pages\/73557"}],"wp:attachment":[{"href":"https:\/\/clinical.r-biopharm.com\/de\/wp-json\/wp\/v2\/media?parent=73565"}],"curies":[{"name":"wp","href":"https:\/\/api.w.org\/{rel}","templated":true}]}}