{"id":73588,"date":"2015-10-05T11:42:43","date_gmt":"2015-10-05T09:42:43","guid":{"rendered":"http:\/\/clinical.rbiodev.de\/?page_id=73588\/"},"modified":"2024-03-07T09:57:30","modified_gmt":"2024-03-07T08:57:30","slug":"elisa","status":"publish","type":"page","link":"https:\/\/clinical.r-biopharm.com\/de\/technologien\/elisa\/","title":{"rendered":"ELISA"},"content":{"rendered":"<div class=\"wpb-content-wrapper\">[mk_page_section padding_top=&#8220;30&#8243; padding_bottom=&#8220;30&#8243; sidebar=&#8220;sidebar-1&#8243;][vc_column width=&#8220;2\/3&#8243;][vc_column_text]<strong>RIDASCREEN\u00ae ELISA-Tests sind Enzym-Immunoassay-Plattformen zur qualitativen, semiquantitativen oder quantitativen Bestimmung der Zielmolek\u00fcle wie Biomarker, Antigene oder Antik\u00f6rper.<\/strong><\/p>\n<p>Unsere ELISA-Tests erm\u00f6glichen die Analyse verschiedener Matrices, darunter:[\/vc_column_text][mk_custom_list style=&#8220;mk-moon-circle-small&#8220;]\n<ul>\n<li>Stuhlproben<\/li>\n<li>Blut, Plasma und Serum<\/li>\n<li>Urin<\/li>\n<\/ul>\n[\/mk_custom_list][vc_column_text]Die meisten RIDASCREEN\u00ae ELISA-Tests setzen spezifische Antik\u00f6rper in einem Sandwich-Verfahren ein, bei dem die molek\u00fclspezifischen Antik\u00f6rper an die Vertiefung der ELISA-Platte gebunden sind.<\/p>\n<p>Unsere ELISA-Testsysteme f\u00fcr die klinische Diagnostik sind f\u00fcr zahlreiche automatisierte Plattformen optimiert. Bitte verwenden Sie das Kontaktformular, um mehr \u00fcber die Automatisierungsm\u00f6glichkeiten zu erfahren.<\/p>\n<p>Alle Enzym-Immunoassays von R-Biopharm tragen das CE-Zeichen.[\/vc_column_text][vc_cta h2=&#8220;RIDASCREEN\u00ae Produkt\u00fcbersicht&#8220; shape=&#8220;square&#8220; style=&#8220;flat&#8220; color=&#8220;grey&#8220; add_button=&#8220;right&#8220; btn_title=&#8220;Download&#8220; btn_style=&#8220;flat&#8220; btn_shape=&#8220;square&#8220; btn_color=&#8220;inverse&#8220; btn_link=&#8220;url:https%3A%2F%2Fclinical.r-biopharm.com%2Fwp-content%2Fuploads%2F2022%2F10%2F2022-06_easy-kit_4-seiter_de_fin_web.pdf|target:_blank&#8220;]Weitere Informationen zu unseren RIDASCREEN\u00ae EasyKit ELISA-Tests finden Sie in unserer kostenfreien Brosch\u00fcre.[\/vc_cta][\/vc_column][vc_column width=&#8220;1\/3&#8243;][vc_column_text margin_bottom=&#8220;20&#8243;]\n<h3 style=\"margin-bottom: 25px;\">Indikation w\u00e4hlen<\/h3>\n<div class=\"facetwp-facet facetwp-facet-indication_fselect facetwp-type-fselect\" data-name=\"indication_fselect\" data-type=\"fselect\"><\/div>[\/vc_column_text][vc_column_text margin_bottom=&#8220;20&#8243;]\n<h3 style=\"margin-bottom: 25px;\">Diagnostischen Bereich w\u00e4hlen<\/h3>\n<div class=\"facetwp-facet facetwp-facet-diagnostics_fselect facetwp-type-fselect\" data-name=\"diagnostics_fselect\" data-type=\"fselect\"><\/div>[\/vc_column_text][vc_column_text margin_bottom=&#8220;40&#8243;]\n<h3 style=\"margin-bottom: 25px;\">Passende Produkte zu Ihrer Auswahl<\/h3>\n<div class=\"facetwp-template\" data-name=\"elisa\"><ul class=\"product_facets\"><li>\n<a class=\"facetwp_pimg\" href=\"https:\/\/clinical.r-biopharm.com\/de\/produkte\/ridascreen-ust-monitoring\/\"><img loading=\"lazy\" decoding=\"async\" width=\"100\" height=\"50\" src=\"https:\/\/clinical.r-biopharm.com\/wp-content\/uploads\/2021\/08\/g09049-ridascreen-ust-monitoring_neutral_rgb_lowres_2021-05-100x50.jpg\" class=\"recent-thumbs wp-post-image\" alt=\"\" itemprop=\"image\" \/><\/a>\n<div class=\"facetwp_title_container\"><a class=\"facetwp_ptitle\" href=\"https:\/\/clinical.r-biopharm.com\/de\/produkte\/ridascreen-ust-monitoring\/\">RIDASCREEN\u00ae UST Monitoring<\/a><\/div>\n<\/li>\n\n<li>\n<a class=\"facetwp_pimg\" href=\"https:\/\/clinical.r-biopharm.com\/de\/produkte\/ridascreen\/\"><img loading=\"lazy\" decoding=\"async\" width=\"100\" height=\"50\" src=\"https:\/\/clinical.r-biopharm.com\/wp-content\/uploads\/2019\/02\/g09047-ridascreen-glm-monitoring_neutral_rgb_2019-10-100x50.jpg\" class=\"recent-thumbs wp-post-image\" alt=\"\" srcset=\"https:\/\/clinical.r-biopharm.com\/wp-content\/uploads\/2019\/02\/g09047-ridascreen-glm-monitoring_neutral_rgb_2019-10-100x50.jpg 100w, https:\/\/clinical.r-biopharm.com\/wp-content\/uploads\/2019\/02\/g09047-ridascreen-glm-monitoring_neutral_rgb_2019-10-200x100.jpg 200w, https:\/\/clinical.r-biopharm.com\/wp-content\/uploads\/2019\/02\/g09047-ridascreen-glm-monitoring_neutral_rgb_2019-10-353x179.jpg 353w\" sizes=\"auto, (max-width: 100px) 100vw, 100px\" itemprop=\"image\" \/><\/a>\n<div class=\"facetwp_title_container\"><a class=\"facetwp_ptitle\" href=\"https:\/\/clinical.r-biopharm.com\/de\/produkte\/ridascreen\/\">RIDASCREEN\u00ae GLM Monitoring<\/a><\/div>\n<\/li>\n\n<li>\n<a class=\"facetwp_pimg\" href=\"https:\/\/clinical.r-biopharm.com\/de\/produkte\/ridascreenhelicobacter\/\"><img loading=\"lazy\" decoding=\"async\" width=\"100\" height=\"50\" src=\"https:\/\/clinical.r-biopharm.com\/wp-content\/uploads\/2018\/08\/2018-03_n2302-ridascreen-helicobacter_rgb_lowres-1-100x50.jpg\" class=\"recent-thumbs wp-post-image\" alt=\"n2302-ridascreen-helicobacter\" itemprop=\"image\" \/><\/a>\n<div class=\"facetwp_title_container\"><a class=\"facetwp_ptitle\" href=\"https:\/\/clinical.r-biopharm.com\/de\/produkte\/ridascreenhelicobacter\/\">RIDASCREEN\u00ae Helicobacter<\/a><\/div>\n<\/li>\n\n<li>\n<a class=\"facetwp_pimg\" href=\"https:\/\/clinical.r-biopharm.com\/de\/produkte\/ridascreen-vdz-monitoring\/\"><img loading=\"lazy\" decoding=\"async\" width=\"100\" height=\"50\" src=\"https:\/\/clinical.r-biopharm.com\/wp-content\/uploads\/2017\/12\/2019-03_g09045-rs-vdz-monitoring_600x300-100x50.jpg\" class=\"recent-thumbs wp-post-image\" alt=\"g09045-rs-vdz-monitoring\" itemprop=\"image\" \/><\/a>\n<div class=\"facetwp_title_container\"><a class=\"facetwp_ptitle\" href=\"https:\/\/clinical.r-biopharm.com\/de\/produkte\/ridascreen-vdz-monitoring\/\">RIDASCREEN\u00ae VDZ Monitoring<\/a><\/div>\n<\/li>\n\n<li>\n<a class=\"facetwp_pimg\" href=\"https:\/\/clinical.r-biopharm.com\/de\/produkte\/ridascreen-anti-adm-antibodies-2\/\"><img loading=\"lazy\" decoding=\"async\" width=\"100\" height=\"50\" src=\"https:\/\/clinical.r-biopharm.com\/wp-content\/uploads\/2017\/04\/2017-04_g09044_rs-anti-adm-antibodies_neutral_rgb_600-x-300-100x50.jpg\" class=\"recent-thumbs wp-post-image\" alt=\"g09044_ridascreen-anti-adm-antibodies\" itemprop=\"image\" \/><\/a>\n<div class=\"facetwp_title_container\"><a class=\"facetwp_ptitle\" href=\"https:\/\/clinical.r-biopharm.com\/de\/produkte\/ridascreen-anti-adm-antibodies-2\/\">RIDASCREEN\u00ae Anti-ADM Antibodies<\/a><\/div>\n<\/li>\n\n<li>\n<a class=\"facetwp_pimg\" href=\"https:\/\/clinical.r-biopharm.com\/de\/produkte\/68079-2-2\/\"><img loading=\"lazy\" decoding=\"async\" width=\"100\" height=\"50\" src=\"https:\/\/clinical.r-biopharm.com\/wp-content\/uploads\/2016\/08\/2014-09_rida-ccd-inhibitor_rgb_600-x-300-100x50.jpg\" class=\"recent-thumbs wp-post-image\" alt=\"rida-ccd-inhibitor\" itemprop=\"image\" \/><\/a>\n<div class=\"facetwp_title_container\"><a class=\"facetwp_ptitle\" href=\"https:\/\/clinical.r-biopharm.com\/de\/produkte\/68079-2-2\/\">RIDA\u00ae CCD-Inhibitor<\/a><\/div>\n<\/li>\n\n<li>\n<a class=\"facetwp_pimg\" href=\"https:\/\/clinical.r-biopharm.com\/de\/produkte\/ridascreen-verotoxin-2\/\"><img loading=\"lazy\" decoding=\"async\" width=\"100\" height=\"50\" src=\"https:\/\/clinical.r-biopharm.com\/wp-content\/uploads\/default_elisa-2016-11_kd_ridascreen-elisa-generisch_neutral_rgb_lores_web-100x50.jpg\" class=\"recent-thumbs debug\" alt=\"\" srcset=\"https:\/\/clinical.r-biopharm.com\/wp-content\/uploads\/default_elisa-2016-11_kd_ridascreen-elisa-generisch_neutral_rgb_lores_web-100x50.jpg 100w, https:\/\/clinical.r-biopharm.com\/wp-content\/uploads\/default_elisa-2016-11_kd_ridascreen-elisa-generisch_neutral_rgb_lores_web-300x150.jpg 300w, https:\/\/clinical.r-biopharm.com\/wp-content\/uploads\/default_elisa-2016-11_kd_ridascreen-elisa-generisch_neutral_rgb_lores_web-330x165.jpg 330w, https:\/\/clinical.r-biopharm.com\/wp-content\/uploads\/default_elisa-2016-11_kd_ridascreen-elisa-generisch_neutral_rgb_lores_web.jpg 600w, https:\/\/clinical.r-biopharm.com\/wp-content\/uploads\/default_elisa-2016-11_kd_ridascreen-elisa-generisch_neutral_rgb_lores_web-414x207.jpg 414w, https:\/\/clinical.r-biopharm.com\/wp-content\/uploads\/default_elisa-2016-11_kd_ridascreen-elisa-generisch_neutral_rgb_lores_web-200x100.jpg 200w, https:\/\/clinical.r-biopharm.com\/wp-content\/uploads\/default_elisa-2016-11_kd_ridascreen-elisa-generisch_neutral_rgb_lores_web-353x179.jpg 353w\" sizes=\"auto, (max-width: 100px) 100vw, 100px\" itemprop=\"image\" \/><\/a>\n<div class=\"facetwp_title_container\"><a class=\"facetwp_ptitle\" href=\"https:\/\/clinical.r-biopharm.com\/de\/produkte\/ridascreen-verotoxin-2\/\">RIDASCREEN\u00ae Verotoxin<\/a><\/div>\n<\/li>\n\n<li>\n<a class=\"facetwp_pimg\" href=\"https:\/\/clinical.r-biopharm.com\/de\/produkte\/65088-2\/\"><img loading=\"lazy\" decoding=\"async\" width=\"100\" height=\"50\" src=\"https:\/\/clinical.r-biopharm.com\/wp-content\/uploads\/2017\/02\/2016-05_C8001_RS_Legionella_NEUTRAL_RGB_LoRes-100x50.jpg\" class=\"recent-thumbs wp-post-image\" alt=\"\" srcset=\"https:\/\/clinical.r-biopharm.com\/wp-content\/uploads\/2017\/02\/2016-05_C8001_RS_Legionella_NEUTRAL_RGB_LoRes-100x50.jpg 100w, https:\/\/clinical.r-biopharm.com\/wp-content\/uploads\/2017\/02\/2016-05_C8001_RS_Legionella_NEUTRAL_RGB_LoRes-768x384.jpg 768w, https:\/\/clinical.r-biopharm.com\/wp-content\/uploads\/2017\/02\/2016-05_C8001_RS_Legionella_NEUTRAL_RGB_LoRes-1200x600.jpg 1200w, https:\/\/clinical.r-biopharm.com\/wp-content\/uploads\/2017\/02\/2016-05_C8001_RS_Legionella_NEUTRAL_RGB_LoRes-736x368.jpg 736w, https:\/\/clinical.r-biopharm.com\/wp-content\/uploads\/2017\/02\/2016-05_C8001_RS_Legionella_NEUTRAL_RGB_LoRes-200x100.jpg 200w, https:\/\/clinical.r-biopharm.com\/wp-content\/uploads\/2017\/02\/2016-05_C8001_RS_Legionella_NEUTRAL_RGB_LoRes-353x179.jpg 353w, https:\/\/clinical.r-biopharm.com\/wp-content\/uploads\/2017\/02\/2016-05_C8001_RS_Legionella_NEUTRAL_RGB_LoRes.jpg 600w\" sizes=\"auto, (max-width: 100px) 100vw, 100px\" itemprop=\"image\" \/><\/a>\n<div class=\"facetwp_title_container\"><a class=\"facetwp_ptitle\" href=\"https:\/\/clinical.r-biopharm.com\/de\/produkte\/65088-2\/\">RIDASCREEN\u00ae Legionella<\/a><\/div>\n<\/li>\n\n<li>\n<a class=\"facetwp_pimg\" href=\"https:\/\/clinical.r-biopharm.com\/de\/produkte\/ridascreen-adm-monitoring-2\/\"><img loading=\"lazy\" decoding=\"async\" width=\"100\" height=\"50\" src=\"https:\/\/clinical.r-biopharm.com\/wp-content\/uploads\/2016\/03\/2016-05_g09043_rs_adm-monitoring_rgb_600-x-300-100x50.jpg\" class=\"recent-thumbs wp-post-image\" alt=\"g09043_ridascreen_adm-monitoring\" itemprop=\"image\" \/><\/a>\n<div class=\"facetwp_title_container\"><a class=\"facetwp_ptitle\" href=\"https:\/\/clinical.r-biopharm.com\/de\/produkte\/ridascreen-adm-monitoring-2\/\">RIDASCREEN\u00ae ADM Monitoring<\/a><\/div>\n<\/li>\n\n<li>\n<a class=\"facetwp_pimg\" href=\"https:\/\/clinical.r-biopharm.com\/de\/produkte\/ridascreen-anti-ifx-antibodies-2\/\"><img loading=\"lazy\" decoding=\"async\" width=\"100\" height=\"50\" src=\"https:\/\/clinical.r-biopharm.com\/wp-content\/uploads\/2016\/03\/2016-05_g09042_rs_anti-ifx-antibodies_rgb_600-x-300-100x50.jpg\" class=\"recent-thumbs wp-post-image\" alt=\"g09042_ridascreen_anti-ifx-antibodies\" itemprop=\"image\" \/><\/a>\n<div class=\"facetwp_title_container\"><a class=\"facetwp_ptitle\" href=\"https:\/\/clinical.r-biopharm.com\/de\/produkte\/ridascreen-anti-ifx-antibodies-2\/\">RIDASCREEN\u00ae Anti-IFX Antibodies<\/a><\/div>\n<\/li>\n\n<\/ul><\/div><div class=\"facetwp-facet facetwp-facet-load_more_pager facetwp-type-pager\" data-name=\"load_more_pager\" data-type=\"pager\"><button class=\"facetwp-load-more\" data-loading=\"Loading...\">Load more<\/button><\/div>[\/vc_column_text][\/vc_column][\/mk_page_section][mk_page_section bg_color=&#8220;#ffffff&#8220; padding_top=&#8220;0&#8243; sidebar=&#8220;sidebar-1&#8243;][vc_column css=&#8220;.vc_custom_1467042052405{margin-top: 40px !important;}&#8220;][vc_column_text margin_bottom=&#8220;20&#8243;]\n<h2 class=\"knubbel\">Das k\u00f6nnte Sie auch interessieren<\/h2>\n[\/vc_column_text][vc_row_inner css=&#8220;.vc_custom_1468404266697{margin-bottom: 40px !important;}&#8220;][vc_column_inner width=&#8220;1\/3&#8243; css=&#8220;.vc_custom_1468416557833{padding-bottom: 10px !important;padding-left: 0px !important;}&#8220;][mk_flipbox_rb taxonomy=&#8220;technology&#8220; tag_technology=&#8220;elisa-de&#8220; min_height=&#8220;200&#8243; button_bg_color=&#8220;#4d4d4d&#8220; button_bg_hover_color=&#8220;#ffffff&#8220; button_text=&#8220;Produktdetails&#8220;][\/vc_column_inner][vc_column_inner width=&#8220;1\/3&#8243; css=&#8220;.vc_custom_1468416552613{padding-right: 7.5px !important;padding-bottom: 10px !important;padding-left: 7.5px !important;}&#8220;][mk_flipbox_rb taxonomy=&#8220;technology&#8220; tag_technology=&#8220;elisa-de&#8220; offset=&#8220;1&#8243; min_height=&#8220;200&#8243; button_bg_color=&#8220;#4d4d4d&#8220; button_bg_hover_color=&#8220;#ffffff&#8220; button_text=&#8220;Produktdetails&#8220;][\/vc_column_inner][vc_column_inner width=&#8220;1\/3&#8243; css=&#8220;.vc_custom_1468416547451{padding-right: 0px !important;padding-bottom: 10px !important;}&#8220;][mk_flipbox_rb taxonomy=&#8220;technology&#8220; tag_technology=&#8220;elisa-de&#8220; offset=&#8220;2&#8243; min_height=&#8220;200&#8243; button_bg_color=&#8220;#4d4d4d&#8220; button_bg_hover_color=&#8220;#ffffff&#8220; button_text=&#8220;Produktdetails&#8220;][\/vc_column_inner][\/vc_row_inner][\/vc_column][\/mk_page_section][mk_page_section bg_color=&#8220;#f7f7f7&#8243; padding_top=&#8220;20&#8243; padding_bottom=&#8220;20&#8243; sidebar=&#8220;sidebar-1&#8243;][vc_column css=&#8220;.vc_custom_1468415774645{padding-top: 0px !important;padding-bottom: 0px !important;}&#8220;][vc_column_text disable_pattern=&#8220;false&#8220; align=&#8220;center&#8220;]\n<h2>Beratung zum Thema ELISA<\/h2>\n<p>Fragen? Unser erfahrenes Team unterst\u00fctzt Sie gern mit individuell zugeschnittenen L\u00f6sungen f\u00fcr Ihre Diagnostik.[\/vc_column_text][mk_button dimension=&#8220;flat&#8220; url=&#8220;\/de\/kontakt\/&#8220; align=&#8220;center&#8220; margin_bottom=&#8220;&#8220; bg_color=&#8220;#4d4d4d&#8220; btn_hover_bg=&#8220;#ffffff&#8220; btn_hover_txt_color=&#8220;#4d4d4d&#8220;]Kontakt[\/mk_button][\/vc_column][\/mk_page_section]\n<\/div>","protected":false},"excerpt":{"rendered":"<p>[mk_page_section padding_top=&#8220;30&#8243; padding_bottom=&#8220;30&#8243; sidebar=&#8220;sidebar-1&#8243;][vc_column width=&#8220;2\/3&#8243;][vc_column_text]RIDASCREEN\u00ae ELISA-Tests sind Enzym-Immunoassay-Plattformen zur qualitativen, semiquantitativen oder quantitativen Bestimmung der Zielmolek\u00fcle wie Biomarker, Antigene oder Antik\u00f6rper. Unsere ELISA-Tests erm\u00f6glichen die Analyse verschiedener Matrices, darunter:[\/vc_column_text][mk_custom_list style=&#8220;mk-moon-circle-small&#8220;] Stuhlproben Blut, Plasma und Serum Urin [\/mk_custom_list][vc_column_text]Die meisten RIDASCREEN\u00ae ELISA-Tests setzen spezifische Antik\u00f6rper in einem Sandwich-Verfahren ein, bei dem die molek\u00fclspezifischen Antik\u00f6rper an die Vertiefung [&hellip;]<\/p>\n","protected":false},"author":1,"featured_media":0,"parent":73580,"menu_order":0,"comment_status":"closed","ping_status":"closed","template":"","meta":{"_acf_changed":false,"content-type":"","_relevanssi_hide_post":"","_relevanssi_hide_content":"","_relevanssi_pin_for_all":"","_relevanssi_pin_keywords":"","_relevanssi_unpin_keywords":"","_relevanssi_related_keywords":"","_relevanssi_related_include_ids":"","_relevanssi_related_exclude_ids":"","_relevanssi_related_no_append":"","_relevanssi_related_not_related":"","_relevanssi_related_posts":"","_relevanssi_noindex_reason":"","footnotes":""},"class_list":["post-73588","page","type-page","status-publish","hentry"],"acf":[],"yoast_head":"<!-- This site is optimized with the Yoast SEO plugin v27.4 - https:\/\/yoast.com\/product\/yoast-seo-wordpress\/ -->\n<title>ELISA - Clinical Diagnostics<\/title>\n<meta name=\"robots\" content=\"index, follow, max-snippet:-1, max-image-preview:large, max-video-preview:-1\" \/>\n<link rel=\"canonical\" href=\"https:\/\/clinical.r-biopharm.com\/de\/technologien\/elisa\/\" \/>\n<meta property=\"og:locale\" content=\"de_DE\" \/>\n<meta property=\"og:type\" content=\"article\" \/>\n<meta property=\"og:title\" content=\"ELISA - Clinical Diagnostics\" \/>\n<meta property=\"og:description\" content=\"[mk_page_section padding_top=&#8220;30&#8243; padding_bottom=&#8220;30&#8243; sidebar=&#8220;sidebar-1&#8243;][vc_column width=&#8220;2\/3&#8243;][vc_column_text]RIDASCREEN\u00ae ELISA-Tests sind Enzym-Immunoassay-Plattformen zur qualitativen, semiquantitativen oder quantitativen Bestimmung der Zielmolek\u00fcle wie Biomarker, Antigene oder Antik\u00f6rper. Unsere ELISA-Tests erm\u00f6glichen die Analyse verschiedener Matrices, darunter:[\/vc_column_text][mk_custom_list style=&#8220;mk-moon-circle-small&#8220;] Stuhlproben Blut, Plasma und Serum Urin [\/mk_custom_list][vc_column_text]Die meisten RIDASCREEN\u00ae ELISA-Tests setzen spezifische Antik\u00f6rper in einem Sandwich-Verfahren ein, bei dem die molek\u00fclspezifischen Antik\u00f6rper an die Vertiefung [&hellip;]\" \/>\n<meta property=\"og:url\" content=\"https:\/\/clinical.r-biopharm.com\/de\/technologien\/elisa\/\" \/>\n<meta property=\"og:site_name\" content=\"Clinical Diagnostics\" \/>\n<meta property=\"article:modified_time\" content=\"2024-03-07T08:57:30+00:00\" \/>\n<meta name=\"twitter:label1\" content=\"Gesch\u00e4tzte Lesezeit\" \/>\n\t<meta name=\"twitter:data1\" content=\"2\u00a0Minuten\" \/>\n<script type=\"application\/ld+json\" class=\"yoast-schema-graph\">{\"@context\":\"https:\\\/\\\/schema.org\",\"@graph\":[{\"@type\":\"WebPage\",\"@id\":\"https:\\\/\\\/clinical.r-biopharm.com\\\/de\\\/technologien\\\/elisa\\\/\",\"url\":\"https:\\\/\\\/clinical.r-biopharm.com\\\/de\\\/technologien\\\/elisa\\\/\",\"name\":\"ELISA - Clinical Diagnostics\",\"isPartOf\":{\"@id\":\"https:\\\/\\\/clinical.r-biopharm.com\\\/fr\\\/#website\"},\"datePublished\":\"2015-10-05T09:42:43+00:00\",\"dateModified\":\"2024-03-07T08:57:30+00:00\",\"breadcrumb\":{\"@id\":\"https:\\\/\\\/clinical.r-biopharm.com\\\/de\\\/technologien\\\/elisa\\\/#breadcrumb\"},\"inLanguage\":\"de\",\"potentialAction\":[{\"@type\":\"ReadAction\",\"target\":[\"https:\\\/\\\/clinical.r-biopharm.com\\\/de\\\/technologien\\\/elisa\\\/\"]}]},{\"@type\":\"BreadcrumbList\",\"@id\":\"https:\\\/\\\/clinical.r-biopharm.com\\\/de\\\/technologien\\\/elisa\\\/#breadcrumb\",\"itemListElement\":[{\"@type\":\"ListItem\",\"position\":1,\"name\":\"Home\",\"item\":\"https:\\\/\\\/clinical.r-biopharm.com\\\/de\\\/\"},{\"@type\":\"ListItem\",\"position\":2,\"name\":\"Technologien\",\"item\":\"https:\\\/\\\/clinical.r-biopharm.com\\\/de\\\/technologien\\\/\"},{\"@type\":\"ListItem\",\"position\":3,\"name\":\"ELISA\"}]},{\"@type\":\"WebSite\",\"@id\":\"https:\\\/\\\/clinical.r-biopharm.com\\\/fr\\\/#website\",\"url\":\"https:\\\/\\\/clinical.r-biopharm.com\\\/fr\\\/\",\"name\":\"Clinical Diagnostics\",\"description\":\"A Division of the R-Biopharm Group\",\"potentialAction\":[{\"@type\":\"SearchAction\",\"target\":{\"@type\":\"EntryPoint\",\"urlTemplate\":\"https:\\\/\\\/clinical.r-biopharm.com\\\/fr\\\/?s={search_term_string}\"},\"query-input\":{\"@type\":\"PropertyValueSpecification\",\"valueRequired\":true,\"valueName\":\"search_term_string\"}}],\"inLanguage\":\"de\"}]}<\/script>\n<!-- \/ Yoast SEO plugin. -->","yoast_head_json":{"title":"ELISA - Clinical Diagnostics","robots":{"index":"index","follow":"follow","max-snippet":"max-snippet:-1","max-image-preview":"max-image-preview:large","max-video-preview":"max-video-preview:-1"},"canonical":"https:\/\/clinical.r-biopharm.com\/de\/technologien\/elisa\/","og_locale":"de_DE","og_type":"article","og_title":"ELISA - Clinical Diagnostics","og_description":"[mk_page_section padding_top=&#8220;30&#8243; padding_bottom=&#8220;30&#8243; sidebar=&#8220;sidebar-1&#8243;][vc_column width=&#8220;2\/3&#8243;][vc_column_text]RIDASCREEN\u00ae ELISA-Tests sind Enzym-Immunoassay-Plattformen zur qualitativen, semiquantitativen oder quantitativen Bestimmung der Zielmolek\u00fcle wie Biomarker, Antigene oder Antik\u00f6rper. Unsere ELISA-Tests erm\u00f6glichen die Analyse verschiedener Matrices, darunter:[\/vc_column_text][mk_custom_list style=&#8220;mk-moon-circle-small&#8220;] Stuhlproben Blut, Plasma und Serum Urin [\/mk_custom_list][vc_column_text]Die meisten RIDASCREEN\u00ae ELISA-Tests setzen spezifische Antik\u00f6rper in einem Sandwich-Verfahren ein, bei dem die molek\u00fclspezifischen Antik\u00f6rper an die Vertiefung [&hellip;]","og_url":"https:\/\/clinical.r-biopharm.com\/de\/technologien\/elisa\/","og_site_name":"Clinical Diagnostics","article_modified_time":"2024-03-07T08:57:30+00:00","twitter_misc":{"Gesch\u00e4tzte Lesezeit":"2\u00a0Minuten"},"schema":{"@context":"https:\/\/schema.org","@graph":[{"@type":"WebPage","@id":"https:\/\/clinical.r-biopharm.com\/de\/technologien\/elisa\/","url":"https:\/\/clinical.r-biopharm.com\/de\/technologien\/elisa\/","name":"ELISA - Clinical Diagnostics","isPartOf":{"@id":"https:\/\/clinical.r-biopharm.com\/fr\/#website"},"datePublished":"2015-10-05T09:42:43+00:00","dateModified":"2024-03-07T08:57:30+00:00","breadcrumb":{"@id":"https:\/\/clinical.r-biopharm.com\/de\/technologien\/elisa\/#breadcrumb"},"inLanguage":"de","potentialAction":[{"@type":"ReadAction","target":["https:\/\/clinical.r-biopharm.com\/de\/technologien\/elisa\/"]}]},{"@type":"BreadcrumbList","@id":"https:\/\/clinical.r-biopharm.com\/de\/technologien\/elisa\/#breadcrumb","itemListElement":[{"@type":"ListItem","position":1,"name":"Home","item":"https:\/\/clinical.r-biopharm.com\/de\/"},{"@type":"ListItem","position":2,"name":"Technologien","item":"https:\/\/clinical.r-biopharm.com\/de\/technologien\/"},{"@type":"ListItem","position":3,"name":"ELISA"}]},{"@type":"WebSite","@id":"https:\/\/clinical.r-biopharm.com\/fr\/#website","url":"https:\/\/clinical.r-biopharm.com\/fr\/","name":"Clinical Diagnostics","description":"A Division of the R-Biopharm Group","potentialAction":[{"@type":"SearchAction","target":{"@type":"EntryPoint","urlTemplate":"https:\/\/clinical.r-biopharm.com\/fr\/?s={search_term_string}"},"query-input":{"@type":"PropertyValueSpecification","valueRequired":true,"valueName":"search_term_string"}}],"inLanguage":"de"}]}},"_links":{"self":[{"href":"https:\/\/clinical.r-biopharm.com\/de\/wp-json\/wp\/v2\/pages\/73588","targetHints":{"allow":["GET"]}}],"collection":[{"href":"https:\/\/clinical.r-biopharm.com\/de\/wp-json\/wp\/v2\/pages"}],"about":[{"href":"https:\/\/clinical.r-biopharm.com\/de\/wp-json\/wp\/v2\/types\/page"}],"author":[{"embeddable":true,"href":"https:\/\/clinical.r-biopharm.com\/de\/wp-json\/wp\/v2\/users\/1"}],"replies":[{"embeddable":true,"href":"https:\/\/clinical.r-biopharm.com\/de\/wp-json\/wp\/v2\/comments?post=73588"}],"version-history":[{"count":17,"href":"https:\/\/clinical.r-biopharm.com\/de\/wp-json\/wp\/v2\/pages\/73588\/revisions"}],"predecessor-version":[{"id":174391,"href":"https:\/\/clinical.r-biopharm.com\/de\/wp-json\/wp\/v2\/pages\/73588\/revisions\/174391"}],"up":[{"embeddable":true,"href":"https:\/\/clinical.r-biopharm.com\/de\/wp-json\/wp\/v2\/pages\/73580"}],"wp:attachment":[{"href":"https:\/\/clinical.r-biopharm.com\/de\/wp-json\/wp\/v2\/media?parent=73588"}],"curies":[{"name":"wp","href":"https:\/\/api.w.org\/{rel}","templated":true}]}}