{"id":73675,"date":"2015-02-23T09:54:00","date_gmt":"2015-02-23T08:54:00","guid":{"rendered":"http:\/\/clinical.rbiodev.de\/?page_id=73675\/"},"modified":"2025-08-29T14:52:26","modified_gmt":"2025-08-29T12:52:26","slug":"medien","status":"publish","type":"page","link":"https:\/\/clinical.r-biopharm.com\/de\/medien\/","title":{"rendered":"Medien"},"content":{"rendered":"<div class=\"wpb-content-wrapper\">[vc_row el_class=&#8220;media_icons&#8220; css=&#8220;.vc_custom_1477642112340{margin-top: 30px !important;}&#8220;][vc_column][vc_column_text]<strong>Sie suchen weiterf\u00fchrende Informationen zum Thema klinische Diagnostik? Sie m\u00f6chten mehr \u00fcber unsere Produkte erfahren? Unser Medienbereich bietet Ihnen informative Brosch\u00fcren, Flyer und Publikationen sowie Schulungsvideos.<\/strong><\/p>\n<p>W\u00e4hlen Sie eine Kategorie und erkunden Sie unsere Online-Ressourcen![\/vc_column_text][\/vc_column][\/vc_row][vc_row el_class=&#8220;media_icons&#8220; css=&#8220;.vc_custom_1477642024928{padding-top: 40px !important;padding-bottom: 40px !important;}&#8220;][vc_column][mk_imagebox show_as=&#8220;column&#8220; column=&#8220;4&#8243; padding=&#8220;5&#8243; el_class=&#8220;overview-img&#8220;][mk_imagebox_item item_image=&#8220;https:\/\/clinical.r-biopharm.com\/wp-content\/uploads\/2016-09_WEBSITE-Icons-CD_240x240px_Publications.png&#8220; image_padding=&#8220;false&#8220; background_color=&#8220;#ffffff&#8220; title_text_size=&#8220;26&#8243; btn_text=&#8220;Produktkatalog&#8220; btn_url=&#8220;\/de\/produktkatalog\/&#8220; btn_background_color=&#8220;#ffffff&#8220; btn_text_color=&#8220;#585858&#8243; btn_hover_background_color=&#8220;#4d4d4d&#8220;][\/mk_imagebox_item][mk_imagebox_item item_image=&#8220;https:\/\/clinical.r-biopharm.com\/wp-content\/uploads\/2020\/02\/broschren.png&#8220; image_padding=&#8220;false&#8220; background_color=&#8220;#ffffff&#8220; title_text_size=&#8220;26&#8243; btn_text=&#8220;Flyer&#8220; btn_url=&#8220;\/de\/medien\/flyer&#8220; btn_background_color=&#8220;#ffffff&#8220; btn_text_color=&#8220;#585858&#8243; btn_hover_background_color=&#8220;#4d4d4d&#8220;][\/mk_imagebox_item][mk_imagebox_item item_image=&#8220;https:\/\/clinical.r-biopharm.com\/wp-content\/uploads\/2020\/02\/publikationen.png&#8220; image_padding=&#8220;false&#8220; background_color=&#8220;#ffffff&#8220; title_text_size=&#8220;26&#8243; btn_text=&#8220;Publikationen&#8220; btn_url=&#8220;\/de\/medien\/publikationen&#8220; btn_background_color=&#8220;#ffffff&#8220; btn_text_color=&#8220;#585858&#8243; btn_hover_background_color=&#8220;#4d4d4d&#8220;][\/mk_imagebox_item][mk_imagebox_item item_image=&#8220;https:\/\/clinical.r-biopharm.com\/wp-content\/uploads\/2016-09_WEBSITE-Icons-CD_240x240px_Videos.png&#8220; image_padding=&#8220;false&#8220; background_color=&#8220;#ffffff&#8220; title_text_size=&#8220;26&#8243; btn_text=&#8220;Videos&#8220; btn_url=&#8220;\/de\/medien\/videos&#8220; btn_background_color=&#8220;#ffffff&#8220; btn_text_color=&#8220;#585858&#8243; btn_hover_background_color=&#8220;#4d4d4d&#8220;][\/mk_imagebox_item][mk_imagebox_item item_image=&#8220;https:\/\/clinical.r-biopharm.com\/wp-content\/uploads\/2023\/01\/2018-09_website-icons-cd_240x240px_infographics.png&#8220; image_padding=&#8220;false&#8220; background_color=&#8220;#ffffff&#8220; title_text_size=&#8220;26&#8243; btn_text=&#8220;Infografiken&#8220; btn_url=&#8220;\/de\/medien\/infografiken&#8220; btn_background_color=&#8220;#ffffff&#8220; btn_text_color=&#8220;#585858&#8243; btn_hover_background_color=&#8220;#4d4d4d&#8220;][\/mk_imagebox_item][\/mk_imagebox][vc_row_inner disable_element=&#8220;yes&#8220;][vc_column_inner][mk_imagebox][mk_imagebox_item][\/mk_imagebox_item][mk_imagebox_item item_image=&#8220;https:\/\/clinical.r-biopharm.com\/wp-content\/uploads\/2020\/02\/anleitungen.png&#8220; image_padding=&#8220;false&#8220; background_color=&#8220;#ffffff&#8220; title_text_size=&#8220;26&#8243; btn_text=&#8220;Anleitungen&#8220; btn_url=&#8220;\/de\/medien\/anleitungen&#8220; btn_background_color=&#8220;#ffffff&#8220; btn_text_color=&#8220;#585858&#8243; btn_hover_background_color=&#8220;#4d4d4d&#8220;][\/mk_imagebox_item][\/mk_imagebox][\/vc_column_inner][\/vc_row_inner][\/vc_column][\/vc_row][mk_page_section bg_color=&#8220;#f7f7f7&#8243; padding_top=&#8220;20&#8243; padding_bottom=&#8220;20&#8243; sidebar=&#8220;sidebar-1&#8243;][vc_column][vc_column_text disable_pattern=&#8220;false&#8220; align=&#8220;center&#8220;]\n<h2>Beratung<\/h2>\n<p>Fragen? Unser erfahrenes Team unterst\u00fctzt Sie gern mit individuell zugeschnittenen L\u00f6sungen f\u00fcr Ihre Diagnostik.[\/vc_column_text][mk_button dimension=&#8220;flat&#8220; url=&#8220;\/de\/kontakt\/&#8220; align=&#8220;center&#8220; margin_bottom=&#8220;&#8220; bg_color=&#8220;#4d4d4d&#8220; btn_hover_bg=&#8220;#ffffff&#8220; btn_hover_txt_color=&#8220;#4d4d4d&#8220;]Kontakt[\/mk_button][\/vc_column][\/mk_page_section]\n<\/div>","protected":false},"excerpt":{"rendered":"<p>[vc_row el_class=&#8220;media_icons&#8220; css=&#8220;.vc_custom_1477642112340{margin-top: 30px !important;}&#8220;][vc_column][vc_column_text]Sie suchen weiterf\u00fchrende Informationen zum Thema klinische Diagnostik? Sie m\u00f6chten mehr \u00fcber unsere Produkte erfahren? Unser Medienbereich bietet Ihnen informative Brosch\u00fcren, Flyer und Publikationen sowie Schulungsvideos. W\u00e4hlen Sie eine Kategorie und erkunden Sie unsere Online-Ressourcen![\/vc_column_text][\/vc_column][\/vc_row][vc_row el_class=&#8220;media_icons&#8220; css=&#8220;.vc_custom_1477642024928{padding-top: 40px !important;padding-bottom: 40px !important;}&#8220;][vc_column][mk_imagebox show_as=&#8220;column&#8220; column=&#8220;4&#8243; padding=&#8220;5&#8243; el_class=&#8220;overview-img&#8220;][mk_imagebox_item item_image=&#8220;https:\/\/clinical.r-biopharm.com\/wp-content\/uploads\/2016-09_WEBSITE-Icons-CD_240x240px_Publications.png&#8220; image_padding=&#8220;false&#8220; background_color=&#8220;#ffffff&#8220; title_text_size=&#8220;26&#8243; btn_text=&#8220;Produktkatalog&#8220; btn_url=&#8220;\/de\/produktkatalog\/&#8220; [&hellip;]<\/p>\n","protected":false},"author":1,"featured_media":0,"parent":0,"menu_order":0,"comment_status":"closed","ping_status":"closed","template":"","meta":{"_acf_changed":false,"content-type":"","_relevanssi_hide_post":"","_relevanssi_hide_content":"","_relevanssi_pin_for_all":"","_relevanssi_pin_keywords":"","_relevanssi_unpin_keywords":"","_relevanssi_related_keywords":"","_relevanssi_related_include_ids":"","_relevanssi_related_exclude_ids":"","_relevanssi_related_no_append":"","_relevanssi_related_not_related":"","_relevanssi_related_posts":"","_relevanssi_noindex_reason":"","footnotes":""},"class_list":["post-73675","page","type-page","status-publish","hentry"],"acf":[],"yoast_head":"<!-- This site is optimized with the Yoast SEO plugin v26.7 - https:\/\/yoast.com\/wordpress\/plugins\/seo\/ -->\n<title>Medien - Clinical Diagnostics<\/title>\n<meta name=\"robots\" content=\"index, follow, max-snippet:-1, max-image-preview:large, max-video-preview:-1\" \/>\n<link rel=\"canonical\" href=\"https:\/\/clinical.r-biopharm.com\/de\/medien\/\" \/>\n<meta property=\"og:locale\" content=\"de_DE\" \/>\n<meta property=\"og:type\" content=\"article\" \/>\n<meta property=\"og:title\" content=\"Medien - Clinical Diagnostics\" \/>\n<meta property=\"og:description\" content=\"[vc_row el_class=&#8220;media_icons&#8220; css=&#8220;.vc_custom_1477642112340{margin-top: 30px !important;}&#8220;][vc_column][vc_column_text]Sie suchen weiterf\u00fchrende Informationen zum Thema klinische Diagnostik? Sie m\u00f6chten mehr \u00fcber unsere Produkte erfahren? Unser Medienbereich bietet Ihnen informative Brosch\u00fcren, Flyer und Publikationen sowie Schulungsvideos. W\u00e4hlen Sie eine Kategorie und erkunden Sie unsere Online-Ressourcen![\/vc_column_text][\/vc_column][\/vc_row][vc_row el_class=&#8220;media_icons&#8220; css=&#8220;.vc_custom_1477642024928{padding-top: 40px !important;padding-bottom: 40px !important;}&#8220;][vc_column][mk_imagebox show_as=&#8220;column&#8220; column=&#8220;4&#8243; padding=&#8220;5&#8243; el_class=&#8220;overview-img&#8220;][mk_imagebox_item item_image=&#8220;https:\/\/clinical.r-biopharm.com\/wp-content\/uploads\/2016-09_WEBSITE-Icons-CD_240x240px_Publications.png&#8220; image_padding=&#8220;false&#8220; background_color=&#8220;#ffffff&#8220; title_text_size=&#8220;26&#8243; btn_text=&#8220;Produktkatalog&#8220; btn_url=&#8220;\/de\/produktkatalog\/&#8220; [&hellip;]\" \/>\n<meta property=\"og:url\" content=\"https:\/\/clinical.r-biopharm.com\/de\/medien\/\" \/>\n<meta property=\"og:site_name\" content=\"Clinical Diagnostics\" \/>\n<meta property=\"article:modified_time\" content=\"2025-08-29T12:52:26+00:00\" \/>\n<meta name=\"twitter:label1\" content=\"Gesch\u00e4tzte Lesezeit\" \/>\n\t<meta name=\"twitter:data1\" content=\"1\u00a0Minute\" \/>\n<script type=\"application\/ld+json\" class=\"yoast-schema-graph\">{\"@context\":\"https:\/\/schema.org\",\"@graph\":[{\"@type\":\"WebPage\",\"@id\":\"https:\/\/clinical.r-biopharm.com\/de\/medien\/\",\"url\":\"https:\/\/clinical.r-biopharm.com\/de\/medien\/\",\"name\":\"Medien - Clinical Diagnostics\",\"isPartOf\":{\"@id\":\"https:\/\/clinical.r-biopharm.com\/fr\/#website\"},\"datePublished\":\"2015-02-23T08:54:00+00:00\",\"dateModified\":\"2025-08-29T12:52:26+00:00\",\"breadcrumb\":{\"@id\":\"https:\/\/clinical.r-biopharm.com\/de\/medien\/#breadcrumb\"},\"inLanguage\":\"de\",\"potentialAction\":[{\"@type\":\"ReadAction\",\"target\":[\"https:\/\/clinical.r-biopharm.com\/de\/medien\/\"]}]},{\"@type\":\"BreadcrumbList\",\"@id\":\"https:\/\/clinical.r-biopharm.com\/de\/medien\/#breadcrumb\",\"itemListElement\":[{\"@type\":\"ListItem\",\"position\":1,\"name\":\"Home\",\"item\":\"https:\/\/clinical.r-biopharm.com\/de\/\"},{\"@type\":\"ListItem\",\"position\":2,\"name\":\"Medien\"}]},{\"@type\":\"WebSite\",\"@id\":\"https:\/\/clinical.r-biopharm.com\/fr\/#website\",\"url\":\"https:\/\/clinical.r-biopharm.com\/fr\/\",\"name\":\"Clinical Diagnostics\",\"description\":\"A Division of the R-Biopharm Group\",\"potentialAction\":[{\"@type\":\"SearchAction\",\"target\":{\"@type\":\"EntryPoint\",\"urlTemplate\":\"https:\/\/clinical.r-biopharm.com\/fr\/?s={search_term_string}\"},\"query-input\":{\"@type\":\"PropertyValueSpecification\",\"valueRequired\":true,\"valueName\":\"search_term_string\"}}],\"inLanguage\":\"de\"}]}<\/script>\n<!-- \/ Yoast SEO plugin. -->","yoast_head_json":{"title":"Medien - Clinical Diagnostics","robots":{"index":"index","follow":"follow","max-snippet":"max-snippet:-1","max-image-preview":"max-image-preview:large","max-video-preview":"max-video-preview:-1"},"canonical":"https:\/\/clinical.r-biopharm.com\/de\/medien\/","og_locale":"de_DE","og_type":"article","og_title":"Medien - Clinical Diagnostics","og_description":"[vc_row el_class=&#8220;media_icons&#8220; css=&#8220;.vc_custom_1477642112340{margin-top: 30px !important;}&#8220;][vc_column][vc_column_text]Sie suchen weiterf\u00fchrende Informationen zum Thema klinische Diagnostik? Sie m\u00f6chten mehr \u00fcber unsere Produkte erfahren? Unser Medienbereich bietet Ihnen informative Brosch\u00fcren, Flyer und Publikationen sowie Schulungsvideos. W\u00e4hlen Sie eine Kategorie und erkunden Sie unsere Online-Ressourcen![\/vc_column_text][\/vc_column][\/vc_row][vc_row el_class=&#8220;media_icons&#8220; css=&#8220;.vc_custom_1477642024928{padding-top: 40px !important;padding-bottom: 40px !important;}&#8220;][vc_column][mk_imagebox show_as=&#8220;column&#8220; column=&#8220;4&#8243; padding=&#8220;5&#8243; el_class=&#8220;overview-img&#8220;][mk_imagebox_item item_image=&#8220;https:\/\/clinical.r-biopharm.com\/wp-content\/uploads\/2016-09_WEBSITE-Icons-CD_240x240px_Publications.png&#8220; image_padding=&#8220;false&#8220; background_color=&#8220;#ffffff&#8220; title_text_size=&#8220;26&#8243; btn_text=&#8220;Produktkatalog&#8220; btn_url=&#8220;\/de\/produktkatalog\/&#8220; [&hellip;]","og_url":"https:\/\/clinical.r-biopharm.com\/de\/medien\/","og_site_name":"Clinical Diagnostics","article_modified_time":"2025-08-29T12:52:26+00:00","twitter_misc":{"Gesch\u00e4tzte Lesezeit":"1\u00a0Minute"},"schema":{"@context":"https:\/\/schema.org","@graph":[{"@type":"WebPage","@id":"https:\/\/clinical.r-biopharm.com\/de\/medien\/","url":"https:\/\/clinical.r-biopharm.com\/de\/medien\/","name":"Medien - Clinical Diagnostics","isPartOf":{"@id":"https:\/\/clinical.r-biopharm.com\/fr\/#website"},"datePublished":"2015-02-23T08:54:00+00:00","dateModified":"2025-08-29T12:52:26+00:00","breadcrumb":{"@id":"https:\/\/clinical.r-biopharm.com\/de\/medien\/#breadcrumb"},"inLanguage":"de","potentialAction":[{"@type":"ReadAction","target":["https:\/\/clinical.r-biopharm.com\/de\/medien\/"]}]},{"@type":"BreadcrumbList","@id":"https:\/\/clinical.r-biopharm.com\/de\/medien\/#breadcrumb","itemListElement":[{"@type":"ListItem","position":1,"name":"Home","item":"https:\/\/clinical.r-biopharm.com\/de\/"},{"@type":"ListItem","position":2,"name":"Medien"}]},{"@type":"WebSite","@id":"https:\/\/clinical.r-biopharm.com\/fr\/#website","url":"https:\/\/clinical.r-biopharm.com\/fr\/","name":"Clinical Diagnostics","description":"A Division of the R-Biopharm Group","potentialAction":[{"@type":"SearchAction","target":{"@type":"EntryPoint","urlTemplate":"https:\/\/clinical.r-biopharm.com\/fr\/?s={search_term_string}"},"query-input":{"@type":"PropertyValueSpecification","valueRequired":true,"valueName":"search_term_string"}}],"inLanguage":"de"}]}},"_links":{"self":[{"href":"https:\/\/clinical.r-biopharm.com\/de\/wp-json\/wp\/v2\/pages\/73675","targetHints":{"allow":["GET"]}}],"collection":[{"href":"https:\/\/clinical.r-biopharm.com\/de\/wp-json\/wp\/v2\/pages"}],"about":[{"href":"https:\/\/clinical.r-biopharm.com\/de\/wp-json\/wp\/v2\/types\/page"}],"author":[{"embeddable":true,"href":"https:\/\/clinical.r-biopharm.com\/de\/wp-json\/wp\/v2\/users\/1"}],"replies":[{"embeddable":true,"href":"https:\/\/clinical.r-biopharm.com\/de\/wp-json\/wp\/v2\/comments?post=73675"}],"version-history":[{"count":30,"href":"https:\/\/clinical.r-biopharm.com\/de\/wp-json\/wp\/v2\/pages\/73675\/revisions"}],"predecessor-version":[{"id":181918,"href":"https:\/\/clinical.r-biopharm.com\/de\/wp-json\/wp\/v2\/pages\/73675\/revisions\/181918"}],"wp:attachment":[{"href":"https:\/\/clinical.r-biopharm.com\/de\/wp-json\/wp\/v2\/media?parent=73675"}],"curies":[{"name":"wp","href":"https:\/\/api.w.org\/{rel}","templated":true}]}}