{"id":73679,"date":"2016-08-15T16:03:27","date_gmt":"2016-08-15T14:03:27","guid":{"rendered":"http:\/\/clinical.rbiodev.de\/?page_id=73679\/"},"modified":"2025-10-08T16:05:34","modified_gmt":"2025-10-08T14:05:34","slug":"flyer","status":"publish","type":"page","link":"https:\/\/clinical.r-biopharm.com\/de\/medien\/flyer\/","title":{"rendered":"Flyer"},"content":{"rendered":"<div class=\"wpb-content-wrapper\">[vc_row css=&#8220;.vc_custom_1479819385638{margin-top: 30px !important;}&#8220;][vc_column][vc_column_text]<strong>Sie interessieren sich f\u00fcr unsere Produktlinien im Bereich der klinischen Diagnostik? Unser Flyer sind die ideale Quelle f\u00fcr klare und verst\u00e4ndliche Produktinformationen. Verschaffen Sie sich einen \u00dcberblick \u00fcber unsere diagnostischen L\u00f6sungen und finden Sie das Produkt, das perfekt zu Ihren Anforderungen passt.<\/strong><\/p>\n<p>St\u00f6bern Sie durch unser Angebot an Flyern und Brosch\u00fcren und laden Sie sich die gew\u00fcnschten Informationen herunter. Sie haben noch Fragen oder m\u00f6chten weiterf\u00fchrende Informationen? Wir helfen Ihnen gern. <a href=\"https:\/\/clinical.r-biopharm.com\/de\/kontakt\/\">Rufen Sie an oder schreiben Sie uns<\/a>![\/vc_column_text][vc_tabs style=&#8220;simple&#8220; container_bg_color=&#8220;#ffffff&#8220;][vc_tab title=&#8220;Allergologie&#8220; tab_id=&#8220;1508143507583-2-0&#8243;][vc_row_inner][vc_column_inner width=&#8220;1\/4&#8243;][mk_image src=&#8220;https:\/\/clinical.r-biopharm.com\/wp-content\/uploads\/ccd-inhibitor.jpg&#8220; image_size=&#8220;medium&#8220; link=&#8220;\/wp-content\/uploads\/2018\/01\/2015-10_rida_ccd-inhibitor_4p_de_lores.pdf&#8220; target=&#8220;_blank&#8220; title=&#8220;RIDA\u00ae CCD-Inhibitor&#8220; desc=&#8220;PDF (935 KB)&#8220; caption_location=&#8220;outside-image&#8220;][\/vc_column_inner][vc_column_inner width=&#8220;1\/4&#8243;][\/vc_column_inner][vc_column_inner width=&#8220;1\/4&#8243;][\/vc_column_inner][vc_column_inner width=&#8220;1\/4&#8243;][\/vc_column_inner][\/vc_row_inner][\/vc_tab][vc_tab title=&#8220;Technologien &amp; Systeme&#8220; tab_id=&#8220;1508141501-2-76&#8243;][vc_row_inner][vc_column_inner width=&#8220;1\/4&#8243;][mk_image src=&#8220;https:\/\/clinical.r-biopharm.com\/wp-content\/uploads\/2024\/03\/pcr-ubersicht-1.png&#8220; image_size=&#8220;full&#8220; link=&#8220;https:\/\/clinical.r-biopharm.com\/wp-content\/uploads\/2022\/07\/PCR_Ubersicht_4p_DE_2024-05.pdf&#8220; target=&#8220;_blank&#8220; title=&#8220;RIDA\u00aeGENE real-time PCR&#8220; desc=&#8220;PDF (277 KB)&#8220; caption_location=&#8220;outside-image&#8220;][\/vc_column_inner][vc_column_inner width=&#8220;1\/4&#8243;][mk_image src=&#8220;https:\/\/clinical.r-biopharm.com\/wp-content\/uploads\/2022\/11\/rida-quick-schnelltests_de.jpg&#8220; image_size=&#8220;medium&#8220; link=&#8220;https:\/\/clinical.r-biopharm.com\/wp-content\/uploads\/2022\/10\/2021-07_rida-quick-schnelltests_uebersicht_4p_de_hires_einzelseiten.pdf&#8220; target=&#8220;_blank&#8220; title=&#8220;RIDA\u00aeQUICK Schnelltests&#8220; desc=&#8220;PDF (1 MB)&#8220; caption_location=&#8220;outside-image&#8220;][\/vc_column_inner][vc_column_inner width=&#8220;1\/4&#8243;][mk_image src=&#8220;https:\/\/clinical.r-biopharm.com\/wp-content\/uploads\/2022\/11\/easy-kit_de.jpg&#8220; image_size=&#8220;medium&#8220; link=&#8220;https:\/\/clinical.r-biopharm.com\/wp-content\/uploads\/2022\/10\/2022-06_easy-kit_4-seiter_de_fin_web.pdf&#8220; target=&#8220;_blank&#8220; title=&#8220;RIDASCREEN\u00ae EasyKit&#8220; desc=&#8220;PDF (414 KB)&#8220; caption_location=&#8220;outside-image&#8220;][\/vc_column_inner][vc_column_inner width=&#8220;1\/4&#8243;][mk_image src=&#8220;https:\/\/clinical.r-biopharm.com\/wp-content\/uploads\/rida-unity_12p_de_2025-03_seite_01-1-scaled.png&#8220; image_size=&#8220;medium&#8220; link=&#8220;https:\/\/clinical.r-biopharm.com\/wp-content\/uploads\/rida-unity_12p_de_2025-03.pdf&#8220; target=&#8220;_blank&#8220; title=&#8220;RIDA\u00aeUNITY_8p&#8220; desc=&#8220;PDF (659 KB)&#8220; caption_location=&#8220;outside-image&#8220;][\/vc_column_inner][\/vc_row_inner][vc_row_inner][vc_column_inner width=&#8220;1\/5&#8243;][mk_image src=&#8220;https:\/\/clinical.r-biopharm.com\/wp-content\/uploads\/tandemplex_ausdx_overview_20p_en_2025-04_seite_01-1-scaled.png&#8220; image_size=&#8220;medium&#8220; link=&#8220;https:\/\/clinical.r-biopharm.com\/wp-content\/uploads\/tandemplex_ausdx_overview_20p_de_2025-04.pdf&#8220; target=&#8220;_blank&#8220; title=&#8220;TandemPlex\u00ae&#8220; desc=&#8220;PDF (230 KB)&#8220; caption_location=&#8220;outside-image&#8220;][\/vc_column_inner][vc_column_inner width=&#8220;1\/5&#8243;][mk_image src=&#8220;https:\/\/clinical.r-biopharm.com\/wp-content\/uploads\/2024\/04\/rida-cycler.png&#8220; image_size=&#8220;medium&#8220; link=&#8220;https:\/\/clinical.r-biopharm.com\/wp-content\/uploads\/2024\/04\/rida-cycler.png&#8220; target=&#8220;_blank&#8220; title=&#8220;RIDA\u00aeCYCLER&#8220; desc=&#8220;PDF (390 KB)&#8220; caption_location=&#8220;outside-image&#8220;][\/vc_column_inner][vc_column_inner width=&#8220;1\/5&#8243;][mk_image src=&#8220;https:\/\/clinical.r-biopharm.com\/wp-content\/uploads\/2024\/04\/rida-seek.png&#8220; image_size=&#8220;medium&#8220; link=&#8220;https:\/\/clinical.r-biopharm.com\/wp-content\/uploads\/2024\/04\/rida-seek.png&#8220; target=&#8220;_blank&#8220; title=&#8220;RIDA\u00aeSEEK&#8220; desc=&#8220;PDF (52,8 KB)&#8220; caption_location=&#8220;outside-image&#8220;][\/vc_column_inner][vc_column_inner width=&#8220;1\/5&#8243;][mk_image src=&#8220;https:\/\/clinical.r-biopharm.com\/wp-content\/uploads\/2024\/04\/rida-seek-faktenbibel.png&#8220; image_size=&#8220;medium&#8220; link=&#8220;https:\/\/clinical.r-biopharm.com\/wp-content\/uploads\/2024\/04\/rida_seek_faktenfibel_de-2.pdf&#8220; title=&#8220;RIDA\u00aeSEEK Faktenbibel&#8220; desc=&#8220;PDF (915 KB)&#8220; caption_location=&#8220;outside-image&#8220;][\/vc_column_inner][\/vc_row_inner][\/vc_tab][vc_tab title=&#8220;Bakteriologie&#8220; tab_id=&#8220;1508144217637-5-1&#8243;][vc_row_inner][vc_column_inner width=&#8220;1\/4&#8243;][mk_image src=&#8220;https:\/\/clinical.r-biopharm.com\/wp-content\/uploads\/2024\/03\/microbix-de.png&#8220; image_size=&#8220;medium&#8220; link=&#8220;https:\/\/clinical.r-biopharm.com\/wp-content\/uploads\/microbix_quality_assesment_products_4p_de_2024-12.pdf&#8220; target=&#8220;_blank&#8220; title=&#8220;Microbix&#8220; desc=&#8220;PDF (966 KB)&#8220; caption_location=&#8220;outside-image&#8220;][\/vc_column_inner][vc_column_inner width=&#8220;1\/4&#8243;][\/vc_column_inner][vc_column_inner width=&#8220;1\/4&#8243;][\/vc_column_inner][vc_column_inner width=&#8220;1\/4&#8243;][\/vc_column_inner][\/vc_row_inner][\/vc_tab][vc_tab title=&#8220;Gastroenterologie&#8220; tab_id=&#8220;1508141501-1-24&#8243;][vc_row_inner][vc_column_inner width=&#8220;1\/4&#8243;][mk_image src=&#8220;https:\/\/clinical.r-biopharm.com\/wp-content\/uploads\/2023\/03\/gastro-tdm_de_03_2023.png&#8220; image_size=&#8220;medium&#8220; link=&#8220;https:\/\/clinical.r-biopharm.com\/wp-content\/uploads\/2023\/03\/gastro_therapeutisches-medikamenten-monitoring_de_2023-03.pdf&#8220; target=&#8220;_blank&#8220; title=&#8220;Therapeutisches Medikamenten-Monitoring&#8220; desc=&#8220;PDF (1 MB)&#8220; caption_location=&#8220;outside-image&#8220;][\/vc_column_inner][vc_column_inner width=&#8220;1\/4&#8243;][mk_image src=&#8220;https:\/\/clinical.r-biopharm.com\/wp-content\/uploads\/2024\/03\/rs-calpro.png&#8220; image_size=&#8220;medium&#8220; link=&#8220;https:\/\/clinical.r-biopharm.com\/wp-content\/uploads\/2024\/03\/g09036_rs-calprotectin_4p_de_2023-05-2.pdf&#8220; target=&#8220;_blank&#8220; title=&#8220;RIDASCREEN\u00ae Calprotectin&#8220; desc=&#8220;PDF (698 KB)&#8220; caption_location=&#8220;outside-image&#8220;][\/vc_column_inner][vc_column_inner width=&#8220;1\/4&#8243;][mk_image src=&#8220;https:\/\/clinical.r-biopharm.com\/wp-content\/uploads\/2024\/03\/rq-calpro.png&#8220; image_size=&#8220;medium&#8220; link=&#8220;https:\/\/clinical.r-biopharm.com\/wp-content\/uploads\/2024\/03\/rida-quick-calprotectin_4p_de_2022-10-1.pdf&#8220; target=&#8220;_blank&#8220; title=&#8220;RIDA\u00aeQUICK Calprotectin&#8220; desc=&#8220;PDF (589 KB)&#8220; caption_location=&#8220;outside-image&#8220;][\/vc_column_inner][vc_column_inner width=&#8220;1\/4&#8243;][mk_image src=&#8220;https:\/\/clinical.r-biopharm.com\/wp-content\/uploads\/2024\/03\/gastro-overview.png&#8220; image_size=&#8220;medium&#8220; link=&#8220;\/wp-content\/uploads\/2018\/06\/2018-01_gastro_handout_2p_de_lores.pdf&#8220; target=&#8220;_blank&#8220; title=&#8220;Gastroenterologie \u00dcberblick&#8220; desc=&#8220;PDF (150 KB)&#8220; caption_location=&#8220;outside-image&#8220;][\/vc_column_inner][\/vc_row_inner][vc_row_inner][vc_column_inner width=&#8220;1\/4&#8243;][\/vc_column_inner][vc_column_inner width=&#8220;1\/4&#8243;][\/vc_column_inner][vc_column_inner width=&#8220;1\/4&#8243;][\/vc_column_inner][vc_column_inner width=&#8220;1\/4&#8243;][\/vc_column_inner][\/vc_row_inner][\/vc_tab][vc_tab title=&#8220;Humangenetik&#8220; tab_id=&#8220;1543825117407-7-10&#8243;][vc_row_inner][vc_column_inner width=&#8220;1\/4&#8243;][mk_image src=&#8220;https:\/\/clinical.r-biopharm.com\/wp-content\/uploads\/2023\/09\/unbenannt-1.png&#8220; image_size=&#8220;medium&#8220; link=&#8220;https:\/\/clinical.r-biopharm.com\/wp-content\/uploads\/2023\/09\/rida-gene-humangenetik_produktlinie_4p_de_2023-07.pdf&#8220; target=&#8220;_blank&#8220; title=&#8220;Humangenetik&#8220; desc=&#8220;PDF (567 KB)&#8220; caption_location=&#8220;outside-image&#8220;][\/vc_column_inner][vc_column_inner width=&#8220;1\/4&#8243;][\/vc_column_inner][vc_column_inner width=&#8220;1\/4&#8243;][\/vc_column_inner][vc_column_inner width=&#8220;1\/4&#8243;][\/vc_column_inner][\/vc_row_inner][\/vc_tab][vc_tab title=&#8220;Parasitologie&#8220; tab_id=&#8220;1508146178945-6-6&#8243;][vc_row_inner][vc_column_inner width=&#8220;1\/4&#8243;][\/vc_column_inner][vc_column_inner width=&#8220;1\/4&#8243;][\/vc_column_inner][vc_column_inner width=&#8220;1\/4&#8243;][\/vc_column_inner][vc_column_inner width=&#8220;1\/4&#8243;][\/vc_column_inner][\/vc_row_inner][\/vc_tab][vc_tab title=&#8220;Virologie&#8220; tab_id=&#8220;1508146507300-7-4&#8243;][vc_row_inner][vc_column_inner width=&#8220;1\/4&#8243;][mk_image src=&#8220;https:\/\/clinical.r-biopharm.com\/wp-content\/uploads\/2024\/03\/microbix-de.png&#8220; image_size=&#8220;medium&#8220; link=&#8220;https:\/\/clinical.r-biopharm.com\/wp-content\/uploads\/microbix_quality_assesment_products_4p_de_2024-12-1.pdf&#8220; target=&#8220;_blank&#8220; title=&#8220;Microbix&#8220; desc=&#8220;PDF (966 KB)&#8220; caption_location=&#8220;outside-image&#8220;][\/vc_column_inner][vc_column_inner width=&#8220;1\/4&#8243;][\/vc_column_inner][vc_column_inner width=&#8220;1\/4&#8243;][\/vc_column_inner][vc_column_inner width=&#8220;1\/4&#8243;][\/vc_column_inner][\/vc_row_inner][vc_row_inner][vc_column_inner width=&#8220;1\/4&#8243;][\/vc_column_inner][vc_column_inner width=&#8220;1\/4&#8243;][\/vc_column_inner][vc_column_inner width=&#8220;1\/4&#8243;][\/vc_column_inner][vc_column_inner width=&#8220;1\/4&#8243;][\/vc_column_inner][\/vc_row_inner][\/vc_tab][\/vc_tabs][\/vc_column][\/vc_row][mk_page_section bg_color=&#8220;#f7f7f7&#8243; padding_top=&#8220;20&#8243; padding_bottom=&#8220;20&#8243; sidebar=&#8220;sidebar-1&#8243;][vc_column][vc_column_text disable_pattern=&#8220;false&#8220; align=&#8220;center&#8220;]\n<h2>Beratung<\/h2>\n<p>Fragen? Unser erfahrenes Team unterst\u00fctzt Sie gern mit individuell zugeschnittenen L\u00f6sungen f\u00fcr Ihre Diagnostik.[\/vc_column_text][mk_button dimension=&#8220;flat&#8220; url=&#8220;\/de\/kontakt\/&#8220; align=&#8220;center&#8220; margin_bottom=&#8220;&#8220; bg_color=&#8220;#4d4d4d&#8220; btn_hover_bg=&#8220;#ffffff&#8220; btn_hover_txt_color=&#8220;#4d4d4d&#8220;]Kontakt[\/mk_button][\/vc_column][\/mk_page_section]\n<\/div>","protected":false},"excerpt":{"rendered":"<p>[vc_row css=&#8220;.vc_custom_1479819385638{margin-top: 30px !important;}&#8220;][vc_column][vc_column_text]Sie interessieren sich f\u00fcr unsere Produktlinien im Bereich der klinischen Diagnostik? Unser Flyer sind die ideale Quelle f\u00fcr klare und verst\u00e4ndliche Produktinformationen. Verschaffen Sie sich einen \u00dcberblick \u00fcber unsere diagnostischen L\u00f6sungen und finden Sie das Produkt, das perfekt zu Ihren Anforderungen passt. St\u00f6bern Sie durch unser Angebot an Flyern und Brosch\u00fcren und [&hellip;]<\/p>\n","protected":false},"author":1,"featured_media":0,"parent":73675,"menu_order":0,"comment_status":"closed","ping_status":"closed","template":"","meta":{"_acf_changed":false,"content-type":"","_relevanssi_hide_post":"","_relevanssi_hide_content":"","_relevanssi_pin_for_all":"","_relevanssi_pin_keywords":"","_relevanssi_unpin_keywords":"","_relevanssi_related_keywords":"","_relevanssi_related_include_ids":"","_relevanssi_related_exclude_ids":"","_relevanssi_related_no_append":"","_relevanssi_related_not_related":"","_relevanssi_related_posts":"","_relevanssi_noindex_reason":"","footnotes":""},"class_list":["post-73679","page","type-page","status-publish","hentry"],"acf":[],"yoast_head":"<!-- This site is optimized with the Yoast SEO plugin v26.7 - https:\/\/yoast.com\/wordpress\/plugins\/seo\/ -->\n<title>Flyer - Clinical Diagnostics<\/title>\n<meta name=\"robots\" content=\"index, follow, max-snippet:-1, max-image-preview:large, max-video-preview:-1\" \/>\n<link rel=\"canonical\" href=\"https:\/\/clinical.r-biopharm.com\/de\/medien\/flyer\/\" \/>\n<meta property=\"og:locale\" content=\"de_DE\" \/>\n<meta property=\"og:type\" content=\"article\" \/>\n<meta property=\"og:title\" content=\"Flyer - Clinical Diagnostics\" \/>\n<meta property=\"og:description\" content=\"[vc_row css=&#8220;.vc_custom_1479819385638{margin-top: 30px !important;}&#8220;][vc_column][vc_column_text]Sie interessieren sich f\u00fcr unsere Produktlinien im Bereich der klinischen Diagnostik? Unser Flyer sind die ideale Quelle f\u00fcr klare und verst\u00e4ndliche Produktinformationen. Verschaffen Sie sich einen \u00dcberblick \u00fcber unsere diagnostischen L\u00f6sungen und finden Sie das Produkt, das perfekt zu Ihren Anforderungen passt. St\u00f6bern Sie durch unser Angebot an Flyern und Brosch\u00fcren und [&hellip;]\" \/>\n<meta property=\"og:url\" content=\"https:\/\/clinical.r-biopharm.com\/de\/medien\/flyer\/\" \/>\n<meta property=\"og:site_name\" content=\"Clinical Diagnostics\" \/>\n<meta property=\"article:modified_time\" content=\"2025-10-08T14:05:34+00:00\" \/>\n<meta name=\"twitter:label1\" content=\"Gesch\u00e4tzte Lesezeit\" \/>\n\t<meta name=\"twitter:data1\" content=\"2\u00a0Minuten\" \/>\n<script type=\"application\/ld+json\" class=\"yoast-schema-graph\">{\"@context\":\"https:\/\/schema.org\",\"@graph\":[{\"@type\":\"WebPage\",\"@id\":\"https:\/\/clinical.r-biopharm.com\/de\/medien\/flyer\/\",\"url\":\"https:\/\/clinical.r-biopharm.com\/de\/medien\/flyer\/\",\"name\":\"Flyer - Clinical Diagnostics\",\"isPartOf\":{\"@id\":\"https:\/\/clinical.r-biopharm.com\/fr\/#website\"},\"datePublished\":\"2016-08-15T14:03:27+00:00\",\"dateModified\":\"2025-10-08T14:05:34+00:00\",\"breadcrumb\":{\"@id\":\"https:\/\/clinical.r-biopharm.com\/de\/medien\/flyer\/#breadcrumb\"},\"inLanguage\":\"de\",\"potentialAction\":[{\"@type\":\"ReadAction\",\"target\":[\"https:\/\/clinical.r-biopharm.com\/de\/medien\/flyer\/\"]}]},{\"@type\":\"BreadcrumbList\",\"@id\":\"https:\/\/clinical.r-biopharm.com\/de\/medien\/flyer\/#breadcrumb\",\"itemListElement\":[{\"@type\":\"ListItem\",\"position\":1,\"name\":\"Home\",\"item\":\"https:\/\/clinical.r-biopharm.com\/de\/\"},{\"@type\":\"ListItem\",\"position\":2,\"name\":\"Medien\",\"item\":\"https:\/\/clinical.r-biopharm.com\/de\/medien\/\"},{\"@type\":\"ListItem\",\"position\":3,\"name\":\"Flyer\"}]},{\"@type\":\"WebSite\",\"@id\":\"https:\/\/clinical.r-biopharm.com\/fr\/#website\",\"url\":\"https:\/\/clinical.r-biopharm.com\/fr\/\",\"name\":\"Clinical Diagnostics\",\"description\":\"A Division of the R-Biopharm Group\",\"potentialAction\":[{\"@type\":\"SearchAction\",\"target\":{\"@type\":\"EntryPoint\",\"urlTemplate\":\"https:\/\/clinical.r-biopharm.com\/fr\/?s={search_term_string}\"},\"query-input\":{\"@type\":\"PropertyValueSpecification\",\"valueRequired\":true,\"valueName\":\"search_term_string\"}}],\"inLanguage\":\"de\"}]}<\/script>\n<!-- \/ Yoast SEO plugin. -->","yoast_head_json":{"title":"Flyer - Clinical Diagnostics","robots":{"index":"index","follow":"follow","max-snippet":"max-snippet:-1","max-image-preview":"max-image-preview:large","max-video-preview":"max-video-preview:-1"},"canonical":"https:\/\/clinical.r-biopharm.com\/de\/medien\/flyer\/","og_locale":"de_DE","og_type":"article","og_title":"Flyer - Clinical Diagnostics","og_description":"[vc_row css=&#8220;.vc_custom_1479819385638{margin-top: 30px !important;}&#8220;][vc_column][vc_column_text]Sie interessieren sich f\u00fcr unsere Produktlinien im Bereich der klinischen Diagnostik? Unser Flyer sind die ideale Quelle f\u00fcr klare und verst\u00e4ndliche Produktinformationen. Verschaffen Sie sich einen \u00dcberblick \u00fcber unsere diagnostischen L\u00f6sungen und finden Sie das Produkt, das perfekt zu Ihren Anforderungen passt. St\u00f6bern Sie durch unser Angebot an Flyern und Brosch\u00fcren und [&hellip;]","og_url":"https:\/\/clinical.r-biopharm.com\/de\/medien\/flyer\/","og_site_name":"Clinical Diagnostics","article_modified_time":"2025-10-08T14:05:34+00:00","twitter_misc":{"Gesch\u00e4tzte Lesezeit":"2\u00a0Minuten"},"schema":{"@context":"https:\/\/schema.org","@graph":[{"@type":"WebPage","@id":"https:\/\/clinical.r-biopharm.com\/de\/medien\/flyer\/","url":"https:\/\/clinical.r-biopharm.com\/de\/medien\/flyer\/","name":"Flyer - Clinical Diagnostics","isPartOf":{"@id":"https:\/\/clinical.r-biopharm.com\/fr\/#website"},"datePublished":"2016-08-15T14:03:27+00:00","dateModified":"2025-10-08T14:05:34+00:00","breadcrumb":{"@id":"https:\/\/clinical.r-biopharm.com\/de\/medien\/flyer\/#breadcrumb"},"inLanguage":"de","potentialAction":[{"@type":"ReadAction","target":["https:\/\/clinical.r-biopharm.com\/de\/medien\/flyer\/"]}]},{"@type":"BreadcrumbList","@id":"https:\/\/clinical.r-biopharm.com\/de\/medien\/flyer\/#breadcrumb","itemListElement":[{"@type":"ListItem","position":1,"name":"Home","item":"https:\/\/clinical.r-biopharm.com\/de\/"},{"@type":"ListItem","position":2,"name":"Medien","item":"https:\/\/clinical.r-biopharm.com\/de\/medien\/"},{"@type":"ListItem","position":3,"name":"Flyer"}]},{"@type":"WebSite","@id":"https:\/\/clinical.r-biopharm.com\/fr\/#website","url":"https:\/\/clinical.r-biopharm.com\/fr\/","name":"Clinical Diagnostics","description":"A Division of the R-Biopharm Group","potentialAction":[{"@type":"SearchAction","target":{"@type":"EntryPoint","urlTemplate":"https:\/\/clinical.r-biopharm.com\/fr\/?s={search_term_string}"},"query-input":{"@type":"PropertyValueSpecification","valueRequired":true,"valueName":"search_term_string"}}],"inLanguage":"de"}]}},"_links":{"self":[{"href":"https:\/\/clinical.r-biopharm.com\/de\/wp-json\/wp\/v2\/pages\/73679","targetHints":{"allow":["GET"]}}],"collection":[{"href":"https:\/\/clinical.r-biopharm.com\/de\/wp-json\/wp\/v2\/pages"}],"about":[{"href":"https:\/\/clinical.r-biopharm.com\/de\/wp-json\/wp\/v2\/types\/page"}],"author":[{"embeddable":true,"href":"https:\/\/clinical.r-biopharm.com\/de\/wp-json\/wp\/v2\/users\/1"}],"replies":[{"embeddable":true,"href":"https:\/\/clinical.r-biopharm.com\/de\/wp-json\/wp\/v2\/comments?post=73679"}],"version-history":[{"count":121,"href":"https:\/\/clinical.r-biopharm.com\/de\/wp-json\/wp\/v2\/pages\/73679\/revisions"}],"predecessor-version":[{"id":182106,"href":"https:\/\/clinical.r-biopharm.com\/de\/wp-json\/wp\/v2\/pages\/73679\/revisions\/182106"}],"up":[{"embeddable":true,"href":"https:\/\/clinical.r-biopharm.com\/de\/wp-json\/wp\/v2\/pages\/73675"}],"wp:attachment":[{"href":"https:\/\/clinical.r-biopharm.com\/de\/wp-json\/wp\/v2\/media?parent=73679"}],"curies":[{"name":"wp","href":"https:\/\/api.w.org\/{rel}","templated":true}]}}