{"id":94478,"date":"2018-10-09T10:20:52","date_gmt":"2018-10-09T08:20:52","guid":{"rendered":"https:\/\/clinical.r-biopharm.com\/diagnostik\/humangenetik\/"},"modified":"2024-03-07T09:51:19","modified_gmt":"2024-03-07T08:51:19","slug":"humangenetik","status":"publish","type":"page","link":"https:\/\/clinical.r-biopharm.com\/de\/diagnostik\/humangenetik\/","title":{"rendered":"Humangenetik"},"content":{"rendered":"<div class=\"wpb-content-wrapper\">[mk_page_section padding_top=&#8220;30&#8243; padding_bottom=&#8220;30&#8243; sidebar=&#8220;sidebar-1&#8243;][vc_column width=&#8220;2\/3&#8243;][vc_row_inner][vc_column_inner][vc_column_text css=&#8220;.vc_custom_1688731553808{margin-bottom: 0px !important;}&#8220;]<strong>Die Humangenetik ist in allen Fachbereichen der Medizin mittlerweile von gro\u00dfer Bedeutung, da viele Erkrankungen bzw. Auff\u00e4lligkeiten mit genetischen Ursachen in Verbindung gebracht werden.<\/strong><\/p>\n<p>Unter dem Begriff humangenetische Diagnostik werden alle Analysen von menschlicher Erbinformation, der DNA, zusammengefasst. Die Analyse von DNA-Abschnitten erlaubt es, genetische Pr\u00e4dispositionen zu erkennen, die in Verbindung mit bestimmten Erkrankungen stehen. In vielen Bereichen sind Gentests bereits eine wichtige Unterst\u00fctzung bei der Diagnostik.<\/p>\n<p>Das Testportfolio von R-Biopharm f\u00fcr die Humangenetik bietet L\u00f6sungen, die auf die diagnostischen Bed\u00fcrfnisse von Laboren abgestimmt sind. Dabei greift R-Biopharm auf die moderne Technologie der real-time PCR zur\u00fcck. Je nach diagnostischer Fragestellung kann es in der Humangenetik n\u00f6tig sein, einzelne, genspezifische Punktmutationen nachzuweisen. Hierzu verwendet R-Biopharm eine spezielle Technologie, die es erm\u00f6glicht die Punktmutationen im Rahmen der real-time PCR nachzuweisen. Profitieren Sie von unseren real-time PCR Testen in der Humangenetik, die Ihnen pr\u00e4zise Analysen und Vorteile hinsichtlich des Arbeits- und Zeitaufwands bieten.<\/p>\n<p>Nutzen Sie die Vorteile der einheitlichen Abarbeitung und Kombinierbarkeit der RIDA\u00aeGENE real-time PCR Produkte.<\/p>\n<p>Ab sofort ist auch die automatische Analyse der Laborrohdaten mit der Interpretationssoftware RIDA\u00aeSEEK m\u00f6glich. Das optimiert dank der vorgeschlagenen Ergebnisse die Arbeitsprozesse deutlich, spart Zeit und gew\u00e4hrleistet so ein umfangreiches Qualit\u00e4tsmanagement.[\/vc_column_text][vc_cta h2=&#8220;Humangenetik&#8220; shape=&#8220;square&#8220; style=&#8220;flat&#8220; add_button=&#8220;right&#8220; btn_title=&#8220;Flyer downloaden&#8220; btn_style=&#8220;flat&#8220; btn_shape=&#8220;square&#8220; btn_color=&#8220;inverse&#8220; btn_link=&#8220;url:https%3A%2F%2Fclinical.r-biopharm.com%2Fwp-content%2Fuploads%2F2023%2F09%2Frida-gene-humangenetik_produktlinie_4p_de_2023-07.pdf|target:_blank&#8220;]In den R-Biopharm RIDA\u00aeGENE Kits f\u00fcr die Humangenetik, dient die real-time PCR-Technologie, zum Teil gekoppelt mit einer patentierten SNP Technologie, zum Nachweis spezifischer Allele bzw. einzelner Punktmutationen.[\/vc_cta][mk_image_slideshow images=&#8220;170045,170051,170057&#8243; image_width=&#8220;1700&#8243; image_height=&#8220;500&#8243; margin_top=&#8220;8&#8243; margin_bottom=&#8220;8&#8243; effect=&#8220;slide&#8220;][\/vc_column_inner][\/vc_row_inner][vc_row_inner disable_element=&#8220;yes&#8220;][vc_column_inner][vc_column_text css=&#8220;.vc_custom_1544448593472{margin-bottom: 0px !important;}&#8220;]\n<div id=\"text-block-3\" class=\"mk-text-block \">\n<p><strong>Die Humangenetik ist in allen Fachbereichen der Medizin mittlerweile von gro\u00dfer Bedeutung, da viele Erkrankungen bzw. Auff\u00e4lligkeiten mit genetischen Ursachen in Verbindung gebracht werden.<\/strong><\/p>\n<p>Unter dem Begriff humangenetische Diagnostik werden alle Analysen von menschlicher Erbinformation zusammengefasst. Die Erbinformation des Menschen besteht aus DNA (Desoxyribonukleins\u00e4ure) und umfasst weit \u00fcber 20.000 Gene, die auf 46 Chromosomen angeordnet sind. Die Analyse von DNA-Abschnitten erlaubt es, genetische Pr\u00e4dispositionen zu erkennen, die in Verbindung mit bestimmten Erkrankungen stehen. In vielen Bereichen sind Gentests bereits eine wichtige Unterst\u00fctzung bei der Diagnostik.<\/p><\/div>\n[\/vc_column_text][vc_column_text css=&#8220;.vc_custom_1544451566006{margin-bottom: 0px !important;}&#8220;]\n<div id=\"text-block-3\" class=\"mk-text-block \">\n<h3 class=\"knubbel\">Diagnostische Produkte f\u00fcr die Humangenetik<\/h3>\n<p>Das Testportfolio von R-Biopharm f\u00fcr die Humangenetik bietet L\u00f6sungen, die auf die diagnostischen Bed\u00fcrfnisse von Laboren abgestimmt sind. Dabei greift R-Biopharm auf die moderne Technologie der Echtzeit-PCR zur\u00fcck, die effiziente und pr\u00e4zise Analysen erm\u00f6glicht.<\/p>\n<p>Mit dem <a href=\"https:\/\/clinical.r-biopharm.com\/de\/produkte\/ridagene-hla-b27\/\">RIDA\u00aeGENE HLA-B27<\/a> real-time PCR Test (Art. Nr. PY0205) kann der Erbfaktor HLA-B27 nachgewiesen werden \u2013 eine genetische Pr\u00e4disposition, die mit einer chronisch-entz\u00fcndlichen rheumatischen Erkrankung (Ankylosierende Spondylitis (AS)) assoziiert wird. Der Test enth\u00e4lt eine interne Kontrolle, kann mit den g\u00e4ngigen PCR-Ger\u00e4ten verwendet werden und ist mit anderen RIDA\u00aeGENE Produkten kombinierbar.<\/p>\n<p>Weitere Produkte im Bereich Humangenetik f\u00fcr den Nachweis genetischer Pr\u00e4dispositionen, die mit Thrombophilie, Nahrungsmittelintoleranz oder H\u00e4mochromatose assoziiert werden, sind in Planung.<\/p><\/div>\n[\/vc_column_text][vc_cta h2=&#8220;Diagnostik f\u00fcr Morbus Bechterew&#8220; shape=&#8220;square&#8220; style=&#8220;flat&#8220; add_button=&#8220;right&#8220; btn_title=&#8220;Flyer downloaden&#8220; btn_style=&#8220;flat&#8220; btn_shape=&#8220;square&#8220; btn_color=&#8220;inverse&#8220; btn_link=&#8220;url:https%3A%2F%2Fclinical.r-biopharm.com%2Fwp-content%2Fuploads%2F2019%2F08%2Fpy0205_rg_hla-b27_2p_de_2019-06_lores.pdf|target:_blank&#8220;]Etwa 7 Millionen Menschen in Deutschland leiden an schweren chronischen R\u00fcckenschmerzen. Die Ursachen sind vielf\u00e4ltig. Oft steckt eine rheumatische Erkrankung wie Morbus Bechterew dahinter. Gentests k\u00f6nnen die Diagnostik unterst\u00fctzen.[\/vc_cta][vc_column_text css=&#8220;.vc_custom_1544451578084{margin-bottom: 0px !important;}&#8220;]\n<div id=\"text-block-3\" class=\"mk-text-block \">\n<h3 class=\"knubbel\">Diagnostische Produkte f\u00fcr die Pharmakogenetik<\/h3>\n<p>Der Test <a href=\"https:\/\/clinical.r-biopharm.com\/de\/produkte\/ridaprecision-abcb1\/\">RIDA\u00aePRECISION ABCB1<\/a> (Art. Nr. Y5500) unterst\u00fctzt den behandelnden Arzt bei der Therapie eines Patienten mit Antidepressiva, sodass der Arzt schneller ein geeignetes Medikament in der richtigen Dosierung w\u00e4hlen kann.<\/div>\n[\/vc_column_text][\/vc_column_inner][\/vc_row_inner][\/vc_column][vc_column width=&#8220;1\/3&#8243;][vc_column_text margin_bottom=&#8220;20&#8243;]\n<h3 style=\"margin-bottom: 25px;\">Technologie w\u00e4hlen<\/h3>\n<div class=\"facetwp-facet facetwp-facet-technology_fselect facetwp-type-fselect\" data-name=\"technology_fselect\" data-type=\"fselect\"><\/div>[\/vc_column_text][vc_column_text margin_bottom=&#8220;40&#8243; css=&#8220;.vc_custom_1539079301279{margin-bottom: 40px !important;}&#8220;]\n<h3 style=\"margin-bottom: 25px;\">Passende Produkte zu Ihrer Auswahl<\/h3>\n<div class=\"facetwp-template\" data-name=\"human_genetics\"><ul class=\"product_facets\"><li>\n<a class=\"facetwp_pimg\" href=\"https:\/\/clinical.r-biopharm.com\/de\/produkte\/ridagene-factor-ii\/\"><img loading=\"lazy\" decoding=\"async\" width=\"100\" height=\"50\" src=\"https:\/\/clinical.r-biopharm.com\/wp-content\/uploads\/2022\/06\/py1205_ridagene-factor-ii_neutral_rgb_1200x600_2022-06-100x50.jpg\" class=\"recent-thumbs wp-post-image\" alt=\"\" srcset=\"https:\/\/clinical.r-biopharm.com\/wp-content\/uploads\/2022\/06\/py1205_ridagene-factor-ii_neutral_rgb_1200x600_2022-06-100x50.jpg 100w, https:\/\/clinical.r-biopharm.com\/wp-content\/uploads\/2022\/06\/py1205_ridagene-factor-ii_neutral_rgb_1200x600_2022-06-300x150.jpg 300w, https:\/\/clinical.r-biopharm.com\/wp-content\/uploads\/2022\/06\/py1205_ridagene-factor-ii_neutral_rgb_1200x600_2022-06-1024x512.jpg 1024w, https:\/\/clinical.r-biopharm.com\/wp-content\/uploads\/2022\/06\/py1205_ridagene-factor-ii_neutral_rgb_1200x600_2022-06-768x384.jpg 768w, https:\/\/clinical.r-biopharm.com\/wp-content\/uploads\/2022\/06\/py1205_ridagene-factor-ii_neutral_rgb_1200x600_2022-06-353x179.jpg 353w, https:\/\/clinical.r-biopharm.com\/wp-content\/uploads\/2022\/06\/py1205_ridagene-factor-ii_neutral_rgb_1200x600_2022-06-200x100.jpg 200w, https:\/\/clinical.r-biopharm.com\/wp-content\/uploads\/2022\/06\/py1205_ridagene-factor-ii_neutral_rgb_1200x600_2022-06-600x300.jpg 600w, https:\/\/clinical.r-biopharm.com\/wp-content\/uploads\/2022\/06\/py1205_ridagene-factor-ii_neutral_rgb_1200x600_2022-06.jpg 1200w\" sizes=\"auto, (max-width: 100px) 100vw, 100px\" itemprop=\"image\" \/><\/a>\n<div class=\"facetwp_title_container\"><a class=\"facetwp_ptitle\" href=\"https:\/\/clinical.r-biopharm.com\/de\/produkte\/ridagene-factor-ii\/\">RIDA\u00aeGENE Factor II<\/a><\/div>\n<\/li>\n\n<li>\n<a class=\"facetwp_pimg\" href=\"https:\/\/clinical.r-biopharm.com\/de\/produkte\/ridagene-factor-v\/\"><img loading=\"lazy\" decoding=\"async\" width=\"100\" height=\"50\" src=\"https:\/\/clinical.r-biopharm.com\/wp-content\/uploads\/2022\/06\/py1210_ridagene-factor-v_neutral_rgb_1200x600_2022-06-100x50.jpg\" class=\"recent-thumbs wp-post-image\" alt=\"\" itemprop=\"image\" \/><\/a>\n<div class=\"facetwp_title_container\"><a class=\"facetwp_ptitle\" href=\"https:\/\/clinical.r-biopharm.com\/de\/produkte\/ridagene-factor-v\/\">RIDA\u00aeGENE Factor V<\/a><\/div>\n<\/li>\n\n<li>\n<a class=\"facetwp_pimg\" href=\"https:\/\/clinical.r-biopharm.com\/de\/produkte\/ridagene-lac-intol\/\"><img loading=\"lazy\" decoding=\"async\" width=\"100\" height=\"50\" src=\"https:\/\/clinical.r-biopharm.com\/wp-content\/uploads\/2022\/06\/py4215_ridagene-lac-intol_neutral_rgb_1200x600_2022-06-100x50.jpg\" class=\"recent-thumbs wp-post-image\" alt=\"\" itemprop=\"image\" \/><\/a>\n<div class=\"facetwp_title_container\"><a class=\"facetwp_ptitle\" href=\"https:\/\/clinical.r-biopharm.com\/de\/produkte\/ridagene-lac-intol\/\">RIDA\u00aeGENE Lac Intol<\/a><\/div>\n<\/li>\n\n<li>\n<a class=\"facetwp_pimg\" href=\"https:\/\/clinical.r-biopharm.com\/de\/produkte\/ridaprecision-abcb1\/\"><img loading=\"lazy\" decoding=\"async\" width=\"100\" height=\"50\" src=\"https:\/\/clinical.r-biopharm.com\/wp-content\/uploads\/2018\/12\/2017-02_rida_precision-abcb_neutral_rgb_600-x-300-100x50.jpg\" class=\"recent-thumbs wp-post-image\" alt=\"rida_precision-abcb1\" itemprop=\"image\" \/><\/a>\n<div class=\"facetwp_title_container\"><a class=\"facetwp_ptitle\" href=\"https:\/\/clinical.r-biopharm.com\/de\/produkte\/ridaprecision-abcb1\/\">RIDA\u00aePRECISION ABCB1<\/a><\/div>\n<\/li>\n\n<li>\n<a class=\"facetwp_pimg\" href=\"https:\/\/clinical.r-biopharm.com\/de\/produkte\/ridagene-hla-b27\/\"><img loading=\"lazy\" decoding=\"async\" width=\"100\" height=\"50\" src=\"https:\/\/clinical.r-biopharm.com\/wp-content\/uploads\/2018\/10\/2018-04_rida-gene-hla-b27_rgb_600-x-300-100x50.jpg\" class=\"recent-thumbs wp-post-image\" alt=\"rida-gene-hla-b27\" itemprop=\"image\" \/><\/a>\n<div class=\"facetwp_title_container\"><a class=\"facetwp_ptitle\" href=\"https:\/\/clinical.r-biopharm.com\/de\/produkte\/ridagene-hla-b27\/\">RIDA\u00aeGENE HLA-B27<\/a><\/div>\n<\/li>\n\n<\/ul><\/div><div class=\"facetwp-facet facetwp-facet-load_more_pager facetwp-type-pager\" data-name=\"load_more_pager\" data-type=\"pager\"><button class=\"facetwp-load-more\" data-loading=\"Loading...\">Load more<\/button><\/div>[\/vc_column_text][\/vc_column][\/mk_page_section][mk_page_section bg_color=&#8220;#ffffff&#8220; padding_top=&#8220;0&#8243; sidebar=&#8220;sidebar-1&#8243;][vc_column css=&#8220;.vc_custom_1467042052405{margin-top: 40px !important;}&#8220;][vc_column_text margin_bottom=&#8220;20&#8243;]\n<h2 class=\"knubbel\">Das k\u00f6nnte Sie auch interessieren<\/h2>\n[\/vc_column_text][vc_row_inner css=&#8220;.vc_custom_1468404266697{margin-bottom: 40px !important;}&#8220;][vc_column_inner width=&#8220;1\/3&#8243; css=&#8220;.vc_custom_1468416557833{padding-bottom: 10px !important;padding-left: 0px !important;}&#8220;][mk_flipbox_rb taxonomy=&#8220;technology&#8220; tag_technology=&#8220;qpcr&#8220; min_height=&#8220;200&#8243; button_bg_color=&#8220;#4d4d4d&#8220; button_bg_hover_color=&#8220;#ffffff&#8220; button_text=&#8220;More&#8220;][\/vc_column_inner][vc_column_inner width=&#8220;1\/3&#8243; css=&#8220;.vc_custom_1468416552613{padding-right: 7.5px !important;padding-bottom: 10px !important;padding-left: 7.5px !important;}&#8220;][mk_flipbox_rb taxonomy=&#8220;technology&#8220; tag_technology=&#8220;qpcr&#8220; offset=&#8220;1&#8243; min_height=&#8220;200&#8243; button_bg_color=&#8220;#4d4d4d&#8220; button_bg_hover_color=&#8220;#ffffff&#8220; button_text=&#8220;More&#8220;][\/vc_column_inner][vc_column_inner width=&#8220;1\/3&#8243; css=&#8220;.vc_custom_1468416547451{padding-right: 0px !important;padding-bottom: 10px !important;}&#8220;][mk_flipbox_rb taxonomy=&#8220;technology&#8220; tag_technology=&#8220;qpcr&#8220; offset=&#8220;2&#8243; min_height=&#8220;200&#8243; button_bg_color=&#8220;#4d4d4d&#8220; button_bg_hover_color=&#8220;#ffffff&#8220; button_text=&#8220;More&#8220;][\/vc_column_inner][\/vc_row_inner][\/vc_column][\/mk_page_section][mk_page_section bg_color=&#8220;#f7f7f7&#8243; padding_top=&#8220;20&#8243; padding_bottom=&#8220;20&#8243; sidebar=&#8220;sidebar-1&#8243;][vc_column css=&#8220;.vc_custom_1468415774645{padding-top: 0px !important;padding-bottom: 0px !important;}&#8220;][vc_column_text disable_pattern=&#8220;false&#8220; align=&#8220;center&#8220; css=&#8220;.vc_custom_1538993831162{margin-bottom: 0px !important;}&#8220;]\n<h2>Beratung zum Thema Humangenetik<\/h2>\n<p>Fragen? Unser erfahrenes Team unterst\u00fctzt Sie gern mit individuell zugeschnittenen L\u00f6sungen f\u00fcr Ihre Diagnostik.[\/vc_column_text][mk_button dimension=&#8220;flat&#8220; url=&#8220;\/contact&#8220; align=&#8220;center&#8220; margin_bottom=&#8220;&#8220; bg_color=&#8220;#4d4d4d&#8220; btn_hover_bg=&#8220;#ffffff&#8220; btn_hover_txt_color=&#8220;#4d4d4d&#8220;]Kontakt[\/mk_button][\/vc_column][\/mk_page_section]\n<\/div>","protected":false},"excerpt":{"rendered":"<p>[mk_page_section padding_top=&#8220;30&#8243; padding_bottom=&#8220;30&#8243; sidebar=&#8220;sidebar-1&#8243;][vc_column width=&#8220;2\/3&#8243;][vc_row_inner][vc_column_inner][vc_column_text css=&#8220;.vc_custom_1688731553808{margin-bottom: 0px !important;}&#8220;]Die Humangenetik ist in allen Fachbereichen der Medizin mittlerweile von gro\u00dfer Bedeutung, da viele Erkrankungen bzw. Auff\u00e4lligkeiten mit genetischen Ursachen in Verbindung gebracht werden. Unter dem Begriff humangenetische Diagnostik werden alle Analysen von menschlicher Erbinformation, der DNA, zusammengefasst. Die Analyse von DNA-Abschnitten erlaubt es, genetische Pr\u00e4dispositionen zu erkennen, [&hellip;]<\/p>\n","protected":false},"author":27,"featured_media":0,"parent":69758,"menu_order":0,"comment_status":"closed","ping_status":"closed","template":"","meta":{"_acf_changed":false,"content-type":"","_relevanssi_hide_post":"","_relevanssi_hide_content":"","_relevanssi_pin_for_all":"","_relevanssi_pin_keywords":"","_relevanssi_unpin_keywords":"","_relevanssi_related_keywords":"","_relevanssi_related_include_ids":"","_relevanssi_related_exclude_ids":"","_relevanssi_related_no_append":"","_relevanssi_related_not_related":"","_relevanssi_related_posts":"","_relevanssi_noindex_reason":"","footnotes":""},"class_list":["post-94478","page","type-page","status-publish","hentry"],"acf":[],"yoast_head":"<!-- This site is optimized with the Yoast SEO plugin v26.7 - https:\/\/yoast.com\/wordpress\/plugins\/seo\/ -->\n<title>Humangenetik - Clinical Diagnostics<\/title>\n<meta name=\"description\" content=\"Die Humangenetik ist in der Medizin von gro\u00dfer Bedeutung, da viele Erkrankungen mit genetischen Ursachen in Verbindung gebracht werden.\" \/>\n<meta name=\"robots\" content=\"index, follow, max-snippet:-1, max-image-preview:large, max-video-preview:-1\" \/>\n<link rel=\"canonical\" href=\"https:\/\/clinical.r-biopharm.com\/de\/diagnostik\/humangenetik\/\" \/>\n<meta property=\"og:locale\" content=\"de_DE\" \/>\n<meta property=\"og:type\" content=\"article\" \/>\n<meta property=\"og:title\" content=\"Humangenetik - Clinical Diagnostics\" \/>\n<meta property=\"og:description\" content=\"Die Humangenetik ist in der Medizin von gro\u00dfer Bedeutung, da viele Erkrankungen mit genetischen Ursachen in Verbindung gebracht werden.\" \/>\n<meta property=\"og:url\" content=\"https:\/\/clinical.r-biopharm.com\/de\/diagnostik\/humangenetik\/\" \/>\n<meta property=\"og:site_name\" content=\"Clinical Diagnostics\" \/>\n<meta property=\"article:modified_time\" content=\"2024-03-07T08:51:19+00:00\" \/>\n<meta name=\"twitter:label1\" content=\"Gesch\u00e4tzte Lesezeit\" \/>\n\t<meta name=\"twitter:data1\" content=\"5\u00a0Minuten\" \/>\n<script type=\"application\/ld+json\" class=\"yoast-schema-graph\">{\"@context\":\"https:\/\/schema.org\",\"@graph\":[{\"@type\":\"WebPage\",\"@id\":\"https:\/\/clinical.r-biopharm.com\/de\/diagnostik\/humangenetik\/\",\"url\":\"https:\/\/clinical.r-biopharm.com\/de\/diagnostik\/humangenetik\/\",\"name\":\"Humangenetik - Clinical Diagnostics\",\"isPartOf\":{\"@id\":\"https:\/\/clinical.r-biopharm.com\/fr\/#website\"},\"datePublished\":\"2018-10-09T08:20:52+00:00\",\"dateModified\":\"2024-03-07T08:51:19+00:00\",\"description\":\"Die Humangenetik ist in der Medizin von gro\u00dfer Bedeutung, da viele Erkrankungen mit genetischen Ursachen in Verbindung gebracht werden.\",\"breadcrumb\":{\"@id\":\"https:\/\/clinical.r-biopharm.com\/de\/diagnostik\/humangenetik\/#breadcrumb\"},\"inLanguage\":\"de\",\"potentialAction\":[{\"@type\":\"ReadAction\",\"target\":[\"https:\/\/clinical.r-biopharm.com\/de\/diagnostik\/humangenetik\/\"]}]},{\"@type\":\"BreadcrumbList\",\"@id\":\"https:\/\/clinical.r-biopharm.com\/de\/diagnostik\/humangenetik\/#breadcrumb\",\"itemListElement\":[{\"@type\":\"ListItem\",\"position\":1,\"name\":\"Home\",\"item\":\"https:\/\/clinical.r-biopharm.com\/de\/\"},{\"@type\":\"ListItem\",\"position\":2,\"name\":\"Diagnostik\",\"item\":\"https:\/\/clinical.r-biopharm.com\/de\/diagnostik\/\"},{\"@type\":\"ListItem\",\"position\":3,\"name\":\"Humangenetik\"}]},{\"@type\":\"WebSite\",\"@id\":\"https:\/\/clinical.r-biopharm.com\/fr\/#website\",\"url\":\"https:\/\/clinical.r-biopharm.com\/fr\/\",\"name\":\"Clinical Diagnostics\",\"description\":\"A Division of the R-Biopharm Group\",\"potentialAction\":[{\"@type\":\"SearchAction\",\"target\":{\"@type\":\"EntryPoint\",\"urlTemplate\":\"https:\/\/clinical.r-biopharm.com\/fr\/?s={search_term_string}\"},\"query-input\":{\"@type\":\"PropertyValueSpecification\",\"valueRequired\":true,\"valueName\":\"search_term_string\"}}],\"inLanguage\":\"de\"}]}<\/script>\n<!-- \/ Yoast SEO plugin. -->","yoast_head_json":{"title":"Humangenetik - Clinical Diagnostics","description":"Die Humangenetik ist in der Medizin von gro\u00dfer Bedeutung, da viele Erkrankungen mit genetischen Ursachen in Verbindung gebracht werden.","robots":{"index":"index","follow":"follow","max-snippet":"max-snippet:-1","max-image-preview":"max-image-preview:large","max-video-preview":"max-video-preview:-1"},"canonical":"https:\/\/clinical.r-biopharm.com\/de\/diagnostik\/humangenetik\/","og_locale":"de_DE","og_type":"article","og_title":"Humangenetik - Clinical Diagnostics","og_description":"Die Humangenetik ist in der Medizin von gro\u00dfer Bedeutung, da viele Erkrankungen mit genetischen Ursachen in Verbindung gebracht werden.","og_url":"https:\/\/clinical.r-biopharm.com\/de\/diagnostik\/humangenetik\/","og_site_name":"Clinical Diagnostics","article_modified_time":"2024-03-07T08:51:19+00:00","twitter_misc":{"Gesch\u00e4tzte Lesezeit":"5\u00a0Minuten"},"schema":{"@context":"https:\/\/schema.org","@graph":[{"@type":"WebPage","@id":"https:\/\/clinical.r-biopharm.com\/de\/diagnostik\/humangenetik\/","url":"https:\/\/clinical.r-biopharm.com\/de\/diagnostik\/humangenetik\/","name":"Humangenetik - Clinical Diagnostics","isPartOf":{"@id":"https:\/\/clinical.r-biopharm.com\/fr\/#website"},"datePublished":"2018-10-09T08:20:52+00:00","dateModified":"2024-03-07T08:51:19+00:00","description":"Die Humangenetik ist in der Medizin von gro\u00dfer Bedeutung, da viele Erkrankungen mit genetischen Ursachen in Verbindung gebracht werden.","breadcrumb":{"@id":"https:\/\/clinical.r-biopharm.com\/de\/diagnostik\/humangenetik\/#breadcrumb"},"inLanguage":"de","potentialAction":[{"@type":"ReadAction","target":["https:\/\/clinical.r-biopharm.com\/de\/diagnostik\/humangenetik\/"]}]},{"@type":"BreadcrumbList","@id":"https:\/\/clinical.r-biopharm.com\/de\/diagnostik\/humangenetik\/#breadcrumb","itemListElement":[{"@type":"ListItem","position":1,"name":"Home","item":"https:\/\/clinical.r-biopharm.com\/de\/"},{"@type":"ListItem","position":2,"name":"Diagnostik","item":"https:\/\/clinical.r-biopharm.com\/de\/diagnostik\/"},{"@type":"ListItem","position":3,"name":"Humangenetik"}]},{"@type":"WebSite","@id":"https:\/\/clinical.r-biopharm.com\/fr\/#website","url":"https:\/\/clinical.r-biopharm.com\/fr\/","name":"Clinical Diagnostics","description":"A Division of the R-Biopharm Group","potentialAction":[{"@type":"SearchAction","target":{"@type":"EntryPoint","urlTemplate":"https:\/\/clinical.r-biopharm.com\/fr\/?s={search_term_string}"},"query-input":{"@type":"PropertyValueSpecification","valueRequired":true,"valueName":"search_term_string"}}],"inLanguage":"de"}]}},"_links":{"self":[{"href":"https:\/\/clinical.r-biopharm.com\/de\/wp-json\/wp\/v2\/pages\/94478","targetHints":{"allow":["GET"]}}],"collection":[{"href":"https:\/\/clinical.r-biopharm.com\/de\/wp-json\/wp\/v2\/pages"}],"about":[{"href":"https:\/\/clinical.r-biopharm.com\/de\/wp-json\/wp\/v2\/types\/page"}],"author":[{"embeddable":true,"href":"https:\/\/clinical.r-biopharm.com\/de\/wp-json\/wp\/v2\/users\/27"}],"replies":[{"embeddable":true,"href":"https:\/\/clinical.r-biopharm.com\/de\/wp-json\/wp\/v2\/comments?post=94478"}],"version-history":[{"count":15,"href":"https:\/\/clinical.r-biopharm.com\/de\/wp-json\/wp\/v2\/pages\/94478\/revisions"}],"predecessor-version":[{"id":174378,"href":"https:\/\/clinical.r-biopharm.com\/de\/wp-json\/wp\/v2\/pages\/94478\/revisions\/174378"}],"up":[{"embeddable":true,"href":"https:\/\/clinical.r-biopharm.com\/de\/wp-json\/wp\/v2\/pages\/69758"}],"wp:attachment":[{"href":"https:\/\/clinical.r-biopharm.com\/de\/wp-json\/wp\/v2\/media?parent=94478"}],"curies":[{"name":"wp","href":"https:\/\/api.w.org\/{rel}","templated":true}]}}