{"id":88514,"date":"2015-02-05T12:22:09","date_gmt":"2015-02-05T11:22:09","guid":{"rendered":"https:\/\/clinical.r-biopharm.com\/inicio\/"},"modified":"2023-07-05T09:21:19","modified_gmt":"2023-07-05T07:21:19","slug":"inicio","status":"publish","type":"page","link":"https:\/\/clinical.r-biopharm.com\/es\/","title":{"rendered":"Inicio"},"content":{"rendered":"<div class=\"wpb-content-wrapper\">[vc_row fullwidth=&#8221;true&#8221; fullwidth_content=&#8221;false&#8221; css=&#8221;.vc_custom_1688470588299{margin-bottom: 40px !important;background: #ffffff url(https:\/\/clinical.r-biopharm.com\/wp-content\/uploads\/2023\/07\/2023_06_starseite_kd_-scaled.jpg?id=173420) !important;background-position: center !important;background-repeat: no-repeat !important;background-size: cover !important;}&#8221;][vc_column width=&#8221;1\/2&#8243;][mk_padding_divider size=&#8221;300&#8243; visibility=&#8221;hidden-sm&#8221;][mk_padding_divider size=&#8221;150&#8243; visibility=&#8221;visible-sm&#8221;][vc_column_text el_class=&#8221;sliderbox&#8221; css=&#8221;.vc_custom_1576578949133{padding-top: 10px !important;padding-right: 10px !important;padding-bottom: 10px !important;padding-left: 10px !important;background-color: rgba(255,255,255,0.5) !important;*background-color: rgb(255,255,255) !important;}&#8221;]\n<h1 class=\"slider_maintext\">Bienvenido a Clinical Diagnostics<\/h1>\n<p><span style=\"font-size: 1.1em;\">una divisi\u00f3n de R-Biopharm AG<\/span>[\/vc_column_text][mk_padding_divider size=&#8221;100&#8243; visibility=&#8221;hidden-sm&#8221;][mk_padding_divider size=&#8221;50&#8243; visibility=&#8221;visible-sm&#8221;][\/vc_column][vc_column width=&#8221;1\/2&#8243;][\/vc_column][\/vc_row][vc_row css=&#8221;.vc_custom_1509499314916{margin-top: 20px !important;margin-bottom: 20px !important;}&#8221;][vc_column width=&#8221;1\/2&#8243;][mk_icon_box2 icon_type=&#8221;image&#8221; icon_size=&#8221;inherit&#8221; icon_image=&#8221;https:\/\/clinical.r-biopharm.com\/wp-content\/uploads\/diagnostic-fields-1.jpg&#8221; title=&#8221;Nuestros campos de diagn\u00f3stico&#8221; title_top_padding=&#8221;20&#8243; title_bottom_padding=&#8221;20&#8243; align=&#8221;left&#8221; read_more_url=&#8221;\/es\/diagnostico\/&#8221; el_class=&#8221;yellow-border&#8221;]Ofrecemos productos innovadores para numerosas aplicaciones en el \u00e1rea del diagn\u00f3stico cl\u00ednico. Vea nuestros campos de diagn\u00f3stico y competencias aqu\u00ed.[\/mk_icon_box2][\/vc_column][vc_column width=&#8221;1\/2&#8243;][mk_icon_box2 icon_type=&#8221;image&#8221; icon_size=&#8221;inherit&#8221; icon_image=&#8221;https:\/\/clinical.r-biopharm.com\/wp-content\/uploads\/technologies.jpg&#8221; title=&#8221;Las tecnolog\u00edas que ofrecemos&#8221; title_top_padding=&#8221;20&#8243; title_bottom_padding=&#8221;20&#8243; align=&#8221;left&#8221; read_more_url=&#8221;\/es\/tecnologias\/&#8221; el_class=&#8221;yellow-border&#8221;]Nuestras tecnolog\u00edas innovadoras para diagn\u00f3stico cl\u00ednico incluyen ELISA, PCR, pruebas de flujo lateral, electrotransferencia, etc. Vea nuestros m\u00e9todos anal\u00edticos aqu\u00ed.[\/mk_icon_box2][\/vc_column][\/vc_row][vc_row css=&#8221;.vc_custom_1509499453846{margin-top: 20px !important;margin-bottom: 20px !important;}&#8221;][vc_column width=&#8221;1\/2&#8243;][mk_icon_box2 icon_type=&#8221;image&#8221; icon_size=&#8221;inherit&#8221; icon_image=&#8221;https:\/\/clinical.r-biopharm.com\/wp-content\/uploads\/indications.jpg&#8221; title=&#8221;Indicaciones&#8221; title_top_padding=&#8221;20&#8243; title_bottom_padding=&#8221;20&#8243; align=&#8221;left&#8221; read_more_url=&#8221;\/es\/indicacion\/&#8221; el_class=&#8221;yellow-border&#8221;]Un diagn\u00f3stico fiable es un requisito b\u00e1sico para un tratamiento eficaz. Navegue por nuestra cartera de productos y busque la mejor prueba diagn\u00f3stica para su indicaci\u00f3n.[\/mk_icon_box2][\/vc_column][vc_column width=&#8221;1\/2&#8243;][mk_icon_box2 icon_type=&#8221;image&#8221; icon_size=&#8221;inherit&#8221; icon_image=&#8221;https:\/\/clinical.r-biopharm.com\/wp-content\/uploads\/systems.jpg&#8221; title=&#8221;Sistemas&#8221; title_top_padding=&#8221;20&#8243; title_bottom_padding=&#8221;20&#8243; align=&#8221;left&#8221; read_more_url=&#8221;\/es\/sistemas\/&#8221; el_class=&#8221;yellow-border&#8221;]La automatizaci\u00f3n es cada vez m\u00e1s importante en el diagn\u00f3stico cl\u00ednico. Haga m\u00e1s eficiente su laboratorio con nuestros pr\u00e1cticos sistemas.[\/mk_icon_box2][\/vc_column][\/vc_row][vc_row fullwidth=&#8221;true&#8221;][vc_column][mk_padding_divider size=&#8221;50&#8243;][\/vc_column][\/vc_row][mk_page_section bg_color=&#8221;#fff5cc&#8221; padding_top=&#8221;30&#8243; padding_bottom=&#8221;0&#8243; sidebar=&#8221;sidebar-1&#8243;][vc_column width=&#8221;1\/3&#8243;][mk_milestone icon=&#8221;mk-li-posion&#8221; align=&#8221;center&#8221; icon_color=&#8221;#393836&#8243; stop=&#8221;30&#8243; text=&#8221;A\u00f1os de experiencia&#8221; text_color=&#8221;#666360&#8243; font_family=&#8221;none&#8221; desc_size=&#8221;20&#8243;][\/vc_column][vc_column width=&#8221;1\/3&#8243;][mk_milestone icon=&#8221;mk-moon-earth&#8221; align=&#8221;center&#8221; icon_color=&#8221;#393836&#8243; stop=&#8221;122&#8243; text=&#8221;Pa\u00edses&#8221; text_color=&#8221;#666360&#8243; font_family=&#8221;none&#8221; desc_size=&#8221;20&#8243;][\/vc_column][vc_column width=&#8221;1\/3&#8243;][mk_milestone icon=&#8221;mk-li-smile&#8221; align=&#8221;center&#8221; icon_color=&#8221;#393836&#8243; stop=&#8221;300&#8243; text=&#8221;Nuestra cartera de productos&#8221; text_color=&#8221;#666360&#8243; font_family=&#8221;none&#8221; desc_size=&#8221;20&#8243;][\/vc_column][\/mk_page_section][mk_page_section bg_color=&#8221;#f9f9f9&#8243; padding_top=&#8221;60&#8243; padding_bottom=&#8221;60&#8243; margin_bottom=&#8221;&#8221; top_shape_color=&#8221;#ffffff&#8221; bottom_shape_color=&#8221;#ffffff&#8221; sidebar=&#8221;sidebar-1&#8243;][vc_column][vc_column_text margin_bottom=&#8221;20&#8243;]\n<h2 class=\"knubbel\">Noticias recientes sobre R-Biopharm<\/h2>\n[\/vc_column_text][mk_blog_carousel][\/vc_column][\/mk_page_section][mk_page_section bg_image=&#8221;https:\/\/clinical.r-biopharm.com\/wp-content\/uploads\/Weltkarte-2016_ohne-Distris.jpg&#8221; attachment=&#8221;fixed&#8221; bg_position=&#8221;center center&#8221; bg_repeat=&#8221;no-repeat&#8221; video_color_mask=&#8221;#ffffff&#8221; video_opacity=&#8221;0.8&#8243; padding_top=&#8221;60&#8243; padding_bottom=&#8221;0&#8243; sidebar=&#8221;sidebar-1&#8243;][vc_column width=&#8221;1\/2&#8243; css=&#8221;.vc_custom_1429082440293{padding-right: 50px !important;padding-left: 20px !important;}&#8221;][mk_icon_box icon=&#8221;&#8221; title=&#8221;Monitorizaci\u00f3n IFX r\u00e1pida y fiable&#8221; text_size=&#8221;22&#8243; read_more_txt=&#8221;Explore&#8221; read_more_url=&#8221;\/products\/ridaquick-ifx-monitoring\/&#8221; icon_size=&#8221;medium&#8221; icon_color=&#8221;#eeee22&#8243; icon_circle_color=&#8221;&#8221; margin=&#8221;50&#8243;]Monitorizaci\u00f3n del medicamento infliximab en 20 minutos: La monitorizaci\u00f3n RIDA\u00aeQUICK IFX, en combinaci\u00f3n con RIDA\u00aeQUICK SCAN II, es el ensayo ideal de diagn\u00f3stico inmediato.[\/mk_icon_box][mk_icon_box icon=&#8221;&#8221; title=&#8221;SeraSpot\u00ae, the innovative microspot array&#8221; text_size=&#8221;22&#8243; read_more_txt=&#8221;Explore&#8221; read_more_url=&#8221;https:\/\/clinical.r-biopharm.com\/es\/tecnologias\/array\/&#8221; icon_size=&#8221;medium&#8221; icon_color=&#8221;#eeee22&#8243; icon_circle_color=&#8221;&#8221; margin=&#8221;50&#8243;]Efficient multiplex diagnostics made easy: SeraSpot\u00ae combines modern array technology with the advantages of ELISA processing.[\/mk_icon_box][\/vc_column][vc_column width=&#8221;1\/2&#8243;][mk_icon_box icon=&#8221;&#8221; title=&#8221;Eventos&#8221; text_size=&#8221;22&#8243; read_more_txt=&#8221;Explore&#8221; read_more_url=&#8221;\/events\/&#8221; icon_size=&#8221;medium&#8221; icon_color=&#8221;#eeee22&#8243; icon_circle_color=&#8221;&#8221; margin=&#8221;50&#8243;]Novedades en el campo del diagn\u00f3stico cl\u00ednico Vis\u00edtenos en conferencias y exposiciones comerciales de todo el mundo para adquirir nuevos conocimientos cient\u00edficos[\/mk_icon_box][mk_icon_box icon=&#8221;&#8221; title=&#8221;Cat\u00e1logo de productos&#8221; text_size=&#8221;22&#8243; read_more_txt=&#8221;Explore&#8221; read_more_url=&#8221;https:\/\/clinical.r-biopharm.com\/product-catalogue\/&#8221; icon_size=&#8221;medium&#8221; icon_color=&#8221;#eeee22&#8243; icon_circle_color=&#8221;&#8221; margin=&#8221;50&#8243;]Resumen de la cartera de productos de R-Biopharm: Descargue nuestro actual cat\u00e1logo de productos para diagn\u00f3stico cl\u00ednico aqu\u00ed.[\/mk_icon_box][\/vc_column][\/mk_page_section][mk_page_section bg_color=&#8221;#f7f7f7&#8243; padding_top=&#8221;20&#8243; padding_bottom=&#8221;20&#8243; sidebar=&#8221;sidebar-1&#8243;][vc_column][vc_column_text align=&#8221;center&#8221;]\n<h2>\u00bfEst\u00e1 interesado?\u00a0M\u00e1s informaci\u00f3n con un solo clic<\/h2>\n[\/vc_column_text][mk_button dimension=&#8221;flat&#8221; url=&#8221;\/es\/contacto\/&#8221; align=&#8221;center&#8221; margin_bottom=&#8221;&#8221; bg_color=&#8221;#4d4d4d&#8221; btn_hover_bg=&#8221;#ffffff&#8221; btn_hover_txt_color=&#8221;#4d4d4d&#8221;]Escr\u00edbanos[\/mk_button][\/vc_column][\/mk_page_section]\n<\/div>","protected":false},"excerpt":{"rendered":"<p>[vc_row fullwidth=&#8221;true&#8221; fullwidth_content=&#8221;false&#8221; css=&#8221;.vc_custom_1688470588299{margin-bottom: 40px !important;background: #ffffff url(https:\/\/clinical.r-biopharm.com\/wp-content\/uploads\/2023\/07\/2023_06_starseite_kd_-scaled.jpg?id=173420) !important;background-position: center !important;background-repeat: no-repeat !important;background-size: cover !important;}&#8221;][vc_column width=&#8221;1\/2&#8243;][mk_padding_divider size=&#8221;300&#8243; visibility=&#8221;hidden-sm&#8221;][mk_padding_divider size=&#8221;150&#8243; visibility=&#8221;visible-sm&#8221;][vc_column_text el_class=&#8221;sliderbox&#8221; css=&#8221;.vc_custom_1576578949133{padding-top: 10px !important;padding-right: 10px !important;padding-bottom: 10px !important;padding-left: 10px !important;background-color: rgba(255,255,255,0.5) !important;*background-color: rgb(255,255,255) !important;}&#8221;] Bienvenido a Clinical Diagnostics una divisi\u00f3n de R-Biopharm AG[\/vc_column_text][mk_padding_divider size=&#8221;100&#8243; visibility=&#8221;hidden-sm&#8221;][mk_padding_divider size=&#8221;50&#8243; visibility=&#8221;visible-sm&#8221;][\/vc_column][vc_column width=&#8221;1\/2&#8243;][\/vc_column][\/vc_row][vc_row css=&#8221;.vc_custom_1509499314916{margin-top: 20px !important;margin-bottom: 20px !important;}&#8221;][vc_column width=&#8221;1\/2&#8243;][mk_icon_box2 icon_type=&#8221;image&#8221; [&hellip;]<\/p>\n","protected":false},"author":1,"featured_media":0,"parent":0,"menu_order":0,"comment_status":"closed","ping_status":"closed","template":"","meta":{"_acf_changed":false,"content-type":"","_relevanssi_hide_post":"","_relevanssi_hide_content":"","_relevanssi_pin_for_all":"","_relevanssi_pin_keywords":"","_relevanssi_unpin_keywords":"","_relevanssi_related_keywords":"","_relevanssi_related_include_ids":"","_relevanssi_related_exclude_ids":"","_relevanssi_related_no_append":"","_relevanssi_related_not_related":"","_relevanssi_related_posts":"","_relevanssi_noindex_reason":"","footnotes":""},"class_list":["post-88514","page","type-page","status-publish","hentry"],"acf":[],"yoast_head":"<!-- This site is optimized with the Yoast SEO plugin v26.7 - https:\/\/yoast.com\/wordpress\/plugins\/seo\/ -->\n<title>Diagn\u00f3stico cl\u00ednico: Soluciones diagn\u00f3sticas eficientes de R-Biopharm<\/title>\n<meta name=\"description\" content=\"Ofrecemos sistemas de an\u00e1lisis innovadores para diversas aplicaciones en el \u00e1rea del diagn\u00f3stico cl\u00ednico, como infecciones, alergias, enfermedades gastroenterol\u00f3gicas.\" \/>\n<meta name=\"robots\" content=\"index, follow, max-snippet:-1, max-image-preview:large, max-video-preview:-1\" \/>\n<link rel=\"canonical\" href=\"https:\/\/clinical.r-biopharm.com\/es\/\" \/>\n<meta property=\"og:locale\" content=\"es_ES\" \/>\n<meta property=\"og:type\" content=\"article\" \/>\n<meta property=\"og:title\" content=\"Diagn\u00f3stico cl\u00ednico: Soluciones diagn\u00f3sticas eficientes de R-Biopharm\" \/>\n<meta property=\"og:description\" content=\"Ofrecemos sistemas de an\u00e1lisis innovadores para diversas aplicaciones en el \u00e1rea del diagn\u00f3stico cl\u00ednico, como infecciones, alergias, enfermedades gastroenterol\u00f3gicas.\" \/>\n<meta property=\"og:url\" content=\"https:\/\/clinical.r-biopharm.com\/es\/\" \/>\n<meta property=\"og:site_name\" content=\"Clinical Diagnostics\" \/>\n<meta property=\"article:modified_time\" content=\"2023-07-05T07:21:19+00:00\" \/>\n<meta name=\"twitter:label1\" content=\"Est. reading time\" \/>\n\t<meta name=\"twitter:data1\" content=\"2 minutes\" \/>\n<script type=\"application\/ld+json\" class=\"yoast-schema-graph\">{\"@context\":\"https:\/\/schema.org\",\"@graph\":[{\"@type\":\"WebPage\",\"@id\":\"https:\/\/clinical.r-biopharm.com\/es\/\",\"url\":\"https:\/\/clinical.r-biopharm.com\/es\/\",\"name\":\"Diagn\u00f3stico cl\u00ednico: Soluciones diagn\u00f3sticas eficientes de R-Biopharm\",\"isPartOf\":{\"@id\":\"https:\/\/clinical.r-biopharm.com\/fr\/#website\"},\"datePublished\":\"2015-02-05T11:22:09+00:00\",\"dateModified\":\"2023-07-05T07:21:19+00:00\",\"description\":\"Ofrecemos sistemas de an\u00e1lisis innovadores para diversas aplicaciones en el \u00e1rea del diagn\u00f3stico cl\u00ednico, como infecciones, alergias, enfermedades gastroenterol\u00f3gicas.\",\"breadcrumb\":{\"@id\":\"https:\/\/clinical.r-biopharm.com\/es\/#breadcrumb\"},\"inLanguage\":\"es-ES\",\"potentialAction\":[{\"@type\":\"ReadAction\",\"target\":[\"https:\/\/clinical.r-biopharm.com\/es\/\"]}]},{\"@type\":\"BreadcrumbList\",\"@id\":\"https:\/\/clinical.r-biopharm.com\/es\/#breadcrumb\",\"itemListElement\":[{\"@type\":\"ListItem\",\"position\":1,\"name\":\"Home\",\"item\":\"https:\/\/clinical.r-biopharm.com\/es\/\"},{\"@type\":\"ListItem\",\"position\":2,\"name\":\"Inicio\"}]},{\"@type\":\"WebSite\",\"@id\":\"https:\/\/clinical.r-biopharm.com\/fr\/#website\",\"url\":\"https:\/\/clinical.r-biopharm.com\/fr\/\",\"name\":\"Clinical Diagnostics\",\"description\":\"A Division of the R-Biopharm Group\",\"potentialAction\":[{\"@type\":\"SearchAction\",\"target\":{\"@type\":\"EntryPoint\",\"urlTemplate\":\"https:\/\/clinical.r-biopharm.com\/fr\/?s={search_term_string}\"},\"query-input\":{\"@type\":\"PropertyValueSpecification\",\"valueRequired\":true,\"valueName\":\"search_term_string\"}}],\"inLanguage\":\"es-ES\"}]}<\/script>\n<!-- \/ Yoast SEO plugin. -->","yoast_head_json":{"title":"Diagn\u00f3stico cl\u00ednico: Soluciones diagn\u00f3sticas eficientes de R-Biopharm","description":"Ofrecemos sistemas de an\u00e1lisis innovadores para diversas aplicaciones en el \u00e1rea del diagn\u00f3stico cl\u00ednico, como infecciones, alergias, enfermedades gastroenterol\u00f3gicas.","robots":{"index":"index","follow":"follow","max-snippet":"max-snippet:-1","max-image-preview":"max-image-preview:large","max-video-preview":"max-video-preview:-1"},"canonical":"https:\/\/clinical.r-biopharm.com\/es\/","og_locale":"es_ES","og_type":"article","og_title":"Diagn\u00f3stico cl\u00ednico: Soluciones diagn\u00f3sticas eficientes de R-Biopharm","og_description":"Ofrecemos sistemas de an\u00e1lisis innovadores para diversas aplicaciones en el \u00e1rea del diagn\u00f3stico cl\u00ednico, como infecciones, alergias, enfermedades gastroenterol\u00f3gicas.","og_url":"https:\/\/clinical.r-biopharm.com\/es\/","og_site_name":"Clinical Diagnostics","article_modified_time":"2023-07-05T07:21:19+00:00","twitter_misc":{"Est. reading time":"2 minutes"},"schema":{"@context":"https:\/\/schema.org","@graph":[{"@type":"WebPage","@id":"https:\/\/clinical.r-biopharm.com\/es\/","url":"https:\/\/clinical.r-biopharm.com\/es\/","name":"Diagn\u00f3stico cl\u00ednico: Soluciones diagn\u00f3sticas eficientes de R-Biopharm","isPartOf":{"@id":"https:\/\/clinical.r-biopharm.com\/fr\/#website"},"datePublished":"2015-02-05T11:22:09+00:00","dateModified":"2023-07-05T07:21:19+00:00","description":"Ofrecemos sistemas de an\u00e1lisis innovadores para diversas aplicaciones en el \u00e1rea del diagn\u00f3stico cl\u00ednico, como infecciones, alergias, enfermedades gastroenterol\u00f3gicas.","breadcrumb":{"@id":"https:\/\/clinical.r-biopharm.com\/es\/#breadcrumb"},"inLanguage":"es-ES","potentialAction":[{"@type":"ReadAction","target":["https:\/\/clinical.r-biopharm.com\/es\/"]}]},{"@type":"BreadcrumbList","@id":"https:\/\/clinical.r-biopharm.com\/es\/#breadcrumb","itemListElement":[{"@type":"ListItem","position":1,"name":"Home","item":"https:\/\/clinical.r-biopharm.com\/es\/"},{"@type":"ListItem","position":2,"name":"Inicio"}]},{"@type":"WebSite","@id":"https:\/\/clinical.r-biopharm.com\/fr\/#website","url":"https:\/\/clinical.r-biopharm.com\/fr\/","name":"Clinical Diagnostics","description":"A Division of the R-Biopharm Group","potentialAction":[{"@type":"SearchAction","target":{"@type":"EntryPoint","urlTemplate":"https:\/\/clinical.r-biopharm.com\/fr\/?s={search_term_string}"},"query-input":{"@type":"PropertyValueSpecification","valueRequired":true,"valueName":"search_term_string"}}],"inLanguage":"es-ES"}]}},"_links":{"self":[{"href":"https:\/\/clinical.r-biopharm.com\/es\/wp-json\/wp\/v2\/pages\/88514","targetHints":{"allow":["GET"]}}],"collection":[{"href":"https:\/\/clinical.r-biopharm.com\/es\/wp-json\/wp\/v2\/pages"}],"about":[{"href":"https:\/\/clinical.r-biopharm.com\/es\/wp-json\/wp\/v2\/types\/page"}],"author":[{"embeddable":true,"href":"https:\/\/clinical.r-biopharm.com\/es\/wp-json\/wp\/v2\/users\/1"}],"replies":[{"embeddable":true,"href":"https:\/\/clinical.r-biopharm.com\/es\/wp-json\/wp\/v2\/comments?post=88514"}],"version-history":[{"count":36,"href":"https:\/\/clinical.r-biopharm.com\/es\/wp-json\/wp\/v2\/pages\/88514\/revisions"}],"predecessor-version":[{"id":173449,"href":"https:\/\/clinical.r-biopharm.com\/es\/wp-json\/wp\/v2\/pages\/88514\/revisions\/173449"}],"wp:attachment":[{"href":"https:\/\/clinical.r-biopharm.com\/es\/wp-json\/wp\/v2\/media?parent=88514"}],"curies":[{"name":"wp","href":"https:\/\/api.w.org\/{rel}","templated":true}]}}