{"id":88547,"date":"2015-02-23T09:53:22","date_gmt":"2015-02-23T08:53:22","guid":{"rendered":"https:\/\/clinical.r-biopharm.com\/indicacion\/"},"modified":"2018-10-09T11:27:10","modified_gmt":"2018-10-09T09:27:10","slug":"indicacion","status":"publish","type":"page","link":"https:\/\/clinical.r-biopharm.com\/es\/indicacion\/","title":{"rendered":"Indicaci\u00f3n"},"content":{"rendered":"<div class=\"wpb-content-wrapper\">[vc_row][vc_column css=&#8221;.vc_custom_1447952416846{margin-top: 30px !important;}&#8221;][vc_column_text]<strong>Un diagn\u00f3stico fiable es un requisito b\u00e1sico para un tratamiento eficaz. Nuestros sistemas de an\u00e1lisis de alta calidad y orientados al cliente le ayudan a establecer el diagn\u00f3stico correcto.<\/strong><\/p>\n<p>Examine nuestra cartera y encuentre la mejor prueba diagn\u00f3stica para su indicaci\u00f3n:[\/vc_column_text][\/vc_column][\/vc_row][vc_row][vc_column][mk_padding_divider size=&#8221;39&#8243;][mk_imagebox show_as=&#8221;column&#8221; column=&#8221;4&#8243; padding=&#8221;5&#8243; el_class=&#8221;overview-img&#8221;][mk_imagebox_item item_image=&#8221;https:\/\/clinical.r-biopharm.com\/wp-content\/uploads\/2018\/09\/2018-09_website-icons-cd_diagnostic-fields_allergology_60prozent.png&#8221; image_padding=&#8221;false&#8221; background_color=&#8221;#ffffff&#8221; title_text_size=&#8221;26&#8243; btn_text=&#8221;Alergias&#8221; btn_url=&#8221;\/es\/indicacion\/alergias\/&#8221; btn_background_color=&#8221;#ffffff&#8221; btn_text_color=&#8221;#585858&#8243; btn_hover_background_color=&#8221;#bbca89&#8243;][\/mk_imagebox_item][mk_imagebox_item item_image=&#8221;https:\/\/clinical.r-biopharm.com\/wp-content\/uploads\/2018\/09\/2018-09_website-icons-cd_diagnostic-fields_gastroenterology_60prozent.png&#8221; image_padding=&#8221;false&#8221; background_color=&#8221;#ffffff&#8221; btn_text=&#8221;Infecciones gastrointestinales&#8221; btn_url=&#8221;\/es\/indicacion\/infecciones-gastrointestinales\/&#8221; btn_background_color=&#8221;#ffffff&#8221; btn_text_color=&#8221;#585858&#8243; btn_hover_background_color=&#8221;#f5a96c&#8221;][\/mk_imagebox_item][mk_imagebox_item item_image=&#8221;https:\/\/clinical.r-biopharm.com\/wp-content\/uploads\/2018\/09\/2018-09_website-icons-cd_diagnostic-fields_bacteriology_60prozent.png&#8221; image_padding=&#8221;false&#8221; background_color=&#8221;#ffffff&#8221; btn_text=&#8221;Infecciones contra\u00eddas en el hospital&#8221; btn_url=&#8221;\/es\/indicacion\/infecciones-contraidas-en-el-hospital\/&#8221; btn_background_color=&#8221;#ffffff&#8221; btn_text_color=&#8221;#585858&#8243; btn_hover_background_color=&#8221;#67bccb&#8221;][\/mk_imagebox_item][mk_imagebox_item item_image=&#8221;https:\/\/clinical.r-biopharm.com\/wp-content\/uploads\/2018\/09\/2018-09_website-icons-cd_indication_mosquito.png&#8221; image_padding=&#8221;false&#8221; background_color=&#8221;#ffffff&#8221; btn_text=&#8221;Enfermedades transmitidas por mosquitos&#8221; btn_url=&#8221;\/es\/indicacion\/enfermedades-transmitidas-por-mosquitos\/&#8221; btn_background_color=&#8221;#ffffff&#8221; btn_text_color=&#8221;#58585a&#8221; btn_hover_background_color=&#8221;#67bccb&#8221;][\/mk_imagebox_item][\/mk_imagebox][mk_padding_divider size=&#8221;30&#8243;][mk_imagebox show_as=&#8221;column&#8221; column=&#8221;4&#8243; padding=&#8221;5&#8243; el_class=&#8221;overview-img&#8221;][mk_imagebox_item item_image=&#8221;https:\/\/clinical.r-biopharm.com\/wp-content\/uploads\/2018\/09\/2018-09_website-icons-cd_diagnostic-fields_parasitology_60prozent.png&#8221; image_padding=&#8221;false&#8221; background_color=&#8221;#ffffff&#8221; btn_text=&#8221;Infecciones por par\u00e1sitos&#8221; btn_url=&#8221;\/es\/indicacion\/infecciones-por-parasitos\/&#8221; btn_background_color=&#8221;#ffffff&#8221; btn_text_color=&#8221;#58585a&#8221; btn_hover_background_color=&#8221;#67bccb&#8221;][\/mk_imagebox_item][mk_imagebox_item item_image=&#8221;https:\/\/clinical.r-biopharm.com\/wp-content\/uploads\/2018\/09\/2018-09_website-icons-cd_diagnostic-fields_mycology_60prozent.png&#8221; image_padding=&#8221;false&#8221; background_color=&#8221;#ffffff&#8221; btn_text=&#8221;Infecciones respiratorias&#8221; btn_url=&#8221;\/es\/indicacion\/infecciones-respiratorias\/&#8221; btn_background_color=&#8221;#ffffff&#8221; btn_text_color=&#8221;#585858&#8243; btn_hover_background_color=&#8221;#67bccb&#8221;][\/mk_imagebox_item][mk_imagebox_item item_image=&#8221;https:\/\/clinical.r-biopharm.com\/wp-content\/uploads\/2018\/09\/2018-09_website-icons-cd_indication_sti-1.png&#8221; image_padding=&#8221;false&#8221; background_color=&#8221;#ffffff&#8221; btn_text=&#8221;Infecciones de transmisi\u00f3n sexual&#8221; btn_url=&#8221;\/es\/indicacion\/infecciones-de-transmision-sexual\/&#8221; btn_background_color=&#8221;#ffffff&#8221; btn_text_color=&#8221;#585858&#8243; btn_hover_background_color=&#8221;#67bccb&#8221;][\/mk_imagebox_item][mk_imagebox_item item_image=&#8221;https:\/\/clinical.r-biopharm.com\/wp-content\/uploads\/2018\/09\/2018-09_website-icons-cd_indication_tdm-1.png&#8221; image_padding=&#8221;false&#8221; background_color=&#8221;#ffffff&#8221; btn_text=&#8221;Monitorizaci\u00f3n terap\u00e9utica de f\u00e1rmacos&#8221; btn_url=&#8221;\/es\/indicacion\/monitorizacion-terapeutica-de-farmacos\/&#8221; btn_background_color=&#8221;#ffffff&#8221; btn_text_color=&#8221;#58585a&#8221; btn_hover_background_color=&#8221;#f5a96c&#8221;][\/mk_imagebox_item][\/mk_imagebox][mk_padding_divider][\/vc_column][\/vc_row][mk_page_section bg_color=&#8221;#f7f7f7&#8243; padding_top=&#8221;20&#8243; padding_bottom=&#8221;20&#8243; sidebar=&#8221;sidebar-1&#8243;][vc_column][vc_column_text disable_pattern=&#8221;false&#8221; align=&#8221;center&#8221;]\n<h2>Asistencia en relaci\u00f3n con las indicaciones<\/h2>\n<p>\u00bfPreguntas? Recurra a los conocimientos especializados de nuestro equipo. Le respaldamos a usted y su empresa en todas las fases del proceso anal\u00edtico para garantizar su \u00e9xito[\/vc_column_text][mk_button dimension=&#8221;flat&#8221; url=&#8221;\/es\/contacto\/&#8221; align=&#8221;center&#8221; margin_bottom=&#8221;&#8221; bg_color=&#8221;#4d4d4d&#8221; btn_hover_bg=&#8221;#ffffff&#8221; btn_hover_txt_color=&#8221;#4d4d4d&#8221;]Escr\u00edbanos[\/mk_button][\/vc_column][\/mk_page_section]\n<\/div>","protected":false},"excerpt":{"rendered":"<p>[vc_row][vc_column css=&#8221;.vc_custom_1447952416846{margin-top: 30px !important;}&#8221;][vc_column_text]Un diagn\u00f3stico fiable es un requisito b\u00e1sico para un tratamiento eficaz. Nuestros sistemas de an\u00e1lisis de alta calidad y orientados al cliente le ayudan a establecer el diagn\u00f3stico correcto. Examine nuestra cartera y encuentre la mejor prueba diagn\u00f3stica para su indicaci\u00f3n:[\/vc_column_text][\/vc_column][\/vc_row][vc_row][vc_column][mk_padding_divider size=&#8221;39&#8243;][mk_imagebox show_as=&#8221;column&#8221; column=&#8221;4&#8243; padding=&#8221;5&#8243; el_class=&#8221;overview-img&#8221;][mk_imagebox_item item_image=&#8221;https:\/\/clinical.r-biopharm.com\/wp-content\/uploads\/2018\/09\/2018-09_website-icons-cd_diagnostic-fields_allergology_60prozent.png&#8221; image_padding=&#8221;false&#8221; background_color=&#8221;#ffffff&#8221; title_text_size=&#8221;26&#8243; btn_text=&#8221;Alergias&#8221; btn_url=&#8221;\/es\/indicacion\/alergias\/&#8221; [&hellip;]<\/p>\n","protected":false},"author":1,"featured_media":0,"parent":0,"menu_order":0,"comment_status":"closed","ping_status":"closed","template":"","meta":{"_acf_changed":false,"content-type":"","_relevanssi_hide_post":"","_relevanssi_hide_content":"","_relevanssi_pin_for_all":"","_relevanssi_pin_keywords":"","_relevanssi_unpin_keywords":"","_relevanssi_related_keywords":"","_relevanssi_related_include_ids":"","_relevanssi_related_exclude_ids":"","_relevanssi_related_no_append":"","_relevanssi_related_not_related":"","_relevanssi_related_posts":"","_relevanssi_noindex_reason":"","footnotes":""},"class_list":["post-88547","page","type-page","status-publish","hentry"],"acf":[],"yoast_head":"<!-- This site is optimized with the Yoast SEO plugin v26.7 - https:\/\/yoast.com\/wordpress\/plugins\/seo\/ -->\n<title>Indicaciones - Soluciones diagn\u00f3sticas de R-Biopharm<\/title>\n<meta name=\"description\" content=\"R-Biopharm ofrece productos para numerosas aplicaciones en el \u00e1rea del diagn\u00f3stico cl\u00ednico. \u00a1Mu\u00e9strenos la indicaci\u00f3n y encontraremos la soluci\u00f3n de diagn\u00f3stico apropiada!\" \/>\n<meta name=\"robots\" content=\"index, follow, max-snippet:-1, max-image-preview:large, max-video-preview:-1\" \/>\n<link rel=\"canonical\" href=\"https:\/\/clinical.r-biopharm.com\/es\/indicacion\/\" \/>\n<meta property=\"og:locale\" content=\"es_ES\" \/>\n<meta property=\"og:type\" content=\"article\" \/>\n<meta property=\"og:title\" content=\"Indicaciones - Soluciones diagn\u00f3sticas de R-Biopharm\" \/>\n<meta property=\"og:description\" content=\"R-Biopharm ofrece productos para numerosas aplicaciones en el \u00e1rea del diagn\u00f3stico cl\u00ednico. \u00a1Mu\u00e9strenos la indicaci\u00f3n y encontraremos la soluci\u00f3n de diagn\u00f3stico apropiada!\" \/>\n<meta property=\"og:url\" content=\"https:\/\/clinical.r-biopharm.com\/es\/indicacion\/\" \/>\n<meta property=\"og:site_name\" content=\"Clinical Diagnostics\" \/>\n<meta property=\"article:modified_time\" content=\"2018-10-09T09:27:10+00:00\" \/>\n<meta name=\"twitter:label1\" content=\"Est. reading time\" \/>\n\t<meta name=\"twitter:data1\" content=\"3 minutes\" \/>\n<script type=\"application\/ld+json\" class=\"yoast-schema-graph\">{\"@context\":\"https:\/\/schema.org\",\"@graph\":[{\"@type\":\"WebPage\",\"@id\":\"https:\/\/clinical.r-biopharm.com\/es\/indicacion\/\",\"url\":\"https:\/\/clinical.r-biopharm.com\/es\/indicacion\/\",\"name\":\"Indicaciones - Soluciones diagn\u00f3sticas de R-Biopharm\",\"isPartOf\":{\"@id\":\"https:\/\/clinical.r-biopharm.com\/fr\/#website\"},\"datePublished\":\"2015-02-23T08:53:22+00:00\",\"dateModified\":\"2018-10-09T09:27:10+00:00\",\"description\":\"R-Biopharm ofrece productos para numerosas aplicaciones en el \u00e1rea del diagn\u00f3stico cl\u00ednico. \u00a1Mu\u00e9strenos la indicaci\u00f3n y encontraremos la soluci\u00f3n de diagn\u00f3stico apropiada!\",\"breadcrumb\":{\"@id\":\"https:\/\/clinical.r-biopharm.com\/es\/indicacion\/#breadcrumb\"},\"inLanguage\":\"es-ES\",\"potentialAction\":[{\"@type\":\"ReadAction\",\"target\":[\"https:\/\/clinical.r-biopharm.com\/es\/indicacion\/\"]}]},{\"@type\":\"BreadcrumbList\",\"@id\":\"https:\/\/clinical.r-biopharm.com\/es\/indicacion\/#breadcrumb\",\"itemListElement\":[{\"@type\":\"ListItem\",\"position\":1,\"name\":\"Home\",\"item\":\"https:\/\/clinical.r-biopharm.com\/es\/\"},{\"@type\":\"ListItem\",\"position\":2,\"name\":\"Indicaci\u00f3n\"}]},{\"@type\":\"WebSite\",\"@id\":\"https:\/\/clinical.r-biopharm.com\/fr\/#website\",\"url\":\"https:\/\/clinical.r-biopharm.com\/fr\/\",\"name\":\"Clinical Diagnostics\",\"description\":\"A Division of the R-Biopharm Group\",\"potentialAction\":[{\"@type\":\"SearchAction\",\"target\":{\"@type\":\"EntryPoint\",\"urlTemplate\":\"https:\/\/clinical.r-biopharm.com\/fr\/?s={search_term_string}\"},\"query-input\":{\"@type\":\"PropertyValueSpecification\",\"valueRequired\":true,\"valueName\":\"search_term_string\"}}],\"inLanguage\":\"es-ES\"}]}<\/script>\n<!-- \/ Yoast SEO plugin. -->","yoast_head_json":{"title":"Indicaciones - Soluciones diagn\u00f3sticas de R-Biopharm","description":"R-Biopharm ofrece productos para numerosas aplicaciones en el \u00e1rea del diagn\u00f3stico cl\u00ednico. \u00a1Mu\u00e9strenos la indicaci\u00f3n y encontraremos la soluci\u00f3n de diagn\u00f3stico apropiada!","robots":{"index":"index","follow":"follow","max-snippet":"max-snippet:-1","max-image-preview":"max-image-preview:large","max-video-preview":"max-video-preview:-1"},"canonical":"https:\/\/clinical.r-biopharm.com\/es\/indicacion\/","og_locale":"es_ES","og_type":"article","og_title":"Indicaciones - Soluciones diagn\u00f3sticas de R-Biopharm","og_description":"R-Biopharm ofrece productos para numerosas aplicaciones en el \u00e1rea del diagn\u00f3stico cl\u00ednico. \u00a1Mu\u00e9strenos la indicaci\u00f3n y encontraremos la soluci\u00f3n de diagn\u00f3stico apropiada!","og_url":"https:\/\/clinical.r-biopharm.com\/es\/indicacion\/","og_site_name":"Clinical Diagnostics","article_modified_time":"2018-10-09T09:27:10+00:00","twitter_misc":{"Est. reading time":"3 minutes"},"schema":{"@context":"https:\/\/schema.org","@graph":[{"@type":"WebPage","@id":"https:\/\/clinical.r-biopharm.com\/es\/indicacion\/","url":"https:\/\/clinical.r-biopharm.com\/es\/indicacion\/","name":"Indicaciones - Soluciones diagn\u00f3sticas de R-Biopharm","isPartOf":{"@id":"https:\/\/clinical.r-biopharm.com\/fr\/#website"},"datePublished":"2015-02-23T08:53:22+00:00","dateModified":"2018-10-09T09:27:10+00:00","description":"R-Biopharm ofrece productos para numerosas aplicaciones en el \u00e1rea del diagn\u00f3stico cl\u00ednico. \u00a1Mu\u00e9strenos la indicaci\u00f3n y encontraremos la soluci\u00f3n de diagn\u00f3stico apropiada!","breadcrumb":{"@id":"https:\/\/clinical.r-biopharm.com\/es\/indicacion\/#breadcrumb"},"inLanguage":"es-ES","potentialAction":[{"@type":"ReadAction","target":["https:\/\/clinical.r-biopharm.com\/es\/indicacion\/"]}]},{"@type":"BreadcrumbList","@id":"https:\/\/clinical.r-biopharm.com\/es\/indicacion\/#breadcrumb","itemListElement":[{"@type":"ListItem","position":1,"name":"Home","item":"https:\/\/clinical.r-biopharm.com\/es\/"},{"@type":"ListItem","position":2,"name":"Indicaci\u00f3n"}]},{"@type":"WebSite","@id":"https:\/\/clinical.r-biopharm.com\/fr\/#website","url":"https:\/\/clinical.r-biopharm.com\/fr\/","name":"Clinical Diagnostics","description":"A Division of the R-Biopharm Group","potentialAction":[{"@type":"SearchAction","target":{"@type":"EntryPoint","urlTemplate":"https:\/\/clinical.r-biopharm.com\/fr\/?s={search_term_string}"},"query-input":{"@type":"PropertyValueSpecification","valueRequired":true,"valueName":"search_term_string"}}],"inLanguage":"es-ES"}]}},"_links":{"self":[{"href":"https:\/\/clinical.r-biopharm.com\/es\/wp-json\/wp\/v2\/pages\/88547","targetHints":{"allow":["GET"]}}],"collection":[{"href":"https:\/\/clinical.r-biopharm.com\/es\/wp-json\/wp\/v2\/pages"}],"about":[{"href":"https:\/\/clinical.r-biopharm.com\/es\/wp-json\/wp\/v2\/types\/page"}],"author":[{"embeddable":true,"href":"https:\/\/clinical.r-biopharm.com\/es\/wp-json\/wp\/v2\/users\/1"}],"replies":[{"embeddable":true,"href":"https:\/\/clinical.r-biopharm.com\/es\/wp-json\/wp\/v2\/comments?post=88547"}],"version-history":[{"count":17,"href":"https:\/\/clinical.r-biopharm.com\/es\/wp-json\/wp\/v2\/pages\/88547\/revisions"}],"predecessor-version":[{"id":94499,"href":"https:\/\/clinical.r-biopharm.com\/es\/wp-json\/wp\/v2\/pages\/88547\/revisions\/94499"}],"wp:attachment":[{"href":"https:\/\/clinical.r-biopharm.com\/es\/wp-json\/wp\/v2\/media?parent=88547"}],"curies":[{"name":"wp","href":"https:\/\/api.w.org\/{rel}","templated":true}]}}