{"id":88566,"date":"2015-02-23T09:54:26","date_gmt":"2015-02-23T08:54:26","guid":{"rendered":"https:\/\/clinical.r-biopharm.com\/contacto\/"},"modified":"2020-10-21T11:06:18","modified_gmt":"2020-10-21T09:06:18","slug":"contacto","status":"publish","type":"page","link":"https:\/\/clinical.r-biopharm.com\/es\/contacto\/","title":{"rendered":"Contacto"},"content":{"rendered":"<div class=\"wpb-content-wrapper\">[vc_row css=&#8221;.vc_custom_1603271176761{margin-top: 60px !important;}&#8221;][vc_column][vc_column_text css=&#8221;.vc_custom_1541499423642{margin-bottom: 0px !important;}&#8221;]\n<h2 class=\"knubbel\">Escr\u00edbanos:<\/h2>\n[\/vc_column_text][\/vc_column][\/vc_row][vc_row css=&#8221;.vc_custom_1471291255769{margin-bottom: 60px !important;}&#8221;][vc_column width=&#8221;1\/2&#8243;][mk_contact_info phone=&#8221;+49 (0) 61 51 \u2013 81 02-0&#8243; fax=&#8221;+49 (0) 61 51 \u2013 81 02-20&#8243; address=&#8221;An der neuen Bergstra\u00dfe 17<br \/>\n64297 Darmstadt, Alemania&#8221; company=&#8221;R-Biopharm AG&#8221; website=&#8221;r-biopharm.com&#8221;][\/vc_column][vc_column width=&#8221;1\/2&#8243;][mk_custom_list style=&#8221;mk-moon-circle-small&#8221;]\n<ul>\n<li><strong>Correo electr\u00f3nico para pedidos:<\/strong><br \/>\n<a href=\"&#x6d;a&#x69;&#108;&#x74;&#111;:&#x6f;r&#x64;&#101;&#x72;&#115;&#64;&#x72;&#45;&#x62;&#105;o&#x70;h&#x61;&#114;&#x6d;&#46;d&#x65;\">&#111;r&#x64;e&#x72;s&#x40;&#114;&#x2d;&#98;&#x69;&#111;p&#x68;a&#x72;m&#x2e;&#100;&#x65;<\/a><\/li>\n<li><strong>Correo electr\u00f3nico para informaci\u00f3n:<\/strong><br \/>\n<a href=\"&#109;&#x61;&#105;&#x6c;&#116;&#x6f;&#58;&#x69;n&#x66;o&#x40;r&#x2d;b&#105;&#x6f;&#112;&#x68;&#97;&#x72;&#109;&#x2e;&#100;&#x65;\">&#105;&#x6e;f&#x6f;&#x40;&#114;&#x2d;b&#x69;&#x6f;&#112;&#x68;a&#x72;&#x6d;&#46;&#x64;e<\/a><\/li>\n<li><strong>R-Biopharm worldwide:<\/strong><br \/>\n<a href=\"https:\/\/r-biopharm.com\/about-us\/subsidiaries\/\" target=\"_blank\" rel=\"noopener noreferrer\">View and contact our subsidiaries<\/a><\/li>\n<\/ul>\n[\/mk_custom_list][\/vc_column][\/vc_row][vc_row][vc_column][vc_column_text css=&#8221;.vc_custom_1541499433413{margin-bottom: 0px !important;}&#8221;]\n<h2 class=\"knubbel\">O d\u00e9jenos un mensaje aqu\u00ed mismo:<\/h2>\n[\/vc_column_text][vc_column_text css=&#8221;.vc_custom_1544014366061{margin-bottom: 0px !important;}&#8221;]\n<div class=\"wpcf7 no-js\" id=\"wpcf7-f91897-o1\" lang=\"en-US\" dir=\"ltr\" data-wpcf7-id=\"91897\">\n<div class=\"screen-reader-response\"><p role=\"status\" aria-live=\"polite\" aria-atomic=\"true\"><\/p> <ul><\/ul><\/div>\n<form action=\"\/es\/wp-json\/wp\/v2\/pages\/88566#wpcf7-f91897-o1\" method=\"post\" class=\"wpcf7-form init\" id=\"DefaultForm:ClinicalES\" aria-label=\"Contact form\" novalidate=\"novalidate\" data-status=\"init\">\n<fieldset class=\"hidden-fields-container\"><input type=\"hidden\" name=\"_wpcf7\" value=\"91897\" \/><input type=\"hidden\" name=\"_wpcf7_version\" value=\"6.1.5\" \/><input type=\"hidden\" name=\"_wpcf7_locale\" value=\"en_US\" \/><input type=\"hidden\" name=\"_wpcf7_unit_tag\" value=\"wpcf7-f91897-o1\" \/><input type=\"hidden\" name=\"_wpcf7_container_post\" value=\"0\" \/><input type=\"hidden\" name=\"_wpcf7_posted_data_hash\" value=\"\" \/><input type=\"hidden\" name=\"_wpcf7dtx_version\" value=\"5.0.5\" \/>\n<\/fieldset>\n<p><span class=\"wpcf7-form-control-wrap\" data-name=\"your-name\"><input size=\"40\" maxlength=\"400\" class=\"wpcf7-form-control wpcf7-text wpcf7-validates-as-required\" aria-required=\"true\" aria-invalid=\"false\" placeholder=\"Nombre\" value=\"\" type=\"text\" name=\"your-name\" \/><\/span><br \/>\n<span class=\"wpcf7-form-control-wrap\" data-name=\"your-email\"><input size=\"40\" maxlength=\"400\" class=\"wpcf7-form-control wpcf7-email wpcf7-validates-as-required wpcf7-text wpcf7-validates-as-email\" aria-required=\"true\" aria-invalid=\"false\" placeholder=\"Correo electr\u00f3nico\" value=\"\" type=\"email\" name=\"your-email\" \/><\/span><br \/>\n<span class=\"wpcf7-form-control-wrap\" data-name=\"your-subject\"><input size=\"40\" maxlength=\"400\" class=\"wpcf7-form-control wpcf7-text\" aria-invalid=\"false\" placeholder=\"Asunto\" value=\"\" type=\"text\" name=\"your-subject\" \/><\/span><br \/>\n<span class=\"wpcf7-form-control-wrap\" data-name=\"your-country\"><input size=\"40\" maxlength=\"400\" class=\"wpcf7-form-control wpcf7-text wpcf7-validates-as-required\" aria-required=\"true\" aria-invalid=\"false\" placeholder=\"Pa\u00eds\" value=\"\" type=\"text\" name=\"your-country\" \/><\/span><br \/>\n<span class=\"wpcf7-form-control-wrap\" data-name=\"your-message\"><textarea cols=\"40\" rows=\"10\" maxlength=\"2000\" class=\"wpcf7-form-control wpcf7-textarea\" aria-invalid=\"false\" placeholder=\"Su mensaje\" name=\"your-message\"><\/textarea><\/span>\n<\/p>\n<p>Al enviar esta solicitud de contacto, el remitente accede a que, con el fin de procesar la consulta, podamos guardar y transmitir datos personales a las compa\u00f1\u00edas asociadas si es necesario. Si desea m\u00e1s informaci\u00f3n, consulte <a href=\"https:\/\/r-biopharm.com\/data-privacy-statement\/\" target=\"blank\" rel=\"nofollow\">nuestra declaraci\u00f3n de privacidad de datos.<\/a>\n<\/p>\n<p><span id=\"wpcf7-69db14601269f-wrapper\" class=\"wpcf7-form-control-wrap blubbwaawa-wrap\" ><label for=\"wpcf7-69db14601269f-field\" class=\"hp-message\">Please leave this field empty.<\/label><input id=\"wpcf7-69db14601269f-field\"  class=\"wpcf7-form-control wpcf7-text\" type=\"text\" name=\"blubbwaawa\" value=\"\" size=\"40\" tabindex=\"-1\" autocomplete=\"new-password\" \/><\/span>\n<\/p>\n<p><input class=\"wpcf7-form-control wpcf7-submit has-spinner\" type=\"submit\" value=\"Enviar\" \/>\n<\/p><div class=\"wpcf7-response-output\" aria-hidden=\"true\"><\/div>\n<\/form>\n<\/div>\n[\/vc_column_text][\/vc_column][\/vc_row][vc_row fullwidth=&#8221;true&#8221;][vc_column][vc_raw_html css=&#8221;.vc_custom_1603271136255{margin-bottom: 0px !important;}&#8221;]JTVCbGVhZmxldC1tYXAlMjBoZWlnaHQlM0Q0NTAlMjBsYXQlM0Q0OS44MDEyMjM1JTIwbG5nJTNEOC42MzQxMzglMjB6b29tJTNEMTMlMjB6b29tY29udHJvbCUyMHRpbGV1cmwlM0RodHRwcyUzQSUyRiUyRmNhcnRvZGItYmFzZW1hcHMtJTdCcyU3RC5nbG9iYWwuc3NsLmZhc3RseS5uZXQlMkZsaWdodF9hbGwlMkYlN0J6JTdEJTJGJTdCeCU3RCUyRiU3QnklN0QucG5nJTVEJTVCbGVhZmxldC1tYXJrZXIlMjBzdmclMjBiYWNrZ3JvdW5kJTNEJTIyJTIzOWNiMmJmJTIyJTVE[\/vc_raw_html][\/vc_column][\/vc_row]\n<\/div>","protected":false},"excerpt":{"rendered":"<p>[vc_row css=&#8221;.vc_custom_1603271176761{margin-top: 60px !important;}&#8221;][vc_column][vc_column_text css=&#8221;.vc_custom_1541499423642{margin-bottom: 0px !important;}&#8221;] Escr\u00edbanos: [\/vc_column_text][\/vc_column][\/vc_row][vc_row css=&#8221;.vc_custom_1471291255769{margin-bottom: 60px !important;}&#8221;][vc_column width=&#8221;1\/2&#8243;][mk_contact_info phone=&#8221;+49 (0) 61 51 \u2013 81 02-0&#8243; fax=&#8221;+49 (0) 61 51 \u2013 81 02-20&#8243; address=&#8221;An der neuen Bergstra\u00dfe 17 64297 Darmstadt, Alemania&#8221; company=&#8221;R-Biopharm AG&#8221; website=&#8221;r-biopharm.com&#8221;][\/vc_column][vc_column width=&#8221;1\/2&#8243;][mk_custom_list style=&#8221;mk-moon-circle-small&#8221;] Correo electr\u00f3nico para pedidos: orders&#64;&#114;&#45;&#98;&#105;&#111;&#112;&#x68;&#x61;&#x72;&#x6d;&#x2e;&#x64;&#x65; Correo electr\u00f3nico para informaci\u00f3n: i&#110;&#102;&#x6f;&#x40;r-&#98;&#105;&#x6f;&#x70;ha&#114;&#109;&#x2e;&#x64;e R-Biopharm worldwide: View and contact [&hellip;]<\/p>\n","protected":false},"author":1,"featured_media":0,"parent":0,"menu_order":0,"comment_status":"closed","ping_status":"closed","template":"","meta":{"_acf_changed":false,"content-type":"","_relevanssi_hide_post":"","_relevanssi_hide_content":"","_relevanssi_pin_for_all":"","_relevanssi_pin_keywords":"","_relevanssi_unpin_keywords":"","_relevanssi_related_keywords":"","_relevanssi_related_include_ids":"","_relevanssi_related_exclude_ids":"","_relevanssi_related_no_append":"","_relevanssi_related_not_related":"","_relevanssi_related_posts":"","_relevanssi_noindex_reason":"","footnotes":""},"class_list":["post-88566","page","type-page","status-publish","hentry"],"acf":[],"yoast_head":"<!-- This site is optimized with the Yoast SEO plugin v26.7 - https:\/\/yoast.com\/wordpress\/plugins\/seo\/ -->\n<title>Contacto - R-Biopharm AG<\/title>\n<meta name=\"description\" content=\"\u00bfPreguntas? P\u00f3ngase en contacto con nosotros y recurra a los conocimientos especializados de nuestro equipo. Le respaldamos a usted y su empresa en todas las fases del proceso anal\u00edtico para garantizar su \u00e9xito\" \/>\n<meta name=\"robots\" content=\"index, follow, max-snippet:-1, max-image-preview:large, max-video-preview:-1\" \/>\n<link rel=\"canonical\" href=\"https:\/\/clinical.r-biopharm.com\/es\/contacto\/\" \/>\n<meta property=\"og:locale\" content=\"es_ES\" \/>\n<meta property=\"og:type\" content=\"article\" \/>\n<meta property=\"og:title\" content=\"Contacto - R-Biopharm AG\" \/>\n<meta property=\"og:description\" content=\"\u00bfPreguntas? P\u00f3ngase en contacto con nosotros y recurra a los conocimientos especializados de nuestro equipo. Le respaldamos a usted y su empresa en todas las fases del proceso anal\u00edtico para garantizar su \u00e9xito\" \/>\n<meta property=\"og:url\" content=\"https:\/\/clinical.r-biopharm.com\/es\/contacto\/\" \/>\n<meta property=\"og:site_name\" content=\"Clinical Diagnostics\" \/>\n<meta property=\"article:modified_time\" content=\"2020-10-21T09:06:18+00:00\" \/>\n<meta name=\"twitter:label1\" content=\"Est. reading time\" \/>\n\t<meta name=\"twitter:data1\" content=\"1 minute\" \/>\n<script type=\"application\/ld+json\" class=\"yoast-schema-graph\">{\"@context\":\"https:\/\/schema.org\",\"@graph\":[{\"@type\":\"WebPage\",\"@id\":\"https:\/\/clinical.r-biopharm.com\/es\/contacto\/\",\"url\":\"https:\/\/clinical.r-biopharm.com\/es\/contacto\/\",\"name\":\"Contacto - R-Biopharm AG\",\"isPartOf\":{\"@id\":\"https:\/\/clinical.r-biopharm.com\/fr\/#website\"},\"datePublished\":\"2015-02-23T08:54:26+00:00\",\"dateModified\":\"2020-10-21T09:06:18+00:00\",\"description\":\"\u00bfPreguntas? P\u00f3ngase en contacto con nosotros y recurra a los conocimientos especializados de nuestro equipo. Le respaldamos a usted y su empresa en todas las fases del proceso anal\u00edtico para garantizar su \u00e9xito\",\"breadcrumb\":{\"@id\":\"https:\/\/clinical.r-biopharm.com\/es\/contacto\/#breadcrumb\"},\"inLanguage\":\"es-ES\",\"potentialAction\":[{\"@type\":\"ReadAction\",\"target\":[\"https:\/\/clinical.r-biopharm.com\/es\/contacto\/\"]}]},{\"@type\":\"BreadcrumbList\",\"@id\":\"https:\/\/clinical.r-biopharm.com\/es\/contacto\/#breadcrumb\",\"itemListElement\":[{\"@type\":\"ListItem\",\"position\":1,\"name\":\"Home\",\"item\":\"https:\/\/clinical.r-biopharm.com\/es\/\"},{\"@type\":\"ListItem\",\"position\":2,\"name\":\"Contacto\"}]},{\"@type\":\"WebSite\",\"@id\":\"https:\/\/clinical.r-biopharm.com\/fr\/#website\",\"url\":\"https:\/\/clinical.r-biopharm.com\/fr\/\",\"name\":\"Clinical Diagnostics\",\"description\":\"A Division of the R-Biopharm Group\",\"potentialAction\":[{\"@type\":\"SearchAction\",\"target\":{\"@type\":\"EntryPoint\",\"urlTemplate\":\"https:\/\/clinical.r-biopharm.com\/fr\/?s={search_term_string}\"},\"query-input\":{\"@type\":\"PropertyValueSpecification\",\"valueRequired\":true,\"valueName\":\"search_term_string\"}}],\"inLanguage\":\"es-ES\"}]}<\/script>\n<!-- \/ Yoast SEO plugin. -->","yoast_head_json":{"title":"Contacto - R-Biopharm AG","description":"\u00bfPreguntas? P\u00f3ngase en contacto con nosotros y recurra a los conocimientos especializados de nuestro equipo. Le respaldamos a usted y su empresa en todas las fases del proceso anal\u00edtico para garantizar su \u00e9xito","robots":{"index":"index","follow":"follow","max-snippet":"max-snippet:-1","max-image-preview":"max-image-preview:large","max-video-preview":"max-video-preview:-1"},"canonical":"https:\/\/clinical.r-biopharm.com\/es\/contacto\/","og_locale":"es_ES","og_type":"article","og_title":"Contacto - R-Biopharm AG","og_description":"\u00bfPreguntas? P\u00f3ngase en contacto con nosotros y recurra a los conocimientos especializados de nuestro equipo. Le respaldamos a usted y su empresa en todas las fases del proceso anal\u00edtico para garantizar su \u00e9xito","og_url":"https:\/\/clinical.r-biopharm.com\/es\/contacto\/","og_site_name":"Clinical Diagnostics","article_modified_time":"2020-10-21T09:06:18+00:00","twitter_misc":{"Est. reading time":"1 minute"},"schema":{"@context":"https:\/\/schema.org","@graph":[{"@type":"WebPage","@id":"https:\/\/clinical.r-biopharm.com\/es\/contacto\/","url":"https:\/\/clinical.r-biopharm.com\/es\/contacto\/","name":"Contacto - R-Biopharm AG","isPartOf":{"@id":"https:\/\/clinical.r-biopharm.com\/fr\/#website"},"datePublished":"2015-02-23T08:54:26+00:00","dateModified":"2020-10-21T09:06:18+00:00","description":"\u00bfPreguntas? P\u00f3ngase en contacto con nosotros y recurra a los conocimientos especializados de nuestro equipo. Le respaldamos a usted y su empresa en todas las fases del proceso anal\u00edtico para garantizar su \u00e9xito","breadcrumb":{"@id":"https:\/\/clinical.r-biopharm.com\/es\/contacto\/#breadcrumb"},"inLanguage":"es-ES","potentialAction":[{"@type":"ReadAction","target":["https:\/\/clinical.r-biopharm.com\/es\/contacto\/"]}]},{"@type":"BreadcrumbList","@id":"https:\/\/clinical.r-biopharm.com\/es\/contacto\/#breadcrumb","itemListElement":[{"@type":"ListItem","position":1,"name":"Home","item":"https:\/\/clinical.r-biopharm.com\/es\/"},{"@type":"ListItem","position":2,"name":"Contacto"}]},{"@type":"WebSite","@id":"https:\/\/clinical.r-biopharm.com\/fr\/#website","url":"https:\/\/clinical.r-biopharm.com\/fr\/","name":"Clinical Diagnostics","description":"A Division of the R-Biopharm Group","potentialAction":[{"@type":"SearchAction","target":{"@type":"EntryPoint","urlTemplate":"https:\/\/clinical.r-biopharm.com\/fr\/?s={search_term_string}"},"query-input":{"@type":"PropertyValueSpecification","valueRequired":true,"valueName":"search_term_string"}}],"inLanguage":"es-ES"}]}},"_links":{"self":[{"href":"https:\/\/clinical.r-biopharm.com\/es\/wp-json\/wp\/v2\/pages\/88566","targetHints":{"allow":["GET"]}}],"collection":[{"href":"https:\/\/clinical.r-biopharm.com\/es\/wp-json\/wp\/v2\/pages"}],"about":[{"href":"https:\/\/clinical.r-biopharm.com\/es\/wp-json\/wp\/v2\/types\/page"}],"author":[{"embeddable":true,"href":"https:\/\/clinical.r-biopharm.com\/es\/wp-json\/wp\/v2\/users\/1"}],"replies":[{"embeddable":true,"href":"https:\/\/clinical.r-biopharm.com\/es\/wp-json\/wp\/v2\/comments?post=88566"}],"version-history":[{"count":14,"href":"https:\/\/clinical.r-biopharm.com\/es\/wp-json\/wp\/v2\/pages\/88566\/revisions"}],"predecessor-version":[{"id":151499,"href":"https:\/\/clinical.r-biopharm.com\/es\/wp-json\/wp\/v2\/pages\/88566\/revisions\/151499"}],"wp:attachment":[{"href":"https:\/\/clinical.r-biopharm.com\/es\/wp-json\/wp\/v2\/media?parent=88566"}],"curies":[{"name":"wp","href":"https:\/\/api.w.org\/{rel}","templated":true}]}}