{"id":88716,"date":"2015-10-05T11:44:28","date_gmt":"2015-10-05T09:44:28","guid":{"rendered":"https:\/\/clinical.r-biopharm.com\/indicacion\/infecciones-de-transmision-sexual\/"},"modified":"2018-10-08T17:22:30","modified_gmt":"2018-10-08T15:22:30","slug":"infecciones-de-transmision-sexual","status":"publish","type":"page","link":"https:\/\/clinical.r-biopharm.com\/es\/indicacion\/infecciones-de-transmision-sexual\/","title":{"rendered":"Infecciones de transmisi\u00f3n sexual"},"content":{"rendered":"<div class=\"wpb-content-wrapper\">[mk_page_section padding_top=&#8221;30&#8243; padding_bottom=&#8221;30&#8243; sidebar=&#8221;sidebar-1&#8243;][vc_column width=&#8221;2\/3&#8243;][vc_column_text]<strong>Las infecciones de transmisi\u00f3n sexual (ITS) se transmiten principalmente a trav\u00e9s de las relaciones sexuales y se sabe que las causan m\u00e1s de 30 pat\u00f3genos diferentes, incluidos virus, bacterias y par\u00e1sitos. La sangre contaminada o la lactancia pueden ser fuentes de estas infecciones no transmitidas por v\u00eda sexual.<\/strong><\/p>\n<p>Las infecciones con mayor incidencia que pueden curarse actualmente son s\u00edfilis, gonorrea (Neisseria gonorrhoeae), clamidia (Chlamydia trachomatis) y tricomoniasis (Trichomonas vaginalis). Seg\u00fan las estimaciones, cada a\u00f1o se producen 357 millones de infecciones nuevas con una de las cuatro infecciones transmitidas sexualmente.<\/p>\n<p>Adem\u00e1s, se cuentan en el mundo m\u00e1s de 1 mill\u00f3n de ITS contra\u00eddas nuevas. Sin la prevenci\u00f3n adecuada, los pat\u00f3genos pueden diseminarse f\u00e1cilmente y tambi\u00e9n puede producirse transmisi\u00f3n de madre a hijo. La situaci\u00f3n es compleja tambi\u00e9n por el hecho de que la mayor parte de las ITS no causan s\u00edntomas claros o causan solo s\u00edntomas leves, lo cual no se reconoce como infecci\u00f3n transmitida sexualmente. Esta caracter\u00edstica aumenta el riesgo de contagiar la infecci\u00f3n a personas no infectadas.<\/p>\n<h3 class=\"knubbel\">S\u00edntomas y tratamiento de las ITS<\/h3>\n<p>Los s\u00edntomas t\u00edpicos pueden incluir secreci\u00f3n vaginal\/uretral, \u00falceras genitales y dolor abdominal. A pesar de que las infecciones pueden ser asintom\u00e1ticas, las ITS pueden tener consecuencias muy graves, como infertilidad, dolor cr\u00f3nico o incluso la muerte. Asimismo, las ITS pueden afectar al reci\u00e9n nacido si se contraen antes o durante el parto.<\/p>\n<p>Las cuatro ITS curables, s\u00edfilis, gonorrea, clamidia y tricomoniasis, se tratan con varios antibi\u00f3ticos, en ocasiones combinados. Esto ha provocado el desarrollo de resistencias a f\u00e1rmacos, especialmente en el caso de la gonorrea. Las infecciones por gonorrea tambi\u00e9n pueden producirse en combinaci\u00f3n con clamidia.<\/p>\n<p>Las resistencias a f\u00e1rmacos complican el tratamiento de las ITS y representan una amenaza para combatir las infecciones nuevas en todo el mundo. Para prevenir con \u00e9xito las infecciones nuevas, as\u00ed como la transmisi\u00f3n de ITS, y para mejorar los resultados de los tratamientos, se necesita una identificaci\u00f3n r\u00e1pida y correcta de los pat\u00f3genos.[\/vc_column_text][\/vc_column][vc_column width=&#8221;1\/3&#8243;][vc_column_text margin_bottom=&#8221;20&#8243;]\n<h3 style=\"margin-bottom: 25px;\">Seleccione una tecnolog\u00eda<\/h3>\n<div class=\"facetwp-facet facetwp-facet-technology_fselect facetwp-type-fselect\" data-name=\"technology_fselect\" data-type=\"fselect\"><\/div>[\/vc_column_text][vc_column_text margin_bottom=&#8221;20&#8243;]\n<h3 style=\"margin-bottom: 25px;\">Seleccione un campo diagn\u00f3stico<\/h3>\n<div class=\"facetwp-facet facetwp-facet-diagnostics_fselect facetwp-type-fselect\" data-name=\"diagnostics_fselect\" data-type=\"fselect\"><\/div>[\/vc_column_text][vc_column_text margin_bottom=&#8221;40&#8243;]\n<h3 style=\"margin-bottom: 25px;\">Seleccione su producto para\u00a0ITS<\/h3>\n<div class=\"facetwp-template\" data-name=\"sexually_transmitted_infections\"><ul class=\"product_facets\"><li>\n<a class=\"facetwp_pimg\" href=\"https:\/\/clinical.r-biopharm.com\/products\/ridagene-sti-mycoplasma-panel\/\"><img loading=\"lazy\" decoding=\"async\" width=\"100\" height=\"50\" src=\"https:\/\/clinical.r-biopharm.com\/wp-content\/uploads\/2017\/02\/2015-05_PG4945_RG-STI-Mycoplasma-Panel_RGB_LowRes-100x50.jpg\" class=\"recent-thumbs wp-post-image\" alt=\"\" srcset=\"https:\/\/clinical.r-biopharm.com\/wp-content\/uploads\/2017\/02\/2015-05_PG4945_RG-STI-Mycoplasma-Panel_RGB_LowRes-100x50.jpg 100w, https:\/\/clinical.r-biopharm.com\/wp-content\/uploads\/2017\/02\/2015-05_PG4945_RG-STI-Mycoplasma-Panel_RGB_LowRes-768x384.jpg 768w, https:\/\/clinical.r-biopharm.com\/wp-content\/uploads\/2017\/02\/2015-05_PG4945_RG-STI-Mycoplasma-Panel_RGB_LowRes-1200x600.jpg 1200w, https:\/\/clinical.r-biopharm.com\/wp-content\/uploads\/2017\/02\/2015-05_PG4945_RG-STI-Mycoplasma-Panel_RGB_LowRes-736x368.jpg 736w, https:\/\/clinical.r-biopharm.com\/wp-content\/uploads\/2017\/02\/2015-05_PG4945_RG-STI-Mycoplasma-Panel_RGB_LowRes-200x100.jpg 200w, https:\/\/clinical.r-biopharm.com\/wp-content\/uploads\/2017\/02\/2015-05_PG4945_RG-STI-Mycoplasma-Panel_RGB_LowRes-353x179.jpg 353w, https:\/\/clinical.r-biopharm.com\/wp-content\/uploads\/2017\/02\/2015-05_PG4945_RG-STI-Mycoplasma-Panel_RGB_LowRes.jpg 600w\" sizes=\"auto, (max-width: 100px) 100vw, 100px\" itemprop=\"image\" \/><\/a>\n<div class=\"facetwp_title_container\"><a class=\"facetwp_ptitle\" href=\"https:\/\/clinical.r-biopharm.com\/products\/ridagene-sti-mycoplasma-panel\/\">RIDA\u00aeGENE STI Mycoplasma Panel<\/a><\/div>\n<\/li>\n\n<\/ul><\/div><div class=\"facetwp-facet facetwp-facet-load_more_pager facetwp-type-pager\" data-name=\"load_more_pager\" data-type=\"pager\"><button class=\"facetwp-load-more\" data-loading=\"Loading...\">Load more<\/button><\/div>[\/vc_column_text][\/vc_column][\/mk_page_section][mk_page_section bg_color=&#8221;#f7f7f7&#8243; padding_top=&#8221;0&#8243; padding_bottom=&#8221;0&#8243; sidebar=&#8221;sidebar-1&#8243;][vc_column css=&#8221;.vc_custom_1469015765963{margin-top: 25px !important;padding-bottom: 5px !important;}&#8221;][vc_column_text margin_bottom=&#8221;20&#8243; css=&#8221;.vc_custom_1530027613685{margin-bottom: 20px !important;}&#8221;]\n<h2 class=\"knubbel\">Noticias recientes<\/h2>\n[\/vc_column_text][mk_blog_carousel][\/vc_column][\/mk_page_section][mk_page_section bg_color=&#8221;#ffffff&#8221; padding_top=&#8221;0&#8243; sidebar=&#8221;sidebar-1&#8243;][vc_column css=&#8221;.vc_custom_1467042052405{margin-top: 40px !important;}&#8221;][vc_column_text margin_bottom=&#8221;20&#8243;]\n<h2 class=\"knubbel\">Otra informaci\u00f3n de inter\u00e9s<\/h2>\n[\/vc_column_text][vc_row_inner css=&#8221;.vc_custom_1468404266697{margin-bottom: 40px !important;}&#8221;][vc_column_inner width=&#8221;1\/3&#8243; css=&#8221;.vc_custom_1468416557833{padding-bottom: 10px !important;padding-left: 0px !important;}&#8221;][mk_flipbox_rb taxonomy=&#8221;indication&#8221; tag_indication=&#8221;sexually-transmitted-infections&#8221; min_height=&#8221;200&#8243; button_bg_color=&#8221;#4d4d4d&#8221; button_bg_hover_color=&#8221;#ffffff&#8221; button_text=&#8221;More&#8221;][\/vc_column_inner][vc_column_inner width=&#8221;1\/3&#8243; css=&#8221;.vc_custom_1468416552613{padding-right: 7.5px !important;padding-bottom: 10px !important;padding-left: 7.5px !important;}&#8221;][mk_flipbox_rb taxonomy=&#8221;indication&#8221; tag_indication=&#8221;sexually-transmitted-infections&#8221; offset=&#8221;1&#8243; min_height=&#8221;200&#8243; button_bg_color=&#8221;#4d4d4d&#8221; button_bg_hover_color=&#8221;#ffffff&#8221; button_text=&#8221;More&#8221;][\/vc_column_inner][vc_column_inner width=&#8221;1\/3&#8243; css=&#8221;.vc_custom_1468416547451{padding-right: 0px !important;padding-bottom: 10px !important;}&#8221;][mk_flipbox_rb taxonomy=&#8221;indication&#8221; tag_indication=&#8221;sexually-transmitted-infections&#8221; offset=&#8221;2&#8243; min_height=&#8221;200&#8243; button_bg_color=&#8221;#4d4d4d&#8221; button_bg_hover_color=&#8221;#ffffff&#8221; button_text=&#8221;More&#8221;][\/vc_column_inner][\/vc_row_inner][\/vc_column][\/mk_page_section][mk_page_section bg_color=&#8221;#f7f7f7&#8243; padding_top=&#8221;20&#8243; padding_bottom=&#8221;20&#8243; sidebar=&#8221;sidebar-1&#8243;][vc_column css=&#8221;.vc_custom_1468415774645{padding-top: 0px !important;padding-bottom: 0px !important;}&#8221;][vc_column_text disable_pattern=&#8221;false&#8221; align=&#8221;center&#8221;]\n<h2>Asistencia en relaci\u00f3n con las ITS<\/h2>\n<p>\u00bfPreguntas? Recurra a los conocimientos especializados de nuestro equipo. Le respaldamos a usted y su empresa en todas las fases del proceso anal\u00edtico para garantizar su \u00e9xito[\/vc_column_text][mk_button dimension=&#8221;flat&#8221; url=&#8221;\/es\/contacto\/&#8221; align=&#8221;center&#8221; margin_bottom=&#8221;&#8221; bg_color=&#8221;#4d4d4d&#8221; btn_hover_bg=&#8221;#ffffff&#8221; btn_hover_txt_color=&#8221;#4d4d4d&#8221;]Escr\u00edbanos[\/mk_button][\/vc_column][\/mk_page_section]\n<\/div>","protected":false},"excerpt":{"rendered":"<p>[mk_page_section padding_top=&#8221;30&#8243; padding_bottom=&#8221;30&#8243; sidebar=&#8221;sidebar-1&#8243;][vc_column width=&#8221;2\/3&#8243;][vc_column_text]Las infecciones de transmisi\u00f3n sexual (ITS) se transmiten principalmente a trav\u00e9s de las relaciones sexuales y se sabe que las causan m\u00e1s de 30 pat\u00f3genos diferentes, incluidos virus, bacterias y par\u00e1sitos. La sangre contaminada o la lactancia pueden ser fuentes de estas infecciones no transmitidas por v\u00eda sexual. Las infecciones con [&hellip;]<\/p>\n","protected":false},"author":1,"featured_media":0,"parent":88547,"menu_order":0,"comment_status":"closed","ping_status":"closed","template":"","meta":{"_acf_changed":false,"content-type":"","_relevanssi_hide_post":"","_relevanssi_hide_content":"","_relevanssi_pin_for_all":"","_relevanssi_pin_keywords":"","_relevanssi_unpin_keywords":"","_relevanssi_related_keywords":"","_relevanssi_related_include_ids":"","_relevanssi_related_exclude_ids":"","_relevanssi_related_no_append":"","_relevanssi_related_not_related":"","_relevanssi_related_posts":"","_relevanssi_noindex_reason":"","footnotes":""},"class_list":["post-88716","page","type-page","status-publish","hentry"],"acf":[],"yoast_head":"<!-- This site is optimized with the Yoast SEO plugin v26.7 - https:\/\/yoast.com\/wordpress\/plugins\/seo\/ -->\n<title>Infecciones de transmisi\u00f3n sexual: Pruebas de diagn\u00f3stico r\u00e1pido para las ETS<\/title>\n<meta name=\"description\" content=\"Las infecciones de transmisi\u00f3n sexual pueden deberse a diversos pat\u00f3genos. Ofrecemos modernos sistemas de an\u00e1lisis para un diagn\u00f3stico fiable de las infecciones de transmisi\u00f3n sexual.\" \/>\n<meta name=\"robots\" content=\"index, follow, max-snippet:-1, max-image-preview:large, max-video-preview:-1\" \/>\n<link rel=\"canonical\" href=\"https:\/\/clinical.r-biopharm.com\/es\/indicacion\/infecciones-de-transmision-sexual\/\" \/>\n<meta property=\"og:locale\" content=\"es_ES\" \/>\n<meta property=\"og:type\" content=\"article\" \/>\n<meta property=\"og:title\" content=\"Infecciones de transmisi\u00f3n sexual: Pruebas de diagn\u00f3stico r\u00e1pido para las ETS\" \/>\n<meta property=\"og:description\" content=\"Las infecciones de transmisi\u00f3n sexual pueden deberse a diversos pat\u00f3genos. Ofrecemos modernos sistemas de an\u00e1lisis para un diagn\u00f3stico fiable de las infecciones de transmisi\u00f3n sexual.\" \/>\n<meta property=\"og:url\" content=\"https:\/\/clinical.r-biopharm.com\/es\/indicacion\/infecciones-de-transmision-sexual\/\" \/>\n<meta property=\"og:site_name\" content=\"Clinical Diagnostics\" \/>\n<meta property=\"article:modified_time\" content=\"2018-10-08T15:22:30+00:00\" \/>\n<meta name=\"twitter:label1\" content=\"Est. reading time\" \/>\n\t<meta name=\"twitter:data1\" content=\"4 minutes\" \/>\n<script type=\"application\/ld+json\" class=\"yoast-schema-graph\">{\"@context\":\"https:\/\/schema.org\",\"@graph\":[{\"@type\":\"WebPage\",\"@id\":\"https:\/\/clinical.r-biopharm.com\/es\/indicacion\/infecciones-de-transmision-sexual\/\",\"url\":\"https:\/\/clinical.r-biopharm.com\/es\/indicacion\/infecciones-de-transmision-sexual\/\",\"name\":\"Infecciones de transmisi\u00f3n sexual: Pruebas de diagn\u00f3stico r\u00e1pido para las ETS\",\"isPartOf\":{\"@id\":\"https:\/\/clinical.r-biopharm.com\/fr\/#website\"},\"datePublished\":\"2015-10-05T09:44:28+00:00\",\"dateModified\":\"2018-10-08T15:22:30+00:00\",\"description\":\"Las infecciones de transmisi\u00f3n sexual pueden deberse a diversos pat\u00f3genos. Ofrecemos modernos sistemas de an\u00e1lisis para un diagn\u00f3stico fiable de las infecciones de transmisi\u00f3n sexual.\",\"breadcrumb\":{\"@id\":\"https:\/\/clinical.r-biopharm.com\/es\/indicacion\/infecciones-de-transmision-sexual\/#breadcrumb\"},\"inLanguage\":\"es-ES\",\"potentialAction\":[{\"@type\":\"ReadAction\",\"target\":[\"https:\/\/clinical.r-biopharm.com\/es\/indicacion\/infecciones-de-transmision-sexual\/\"]}]},{\"@type\":\"BreadcrumbList\",\"@id\":\"https:\/\/clinical.r-biopharm.com\/es\/indicacion\/infecciones-de-transmision-sexual\/#breadcrumb\",\"itemListElement\":[{\"@type\":\"ListItem\",\"position\":1,\"name\":\"Home\",\"item\":\"https:\/\/clinical.r-biopharm.com\/es\/\"},{\"@type\":\"ListItem\",\"position\":2,\"name\":\"Indicaci\u00f3n\",\"item\":\"https:\/\/clinical.r-biopharm.com\/es\/indicacion\/\"},{\"@type\":\"ListItem\",\"position\":3,\"name\":\"Infecciones de transmisi\u00f3n sexual\"}]},{\"@type\":\"WebSite\",\"@id\":\"https:\/\/clinical.r-biopharm.com\/fr\/#website\",\"url\":\"https:\/\/clinical.r-biopharm.com\/fr\/\",\"name\":\"Clinical Diagnostics\",\"description\":\"A Division of the R-Biopharm Group\",\"potentialAction\":[{\"@type\":\"SearchAction\",\"target\":{\"@type\":\"EntryPoint\",\"urlTemplate\":\"https:\/\/clinical.r-biopharm.com\/fr\/?s={search_term_string}\"},\"query-input\":{\"@type\":\"PropertyValueSpecification\",\"valueRequired\":true,\"valueName\":\"search_term_string\"}}],\"inLanguage\":\"es-ES\"}]}<\/script>\n<!-- \/ Yoast SEO plugin. -->","yoast_head_json":{"title":"Infecciones de transmisi\u00f3n sexual: Pruebas de diagn\u00f3stico r\u00e1pido para las ETS","description":"Las infecciones de transmisi\u00f3n sexual pueden deberse a diversos pat\u00f3genos. Ofrecemos modernos sistemas de an\u00e1lisis para un diagn\u00f3stico fiable de las infecciones de transmisi\u00f3n sexual.","robots":{"index":"index","follow":"follow","max-snippet":"max-snippet:-1","max-image-preview":"max-image-preview:large","max-video-preview":"max-video-preview:-1"},"canonical":"https:\/\/clinical.r-biopharm.com\/es\/indicacion\/infecciones-de-transmision-sexual\/","og_locale":"es_ES","og_type":"article","og_title":"Infecciones de transmisi\u00f3n sexual: Pruebas de diagn\u00f3stico r\u00e1pido para las ETS","og_description":"Las infecciones de transmisi\u00f3n sexual pueden deberse a diversos pat\u00f3genos. Ofrecemos modernos sistemas de an\u00e1lisis para un diagn\u00f3stico fiable de las infecciones de transmisi\u00f3n sexual.","og_url":"https:\/\/clinical.r-biopharm.com\/es\/indicacion\/infecciones-de-transmision-sexual\/","og_site_name":"Clinical Diagnostics","article_modified_time":"2018-10-08T15:22:30+00:00","twitter_misc":{"Est. reading time":"4 minutes"},"schema":{"@context":"https:\/\/schema.org","@graph":[{"@type":"WebPage","@id":"https:\/\/clinical.r-biopharm.com\/es\/indicacion\/infecciones-de-transmision-sexual\/","url":"https:\/\/clinical.r-biopharm.com\/es\/indicacion\/infecciones-de-transmision-sexual\/","name":"Infecciones de transmisi\u00f3n sexual: Pruebas de diagn\u00f3stico r\u00e1pido para las ETS","isPartOf":{"@id":"https:\/\/clinical.r-biopharm.com\/fr\/#website"},"datePublished":"2015-10-05T09:44:28+00:00","dateModified":"2018-10-08T15:22:30+00:00","description":"Las infecciones de transmisi\u00f3n sexual pueden deberse a diversos pat\u00f3genos. Ofrecemos modernos sistemas de an\u00e1lisis para un diagn\u00f3stico fiable de las infecciones de transmisi\u00f3n sexual.","breadcrumb":{"@id":"https:\/\/clinical.r-biopharm.com\/es\/indicacion\/infecciones-de-transmision-sexual\/#breadcrumb"},"inLanguage":"es-ES","potentialAction":[{"@type":"ReadAction","target":["https:\/\/clinical.r-biopharm.com\/es\/indicacion\/infecciones-de-transmision-sexual\/"]}]},{"@type":"BreadcrumbList","@id":"https:\/\/clinical.r-biopharm.com\/es\/indicacion\/infecciones-de-transmision-sexual\/#breadcrumb","itemListElement":[{"@type":"ListItem","position":1,"name":"Home","item":"https:\/\/clinical.r-biopharm.com\/es\/"},{"@type":"ListItem","position":2,"name":"Indicaci\u00f3n","item":"https:\/\/clinical.r-biopharm.com\/es\/indicacion\/"},{"@type":"ListItem","position":3,"name":"Infecciones de transmisi\u00f3n sexual"}]},{"@type":"WebSite","@id":"https:\/\/clinical.r-biopharm.com\/fr\/#website","url":"https:\/\/clinical.r-biopharm.com\/fr\/","name":"Clinical Diagnostics","description":"A Division of the R-Biopharm Group","potentialAction":[{"@type":"SearchAction","target":{"@type":"EntryPoint","urlTemplate":"https:\/\/clinical.r-biopharm.com\/fr\/?s={search_term_string}"},"query-input":{"@type":"PropertyValueSpecification","valueRequired":true,"valueName":"search_term_string"}}],"inLanguage":"es-ES"}]}},"_links":{"self":[{"href":"https:\/\/clinical.r-biopharm.com\/es\/wp-json\/wp\/v2\/pages\/88716","targetHints":{"allow":["GET"]}}],"collection":[{"href":"https:\/\/clinical.r-biopharm.com\/es\/wp-json\/wp\/v2\/pages"}],"about":[{"href":"https:\/\/clinical.r-biopharm.com\/es\/wp-json\/wp\/v2\/types\/page"}],"author":[{"embeddable":true,"href":"https:\/\/clinical.r-biopharm.com\/es\/wp-json\/wp\/v2\/users\/1"}],"replies":[{"embeddable":true,"href":"https:\/\/clinical.r-biopharm.com\/es\/wp-json\/wp\/v2\/comments?post=88716"}],"version-history":[{"count":12,"href":"https:\/\/clinical.r-biopharm.com\/es\/wp-json\/wp\/v2\/pages\/88716\/revisions"}],"predecessor-version":[{"id":91097,"href":"https:\/\/clinical.r-biopharm.com\/es\/wp-json\/wp\/v2\/pages\/88716\/revisions\/91097"}],"up":[{"embeddable":true,"href":"https:\/\/clinical.r-biopharm.com\/es\/wp-json\/wp\/v2\/pages\/88547"}],"wp:attachment":[{"href":"https:\/\/clinical.r-biopharm.com\/es\/wp-json\/wp\/v2\/media?parent=88716"}],"curies":[{"name":"wp","href":"https:\/\/api.w.org\/{rel}","templated":true}]}}