{"id":88786,"date":"2016-11-24T14:52:11","date_gmt":"2016-11-24T13:52:11","guid":{"rendered":"https:\/\/clinical.r-biopharm.com\/tecnologias\/array\/"},"modified":"2019-07-08T16:05:15","modified_gmt":"2019-07-08T14:05:15","slug":"array","status":"publish","type":"page","link":"https:\/\/clinical.r-biopharm.com\/es\/tecnologias\/array\/","title":{"rendered":"Array"},"content":{"rendered":"<div class=\"wpb-content-wrapper\">[mk_page_section padding_top=&#8221;30&#8243; padding_bottom=&#8221;30&#8243; sidebar=&#8221;sidebar-1&#8243;][vc_column width=&#8221;2\/3&#8243;][vc_column_text]<strong>El sistema inteligente <em>SeraSpot<\/em>\u00ae combina las capacidades diagn\u00f3sticas de las tecnolog\u00edas de array modernas con las ventajas del procesamiento consolidado y automatizado de ELISA.<\/strong><\/p>\n<p>Las pruebas comprenden m\u00faltiples autoant\u00edgenos o ant\u00edgenos de pat\u00f3genos. Los ant\u00edgenos se observan directamente en el fondo de cada pocillo de una placa de microtitulaci\u00f3n. Esto permite el an\u00e1lisis eficiente de hasta 96 muestras de paciente por placa para detectar enfermedades <a href=\"https:\/\/clinical.r-biopharm.com\/es\/diagnostico\/autoinmunidad\/\">autoinmunes<\/a> o <a href=\"https:\/\/clinical.r-biopharm.com\/es\/diagnostico\/bacteriologia\/\">infecciosas<\/a>. <em>SeraSpot<\/em>\u00ae es una soluci\u00f3n completa que incluye kit de ensayo, esc\u00e1ner de alta precisi\u00f3n y software f\u00e1cil de utilizar.[\/vc_column_text][vc_video max_width=&#8221;770&#8243; link=&#8221;https:\/\/www.youtube.com\/watch?v=FZxsLrq02i4&amp;t=1s?rel=0&#8243;][vc_empty_space][vc_column_text css=&#8221;.vc_custom_1511259020159{margin-bottom: 0px !important;}&#8221;]\n<h2 class=\"knubbel\"><em>SeraSpot<\/em>\u00ae cumple\u2026<\/h2>\n[\/vc_column_text][mk_custom_list style=&#8221;mk-moon-circle-small&#8221;]\n<ul>\n<li>Varias exigencias del laboratorio con capacidad flexible para muestras y combinaci\u00f3n de diferentes pruebas: El procesamiento simult\u00e1neo de diferentes Microspot arrays es posible de forma sencilla gracias al sistema <em>SeraSpot<\/em>\u00ae: combine pruebas diferentes en distintas cantidades en una placa de microtitulaci\u00f3n o una tira individual.<\/li>\n<li>Est\u00e1ndares de alta calidad gracias a controles integrados y al uso de ant\u00edgenos cl\u00ednicamente relevantes: Todas las pruebas muestran alta sensibilidad y especificidad. Los controles incorporados y los arrays con c\u00f3digo de colores garantizan alta calidad interna. Adem\u00e1s, un marcador de posici\u00f3n en el pocillo garantiza una lectura precisa de los resultados de la prueba.<\/li>\n<li>Requisitos del usuario ofreciendo un software intuitivo y un procesamiento automatizado: <em>SeraSpot<\/em>\u00ae facilita el flujo de trabajo del laboratorio proporcionando todos los reactivos listos para usar y protocolos de prueba universales para todos los productos. Como consecuencia, el tiempo de preparaci\u00f3n se reduce al m\u00ednimo y el procedimiento de ensayo es r\u00e1pido y sencillo.<\/li>\n<\/ul>\n[\/mk_custom_list][vc_column_text]Gracias a estas caracter\u00edsticas especiales, <em>SeraSpot<\/em>\u00ae proporciona diagn\u00f3sticos r\u00e1pidos y econ\u00f3micos.[\/vc_column_text][vc_cta h2=&#8221;Folleto&#8221; shape=&#8221;square&#8221; style=&#8221;flat&#8221; color=&#8221;grey&#8221; add_button=&#8221;right&#8221; btn_title=&#8221;Descargar&#8221; btn_shape=&#8221;square&#8221; btn_color=&#8221;inverse&#8221; btn_link=&#8221;url:https%3A%2F%2Fclinical.r-biopharm.com%2Fwp-content%2Fuploads%2Fsites%2F3%2F2019%2F06%2Fseraspot_4p_en_2019-03_lores.pdf||target:%20_blank|&#8221;]El folleto <em>SeraSpot\u00ae<\/em> proporciona informaci\u00f3n m\u00e1s detallada sobre la tecnolog\u00eda, las caracter\u00edsticas y el procedimiento de ensayo.[\/vc_cta][vc_column_text css=&#8221;.vc_custom_1511258984981{margin-bottom: 0px !important;}&#8221;]\n<h2 class=\"knubbel\">Accesorios para los arrays <em>SeraSpot<\/em>\u00ae<\/h2>\n[\/vc_column_text][mk_custom_list style=&#8221;mk-moon-circle-small&#8221;]\n<ul>\n<li><a href=\"https:\/\/clinical.r-biopharm.com\/products\/spotsight-strip\/\">Tiras SpotSight\u00ae:<\/a> Esc\u00e1ner de tiras de 8 pocillos para arrays <em>SeraSpot<\/em>\u00ae<\/li>\n<li><a href=\"https:\/\/clinical.r-biopharm.com\/products\/spotsight-plate-mono\/\">Monoplaca SpotSight\u00ae:<\/a> Esc\u00e1ner de placa de 96 pocillos para arrays <em>SeraSpot<\/em>\u00ae<\/li>\n<li><a href=\"https:\/\/clinical.r-biopharm.com\/products\/spotsight-scan\/\">Esc\u00e1ner SpotSight\u00ae:<\/a> Software de evaluaci\u00f3n para arrays <em>SeraSpot<\/em>\u00ae<\/li>\n<\/ul>\n[\/mk_custom_list][\/vc_column][vc_column width=&#8221;1\/3&#8243;][vc_column_text margin_bottom=&#8221;20&#8243;]\n<p>&nbsp;<\/p>\n<h3 style=\"margin-bottom: 25px;\">Seleccione una indicaci\u00f3n<\/h3>\n<div class=\"facetwp-facet facetwp-facet-indication_fselect facetwp-type-fselect\" data-name=\"indication_fselect\" data-type=\"fselect\"><\/div>[\/vc_column_text][vc_column_text margin_bottom=&#8221;20&#8243;]\n<h3 style=\"margin-bottom: 25px;\">Seleccione un campo diagn\u00f3stico<\/h3>\n<div class=\"facetwp-facet facetwp-facet-diagnostics_fselect facetwp-type-fselect\" data-name=\"diagnostics_fselect\" data-type=\"fselect\"><\/div>[\/vc_column_text][vc_column_text margin_bottom=&#8221;40&#8243;]\n<h3 style=\"margin-bottom: 25px;\">Seleccione su producto de array<\/h3>\n<div class=\"facetwp-template\" data-name=\"array\"><ul class=\"product_facets\"><\/ul><\/div><div class=\"facetwp-facet facetwp-facet-load_more_pager facetwp-type-pager\" data-name=\"load_more_pager\" data-type=\"pager\"><button class=\"facetwp-load-more\" data-loading=\"Loading...\">Load more<\/button><\/div>[\/vc_column_text][\/vc_column][\/mk_page_section][mk_page_section bg_color=&#8221;#f7f7f7&#8243; padding_top=&#8221;0&#8243; padding_bottom=&#8221;0&#8243; sidebar=&#8221;sidebar-1&#8243;][vc_column css=&#8221;.vc_custom_1469015765963{margin-top: 25px !important;padding-bottom: 5px !important;}&#8221;][vc_column_text margin_bottom=&#8221;20&#8243; css=&#8221;.vc_custom_1530027776930{margin-bottom: 20px !important;}&#8221;]\n<h2 class=\"knubbel\">Noticias recientes<\/h2>\n[\/vc_column_text][mk_blog_carousel][\/vc_column][\/mk_page_section][mk_page_section bg_color=&#8221;#ffffff&#8221; padding_top=&#8221;0&#8243; sidebar=&#8221;sidebar-1&#8243;][vc_column css=&#8221;.vc_custom_1467042052405{margin-top: 40px !important;}&#8221;][vc_column_text margin_bottom=&#8221;20&#8243;]\n<h2 class=\"knubbel\">Otra informaci\u00f3n de inter\u00e9s<\/h2>\n[\/vc_column_text][vc_row_inner css=&#8221;.vc_custom_1468404266697{margin-bottom: 40px !important;}&#8221;][vc_column_inner width=&#8221;1\/3&#8243; css=&#8221;.vc_custom_1468416557833{padding-bottom: 10px !important;padding-left: 0px !important;}&#8221;][mk_flipbox_rb taxonomy=&#8221;technology&#8221; tag_technology=&#8221;array&#8221; min_height=&#8221;200&#8243; button_bg_color=&#8221;#4d4d4d&#8221; button_bg_hover_color=&#8221;#ffffff&#8221; button_text=&#8221;More&#8221;][\/vc_column_inner][vc_column_inner width=&#8221;1\/3&#8243; css=&#8221;.vc_custom_1468416552613{padding-right: 7.5px !important;padding-bottom: 10px !important;padding-left: 7.5px !important;}&#8221;][mk_flipbox_rb taxonomy=&#8221;technology&#8221; tag_technology=&#8221;array&#8221; offset=&#8221;1&#8243; min_height=&#8221;200&#8243; button_bg_color=&#8221;#4d4d4d&#8221; button_bg_hover_color=&#8221;#ffffff&#8221; button_text=&#8221;More&#8221;][\/vc_column_inner][vc_column_inner width=&#8221;1\/3&#8243; css=&#8221;.vc_custom_1468416547451{padding-right: 0px !important;padding-bottom: 10px !important;}&#8221;][mk_flipbox_rb taxonomy=&#8221;technology&#8221; tag_technology=&#8221;array&#8221; offset=&#8221;2&#8243; min_height=&#8221;200&#8243; button_bg_color=&#8221;#4d4d4d&#8221; button_bg_hover_color=&#8221;#ffffff&#8221; button_text=&#8221;More&#8221;][\/vc_column_inner][\/vc_row_inner][\/vc_column][\/mk_page_section][mk_page_section bg_color=&#8221;#f7f7f7&#8243; padding_top=&#8221;20&#8243; padding_bottom=&#8221;20&#8243; sidebar=&#8221;sidebar-1&#8243;][vc_column css=&#8221;.vc_custom_1468415774645{padding-top: 0px !important;padding-bottom: 0px !important;}&#8221;][vc_column_text disable_pattern=&#8221;false&#8221; align=&#8221;center&#8221;]\n<h2>Asistencia en relaci\u00f3n con los arrays<\/h2>\n<p>\u00bfPreguntas? Recurra a los conocimientos especializados de nuestro equipo. Le respaldamos a usted y su empresa en todas las fases del proceso anal\u00edtico para garantizar su \u00e9xito[\/vc_column_text][mk_button dimension=&#8221;flat&#8221; url=&#8221;\/es\/contacto\/&#8221; align=&#8221;center&#8221; margin_bottom=&#8221;&#8221; bg_color=&#8221;#4d4d4d&#8221; btn_hover_bg=&#8221;#ffffff&#8221; btn_hover_txt_color=&#8221;#4d4d4d&#8221;]Escr\u00edbanos[\/mk_button][\/vc_column][\/mk_page_section]\n<\/div>","protected":false},"excerpt":{"rendered":"<p>[mk_page_section padding_top=&#8221;30&#8243; padding_bottom=&#8221;30&#8243; sidebar=&#8221;sidebar-1&#8243;][vc_column width=&#8221;2\/3&#8243;][vc_column_text]El sistema inteligente SeraSpot\u00ae combina las capacidades diagn\u00f3sticas de las tecnolog\u00edas de array modernas con las ventajas del procesamiento consolidado y automatizado de ELISA. Las pruebas comprenden m\u00faltiples autoant\u00edgenos o ant\u00edgenos de pat\u00f3genos. Los ant\u00edgenos se observan directamente en el fondo de cada pocillo de una placa de microtitulaci\u00f3n. Esto permite [&hellip;]<\/p>\n","protected":false},"author":1,"featured_media":0,"parent":88548,"menu_order":0,"comment_status":"closed","ping_status":"closed","template":"","meta":{"_acf_changed":false,"content-type":"","_relevanssi_hide_post":"","_relevanssi_hide_content":"","_relevanssi_pin_for_all":"","_relevanssi_pin_keywords":"","_relevanssi_unpin_keywords":"","_relevanssi_related_keywords":"","_relevanssi_related_include_ids":"","_relevanssi_related_exclude_ids":"","_relevanssi_related_no_append":"","_relevanssi_related_not_related":"","_relevanssi_related_posts":"","_relevanssi_noindex_reason":"","footnotes":""},"class_list":["post-88786","page","type-page","status-publish","hentry"],"acf":[],"yoast_head":"<!-- This site is optimized with the Yoast SEO plugin v26.7 - https:\/\/yoast.com\/wordpress\/plugins\/seo\/ -->\n<title>Array: Microspot arrays innovadores para diagn\u00f3sticos m\u00faltiples de alta eficacia<\/title>\n<meta name=\"description\" content=\"Los Microspot arrays son pruebas estables y flexibles para diversas aplicaciones en el \u00e1rea del diagn\u00f3stico cl\u00ednico. Vea todos los arrays para diagn\u00f3stico cl\u00ednico aqu\u00ed.\" \/>\n<meta name=\"robots\" content=\"index, follow, max-snippet:-1, max-image-preview:large, max-video-preview:-1\" \/>\n<link rel=\"canonical\" href=\"https:\/\/clinical.r-biopharm.com\/es\/tecnologias\/array\/\" \/>\n<meta property=\"og:locale\" content=\"es_ES\" \/>\n<meta property=\"og:type\" content=\"article\" \/>\n<meta property=\"og:title\" content=\"Array: Microspot arrays innovadores para diagn\u00f3sticos m\u00faltiples de alta eficacia\" \/>\n<meta property=\"og:description\" content=\"Los Microspot arrays son pruebas estables y flexibles para diversas aplicaciones en el \u00e1rea del diagn\u00f3stico cl\u00ednico. Vea todos los arrays para diagn\u00f3stico cl\u00ednico aqu\u00ed.\" \/>\n<meta property=\"og:url\" content=\"https:\/\/clinical.r-biopharm.com\/es\/tecnologias\/array\/\" \/>\n<meta property=\"og:site_name\" content=\"Clinical Diagnostics\" \/>\n<meta property=\"article:modified_time\" content=\"2019-07-08T14:05:15+00:00\" \/>\n<meta name=\"twitter:label1\" content=\"Est. reading time\" \/>\n\t<meta name=\"twitter:data1\" content=\"4 minutes\" \/>\n<script type=\"application\/ld+json\" class=\"yoast-schema-graph\">{\"@context\":\"https:\/\/schema.org\",\"@graph\":[{\"@type\":\"WebPage\",\"@id\":\"https:\/\/clinical.r-biopharm.com\/es\/tecnologias\/array\/\",\"url\":\"https:\/\/clinical.r-biopharm.com\/es\/tecnologias\/array\/\",\"name\":\"Array: Microspot arrays innovadores para diagn\u00f3sticos m\u00faltiples de alta eficacia\",\"isPartOf\":{\"@id\":\"https:\/\/clinical.r-biopharm.com\/fr\/#website\"},\"datePublished\":\"2016-11-24T13:52:11+00:00\",\"dateModified\":\"2019-07-08T14:05:15+00:00\",\"description\":\"Los Microspot arrays son pruebas estables y flexibles para diversas aplicaciones en el \u00e1rea del diagn\u00f3stico cl\u00ednico. Vea todos los arrays para diagn\u00f3stico cl\u00ednico aqu\u00ed.\",\"breadcrumb\":{\"@id\":\"https:\/\/clinical.r-biopharm.com\/es\/tecnologias\/array\/#breadcrumb\"},\"inLanguage\":\"es-ES\",\"potentialAction\":[{\"@type\":\"ReadAction\",\"target\":[\"https:\/\/clinical.r-biopharm.com\/es\/tecnologias\/array\/\"]}]},{\"@type\":\"BreadcrumbList\",\"@id\":\"https:\/\/clinical.r-biopharm.com\/es\/tecnologias\/array\/#breadcrumb\",\"itemListElement\":[{\"@type\":\"ListItem\",\"position\":1,\"name\":\"Home\",\"item\":\"https:\/\/clinical.r-biopharm.com\/es\/\"},{\"@type\":\"ListItem\",\"position\":2,\"name\":\"Tecnolog\u00edas\",\"item\":\"https:\/\/clinical.r-biopharm.com\/es\/tecnologias\/\"},{\"@type\":\"ListItem\",\"position\":3,\"name\":\"Array\"}]},{\"@type\":\"WebSite\",\"@id\":\"https:\/\/clinical.r-biopharm.com\/fr\/#website\",\"url\":\"https:\/\/clinical.r-biopharm.com\/fr\/\",\"name\":\"Clinical Diagnostics\",\"description\":\"A Division of the R-Biopharm Group\",\"potentialAction\":[{\"@type\":\"SearchAction\",\"target\":{\"@type\":\"EntryPoint\",\"urlTemplate\":\"https:\/\/clinical.r-biopharm.com\/fr\/?s={search_term_string}\"},\"query-input\":{\"@type\":\"PropertyValueSpecification\",\"valueRequired\":true,\"valueName\":\"search_term_string\"}}],\"inLanguage\":\"es-ES\"}]}<\/script>\n<!-- \/ Yoast SEO plugin. -->","yoast_head_json":{"title":"Array: Microspot arrays innovadores para diagn\u00f3sticos m\u00faltiples de alta eficacia","description":"Los Microspot arrays son pruebas estables y flexibles para diversas aplicaciones en el \u00e1rea del diagn\u00f3stico cl\u00ednico. Vea todos los arrays para diagn\u00f3stico cl\u00ednico aqu\u00ed.","robots":{"index":"index","follow":"follow","max-snippet":"max-snippet:-1","max-image-preview":"max-image-preview:large","max-video-preview":"max-video-preview:-1"},"canonical":"https:\/\/clinical.r-biopharm.com\/es\/tecnologias\/array\/","og_locale":"es_ES","og_type":"article","og_title":"Array: Microspot arrays innovadores para diagn\u00f3sticos m\u00faltiples de alta eficacia","og_description":"Los Microspot arrays son pruebas estables y flexibles para diversas aplicaciones en el \u00e1rea del diagn\u00f3stico cl\u00ednico. Vea todos los arrays para diagn\u00f3stico cl\u00ednico aqu\u00ed.","og_url":"https:\/\/clinical.r-biopharm.com\/es\/tecnologias\/array\/","og_site_name":"Clinical Diagnostics","article_modified_time":"2019-07-08T14:05:15+00:00","twitter_misc":{"Est. reading time":"4 minutes"},"schema":{"@context":"https:\/\/schema.org","@graph":[{"@type":"WebPage","@id":"https:\/\/clinical.r-biopharm.com\/es\/tecnologias\/array\/","url":"https:\/\/clinical.r-biopharm.com\/es\/tecnologias\/array\/","name":"Array: Microspot arrays innovadores para diagn\u00f3sticos m\u00faltiples de alta eficacia","isPartOf":{"@id":"https:\/\/clinical.r-biopharm.com\/fr\/#website"},"datePublished":"2016-11-24T13:52:11+00:00","dateModified":"2019-07-08T14:05:15+00:00","description":"Los Microspot arrays son pruebas estables y flexibles para diversas aplicaciones en el \u00e1rea del diagn\u00f3stico cl\u00ednico. Vea todos los arrays para diagn\u00f3stico cl\u00ednico aqu\u00ed.","breadcrumb":{"@id":"https:\/\/clinical.r-biopharm.com\/es\/tecnologias\/array\/#breadcrumb"},"inLanguage":"es-ES","potentialAction":[{"@type":"ReadAction","target":["https:\/\/clinical.r-biopharm.com\/es\/tecnologias\/array\/"]}]},{"@type":"BreadcrumbList","@id":"https:\/\/clinical.r-biopharm.com\/es\/tecnologias\/array\/#breadcrumb","itemListElement":[{"@type":"ListItem","position":1,"name":"Home","item":"https:\/\/clinical.r-biopharm.com\/es\/"},{"@type":"ListItem","position":2,"name":"Tecnolog\u00edas","item":"https:\/\/clinical.r-biopharm.com\/es\/tecnologias\/"},{"@type":"ListItem","position":3,"name":"Array"}]},{"@type":"WebSite","@id":"https:\/\/clinical.r-biopharm.com\/fr\/#website","url":"https:\/\/clinical.r-biopharm.com\/fr\/","name":"Clinical Diagnostics","description":"A Division of the R-Biopharm Group","potentialAction":[{"@type":"SearchAction","target":{"@type":"EntryPoint","urlTemplate":"https:\/\/clinical.r-biopharm.com\/fr\/?s={search_term_string}"},"query-input":{"@type":"PropertyValueSpecification","valueRequired":true,"valueName":"search_term_string"}}],"inLanguage":"es-ES"}]}},"_links":{"self":[{"href":"https:\/\/clinical.r-biopharm.com\/es\/wp-json\/wp\/v2\/pages\/88786","targetHints":{"allow":["GET"]}}],"collection":[{"href":"https:\/\/clinical.r-biopharm.com\/es\/wp-json\/wp\/v2\/pages"}],"about":[{"href":"https:\/\/clinical.r-biopharm.com\/es\/wp-json\/wp\/v2\/types\/page"}],"author":[{"embeddable":true,"href":"https:\/\/clinical.r-biopharm.com\/es\/wp-json\/wp\/v2\/users\/1"}],"replies":[{"embeddable":true,"href":"https:\/\/clinical.r-biopharm.com\/es\/wp-json\/wp\/v2\/comments?post=88786"}],"version-history":[{"count":27,"href":"https:\/\/clinical.r-biopharm.com\/es\/wp-json\/wp\/v2\/pages\/88786\/revisions"}],"predecessor-version":[{"id":97427,"href":"https:\/\/clinical.r-biopharm.com\/es\/wp-json\/wp\/v2\/pages\/88786\/revisions\/97427"}],"up":[{"embeddable":true,"href":"https:\/\/clinical.r-biopharm.com\/es\/wp-json\/wp\/v2\/pages\/88548"}],"wp:attachment":[{"href":"https:\/\/clinical.r-biopharm.com\/es\/wp-json\/wp\/v2\/media?parent=88786"}],"curies":[{"name":"wp","href":"https:\/\/api.w.org\/{rel}","templated":true}]}}