{"id":88835,"date":"2016-12-15T15:39:16","date_gmt":"2016-12-15T14:39:16","guid":{"rendered":"https:\/\/clinical.r-biopharm.com\/diagnostico\/autoinmunidad\/"},"modified":"2019-07-08T09:58:00","modified_gmt":"2019-07-08T07:58:00","slug":"autoinmunidad","status":"publish","type":"page","link":"https:\/\/clinical.r-biopharm.com\/es\/diagnostico\/autoinmunidad\/","title":{"rendered":"Autoinmunidad"},"content":{"rendered":"<div class=\"wpb-content-wrapper\">[mk_page_section padding_top=&#8221;30&#8243; padding_bottom=&#8221;30&#8243; sidebar=&#8221;sidebar-1&#8243;][vc_column width=&#8221;2\/3&#8243;][vc_column_text]<strong>R-Biopharm le ofrece una nueva l\u00ednea de producto: <em>SeraSpot<\/em>\u00ae, el nuevo Microspot array para diagn\u00f3stico m\u00faltiple de enfermedades autoinmunes.<\/strong><\/p>\n<p>En las enfermedades autoinmunes, el sistema inmunitario ataca las estructuras de su propio cuerpo. Los s\u00edntomas y por tanto el tipo de enfermedad var\u00edan en funci\u00f3n de la estructura atacada (p. ej., nervios, articulaciones, h\u00edgado). Actualmente, se conocen en torno a 81 enfermedades autoinmunes distintas, las cuales pueden ser localizadas, afectar por ejemplo a un \u00f3rgano concreto, o sist\u00e9micas.<\/p>\n<p>Numerosas enfermedades autoinmunes se caracterizan por los autoanticuerpos. Los autoanticuerpos pueden ser directamente pat\u00f3genos (p. ej., anti-GBM) o estar asociados a la enfermedad. Adem\u00e1s, pueden ser valiosos como marcadores pron\u00f3sticos (p. ej., anti-AMA-M2), \u00fatiles en el control del paciente (p. ej., anti-dsDNA) o necesarios para el diagn\u00f3stico diferencial (p. ej., anti-Mi2). Cabe destacar que cuanto antes se establezca el diagn\u00f3stico de la enfermedad autoinmune, mejor ser\u00e1 el resultado para el paciente. Este principio resulta especialmente importante en enfermedades progresivas, como la reum\u00e1tica y la fibr\u00f3tica, que pueden provocar p\u00e9rdidas irreversibles.<\/p>\n<h3>Diagn\u00f3stico de enfermedades autoinmunes<\/h3>\n<p>Analizar los autoanticuerpos es un elemento central en el diagn\u00f3stico y el tratamiento de las enfermedades autoinmunes. R-Biopharm ofrece <em>SeraSpot<\/em>\u00ae, un nuevo <a href=\"https:\/\/clinical.r-biopharm.com\/es\/tecnologias\/array\/\">Microspot array<\/a> para el diagn\u00f3stico de enfermedades autoinmunes e infecciosas. Actualmente, la plataforma <em>SeraSpot<\/em>\u00ae comprende 4 Microspot arrays diferentes m\u00e1s el esc\u00e1ner de Microspot arrays para el diagn\u00f3stico de la enfermedad del tejido conjuntivo, enfermedad hep\u00e1tica autoinmune o vasculitis sist\u00e9mica y enfermedad de Goodpasture.[\/vc_column_text][vc_accordions style=&#8221;simple-style&#8221; open_toggle=&#8221;-1&#8243; container_bg_color=&#8221;#ffffff&#8221;][vc_accordion_tab icon=&#8221;mk-moon-circle-small&#8221; title=&#8221;Enfermedades del tejido conjuntivo&#8221;][vc_column_text]Las enfermedades del tejido conjuntivo son enfermedades reum\u00e1ticas inflamatorias y sist\u00e9micas que se caracterizan normalmente por una evoluci\u00f3n cr\u00f3nica (enfermedades del tejido conjuntivo sist\u00e9micas) y s\u00edntomas que a menudo se solapan (s\u00edndromes que se solapan). Las enfermedades del tejido conjuntivo incluyen las enfermedades siguientes y normalmente se analiza a los pacientes para detectar anticuerpos antinucleares (ANA):[\/vc_column_text][mk_custom_list style=&#8221;mk-moon-circle-small&#8221;]\n<ul>\n<li>Lupus eritematoso sist\u00e9mico (LES) y subconjuntos<\/li>\n<li>S\u00edndrome de Sj\u00f6gren (SjS)<\/li>\n<li>Esclerosis sist\u00e9mica (SS)<\/li>\n<li>Miositis idiop\u00e1tica (autoinmune)<\/li>\n<li>Enfermedad mixta del tejido conjuntivo (EMTC o s\u00edndrome de Sharp)<\/li>\n<li>S\u00edndromes que se solapan.<\/li>\n<\/ul>\n[\/mk_custom_list][\/vc_accordion_tab][vc_accordion_tab icon=&#8221;mk-moon-circle-small&#8221; title=&#8221;Enfermedad hep\u00e1tica autoinmune primaria&#8221;][vc_column_text]La enfermedad hep\u00e1tica (EH) autoinmune primaria puede subdividirse en:[\/vc_column_text][mk_custom_list style=&#8221;mk-moon-circle-small&#8221;]\n<ul>\n<li>Hepatitis autoinmune (HAI) tipos I a III<\/li>\n<li>Cirrosis biliar primaria (CBP)<\/li>\n<li>Colangitis esclerosante primaria (CEP)<\/li>\n<li>Enfermedad que se solapa con caracter\u00edsticas de HAI y CBP o CEP.<\/li>\n<\/ul>\n[\/mk_custom_list][vc_column_text]Los s\u00edntomas cl\u00ednicos de la EH son similares a los de otras enfermedades hep\u00e1ticas cr\u00f3nicas y pueden progresar a cirrosis hep\u00e1tica. Solo un diagn\u00f3stico y tratamiento tempranos pueden evitar este desenlace. En aproximadamente el 15\u00a0% de los casos de enfermedad hep\u00e1tica cr\u00f3nica subyace una causa autoinmune, motivo por el que la determinaci\u00f3n de diferentes autoanticuerpos resulta \u00fatil.<\/p>\n<p>Los resultados de laboratorio en casos de hepatitis autoinmune incluyen resultados seropositivos para anticuerpos antinucleares (ANA), anticuerpos antim\u00fasculo liso (F-actina), anticuerpos anti-microsomas de h\u00edgado y ri\u00f1\u00f3n tipo 1 (LKM 1) o anticuerpos anti-citosol hep\u00e1tico 1 (anti-LC1). Los anticuerpos pertinentes desde el punto de vista diagn\u00f3stico para la HAI se utilizan para la subclasificaci\u00f3n de HAI, as\u00ed como para la diferenciaci\u00f3n de CBP.[\/vc_column_text][\/vc_accordion_tab][vc_accordion_tab icon=&#8221;mk-moon-circle-small&#8221; title=&#8221;Vasculitis sist\u00e9mica primaria&#8221;][vc_column_text]La vasculitis sist\u00e9mica primaria de vasos peque\u00f1os y medios\/grandes de etiopatogenia desconocida se asocia con anticuerpos citoplasm\u00e1ticos antineutr\u00f3filos (ANCA). Los tres tipos de vasculitis asociados con ANCA son:[\/vc_column_text][mk_custom_list style=&#8221;mk-moon-circle-small&#8221;]\n<ul>\n<li>Ganulomatosis con poliange\u00edtis (Wegener) (GPA)<\/li>\n<li>Poliange\u00edtis microsc\u00f3pica (MPA)<\/li>\n<li>granulomatosis eosinof\u00edlica con poliange\u00edtis (s\u00edndrome de Churg\u2013Strauss) (EGPA).<\/li>\n<\/ul>\n[\/mk_custom_list][vc_column_text]M\u00e1s del 90\u00a0% de los pacientes con GPA y MPA son positivos para ANCA. En la mayor parte de los estudios europeos, la especificidad del ant\u00edgeno de ANCA de la MPA es predominantemente la mieloperoxidasa (MPO) y en casos de GPA es la proteinasa 3 (PR3). Los pacientes con EGPA son positivos para ANCA en el 50 % de los casos, especialmente MPO. La vasculitis asociada a MPO-ANCA es m\u00e1s frecuente en japoneses y chinos, mientras que la asociada a PR3-ANCA es m\u00e1s com\u00fan en europeos. La glomerulonefritis es m\u00e1s frecuente y m\u00e1s grave en pacientes con vasculitis asociada a PR3-ANCA, en comparaci\u00f3n con aquellos con vasculitis asociada a MPO.[\/vc_column_text][\/vc_accordion_tab][vc_accordion_tab icon=&#8221;mk-moon-circle-small&#8221; title=&#8221;Enfermedad de Goodpasture&#8221;][vc_column_text]La enfermedad de Goodpasture es una glomerulonefritis, con o sin hemorragia pulmonar, que se caracteriza por la presencia de anticuerpos circulantes antimembrana basal glomerular (anti-GBM). El reconocimiento y tratamiento tempranos de este s\u00edndrome es crucial para el pron\u00f3stico de la funci\u00f3n renal. En ocasiones, el s\u00edndrome de Goodpasture puede estar superpuesto a la vasculitis sist\u00e9mica positiva para ANCA. Adem\u00e1s de los anticuerpos anti-GBM implicados en la enfermedad, en torno a un tercio de los pacientes afectados tambi\u00e9n presenta ANCA. Un resultado positivo para ANCA a menudo precede a los anticuerpos anti-GBM en unos meses o incluso a\u00f1os.<\/p>\n[\/vc_column_text][\/vc_accordion_tab][\/vc_accordions][\/vc_column][vc_column width=&#8221;1\/3&#8243;][vc_column_text margin_bottom=&#8221;20&#8243;]\n<h3 style=\"margin-bottom: 25px;\">Seleccione una indicaci\u00f3n<\/h3>\n<div class=\"facetwp-facet facetwp-facet-indication_fselect facetwp-type-fselect\" data-name=\"indication_fselect\" data-type=\"fselect\"><\/div>[\/vc_column_text][vc_column_text margin_bottom=&#8221;20&#8243;]\n<h3 style=\"margin-bottom: 25px;\">Seleccione una tecnolog\u00eda<\/h3>\n<div class=\"facetwp-facet facetwp-facet-technology_fselect facetwp-type-fselect\" data-name=\"technology_fselect\" data-type=\"fselect\"><\/div>[\/vc_column_text][vc_column_text margin_bottom=&#8221;40&#8243;]\n<h3 style=\"margin-bottom: 25px;\"><\/h3>\n<h3 style=\"margin-bottom: 25px;\">Seleccione su producto de autoinmunidad<\/h3>\n<div class=\"facetwp-template\" data-name=\"autoimmunity\"><ul class=\"product_facets\"><\/ul><\/div><div class=\"facetwp-facet facetwp-facet-load_more_pager facetwp-type-pager\" data-name=\"load_more_pager\" data-type=\"pager\"><button class=\"facetwp-load-more\" data-loading=\"Loading...\">Load more<\/button><\/div>[\/vc_column_text][\/vc_column][\/mk_page_section][mk_page_section bg_color=&#8221;#f7f7f7&#8243; padding_top=&#8221;0&#8243; padding_bottom=&#8221;0&#8243; sidebar=&#8221;sidebar-1&#8243;][vc_column css=&#8221;.vc_custom_1469015765963{margin-top: 25px !important;padding-bottom: 5px !important;}&#8221;][vc_column_text margin_bottom=&#8221;20&#8243; css=&#8221;.vc_custom_1530023759586{margin-bottom: 20px !important;}&#8221;]\n<h2 class=\"knubbel\">Noticias recientes<\/h2>\n[\/vc_column_text][mk_blog_carousel][\/vc_column][\/mk_page_section][mk_page_section bg_color=&#8221;#ffffff&#8221; padding_top=&#8221;0&#8243; sidebar=&#8221;sidebar-1&#8243;][vc_column css=&#8221;.vc_custom_1467042052405{margin-top: 40px !important;}&#8221;][vc_column_text margin_bottom=&#8221;20&#8243;]\n<h2 class=\"knubbel\">Otra informaci\u00f3n de inter\u00e9s<\/h2>\n[\/vc_column_text][vc_row_inner css=&#8221;.vc_custom_1468404266697{margin-bottom: 40px !important;}&#8221;][vc_column_inner width=&#8221;1\/3&#8243; css=&#8221;.vc_custom_1468416557833{padding-bottom: 10px !important;padding-left: 0px !important;}&#8221;][mk_flipbox_rb taxonomy=&#8221;diagnostic&#8221; tag_diagnostics=&#8221;autoimmunity&#8221; min_height=&#8221;200&#8243; button_bg_color=&#8221;#4d4d4d&#8221; button_bg_hover_color=&#8221;#ffffff&#8221; button_text=&#8221;More&#8221;][\/vc_column_inner][vc_column_inner width=&#8221;1\/3&#8243; css=&#8221;.vc_custom_1468416552613{padding-right: 7.5px !important;padding-bottom: 10px !important;padding-left: 7.5px !important;}&#8221;][mk_flipbox_rb taxonomy=&#8221;diagnostic&#8221; tag_diagnostics=&#8221;autoimmunity&#8221; offset=&#8221;1&#8243; min_height=&#8221;200&#8243; button_bg_color=&#8221;#4d4d4d&#8221; button_bg_hover_color=&#8221;#ffffff&#8221; button_text=&#8221;More&#8221;][\/vc_column_inner][vc_column_inner width=&#8221;1\/3&#8243; css=&#8221;.vc_custom_1468416547451{padding-right: 0px !important;padding-bottom: 10px !important;}&#8221;][mk_flipbox_rb taxonomy=&#8221;diagnostic&#8221; tag_diagnostics=&#8221;autoimmunity&#8221; offset=&#8221;2&#8243; min_height=&#8221;200&#8243; button_bg_color=&#8221;#4d4d4d&#8221; button_bg_hover_color=&#8221;#ffffff&#8221; button_text=&#8221;More Information&#8221;][\/vc_column_inner][\/vc_row_inner][\/vc_column][\/mk_page_section][mk_page_section bg_color=&#8221;#f7f7f7&#8243; padding_top=&#8221;20&#8243; padding_bottom=&#8221;20&#8243; sidebar=&#8221;sidebar-1&#8243;][vc_column css=&#8221;.vc_custom_1468415774645{padding-top: 0px !important;padding-bottom: 0px !important;}&#8221;][vc_column_text disable_pattern=&#8221;false&#8221; align=&#8221;center&#8221;]\n<h2>Asistencia en relaci\u00f3n con autoinmunidad<\/h2>\n<p>\u00bfPreguntas? Recurra a los conocimientos especializados de nuestro equipo. Le respaldamos a usted y su empresa en todas las fases del proceso anal\u00edtico para garantizar su \u00e9xito[\/vc_column_text][mk_button dimension=&#8221;flat&#8221; url=&#8221;\/es\/contacto\/&#8221; align=&#8221;center&#8221; margin_bottom=&#8221;&#8221; bg_color=&#8221;#4d4d4d&#8221; btn_hover_bg=&#8221;#ffffff&#8221; btn_hover_txt_color=&#8221;#4d4d4d&#8221;]Escr\u00edbanos[\/mk_button][\/vc_column][\/mk_page_section]\n<\/div>","protected":false},"excerpt":{"rendered":"<p>[mk_page_section padding_top=&#8221;30&#8243; padding_bottom=&#8221;30&#8243; sidebar=&#8221;sidebar-1&#8243;][vc_column width=&#8221;2\/3&#8243;][vc_column_text]R-Biopharm le ofrece una nueva l\u00ednea de producto: SeraSpot\u00ae, el nuevo Microspot array para diagn\u00f3stico m\u00faltiple de enfermedades autoinmunes. En las enfermedades autoinmunes, el sistema inmunitario ataca las estructuras de su propio cuerpo. Los s\u00edntomas y por tanto el tipo de enfermedad var\u00edan en funci\u00f3n de la estructura atacada (p. ej., [&hellip;]<\/p>\n","protected":false},"author":1,"featured_media":0,"parent":88515,"menu_order":0,"comment_status":"closed","ping_status":"closed","template":"","meta":{"_acf_changed":false,"content-type":"","_relevanssi_hide_post":"","_relevanssi_hide_content":"","_relevanssi_pin_for_all":"","_relevanssi_pin_keywords":"","_relevanssi_unpin_keywords":"","_relevanssi_related_keywords":"","_relevanssi_related_include_ids":"","_relevanssi_related_exclude_ids":"","_relevanssi_related_no_append":"","_relevanssi_related_not_related":"","_relevanssi_related_posts":"","_relevanssi_noindex_reason":"","footnotes":""},"class_list":["post-88835","page","type-page","status-publish","hentry"],"acf":[],"yoast_head":"<!-- This site is optimized with the Yoast SEO plugin v26.7 - https:\/\/yoast.com\/wordpress\/plugins\/seo\/ -->\n<title>Autoinmunidad: Pruebas fiables para el diagn\u00f3stico de enfermedades autoinmunes<\/title>\n<meta name=\"robots\" content=\"index, follow, max-snippet:-1, max-image-preview:large, max-video-preview:-1\" \/>\n<link rel=\"canonical\" href=\"https:\/\/clinical.r-biopharm.com\/es\/diagnostico\/autoinmunidad\/\" \/>\n<meta property=\"og:locale\" content=\"es_ES\" \/>\n<meta property=\"og:type\" content=\"article\" \/>\n<meta property=\"og:title\" content=\"Autoinmunidad: Pruebas fiables para el diagn\u00f3stico de enfermedades autoinmunes\" \/>\n<meta property=\"og:description\" content=\"[mk_page_section padding_top=&#8221;30&#8243; padding_bottom=&#8221;30&#8243; sidebar=&#8221;sidebar-1&#8243;][vc_column width=&#8221;2\/3&#8243;][vc_column_text]R-Biopharm le ofrece una nueva l\u00ednea de producto: SeraSpot\u00ae, el nuevo Microspot array para diagn\u00f3stico m\u00faltiple de enfermedades autoinmunes. En las enfermedades autoinmunes, el sistema inmunitario ataca las estructuras de su propio cuerpo. Los s\u00edntomas y por tanto el tipo de enfermedad var\u00edan en funci\u00f3n de la estructura atacada (p. ej., [&hellip;]\" \/>\n<meta property=\"og:url\" content=\"https:\/\/clinical.r-biopharm.com\/es\/diagnostico\/autoinmunidad\/\" \/>\n<meta property=\"og:site_name\" content=\"Clinical Diagnostics\" \/>\n<meta property=\"article:modified_time\" content=\"2019-07-08T07:58:00+00:00\" \/>\n<meta name=\"twitter:label1\" content=\"Est. reading time\" \/>\n\t<meta name=\"twitter:data1\" content=\"7 minutes\" \/>\n<script type=\"application\/ld+json\" class=\"yoast-schema-graph\">{\"@context\":\"https:\/\/schema.org\",\"@graph\":[{\"@type\":\"WebPage\",\"@id\":\"https:\/\/clinical.r-biopharm.com\/es\/diagnostico\/autoinmunidad\/\",\"url\":\"https:\/\/clinical.r-biopharm.com\/es\/diagnostico\/autoinmunidad\/\",\"name\":\"Autoinmunidad: Pruebas fiables para el diagn\u00f3stico de enfermedades autoinmunes\",\"isPartOf\":{\"@id\":\"https:\/\/clinical.r-biopharm.com\/fr\/#website\"},\"datePublished\":\"2016-12-15T14:39:16+00:00\",\"dateModified\":\"2019-07-08T07:58:00+00:00\",\"breadcrumb\":{\"@id\":\"https:\/\/clinical.r-biopharm.com\/es\/diagnostico\/autoinmunidad\/#breadcrumb\"},\"inLanguage\":\"es-ES\",\"potentialAction\":[{\"@type\":\"ReadAction\",\"target\":[\"https:\/\/clinical.r-biopharm.com\/es\/diagnostico\/autoinmunidad\/\"]}]},{\"@type\":\"BreadcrumbList\",\"@id\":\"https:\/\/clinical.r-biopharm.com\/es\/diagnostico\/autoinmunidad\/#breadcrumb\",\"itemListElement\":[{\"@type\":\"ListItem\",\"position\":1,\"name\":\"Home\",\"item\":\"https:\/\/clinical.r-biopharm.com\/es\/\"},{\"@type\":\"ListItem\",\"position\":2,\"name\":\"Diagn\u00f3stico\",\"item\":\"https:\/\/clinical.r-biopharm.com\/es\/diagnostico\/\"},{\"@type\":\"ListItem\",\"position\":3,\"name\":\"Autoinmunidad\"}]},{\"@type\":\"WebSite\",\"@id\":\"https:\/\/clinical.r-biopharm.com\/fr\/#website\",\"url\":\"https:\/\/clinical.r-biopharm.com\/fr\/\",\"name\":\"Clinical Diagnostics\",\"description\":\"A Division of the R-Biopharm Group\",\"potentialAction\":[{\"@type\":\"SearchAction\",\"target\":{\"@type\":\"EntryPoint\",\"urlTemplate\":\"https:\/\/clinical.r-biopharm.com\/fr\/?s={search_term_string}\"},\"query-input\":{\"@type\":\"PropertyValueSpecification\",\"valueRequired\":true,\"valueName\":\"search_term_string\"}}],\"inLanguage\":\"es-ES\"}]}<\/script>\n<!-- \/ Yoast SEO plugin. -->","yoast_head_json":{"title":"Autoinmunidad: Pruebas fiables para el diagn\u00f3stico de enfermedades autoinmunes","robots":{"index":"index","follow":"follow","max-snippet":"max-snippet:-1","max-image-preview":"max-image-preview:large","max-video-preview":"max-video-preview:-1"},"canonical":"https:\/\/clinical.r-biopharm.com\/es\/diagnostico\/autoinmunidad\/","og_locale":"es_ES","og_type":"article","og_title":"Autoinmunidad: Pruebas fiables para el diagn\u00f3stico de enfermedades autoinmunes","og_description":"[mk_page_section padding_top=&#8221;30&#8243; padding_bottom=&#8221;30&#8243; sidebar=&#8221;sidebar-1&#8243;][vc_column width=&#8221;2\/3&#8243;][vc_column_text]R-Biopharm le ofrece una nueva l\u00ednea de producto: SeraSpot\u00ae, el nuevo Microspot array para diagn\u00f3stico m\u00faltiple de enfermedades autoinmunes. En las enfermedades autoinmunes, el sistema inmunitario ataca las estructuras de su propio cuerpo. Los s\u00edntomas y por tanto el tipo de enfermedad var\u00edan en funci\u00f3n de la estructura atacada (p. ej., [&hellip;]","og_url":"https:\/\/clinical.r-biopharm.com\/es\/diagnostico\/autoinmunidad\/","og_site_name":"Clinical Diagnostics","article_modified_time":"2019-07-08T07:58:00+00:00","twitter_misc":{"Est. reading time":"7 minutes"},"schema":{"@context":"https:\/\/schema.org","@graph":[{"@type":"WebPage","@id":"https:\/\/clinical.r-biopharm.com\/es\/diagnostico\/autoinmunidad\/","url":"https:\/\/clinical.r-biopharm.com\/es\/diagnostico\/autoinmunidad\/","name":"Autoinmunidad: Pruebas fiables para el diagn\u00f3stico de enfermedades autoinmunes","isPartOf":{"@id":"https:\/\/clinical.r-biopharm.com\/fr\/#website"},"datePublished":"2016-12-15T14:39:16+00:00","dateModified":"2019-07-08T07:58:00+00:00","breadcrumb":{"@id":"https:\/\/clinical.r-biopharm.com\/es\/diagnostico\/autoinmunidad\/#breadcrumb"},"inLanguage":"es-ES","potentialAction":[{"@type":"ReadAction","target":["https:\/\/clinical.r-biopharm.com\/es\/diagnostico\/autoinmunidad\/"]}]},{"@type":"BreadcrumbList","@id":"https:\/\/clinical.r-biopharm.com\/es\/diagnostico\/autoinmunidad\/#breadcrumb","itemListElement":[{"@type":"ListItem","position":1,"name":"Home","item":"https:\/\/clinical.r-biopharm.com\/es\/"},{"@type":"ListItem","position":2,"name":"Diagn\u00f3stico","item":"https:\/\/clinical.r-biopharm.com\/es\/diagnostico\/"},{"@type":"ListItem","position":3,"name":"Autoinmunidad"}]},{"@type":"WebSite","@id":"https:\/\/clinical.r-biopharm.com\/fr\/#website","url":"https:\/\/clinical.r-biopharm.com\/fr\/","name":"Clinical Diagnostics","description":"A Division of the R-Biopharm Group","potentialAction":[{"@type":"SearchAction","target":{"@type":"EntryPoint","urlTemplate":"https:\/\/clinical.r-biopharm.com\/fr\/?s={search_term_string}"},"query-input":{"@type":"PropertyValueSpecification","valueRequired":true,"valueName":"search_term_string"}}],"inLanguage":"es-ES"}]}},"_links":{"self":[{"href":"https:\/\/clinical.r-biopharm.com\/es\/wp-json\/wp\/v2\/pages\/88835","targetHints":{"allow":["GET"]}}],"collection":[{"href":"https:\/\/clinical.r-biopharm.com\/es\/wp-json\/wp\/v2\/pages"}],"about":[{"href":"https:\/\/clinical.r-biopharm.com\/es\/wp-json\/wp\/v2\/types\/page"}],"author":[{"embeddable":true,"href":"https:\/\/clinical.r-biopharm.com\/es\/wp-json\/wp\/v2\/users\/1"}],"replies":[{"embeddable":true,"href":"https:\/\/clinical.r-biopharm.com\/es\/wp-json\/wp\/v2\/comments?post=88835"}],"version-history":[{"count":28,"href":"https:\/\/clinical.r-biopharm.com\/es\/wp-json\/wp\/v2\/pages\/88835\/revisions"}],"predecessor-version":[{"id":97336,"href":"https:\/\/clinical.r-biopharm.com\/es\/wp-json\/wp\/v2\/pages\/88835\/revisions\/97336"}],"up":[{"embeddable":true,"href":"https:\/\/clinical.r-biopharm.com\/es\/wp-json\/wp\/v2\/pages\/88515"}],"wp:attachment":[{"href":"https:\/\/clinical.r-biopharm.com\/es\/wp-json\/wp\/v2\/media?parent=88835"}],"curies":[{"name":"wp","href":"https:\/\/api.w.org\/{rel}","templated":true}]}}