{"id":88872,"date":"2016-12-15T16:05:30","date_gmt":"2016-12-15T15:05:30","guid":{"rendered":"https:\/\/clinical.r-biopharm.com\/indicacion\/infecciones-por-parasitos\/"},"modified":"2019-07-08T15:23:35","modified_gmt":"2019-07-08T13:23:35","slug":"infecciones-por-parasitos","status":"publish","type":"page","link":"https:\/\/clinical.r-biopharm.com\/es\/indicacion\/infecciones-por-parasitos\/","title":{"rendered":"Infecciones por par\u00e1sitos"},"content":{"rendered":"<div class=\"wpb-content-wrapper\">[mk_page_section padding_top=&#8221;30&#8243; padding_bottom=&#8221;30&#8243; sidebar=&#8221;sidebar-1&#8243;][vc_column width=&#8221;2\/3&#8243;][vc_column_text]\n<div id=\"text-block-3\" class=\"mk-text-block \">\n<p><strong>Las infecciones por par\u00e1sitos son muy frecuentes en regiones con clima tropical, donde el ejemplo m\u00e1s frecuente de este tipo de infecci\u00f3n es la malaria. En zonas no tropicales, las enfermedades m\u00e1s t\u00edpicas causadas por par\u00e1sitos son tricomoniasis, giardiasis, criptosporidiosis, amebiasis y toxoplasmosis.<\/strong><\/p>\n<p>Existen tres tipos de organismos que provocan las infecciones por par\u00e1sitos: protozoos, helmintos y ectopar\u00e1sitos. Las infecciones por protozoos pueden producirse, por ejemplo, al beber agua que contiene c\u00e9lulas de estos organismos o por consumir alimentos poco cocinados. Giardia lamblia, Cryptosporidium parvum, Entamoeba histolytica y Dientamoeba fragilis son los protozoos m\u00e1s importantes que provocan diarrea.<\/p>\n<p>Debido a la facilidad de propagaci\u00f3n, para un tratamiento efectivo de una infecci\u00f3n por par\u00e1sitos resulta crucial obtener un diagn\u00f3stico r\u00e1pido y fiable en una fase temprana. Los inmunoensayos y diagn\u00f3sticos moleculares permiten detectar y diferenciar las infecciones por par\u00e1sitos antes que los m\u00e9todos tradicionales, como una microscopia.<\/p>\n<h3>Soluciones diagn\u00f3sticas innovadoras para parasitolog\u00eda<\/h3>\n<p>R-Biopharm ofrece varias tecnolog\u00edas para parasitolog\u00eda que satisfacen las necesidades diagn\u00f3sticas y organizativas de laboratorios grandes y peque\u00f1os, que incluyen:<\/p>\n<\/div>\n[\/vc_column_text][mk_custom_list style=&#8221;mk-moon-circle-small&#8221;]\n<ul>\n<li>Ensayos r\u00e1pidos en forma de casete o tira sumergible: un m\u00e9todo directo, r\u00e1pido y sensible para detectar ant\u00edgenos v\u00edricos en conjuntos peque\u00f1os de muestras<\/li>\n<li>Kits de ensayo de PCR en tiempo real, adecuados para diferentes termocicladores de plataforma abierta<\/li>\n<li>Inmunoensayos enzim\u00e1ticos validados para plataformas de automatizaci\u00f3n<\/li>\n<\/ul>\n[\/mk_custom_list][vc_column_text]Puede elegir entre diferentes sistemas de diagn\u00f3stico para detectar una gran variedad de par\u00e1sitos, incluidos Entamoeba, Giardia y Cryptosporidium. Para permitir la detecci\u00f3n r\u00e1pida de varios par\u00e1sitos mediante PCR en tiempo real, ofrecemos tambi\u00e9n RIDA\u00aeGENE Parasitic Stool Panels.[\/vc_column_text][\/vc_column][vc_column width=&#8221;1\/3&#8243;][vc_column_text margin_bottom=&#8221;20&#8243;]\n<h3 style=\"margin-bottom: 25px;\">Seleccione una tecnolog\u00eda<\/h3>\n<div class=\"facetwp-facet facetwp-facet-technology_fselect facetwp-type-fselect\" data-name=\"technology_fselect\" data-type=\"fselect\"><\/div>[\/vc_column_text][vc_column_text margin_bottom=&#8221;20&#8243;]\n<h3 style=\"margin-bottom: 25px;\">Seleccione un campo diagn\u00f3stico<\/h3>\n<div class=\"facetwp-facet facetwp-facet-diagnostics_fselect facetwp-type-fselect\" data-name=\"diagnostics_fselect\" data-type=\"fselect\"><\/div>[\/vc_column_text][vc_column_text margin_bottom=&#8221;40&#8243;]\n<h3 style=\"margin-bottom: 25px;\">Seleccione su producto para infecciones parasitarias<\/h3>\n<div class=\"facetwp-template\" data-name=\"parasitic-infections\"><ul class=\"product_facets\"><li>\n<a class=\"facetwp_pimg\" href=\"https:\/\/clinical.r-biopharm.com\/products\/ridaquick-cryptosporidiumgiardiaentamoeba-combi-cassettes\/\"><img loading=\"lazy\" decoding=\"async\" width=\"100\" height=\"50\" src=\"https:\/\/clinical.r-biopharm.com\/wp-content\/uploads\/2012\/06\/2018-04_n1723_rq-crypto-giardia-entamoeba-kit-mit-inhalt_rgb_300x600-100x50.jpg\" class=\"recent-thumbs wp-post-image\" alt=\"n1723_rida-quick-crypto-giardia-entamoeba-kit\" srcset=\"https:\/\/clinical.r-biopharm.com\/wp-content\/uploads\/2012\/06\/2018-04_n1723_rq-crypto-giardia-entamoeba-kit-mit-inhalt_rgb_300x600-100x50.jpg 100w, https:\/\/clinical.r-biopharm.com\/wp-content\/uploads\/2012\/06\/2018-04_n1723_rq-crypto-giardia-entamoeba-kit-mit-inhalt_rgb_300x600-300x150.jpg 300w, https:\/\/clinical.r-biopharm.com\/wp-content\/uploads\/2012\/06\/2018-04_n1723_rq-crypto-giardia-entamoeba-kit-mit-inhalt_rgb_300x600-200x100.jpg 200w, https:\/\/clinical.r-biopharm.com\/wp-content\/uploads\/2012\/06\/2018-04_n1723_rq-crypto-giardia-entamoeba-kit-mit-inhalt_rgb_300x600-353x179.jpg 353w, https:\/\/clinical.r-biopharm.com\/wp-content\/uploads\/2012\/06\/2018-04_n1723_rq-crypto-giardia-entamoeba-kit-mit-inhalt_rgb_300x600.jpg 600w\" sizes=\"auto, (max-width: 100px) 100vw, 100px\" itemprop=\"image\" \/><\/a>\n<div class=\"facetwp_title_container\"><a class=\"facetwp_ptitle\" href=\"https:\/\/clinical.r-biopharm.com\/products\/ridaquick-cryptosporidiumgiardiaentamoeba-combi-cassettes\/\">RIDA\u00aeQUICK Cryptosporidium \/ Giardia \/ Entamoeba Combi (cassettes)<\/a><\/div>\n<\/li>\n\n<li>\n<a class=\"facetwp_pimg\" href=\"https:\/\/clinical.r-biopharm.com\/products\/ridaquick-entamoeba-cassettes\/\"><img loading=\"lazy\" decoding=\"async\" width=\"100\" height=\"50\" src=\"https:\/\/clinical.r-biopharm.com\/wp-content\/uploads\/2012\/06\/2018-04_n2203_rq-verotoxin-o157-kit-mit-inhalt_rgb_lowres-100x50.jpg\" class=\"recent-thumbs wp-post-image\" alt=\"n2203_rida-quick-verotoxin-o157-kit\" srcset=\"https:\/\/clinical.r-biopharm.com\/wp-content\/uploads\/2012\/06\/2018-04_n2203_rq-verotoxin-o157-kit-mit-inhalt_rgb_lowres-100x50.jpg 100w, https:\/\/clinical.r-biopharm.com\/wp-content\/uploads\/2012\/06\/2018-04_n2203_rq-verotoxin-o157-kit-mit-inhalt_rgb_lowres-200x100.jpg 200w, https:\/\/clinical.r-biopharm.com\/wp-content\/uploads\/2012\/06\/2018-04_n2203_rq-verotoxin-o157-kit-mit-inhalt_rgb_lowres-353x179.jpg 353w\" sizes=\"auto, (max-width: 100px) 100vw, 100px\" itemprop=\"image\" \/><\/a>\n<div class=\"facetwp_title_container\"><a class=\"facetwp_ptitle\" href=\"https:\/\/clinical.r-biopharm.com\/products\/ridaquick-entamoeba-cassettes\/\">RIDA\u00aeQUICK Entamoeba (cassettes)<\/a><\/div>\n<\/li>\n\n<li>\n<a class=\"facetwp_pimg\" href=\"https:\/\/clinical.r-biopharm.com\/products\/ridaquick-cryptosporidium-cassettes\/\"><img loading=\"lazy\" decoding=\"async\" width=\"100\" height=\"50\" src=\"https:\/\/clinical.r-biopharm.com\/wp-content\/uploads\/2012\/06\/2018-04_n2203_rq-verotoxin-o157-kit-mit-inhalt_rgb_lowres-100x50.jpg\" class=\"recent-thumbs wp-post-image\" alt=\"n2203_rida-quick-verotoxin-o157-kit\" srcset=\"https:\/\/clinical.r-biopharm.com\/wp-content\/uploads\/2012\/06\/2018-04_n2203_rq-verotoxin-o157-kit-mit-inhalt_rgb_lowres-100x50.jpg 100w, https:\/\/clinical.r-biopharm.com\/wp-content\/uploads\/2012\/06\/2018-04_n2203_rq-verotoxin-o157-kit-mit-inhalt_rgb_lowres-200x100.jpg 200w, https:\/\/clinical.r-biopharm.com\/wp-content\/uploads\/2012\/06\/2018-04_n2203_rq-verotoxin-o157-kit-mit-inhalt_rgb_lowres-353x179.jpg 353w\" sizes=\"auto, (max-width: 100px) 100vw, 100px\" itemprop=\"image\" \/><\/a>\n<div class=\"facetwp_title_container\"><a class=\"facetwp_ptitle\" href=\"https:\/\/clinical.r-biopharm.com\/products\/ridaquick-cryptosporidium-cassettes\/\">RIDA\u00aeQUICK Cryptosporidium (cassettes)<\/a><\/div>\n<\/li>\n\n<li>\n<a class=\"facetwp_pimg\" href=\"https:\/\/clinical.r-biopharm.com\/products\/ridaquick-cryptosporidiumgiardia-combi-cassettes\/\"><img loading=\"lazy\" decoding=\"async\" width=\"100\" height=\"50\" src=\"https:\/\/clinical.r-biopharm.com\/wp-content\/uploads\/2012\/06\/2018-04_n2203_rq-verotoxin-o157-kit-mit-inhalt_rgb_lowres-100x50.jpg\" class=\"recent-thumbs wp-post-image\" alt=\"n2203_rida-quick-verotoxin-o157-kit\" srcset=\"https:\/\/clinical.r-biopharm.com\/wp-content\/uploads\/2012\/06\/2018-04_n2203_rq-verotoxin-o157-kit-mit-inhalt_rgb_lowres-100x50.jpg 100w, https:\/\/clinical.r-biopharm.com\/wp-content\/uploads\/2012\/06\/2018-04_n2203_rq-verotoxin-o157-kit-mit-inhalt_rgb_lowres-200x100.jpg 200w, https:\/\/clinical.r-biopharm.com\/wp-content\/uploads\/2012\/06\/2018-04_n2203_rq-verotoxin-o157-kit-mit-inhalt_rgb_lowres-353x179.jpg 353w\" sizes=\"auto, (max-width: 100px) 100vw, 100px\" itemprop=\"image\" \/><\/a>\n<div class=\"facetwp_title_container\"><a class=\"facetwp_ptitle\" href=\"https:\/\/clinical.r-biopharm.com\/products\/ridaquick-cryptosporidiumgiardia-combi-cassettes\/\">RIDA\u00aeQUICK Cryptosporidium \/ Giardia Combi (cassettes)<\/a><\/div>\n<\/li>\n\n<li>\n<a class=\"facetwp_pimg\" href=\"https:\/\/clinical.r-biopharm.com\/products\/ridaquick-giardia-cassettes\/\"><img loading=\"lazy\" decoding=\"async\" width=\"100\" height=\"50\" src=\"https:\/\/clinical.r-biopharm.com\/wp-content\/uploads\/2012\/06\/2018-04_n2203_rq-verotoxin-o157-kit-mit-inhalt_rgb_lowres-100x50.jpg\" class=\"recent-thumbs wp-post-image\" alt=\"n2203_rida-quick-verotoxin-o157-kit\" srcset=\"https:\/\/clinical.r-biopharm.com\/wp-content\/uploads\/2012\/06\/2018-04_n2203_rq-verotoxin-o157-kit-mit-inhalt_rgb_lowres-100x50.jpg 100w, https:\/\/clinical.r-biopharm.com\/wp-content\/uploads\/2012\/06\/2018-04_n2203_rq-verotoxin-o157-kit-mit-inhalt_rgb_lowres-200x100.jpg 200w, https:\/\/clinical.r-biopharm.com\/wp-content\/uploads\/2012\/06\/2018-04_n2203_rq-verotoxin-o157-kit-mit-inhalt_rgb_lowres-353x179.jpg 353w\" sizes=\"auto, (max-width: 100px) 100vw, 100px\" itemprop=\"image\" \/><\/a>\n<div class=\"facetwp_title_container\"><a class=\"facetwp_ptitle\" href=\"https:\/\/clinical.r-biopharm.com\/products\/ridaquick-giardia-cassettes\/\">RIDA\u00aeQUICK Giardia (cassettes)<\/a><\/div>\n<\/li>\n\n<li>\n<a class=\"facetwp_pimg\" href=\"https:\/\/clinical.r-biopharm.com\/products\/ridascreen-entamoeba\/\"><img loading=\"lazy\" decoding=\"async\" width=\"100\" height=\"50\" src=\"https:\/\/clinical.r-biopharm.com\/wp-content\/uploads\/2016\/08\/2014-09_ridascreen-cryptosporidium-giardia-combi-m1-lowres-100x50.jpg\" class=\"recent-thumbs wp-post-image\" alt=\"ridascreen-cryptosporidium-giardia-combi-easy-kit\" srcset=\"https:\/\/clinical.r-biopharm.com\/wp-content\/uploads\/2016\/08\/2014-09_ridascreen-cryptosporidium-giardia-combi-m1-lowres-100x50.jpg 100w, https:\/\/clinical.r-biopharm.com\/wp-content\/uploads\/2016\/08\/2014-09_ridascreen-cryptosporidium-giardia-combi-m1-lowres-200x100.jpg 200w, https:\/\/clinical.r-biopharm.com\/wp-content\/uploads\/2016\/08\/2014-09_ridascreen-cryptosporidium-giardia-combi-m1-lowres-353x179.jpg 353w\" sizes=\"auto, (max-width: 100px) 100vw, 100px\" itemprop=\"image\" \/><\/a>\n<div class=\"facetwp_title_container\"><a class=\"facetwp_ptitle\" href=\"https:\/\/clinical.r-biopharm.com\/products\/ridascreen-entamoeba\/\">RIDASCREEN\u00ae Entamoeba<\/a><\/div>\n<\/li>\n\n<li>\n<a class=\"facetwp_pimg\" href=\"https:\/\/clinical.r-biopharm.com\/products\/ridascreen-cryptosporidium\/\"><img loading=\"lazy\" decoding=\"async\" width=\"100\" height=\"50\" src=\"https:\/\/clinical.r-biopharm.com\/wp-content\/uploads\/2016\/08\/2014-09_ridascreen-cryptosporidium-giardia-combi-m1-lowres-100x50.jpg\" class=\"recent-thumbs wp-post-image\" alt=\"ridascreen-cryptosporidium-giardia-combi-easy-kit\" srcset=\"https:\/\/clinical.r-biopharm.com\/wp-content\/uploads\/2016\/08\/2014-09_ridascreen-cryptosporidium-giardia-combi-m1-lowres-100x50.jpg 100w, https:\/\/clinical.r-biopharm.com\/wp-content\/uploads\/2016\/08\/2014-09_ridascreen-cryptosporidium-giardia-combi-m1-lowres-200x100.jpg 200w, https:\/\/clinical.r-biopharm.com\/wp-content\/uploads\/2016\/08\/2014-09_ridascreen-cryptosporidium-giardia-combi-m1-lowres-353x179.jpg 353w\" sizes=\"auto, (max-width: 100px) 100vw, 100px\" itemprop=\"image\" \/><\/a>\n<div class=\"facetwp_title_container\"><a class=\"facetwp_ptitle\" href=\"https:\/\/clinical.r-biopharm.com\/products\/ridascreen-cryptosporidium\/\">RIDASCREEN\u00ae Cryptosporidium<\/a><\/div>\n<\/li>\n\n<li>\n<a class=\"facetwp_pimg\" href=\"https:\/\/clinical.r-biopharm.com\/products\/ridascreen-giardia\/\"><img loading=\"lazy\" decoding=\"async\" width=\"100\" height=\"50\" src=\"https:\/\/clinical.r-biopharm.com\/wp-content\/uploads\/2016\/08\/2014-09_ridascreen-cryptosporidium-giardia-combi-m1-lowres-100x50.jpg\" class=\"recent-thumbs wp-post-image\" alt=\"ridascreen-cryptosporidium-giardia-combi-easy-kit\" srcset=\"https:\/\/clinical.r-biopharm.com\/wp-content\/uploads\/2016\/08\/2014-09_ridascreen-cryptosporidium-giardia-combi-m1-lowres-100x50.jpg 100w, https:\/\/clinical.r-biopharm.com\/wp-content\/uploads\/2016\/08\/2014-09_ridascreen-cryptosporidium-giardia-combi-m1-lowres-200x100.jpg 200w, https:\/\/clinical.r-biopharm.com\/wp-content\/uploads\/2016\/08\/2014-09_ridascreen-cryptosporidium-giardia-combi-m1-lowres-353x179.jpg 353w\" sizes=\"auto, (max-width: 100px) 100vw, 100px\" itemprop=\"image\" \/><\/a>\n<div class=\"facetwp_title_container\"><a class=\"facetwp_ptitle\" href=\"https:\/\/clinical.r-biopharm.com\/products\/ridascreen-giardia\/\">RIDASCREEN\u00ae Giardia<\/a><\/div>\n<\/li>\n\n<\/ul><\/div><div class=\"facetwp-facet facetwp-facet-load_more_pager facetwp-type-pager\" data-name=\"load_more_pager\" data-type=\"pager\"><button class=\"facetwp-load-more\" data-loading=\"Loading...\">Load more<\/button><\/div>[\/vc_column_text][\/vc_column][\/mk_page_section][mk_page_section bg_color=&#8221;#f7f7f7&#8243; padding_top=&#8221;0&#8243; padding_bottom=&#8221;0&#8243; sidebar=&#8221;sidebar-1&#8243;][vc_column css=&#8221;.vc_custom_1469015765963{margin-top: 25px !important;padding-bottom: 5px !important;}&#8221;][vc_column_text margin_bottom=&#8221;20&#8243; css=&#8221;.vc_custom_1530027584504{margin-bottom: 20px !important;}&#8221;]\n<h2 class=\"knubbel\">Noticias recientes<\/h2>\n[\/vc_column_text][mk_blog_carousel][\/vc_column][\/mk_page_section][mk_page_section bg_color=&#8221;#ffffff&#8221; padding_top=&#8221;0&#8243; sidebar=&#8221;sidebar-1&#8243;][vc_column css=&#8221;.vc_custom_1467042052405{margin-top: 40px !important;}&#8221;][vc_column_text margin_bottom=&#8221;20&#8243;]\n<h2 class=\"knubbel\">Otra informaci\u00f3n de inter\u00e9s<\/h2>\n[\/vc_column_text][vc_row_inner css=&#8221;.vc_custom_1468404266697{margin-bottom: 40px !important;}&#8221;][vc_column_inner width=&#8221;1\/3&#8243; css=&#8221;.vc_custom_1468416557833{padding-bottom: 10px !important;padding-left: 0px !important;}&#8221;][mk_flipbox_rb taxonomy=&#8221;indication&#8221; tag_indication=&#8221;parasitic-infections&#8221; min_height=&#8221;200&#8243; button_bg_color=&#8221;#4d4d4d&#8221; button_bg_hover_color=&#8221;#ffffff&#8221; button_text=&#8221;More&#8221;][\/vc_column_inner][vc_column_inner width=&#8221;1\/3&#8243; css=&#8221;.vc_custom_1468416552613{padding-right: 7.5px !important;padding-bottom: 10px !important;padding-left: 7.5px !important;}&#8221;][mk_flipbox_rb taxonomy=&#8221;indication&#8221; tag_indication=&#8221;parasitic-infections&#8221; offset=&#8221;1&#8243; min_height=&#8221;200&#8243; button_bg_color=&#8221;#4d4d4d&#8221; button_bg_hover_color=&#8221;#ffffff&#8221; button_text=&#8221;More&#8221;][\/vc_column_inner][vc_column_inner width=&#8221;1\/3&#8243; css=&#8221;.vc_custom_1468416547451{padding-right: 0px !important;padding-bottom: 10px !important;}&#8221;][mk_flipbox_rb taxonomy=&#8221;indication&#8221; tag_indication=&#8221;parasitic-infections&#8221; offset=&#8221;1&#8243; min_height=&#8221;200&#8243; button_bg_color=&#8221;#4d4d4d&#8221; button_bg_hover_color=&#8221;#ffffff&#8221; button_text=&#8221;More&#8221;][\/vc_column_inner][\/vc_row_inner][\/vc_column][\/mk_page_section][mk_page_section bg_color=&#8221;#f7f7f7&#8243; padding_top=&#8221;20&#8243; padding_bottom=&#8221;20&#8243; sidebar=&#8221;sidebar-1&#8243;][vc_column css=&#8221;.vc_custom_1468415774645{padding-top: 0px !important;padding-bottom: 0px !important;}&#8221;][vc_column_text disable_pattern=&#8221;false&#8221; align=&#8221;center&#8221;]\n<h2>Asistencia en relaci\u00f3n con las infecciones parasitarias<\/h2>\n<p>\u00bfPreguntas? Recurra a los conocimientos especializados de nuestro equipo. Le respaldamos a usted y su empresa en todas las fases del proceso anal\u00edtico para garantizar su \u00e9xito[\/vc_column_text][mk_button dimension=&#8221;flat&#8221; url=&#8221;\/es\/contacto\/&#8221; align=&#8221;center&#8221; margin_bottom=&#8221;&#8221; bg_color=&#8221;#4d4d4d&#8221; btn_hover_bg=&#8221;#ffffff&#8221; btn_hover_txt_color=&#8221;#4d4d4d&#8221;]Escr\u00edbanos[\/mk_button][\/vc_column][\/mk_page_section]\n<\/div>","protected":false},"excerpt":{"rendered":"<p>[mk_page_section padding_top=&#8221;30&#8243; padding_bottom=&#8221;30&#8243; sidebar=&#8221;sidebar-1&#8243;][vc_column width=&#8221;2\/3&#8243;][vc_column_text] Las infecciones por par\u00e1sitos son muy frecuentes en regiones con clima tropical, donde el ejemplo m\u00e1s frecuente de este tipo de infecci\u00f3n es la malaria. En zonas no tropicales, las enfermedades m\u00e1s t\u00edpicas causadas por par\u00e1sitos son tricomoniasis, giardiasis, criptosporidiosis, amebiasis y toxoplasmosis. Existen tres tipos de organismos que provocan [&hellip;]<\/p>\n","protected":false},"author":1,"featured_media":0,"parent":88547,"menu_order":0,"comment_status":"closed","ping_status":"closed","template":"","meta":{"_acf_changed":false,"content-type":"","_relevanssi_hide_post":"","_relevanssi_hide_content":"","_relevanssi_pin_for_all":"","_relevanssi_pin_keywords":"","_relevanssi_unpin_keywords":"","_relevanssi_related_keywords":"","_relevanssi_related_include_ids":"","_relevanssi_related_exclude_ids":"","_relevanssi_related_no_append":"","_relevanssi_related_not_related":"","_relevanssi_related_posts":"","_relevanssi_noindex_reason":"","footnotes":""},"class_list":["post-88872","page","type-page","status-publish","hentry"],"acf":[],"yoast_head":"<!-- This site is optimized with the Yoast SEO plugin v27.4 - https:\/\/yoast.com\/product\/yoast-seo-wordpress\/ -->\n<title>Infecciones por par\u00e1sitos: Soluciones para diagn\u00f3stico de infecciones<\/title>\n<meta name=\"robots\" content=\"index, follow, max-snippet:-1, max-image-preview:large, max-video-preview:-1\" \/>\n<link rel=\"canonical\" href=\"https:\/\/clinical.r-biopharm.com\/es\/indicacion\/infecciones-por-parasitos\/\" \/>\n<meta property=\"og:locale\" content=\"es_ES\" \/>\n<meta property=\"og:type\" content=\"article\" \/>\n<meta property=\"og:title\" content=\"Infecciones por par\u00e1sitos: Soluciones para diagn\u00f3stico de infecciones\" \/>\n<meta property=\"og:description\" content=\"[mk_page_section padding_top=&#8221;30&#8243; padding_bottom=&#8221;30&#8243; sidebar=&#8221;sidebar-1&#8243;][vc_column width=&#8221;2\/3&#8243;][vc_column_text] Las infecciones por par\u00e1sitos son muy frecuentes en regiones con clima tropical, donde el ejemplo m\u00e1s frecuente de este tipo de infecci\u00f3n es la malaria. En zonas no tropicales, las enfermedades m\u00e1s t\u00edpicas causadas por par\u00e1sitos son tricomoniasis, giardiasis, criptosporidiosis, amebiasis y toxoplasmosis. Existen tres tipos de organismos que provocan [&hellip;]\" \/>\n<meta property=\"og:url\" content=\"https:\/\/clinical.r-biopharm.com\/es\/indicacion\/infecciones-por-parasitos\/\" \/>\n<meta property=\"og:site_name\" content=\"Clinical Diagnostics\" \/>\n<meta property=\"article:modified_time\" content=\"2019-07-08T13:23:35+00:00\" \/>\n<meta name=\"twitter:label1\" content=\"Est. reading time\" \/>\n\t<meta name=\"twitter:data1\" content=\"4 minutes\" \/>\n<script type=\"application\/ld+json\" class=\"yoast-schema-graph\">{\"@context\":\"https:\\\/\\\/schema.org\",\"@graph\":[{\"@type\":\"WebPage\",\"@id\":\"https:\\\/\\\/clinical.r-biopharm.com\\\/es\\\/indicacion\\\/infecciones-por-parasitos\\\/\",\"url\":\"https:\\\/\\\/clinical.r-biopharm.com\\\/es\\\/indicacion\\\/infecciones-por-parasitos\\\/\",\"name\":\"Infecciones por par\u00e1sitos: Soluciones para diagn\u00f3stico de infecciones\",\"isPartOf\":{\"@id\":\"https:\\\/\\\/clinical.r-biopharm.com\\\/fr\\\/#website\"},\"datePublished\":\"2016-12-15T15:05:30+00:00\",\"dateModified\":\"2019-07-08T13:23:35+00:00\",\"breadcrumb\":{\"@id\":\"https:\\\/\\\/clinical.r-biopharm.com\\\/es\\\/indicacion\\\/infecciones-por-parasitos\\\/#breadcrumb\"},\"inLanguage\":\"es-ES\",\"potentialAction\":[{\"@type\":\"ReadAction\",\"target\":[\"https:\\\/\\\/clinical.r-biopharm.com\\\/es\\\/indicacion\\\/infecciones-por-parasitos\\\/\"]}]},{\"@type\":\"BreadcrumbList\",\"@id\":\"https:\\\/\\\/clinical.r-biopharm.com\\\/es\\\/indicacion\\\/infecciones-por-parasitos\\\/#breadcrumb\",\"itemListElement\":[{\"@type\":\"ListItem\",\"position\":1,\"name\":\"Home\",\"item\":\"https:\\\/\\\/clinical.r-biopharm.com\\\/es\\\/\"},{\"@type\":\"ListItem\",\"position\":2,\"name\":\"Indicaci\u00f3n\",\"item\":\"https:\\\/\\\/clinical.r-biopharm.com\\\/es\\\/indicacion\\\/\"},{\"@type\":\"ListItem\",\"position\":3,\"name\":\"Infecciones por par\u00e1sitos\"}]},{\"@type\":\"WebSite\",\"@id\":\"https:\\\/\\\/clinical.r-biopharm.com\\\/fr\\\/#website\",\"url\":\"https:\\\/\\\/clinical.r-biopharm.com\\\/fr\\\/\",\"name\":\"Clinical Diagnostics\",\"description\":\"A Division of the R-Biopharm Group\",\"potentialAction\":[{\"@type\":\"SearchAction\",\"target\":{\"@type\":\"EntryPoint\",\"urlTemplate\":\"https:\\\/\\\/clinical.r-biopharm.com\\\/fr\\\/?s={search_term_string}\"},\"query-input\":{\"@type\":\"PropertyValueSpecification\",\"valueRequired\":true,\"valueName\":\"search_term_string\"}}],\"inLanguage\":\"es-ES\"}]}<\/script>\n<!-- \/ Yoast SEO plugin. -->","yoast_head_json":{"title":"Infecciones por par\u00e1sitos: Soluciones para diagn\u00f3stico de infecciones","robots":{"index":"index","follow":"follow","max-snippet":"max-snippet:-1","max-image-preview":"max-image-preview:large","max-video-preview":"max-video-preview:-1"},"canonical":"https:\/\/clinical.r-biopharm.com\/es\/indicacion\/infecciones-por-parasitos\/","og_locale":"es_ES","og_type":"article","og_title":"Infecciones por par\u00e1sitos: Soluciones para diagn\u00f3stico de infecciones","og_description":"[mk_page_section padding_top=&#8221;30&#8243; padding_bottom=&#8221;30&#8243; sidebar=&#8221;sidebar-1&#8243;][vc_column width=&#8221;2\/3&#8243;][vc_column_text] Las infecciones por par\u00e1sitos son muy frecuentes en regiones con clima tropical, donde el ejemplo m\u00e1s frecuente de este tipo de infecci\u00f3n es la malaria. En zonas no tropicales, las enfermedades m\u00e1s t\u00edpicas causadas por par\u00e1sitos son tricomoniasis, giardiasis, criptosporidiosis, amebiasis y toxoplasmosis. Existen tres tipos de organismos que provocan [&hellip;]","og_url":"https:\/\/clinical.r-biopharm.com\/es\/indicacion\/infecciones-por-parasitos\/","og_site_name":"Clinical Diagnostics","article_modified_time":"2019-07-08T13:23:35+00:00","twitter_misc":{"Est. reading time":"4 minutes"},"schema":{"@context":"https:\/\/schema.org","@graph":[{"@type":"WebPage","@id":"https:\/\/clinical.r-biopharm.com\/es\/indicacion\/infecciones-por-parasitos\/","url":"https:\/\/clinical.r-biopharm.com\/es\/indicacion\/infecciones-por-parasitos\/","name":"Infecciones por par\u00e1sitos: Soluciones para diagn\u00f3stico de infecciones","isPartOf":{"@id":"https:\/\/clinical.r-biopharm.com\/fr\/#website"},"datePublished":"2016-12-15T15:05:30+00:00","dateModified":"2019-07-08T13:23:35+00:00","breadcrumb":{"@id":"https:\/\/clinical.r-biopharm.com\/es\/indicacion\/infecciones-por-parasitos\/#breadcrumb"},"inLanguage":"es-ES","potentialAction":[{"@type":"ReadAction","target":["https:\/\/clinical.r-biopharm.com\/es\/indicacion\/infecciones-por-parasitos\/"]}]},{"@type":"BreadcrumbList","@id":"https:\/\/clinical.r-biopharm.com\/es\/indicacion\/infecciones-por-parasitos\/#breadcrumb","itemListElement":[{"@type":"ListItem","position":1,"name":"Home","item":"https:\/\/clinical.r-biopharm.com\/es\/"},{"@type":"ListItem","position":2,"name":"Indicaci\u00f3n","item":"https:\/\/clinical.r-biopharm.com\/es\/indicacion\/"},{"@type":"ListItem","position":3,"name":"Infecciones por par\u00e1sitos"}]},{"@type":"WebSite","@id":"https:\/\/clinical.r-biopharm.com\/fr\/#website","url":"https:\/\/clinical.r-biopharm.com\/fr\/","name":"Clinical Diagnostics","description":"A Division of the R-Biopharm Group","potentialAction":[{"@type":"SearchAction","target":{"@type":"EntryPoint","urlTemplate":"https:\/\/clinical.r-biopharm.com\/fr\/?s={search_term_string}"},"query-input":{"@type":"PropertyValueSpecification","valueRequired":true,"valueName":"search_term_string"}}],"inLanguage":"es-ES"}]}},"_links":{"self":[{"href":"https:\/\/clinical.r-biopharm.com\/es\/wp-json\/wp\/v2\/pages\/88872","targetHints":{"allow":["GET"]}}],"collection":[{"href":"https:\/\/clinical.r-biopharm.com\/es\/wp-json\/wp\/v2\/pages"}],"about":[{"href":"https:\/\/clinical.r-biopharm.com\/es\/wp-json\/wp\/v2\/types\/page"}],"author":[{"embeddable":true,"href":"https:\/\/clinical.r-biopharm.com\/es\/wp-json\/wp\/v2\/users\/1"}],"replies":[{"embeddable":true,"href":"https:\/\/clinical.r-biopharm.com\/es\/wp-json\/wp\/v2\/comments?post=88872"}],"version-history":[{"count":16,"href":"https:\/\/clinical.r-biopharm.com\/es\/wp-json\/wp\/v2\/pages\/88872\/revisions"}],"predecessor-version":[{"id":97396,"href":"https:\/\/clinical.r-biopharm.com\/es\/wp-json\/wp\/v2\/pages\/88872\/revisions\/97396"}],"up":[{"embeddable":true,"href":"https:\/\/clinical.r-biopharm.com\/es\/wp-json\/wp\/v2\/pages\/88547"}],"wp:attachment":[{"href":"https:\/\/clinical.r-biopharm.com\/es\/wp-json\/wp\/v2\/media?parent=88872"}],"curies":[{"name":"wp","href":"https:\/\/api.w.org\/{rel}","templated":true}]}}