{"id":89013,"date":"2015-02-05T12:22:09","date_gmt":"2015-02-05T11:22:09","guid":{"rendered":"https:\/\/clinical.r-biopharm.com\/accueil\/"},"modified":"2023-07-05T09:21:06","modified_gmt":"2023-07-05T07:21:06","slug":"accueil","status":"publish","type":"page","link":"https:\/\/clinical.r-biopharm.com\/fr\/","title":{"rendered":"Accueil"},"content":{"rendered":"<div class=\"wpb-content-wrapper\">[vc_row fullwidth=&#8221;true&#8221; fullwidth_content=&#8221;false&#8221; css=&#8221;.vc_custom_1688470354874{margin-bottom: 40px !important;background: #ffffff url(https:\/\/clinical.r-biopharm.com\/wp-content\/uploads\/2023\/07\/2023_06_starseite_kd_-scaled.jpg?id=173417) !important;background-position: center !important;background-repeat: no-repeat !important;background-size: cover !important;}&#8221;][vc_column width=&#8221;1\/2&#8243;][mk_padding_divider size=&#8221;300&#8243; visibility=&#8221;hidden-sm&#8221;][mk_padding_divider size=&#8221;150&#8243; visibility=&#8221;visible-sm&#8221;][vc_column_text el_class=&#8221;sliderbox&#8221; css=&#8221;.vc_custom_1576578839927{padding-top: 10px !important;padding-right: 10px !important;padding-bottom: 10px !important;padding-left: 10px !important;background-color: rgba(255,255,255,0.5) !important;*background-color: rgb(255,255,255) !important;}&#8221;]\n<h1 class=\"slider_maintext\">Bienvenue sur Diagnostics<\/h1>\n<p><span style=\"font-size: 1.1em;\">une division de R-Biopharm AG<\/span>[\/vc_column_text][mk_padding_divider size=&#8221;100&#8243; visibility=&#8221;hidden-sm&#8221;][mk_padding_divider size=&#8221;50&#8243; visibility=&#8221;visible-sm&#8221;][\/vc_column][vc_column width=&#8221;1\/2&#8243;][\/vc_column][\/vc_row][vc_row css=&#8221;.vc_custom_1509499314916{margin-top: 20px !important;margin-bottom: 20px !important;}&#8221;][vc_column width=&#8221;1\/2&#8243;][mk_icon_box2 icon_type=&#8221;image&#8221; icon_size=&#8221;inherit&#8221; icon_image=&#8221;https:\/\/clinical.r-biopharm.com\/wp-content\/uploads\/diagnostic-fields-1.jpg&#8221; title=&#8221;Nos domaines diagnostiques&#8221; title_top_padding=&#8221;20&#8243; title_bottom_padding=&#8221;20&#8243; align=&#8221;left&#8221; read_more_url=&#8221;\/fr\/diagnostics\/&#8221; el_class=&#8221;yellow-border&#8221;]Nous proposons des produits innovants destin\u00e9s \u00e0 diverses applications dans le domaine des diagnostics cliniques. Consultez nos domaines et comp\u00e9tences diagnostiques ici.[\/mk_icon_box2][\/vc_column][vc_column width=&#8221;1\/2&#8243;][mk_icon_box2 icon_type=&#8221;image&#8221; icon_size=&#8221;inherit&#8221; icon_image=&#8221;https:\/\/clinical.r-biopharm.com\/wp-content\/uploads\/technologies.jpg&#8221; title=&#8221;Nos technologies&#8221; title_top_padding=&#8221;20&#8243; title_bottom_padding=&#8221;20&#8243; align=&#8221;left&#8221; read_more_url=&#8221;\/fr\/technologies\/&#8221; el_class=&#8221;yellow-border&#8221;]Nos technologies innovantes en mati\u00e8re de diagnostic clinique incluent les dispositifs pour ELISA, PCR, les tests immuno-chromatographiques, les tests d\u2019immunoblot et bien d\u2019autres encore. Consultez ici nos m\u00e9thodes d\u2019analyse.[\/mk_icon_box2][\/vc_column][\/vc_row][vc_row css=&#8221;.vc_custom_1509499453846{margin-top: 20px !important;margin-bottom: 20px !important;}&#8221;][vc_column width=&#8221;1\/2&#8243;][mk_icon_box2 icon_type=&#8221;image&#8221; icon_size=&#8221;inherit&#8221; icon_image=&#8221;https:\/\/clinical.r-biopharm.com\/wp-content\/uploads\/indications.jpg&#8221; title=&#8221;Indications&#8221; title_top_padding=&#8221;20&#8243; title_bottom_padding=&#8221;20&#8243; align=&#8221;left&#8221; read_more_url=&#8221;\/fr\/indication\/&#8221; el_class=&#8221;yellow-border&#8221;]Un diagnostic fiable est la principale condition pr\u00e9alable \u00e0 un traitement efficace. Parcourez notre gamme de produits pour trouver le test le plus adapt\u00e9 \u00e0 vos besoins.[\/mk_icon_box2][\/vc_column][vc_column width=&#8221;1\/2&#8243;][mk_icon_box2 icon_type=&#8221;image&#8221; icon_size=&#8221;inherit&#8221; icon_image=&#8221;https:\/\/clinical.r-biopharm.com\/wp-content\/uploads\/systems.jpg&#8221; title=&#8221;Syst\u00e8mes&#8221; title_top_padding=&#8221;20&#8243; title_bottom_padding=&#8221;20&#8243; align=&#8221;left&#8221; read_more_url=&#8221;\/fr\/systemes\/&#8221; el_class=&#8221;yellow-border&#8221;]L\u2019automatisation prend de plus en plus d\u2019importance dans le domaine du diagnostic clinique. Am\u00e9liorez l\u2019efficacit\u00e9 de votre laboratoire gr\u00e2ce \u00e0 la simplicit\u00e9 de nos syt\u00e8mes analytiques[\/mk_icon_box2][\/vc_column][\/vc_row][vc_row fullwidth=&#8221;true&#8221;][vc_column][mk_padding_divider size=&#8221;50&#8243;][\/vc_column][\/vc_row][mk_page_section bg_color=&#8221;#fff5cc&#8221; padding_top=&#8221;30&#8243; padding_bottom=&#8221;0&#8243; sidebar=&#8221;sidebar-1&#8243;][vc_column width=&#8221;1\/3&#8243;][mk_milestone icon=&#8221;mk-li-posion&#8221; align=&#8221;center&#8221; icon_color=&#8221;#393836&#8243; stop=&#8221;30&#8243; text=&#8221;Ann\u00e9es d\u2019exp\u00e9rience&#8221; text_color=&#8221;#666360&#8243; font_family=&#8221;none&#8221; desc_size=&#8221;20&#8243;][\/vc_column][vc_column width=&#8221;1\/3&#8243;][mk_milestone icon=&#8221;mk-moon-earth&#8221; align=&#8221;center&#8221; icon_color=&#8221;#393836&#8243; stop=&#8221;122&#8243; text=&#8221;Pays&#8221; text_color=&#8221;#666360&#8243; font_family=&#8221;none&#8221; desc_size=&#8221;20&#8243;][\/vc_column][vc_column width=&#8221;1\/3&#8243;][mk_milestone icon=&#8221;mk-li-smile&#8221; align=&#8221;center&#8221; icon_color=&#8221;#393836&#8243; stop=&#8221;300&#8243; text=&#8221;Produits de notre gamme&#8221; text_color=&#8221;#666360&#8243; font_family=&#8221;none&#8221; desc_size=&#8221;20&#8243;][\/vc_column][\/mk_page_section][mk_page_section bg_color=&#8221;#f9f9f9&#8243; padding_top=&#8221;60&#8243; padding_bottom=&#8221;60&#8243; margin_bottom=&#8221;&#8221; top_shape_color=&#8221;#ffffff&#8221; bottom_shape_color=&#8221;#ffffff&#8221; sidebar=&#8221;sidebar-1&#8243;][vc_column][vc_column_text margin_bottom=&#8221;20&#8243;]\n<h2 class=\"knubbel\">Derni\u00e8res innovations de R-Biopharm<\/h2>\n[\/vc_column_text][mk_blog_carousel][\/vc_column][\/mk_page_section][mk_page_section bg_image=&#8221;https:\/\/clinical.r-biopharm.com\/wp-content\/uploads\/Weltkarte-2016_ohne-Distris.jpg&#8221; attachment=&#8221;fixed&#8221; bg_position=&#8221;center center&#8221; bg_repeat=&#8221;no-repeat&#8221; video_color_mask=&#8221;#ffffff&#8221; video_opacity=&#8221;0.8&#8243; padding_top=&#8221;60&#8243; padding_bottom=&#8221;0&#8243; sidebar=&#8221;sidebar-1&#8243;][vc_column width=&#8221;1\/2&#8243; css=&#8221;.vc_custom_1429082440293{padding-right: 50px !important;padding-left: 20px !important;}&#8221;][mk_icon_box icon=&#8221;&#8221; title=&#8221;Suivi rapide et fiable de l\u2019IFX&#8221; text_size=&#8221;22&#8243; read_more_txt=&#8221;Explorer&#8221; read_more_url=&#8221;\/products\/ridaquick-ifx-monitoring\/&#8221; icon_size=&#8221;medium&#8221; icon_color=&#8221;#eeee22&#8243; icon_circle_color=&#8221;&#8221; margin=&#8221;50&#8243;]Suivi pharmacologique de l\u2019infliximab en 20\u00a0minutes\u00a0: Utilis\u00e9s conjointement, RIDA\u00aeQUICK IFX Monitoring et RIDA\u00aeQUICK SCAN II constituent un ensemble id\u00e9al utilisable au chevet du patient.[\/mk_icon_box][mk_icon_box icon=&#8221;&#8221; title=&#8221;SeraSpot\u00ae, the innovative microspot array&#8221; text_size=&#8221;22&#8243; read_more_txt=&#8221;Explorer&#8221; read_more_url=&#8221;https:\/\/clinical.r-biopharm.com\/fr\/technologies\/puces\/&#8221; icon_size=&#8221;medium&#8221; icon_color=&#8221;#eeee22&#8243; icon_circle_color=&#8221;&#8221; margin=&#8221;50&#8243;]Efficient multiplex diagnostics made easy: SeraSpot\u00ae combines modern array technology with the advantages of ELISA processing.[\/mk_icon_box][\/vc_column][vc_column width=&#8221;1\/2&#8243;][mk_icon_box icon=&#8221;&#8221; title=&#8221;\u00c9v\u00e9nements&#8221; text_size=&#8221;22&#8243; read_more_txt=&#8221;Explorer&#8221; read_more_url=&#8221;\/events\/&#8221; icon_size=&#8221;medium&#8221; icon_color=&#8221;#eeee22&#8243; icon_circle_color=&#8221;&#8221; margin=&#8221;50&#8243;]Quoi de neuf dans le domaine du diagnostic clinique ? Enrichissez vos connaissances scientifiques en nous rencontrant \u00e0 l\u2019occasion des conf\u00e9rences et salons organis\u00e9s \u00e0 travers le monde\u00a0![\/mk_icon_box][mk_icon_box icon=&#8221;&#8221; title=&#8221;Catalogue de produits&#8221; text_size=&#8221;22&#8243; read_more_txt=&#8221;Explorer&#8221; read_more_url=&#8221;https:\/\/clinical.r-biopharm.com\/product-catalogue\/&#8221; icon_size=&#8221;medium&#8221; icon_color=&#8221;#eeee22&#8243; icon_circle_color=&#8221;&#8221; margin=&#8221;50&#8243;]La gamme de produits R-Biopharm en un coup d\u2019\u0153il\u00a0: T\u00e9l\u00e9chargez ici notre catalogue actuel de diagnostics cliniques.[\/mk_icon_box][\/vc_column][\/mk_page_section][mk_page_section bg_color=&#8221;#f7f7f7&#8243; padding_top=&#8221;20&#8243; padding_bottom=&#8221;20&#8243; sidebar=&#8221;sidebar-1&#8243;][vc_column][vc_column_text align=&#8221;center&#8221;]\n<h2>Int\u00e9ress\u00e9\u00a0?\u00a0Plus d\u2019informations en un seul clic\u00a0!<\/h2>\n[\/vc_column_text][mk_button dimension=&#8221;flat&#8221; url=&#8221;\/fr\/contact\/&#8221; align=&#8221;center&#8221; margin_bottom=&#8221;&#8221; bg_color=&#8221;#4d4d4d&#8221; btn_hover_bg=&#8221;#ffffff&#8221; btn_hover_txt_color=&#8221;#4d4d4d&#8221;]Contactez-nous[\/mk_button][\/vc_column][\/mk_page_section]\n<\/div>","protected":false},"excerpt":{"rendered":"<p>[vc_row fullwidth=&#8221;true&#8221; fullwidth_content=&#8221;false&#8221; css=&#8221;.vc_custom_1688470354874{margin-bottom: 40px !important;background: #ffffff url(https:\/\/clinical.r-biopharm.com\/wp-content\/uploads\/2023\/07\/2023_06_starseite_kd_-scaled.jpg?id=173417) !important;background-position: center !important;background-repeat: no-repeat !important;background-size: cover !important;}&#8221;][vc_column width=&#8221;1\/2&#8243;][mk_padding_divider size=&#8221;300&#8243; visibility=&#8221;hidden-sm&#8221;][mk_padding_divider size=&#8221;150&#8243; visibility=&#8221;visible-sm&#8221;][vc_column_text el_class=&#8221;sliderbox&#8221; css=&#8221;.vc_custom_1576578839927{padding-top: 10px !important;padding-right: 10px !important;padding-bottom: 10px !important;padding-left: 10px !important;background-color: rgba(255,255,255,0.5) !important;*background-color: rgb(255,255,255) !important;}&#8221;] Bienvenue sur Diagnostics une division de R-Biopharm AG[\/vc_column_text][mk_padding_divider size=&#8221;100&#8243; visibility=&#8221;hidden-sm&#8221;][mk_padding_divider size=&#8221;50&#8243; visibility=&#8221;visible-sm&#8221;][\/vc_column][vc_column width=&#8221;1\/2&#8243;][\/vc_column][\/vc_row][vc_row css=&#8221;.vc_custom_1509499314916{margin-top: 20px !important;margin-bottom: 20px !important;}&#8221;][vc_column width=&#8221;1\/2&#8243;][mk_icon_box2 icon_type=&#8221;image&#8221; icon_size=&#8221;inherit&#8221; [&hellip;]<\/p>\n","protected":false},"author":1,"featured_media":0,"parent":0,"menu_order":0,"comment_status":"closed","ping_status":"closed","template":"","meta":{"_acf_changed":false,"content-type":"","_relevanssi_hide_post":"","_relevanssi_hide_content":"","_relevanssi_pin_for_all":"","_relevanssi_pin_keywords":"","_relevanssi_unpin_keywords":"","_relevanssi_related_keywords":"","_relevanssi_related_include_ids":"","_relevanssi_related_exclude_ids":"","_relevanssi_related_no_append":"","_relevanssi_related_not_related":"","_relevanssi_related_posts":"","_relevanssi_noindex_reason":"","footnotes":""},"class_list":["post-89013","page","type-page","status-publish","hentry"],"acf":[],"yoast_head":"<!-- This site is optimized with the Yoast SEO plugin v26.7 - https:\/\/yoast.com\/wordpress\/plugins\/seo\/ -->\n<title>Diagnostics cliniques\u00a0: Solutions diagnostiques efficaces d\u00e9velopp\u00e9es par R-Biopharm<\/title>\n<meta name=\"description\" content=\"Nous proposons des tests innovants destin\u00e9s \u00e0 diverses applications dans le domaine du diagnostic clinique (infections, allergies, maladies gastro-ent\u00e9rologiques, entre autres).\" \/>\n<meta name=\"robots\" content=\"index, follow, max-snippet:-1, max-image-preview:large, max-video-preview:-1\" \/>\n<link rel=\"canonical\" href=\"https:\/\/clinical.r-biopharm.com\/fr\/\" \/>\n<meta property=\"og:locale\" content=\"fr_FR\" \/>\n<meta property=\"og:type\" content=\"article\" \/>\n<meta property=\"og:title\" content=\"Diagnostics cliniques\u00a0: Solutions diagnostiques efficaces d\u00e9velopp\u00e9es par R-Biopharm\" \/>\n<meta property=\"og:description\" content=\"Nous proposons des tests innovants destin\u00e9s \u00e0 diverses applications dans le domaine du diagnostic clinique (infections, allergies, maladies gastro-ent\u00e9rologiques, entre autres).\" \/>\n<meta property=\"og:url\" content=\"https:\/\/clinical.r-biopharm.com\/fr\/\" \/>\n<meta property=\"og:site_name\" content=\"Clinical Diagnostics\" \/>\n<meta property=\"article:modified_time\" content=\"2023-07-05T07:21:06+00:00\" \/>\n<meta name=\"twitter:label1\" content=\"Est. reading time\" \/>\n\t<meta name=\"twitter:data1\" content=\"2 minutes\" \/>\n<script type=\"application\/ld+json\" class=\"yoast-schema-graph\">{\"@context\":\"https:\/\/schema.org\",\"@graph\":[{\"@type\":\"WebPage\",\"@id\":\"https:\/\/clinical.r-biopharm.com\/fr\/\",\"url\":\"https:\/\/clinical.r-biopharm.com\/fr\/\",\"name\":\"Diagnostics cliniques\u00a0: Solutions diagnostiques efficaces d\u00e9velopp\u00e9es par R-Biopharm\",\"isPartOf\":{\"@id\":\"https:\/\/clinical.r-biopharm.com\/fr\/#website\"},\"datePublished\":\"2015-02-05T11:22:09+00:00\",\"dateModified\":\"2023-07-05T07:21:06+00:00\",\"description\":\"Nous proposons des tests innovants destin\u00e9s \u00e0 diverses applications dans le domaine du diagnostic clinique (infections, allergies, maladies gastro-ent\u00e9rologiques, entre autres).\",\"breadcrumb\":{\"@id\":\"https:\/\/clinical.r-biopharm.com\/fr\/#breadcrumb\"},\"inLanguage\":\"fr-FR\",\"potentialAction\":[{\"@type\":\"ReadAction\",\"target\":[\"https:\/\/clinical.r-biopharm.com\/fr\/\"]}]},{\"@type\":\"BreadcrumbList\",\"@id\":\"https:\/\/clinical.r-biopharm.com\/fr\/#breadcrumb\",\"itemListElement\":[{\"@type\":\"ListItem\",\"position\":1,\"name\":\"Home\",\"item\":\"https:\/\/clinical.r-biopharm.com\/fr\/\"},{\"@type\":\"ListItem\",\"position\":2,\"name\":\"Accueil\"}]},{\"@type\":\"WebSite\",\"@id\":\"https:\/\/clinical.r-biopharm.com\/fr\/#website\",\"url\":\"https:\/\/clinical.r-biopharm.com\/fr\/\",\"name\":\"Clinical Diagnostics\",\"description\":\"A Division of the R-Biopharm Group\",\"potentialAction\":[{\"@type\":\"SearchAction\",\"target\":{\"@type\":\"EntryPoint\",\"urlTemplate\":\"https:\/\/clinical.r-biopharm.com\/fr\/?s={search_term_string}\"},\"query-input\":{\"@type\":\"PropertyValueSpecification\",\"valueRequired\":true,\"valueName\":\"search_term_string\"}}],\"inLanguage\":\"fr-FR\"}]}<\/script>\n<!-- \/ Yoast SEO plugin. -->","yoast_head_json":{"title":"Diagnostics cliniques\u00a0: Solutions diagnostiques efficaces d\u00e9velopp\u00e9es par R-Biopharm","description":"Nous proposons des tests innovants destin\u00e9s \u00e0 diverses applications dans le domaine du diagnostic clinique (infections, allergies, maladies gastro-ent\u00e9rologiques, entre autres).","robots":{"index":"index","follow":"follow","max-snippet":"max-snippet:-1","max-image-preview":"max-image-preview:large","max-video-preview":"max-video-preview:-1"},"canonical":"https:\/\/clinical.r-biopharm.com\/fr\/","og_locale":"fr_FR","og_type":"article","og_title":"Diagnostics cliniques\u00a0: Solutions diagnostiques efficaces d\u00e9velopp\u00e9es par R-Biopharm","og_description":"Nous proposons des tests innovants destin\u00e9s \u00e0 diverses applications dans le domaine du diagnostic clinique (infections, allergies, maladies gastro-ent\u00e9rologiques, entre autres).","og_url":"https:\/\/clinical.r-biopharm.com\/fr\/","og_site_name":"Clinical Diagnostics","article_modified_time":"2023-07-05T07:21:06+00:00","twitter_misc":{"Est. reading time":"2 minutes"},"schema":{"@context":"https:\/\/schema.org","@graph":[{"@type":"WebPage","@id":"https:\/\/clinical.r-biopharm.com\/fr\/","url":"https:\/\/clinical.r-biopharm.com\/fr\/","name":"Diagnostics cliniques\u00a0: Solutions diagnostiques efficaces d\u00e9velopp\u00e9es par R-Biopharm","isPartOf":{"@id":"https:\/\/clinical.r-biopharm.com\/fr\/#website"},"datePublished":"2015-02-05T11:22:09+00:00","dateModified":"2023-07-05T07:21:06+00:00","description":"Nous proposons des tests innovants destin\u00e9s \u00e0 diverses applications dans le domaine du diagnostic clinique (infections, allergies, maladies gastro-ent\u00e9rologiques, entre autres).","breadcrumb":{"@id":"https:\/\/clinical.r-biopharm.com\/fr\/#breadcrumb"},"inLanguage":"fr-FR","potentialAction":[{"@type":"ReadAction","target":["https:\/\/clinical.r-biopharm.com\/fr\/"]}]},{"@type":"BreadcrumbList","@id":"https:\/\/clinical.r-biopharm.com\/fr\/#breadcrumb","itemListElement":[{"@type":"ListItem","position":1,"name":"Home","item":"https:\/\/clinical.r-biopharm.com\/fr\/"},{"@type":"ListItem","position":2,"name":"Accueil"}]},{"@type":"WebSite","@id":"https:\/\/clinical.r-biopharm.com\/fr\/#website","url":"https:\/\/clinical.r-biopharm.com\/fr\/","name":"Clinical Diagnostics","description":"A Division of the R-Biopharm Group","potentialAction":[{"@type":"SearchAction","target":{"@type":"EntryPoint","urlTemplate":"https:\/\/clinical.r-biopharm.com\/fr\/?s={search_term_string}"},"query-input":{"@type":"PropertyValueSpecification","valueRequired":true,"valueName":"search_term_string"}}],"inLanguage":"fr-FR"}]}},"_links":{"self":[{"href":"https:\/\/clinical.r-biopharm.com\/fr\/wp-json\/wp\/v2\/pages\/89013","targetHints":{"allow":["GET"]}}],"collection":[{"href":"https:\/\/clinical.r-biopharm.com\/fr\/wp-json\/wp\/v2\/pages"}],"about":[{"href":"https:\/\/clinical.r-biopharm.com\/fr\/wp-json\/wp\/v2\/types\/page"}],"author":[{"embeddable":true,"href":"https:\/\/clinical.r-biopharm.com\/fr\/wp-json\/wp\/v2\/users\/1"}],"replies":[{"embeddable":true,"href":"https:\/\/clinical.r-biopharm.com\/fr\/wp-json\/wp\/v2\/comments?post=89013"}],"version-history":[{"count":37,"href":"https:\/\/clinical.r-biopharm.com\/fr\/wp-json\/wp\/v2\/pages\/89013\/revisions"}],"predecessor-version":[{"id":173448,"href":"https:\/\/clinical.r-biopharm.com\/fr\/wp-json\/wp\/v2\/pages\/89013\/revisions\/173448"}],"wp:attachment":[{"href":"https:\/\/clinical.r-biopharm.com\/fr\/wp-json\/wp\/v2\/media?parent=89013"}],"curies":[{"name":"wp","href":"https:\/\/api.w.org\/{rel}","templated":true}]}}