{"id":89165,"date":"2015-10-05T11:42:27","date_gmt":"2015-10-05T09:42:27","guid":{"rendered":"https:\/\/clinical.r-biopharm.com\/diagnostics\/mycologie\/"},"modified":"2019-07-08T14:28:55","modified_gmt":"2019-07-08T12:28:55","slug":"mycologie","status":"publish","type":"page","link":"https:\/\/clinical.r-biopharm.com\/fr\/diagnostics\/mycologie\/","title":{"rendered":"Mycologie"},"content":{"rendered":"<div class=\"wpb-content-wrapper\">[mk_page_section padding_top=&#8221;30&#8243; padding_bottom=&#8221;30&#8243; sidebar=&#8221;sidebar-1&#8243;][vc_column width=&#8221;2\/3&#8243;][vc_column_text]\n<div id=\"text-block-3\" class=\"mk-text-block \">\n<p><strong>Certaines donn\u00e9es r\u00e9centes r\u00e9v\u00e8lent une augmentation de l\u2019incidence des infections fongiques. Il a \u00e9t\u00e9 calcul\u00e9 que les infections par des champignons touchent environ un milliard de personnes chaque ann\u00e9e.<\/strong><\/p>\n<p>Si les champignons jouent de nombreux r\u00f4les essentiels dans l\u2019hom\u00e9ostasie humaine, ils peuvent \u00e9galement constituer un probl\u00e8me de sant\u00e9 cons\u00e9quent pour certains groupes de patients. Lorsque l\u2019\u00e9quilibre entre h\u00f4te et pathog\u00e8ne fongique est perturb\u00e9, une infection fongique peut avoir de graves cons\u00e9quences. Une d\u00e9tection appropri\u00e9e du d\u00e9veloppement des agents fongiques est donc extr\u00eamement importante en microbiologie clinique. Parmi les infections fongiques courantes, citons notamment\u00a0:<\/p>\n<\/div>\n[\/vc_column_text][mk_custom_list style=&#8221;mk-moon-circle-small&#8221;]\n<ul>\n<li><em>Candida albicans<\/em> fait partie de la flore microbienne humaine. La propagation de <em>Candida<\/em> dans les tissus corporels provoque une candidose syst\u00e9mique. Un d\u00e9veloppement excessif et non contr\u00f4l\u00e9 est g\u00e9n\u00e9r\u00e9 par une perturbation du microbiote et se manifeste sous la forme d\u2019une irritation buccale et\/ou vaginale.<\/li>\n<li><em>Pneumocystis jirovecii<\/em> est inoffensif chez les personnes en bonne sant\u00e9 et tr\u00e8s largement r\u00e9pandu parmi la population normale. En revanche, les personnes immunod\u00e9prim\u00e9es infect\u00e9es par <em>Pneumocystis jirovecii<\/em> d\u00e9veloppent une pneumonie avec des sympt\u00f4mes qui comprennent toux s\u00e8che, essoufflement, tachypn\u00e9e et fi\u00e8vre. <em>Pneumocystis jirovecii<\/em> provoque des infections respiratoires et les infections opportunistes les plus couramment observ\u00e9es chez les personnes infect\u00e9es par le VIH.<\/li>\n<\/ul>\n[\/mk_custom_list][vc_column_text]\n<div id=\"text-block-3\" class=\"mk-text-block \">\n<h3>Des solutions diagnostiques en mati\u00e8re de mycologie<\/h3>\n<p>La gamme de tests mycologiques de R-Biopharm inclut des tests ELISA et PCR qui r\u00e9pondent aux besoins diagnostiques des laboratoires.<\/p>\n<\/div>\n[\/vc_column_text][\/vc_column][vc_column width=&#8221;1\/3&#8243;][vc_column_text margin_bottom=&#8221;20&#8243;]\n<h3 style=\"margin-bottom: 25px;\">Choisissez une indication<\/h3>\n<div class=\"facetwp-facet facetwp-facet-indication_fselect facetwp-type-fselect\" data-name=\"indication_fselect\" data-type=\"fselect\"><\/div>[\/vc_column_text][vc_column_text margin_bottom=&#8221;20&#8243;]\n<h3 style=\"margin-bottom: 25px;\">Choisissez une technologie<\/h3>\n<div class=\"facetwp-facet facetwp-facet-technology_fselect facetwp-type-fselect\" data-name=\"technology_fselect\" data-type=\"fselect\"><\/div>[\/vc_column_text][vc_column_text margin_bottom=&#8221;40&#8243;]\n<h3 style=\"margin-bottom: 25px;\">Choisissez votre produit dans le domaine de la mycologie<\/h3>\n<div class=\"facetwp-template\" data-name=\"mycology\"><ul class=\"product_facets\"><li>\n<a class=\"facetwp_pimg\" href=\"https:\/\/clinical.r-biopharm.com\/products\/ridagene-pneumocystis-jirovecii-2\/\"><img loading=\"lazy\" decoding=\"async\" width=\"100\" height=\"50\" src=\"https:\/\/clinical.r-biopharm.com\/wp-content\/uploads\/2017\/02\/2013-10_PG1905_RIDA-GENE-Pneumocystis-jirovecii_RGB_LoRes-100x50.jpg\" class=\"recent-thumbs wp-post-image\" alt=\"\" srcset=\"https:\/\/clinical.r-biopharm.com\/wp-content\/uploads\/2017\/02\/2013-10_PG1905_RIDA-GENE-Pneumocystis-jirovecii_RGB_LoRes-100x50.jpg 100w, https:\/\/clinical.r-biopharm.com\/wp-content\/uploads\/2017\/02\/2013-10_PG1905_RIDA-GENE-Pneumocystis-jirovecii_RGB_LoRes-768x384.jpg 768w, https:\/\/clinical.r-biopharm.com\/wp-content\/uploads\/2017\/02\/2013-10_PG1905_RIDA-GENE-Pneumocystis-jirovecii_RGB_LoRes-1200x600.jpg 1200w, https:\/\/clinical.r-biopharm.com\/wp-content\/uploads\/2017\/02\/2013-10_PG1905_RIDA-GENE-Pneumocystis-jirovecii_RGB_LoRes-736x368.jpg 736w, https:\/\/clinical.r-biopharm.com\/wp-content\/uploads\/2017\/02\/2013-10_PG1905_RIDA-GENE-Pneumocystis-jirovecii_RGB_LoRes-200x100.jpg 200w, https:\/\/clinical.r-biopharm.com\/wp-content\/uploads\/2017\/02\/2013-10_PG1905_RIDA-GENE-Pneumocystis-jirovecii_RGB_LoRes-353x179.jpg 353w, https:\/\/clinical.r-biopharm.com\/wp-content\/uploads\/2017\/02\/2013-10_PG1905_RIDA-GENE-Pneumocystis-jirovecii_RGB_LoRes.jpg 600w\" sizes=\"auto, (max-width: 100px) 100vw, 100px\" itemprop=\"image\" \/><\/a>\n<div class=\"facetwp_title_container\"><a class=\"facetwp_ptitle\" href=\"https:\/\/clinical.r-biopharm.com\/products\/ridagene-pneumocystis-jirovecii-2\/\">RIDA\u00aeGENE Pneumocystis jirovecii<\/a><\/div>\n<\/li>\n\n<\/ul><\/div><div class=\"facetwp-facet facetwp-facet-load_more_pager facetwp-type-pager\" data-name=\"load_more_pager\" data-type=\"pager\"><button class=\"facetwp-load-more\" data-loading=\"Loading...\">Load more<\/button><\/div>[\/vc_column_text][\/vc_column][\/mk_page_section][mk_page_section bg_color=&#8221;#f7f7f7&#8243; padding_top=&#8221;0&#8243; padding_bottom=&#8221;0&#8243; sidebar=&#8221;sidebar-1&#8243;][vc_column css=&#8221;.vc_custom_1469015765963{margin-top: 25px !important;padding-bottom: 5px !important;}&#8221;][vc_column_text margin_bottom=&#8221;20&#8243; css=&#8221;.vc_custom_1530188400906{margin-bottom: 20px !important;}&#8221;]\n<h2 class=\"knubbel\">Derni\u00e8res nouvelles<\/h2>\n[\/vc_column_text][mk_blog_carousel][\/vc_column][\/mk_page_section][mk_page_section bg_color=&#8221;#ffffff&#8221; padding_top=&#8221;0&#8243; sidebar=&#8221;sidebar-1&#8243;][vc_column css=&#8221;.vc_custom_1467042052405{margin-top: 40px !important;}&#8221;][vc_column_text margin_bottom=&#8221;20&#8243;]\n<h2 class=\"knubbel\">Vous pourriez \u00e9galement \u00eatre int\u00e9ress\u00e9 par<\/h2>\n[\/vc_column_text][vc_row_inner css=&#8221;.vc_custom_1468404266697{margin-bottom: 40px !important;}&#8221;][vc_column_inner width=&#8221;1\/3&#8243; css=&#8221;.vc_custom_1468416557833{padding-bottom: 10px !important;padding-left: 0px !important;}&#8221;][mk_flipbox_rb taxonomy=&#8221;diagnostic&#8221; tag_diagnostics=&#8221;mycology&#8221; min_height=&#8221;200&#8243; button_bg_color=&#8221;#4d4d4d&#8221; button_bg_hover_color=&#8221;#ffffff&#8221; button_text=&#8221;More&#8221;][\/vc_column_inner][vc_column_inner width=&#8221;1\/3&#8243; css=&#8221;.vc_custom_1468416552613{padding-right: 7.5px !important;padding-bottom: 10px !important;padding-left: 7.5px !important;}&#8221;][mk_flipbox_rb taxonomy=&#8221;diagnostic&#8221; tag_diagnostics=&#8221;mycology&#8221; offset=&#8221;1&#8243; min_height=&#8221;200&#8243; button_bg_color=&#8221;#4d4d4d&#8221; button_bg_hover_color=&#8221;#ffffff&#8221; button_text=&#8221;More&#8221;][\/vc_column_inner][vc_column_inner width=&#8221;1\/3&#8243; css=&#8221;.vc_custom_1468416547451{padding-right: 0px !important;padding-bottom: 10px !important;}&#8221;][mk_flipbox_rb taxonomy=&#8221;diagnostic&#8221; tag_diagnostics=&#8221;mycology&#8221; offset=&#8221;2&#8243; min_height=&#8221;200&#8243; button_bg_color=&#8221;#4d4d4d&#8221; button_bg_hover_color=&#8221;#ffffff&#8221; button_text=&#8221;More&#8221;][\/vc_column_inner][\/vc_row_inner][\/vc_column][\/mk_page_section][mk_page_section bg_color=&#8221;#f7f7f7&#8243; padding_top=&#8221;20&#8243; padding_bottom=&#8221;20&#8243; sidebar=&#8221;sidebar-1&#8243;][vc_column css=&#8221;.vc_custom_1468415774645{padding-top: 0px !important;padding-bottom: 0px !important;}&#8221;][vc_column_text disable_pattern=&#8221;false&#8221; align=&#8221;center&#8221;]\n<h2>Assistance sur la mycologie<\/h2>\n<p>Des questions\u00a0? Profitez de l\u2019expertise de notre \u00e9quipe. Nous sommes l\u00e0 pour vous aider, vous et votre entreprise, et assurer votre succ\u00e8s tout au long du processus de test[\/vc_column_text][mk_button dimension=&#8221;flat&#8221; url=&#8221;\/fr\/contact\/&#8221; align=&#8221;center&#8221; margin_bottom=&#8221;&#8221; bg_color=&#8221;#4d4d4d&#8221; btn_hover_bg=&#8221;#ffffff&#8221; btn_hover_txt_color=&#8221;#4d4d4d&#8221;]Contactez-nous[\/mk_button][\/vc_column][\/mk_page_section]\n<\/div>","protected":false},"excerpt":{"rendered":"<p>[mk_page_section padding_top=&#8221;30&#8243; padding_bottom=&#8221;30&#8243; sidebar=&#8221;sidebar-1&#8243;][vc_column width=&#8221;2\/3&#8243;][vc_column_text] Certaines donn\u00e9es r\u00e9centes r\u00e9v\u00e8lent une augmentation de l\u2019incidence des infections fongiques. Il a \u00e9t\u00e9 calcul\u00e9 que les infections par des champignons touchent environ un milliard de personnes chaque ann\u00e9e. Si les champignons jouent de nombreux r\u00f4les essentiels dans l\u2019hom\u00e9ostasie humaine, ils peuvent \u00e9galement constituer un probl\u00e8me de sant\u00e9 cons\u00e9quent pour [&hellip;]<\/p>\n","protected":false},"author":1,"featured_media":0,"parent":89014,"menu_order":0,"comment_status":"closed","ping_status":"closed","template":"","meta":{"_acf_changed":false,"content-type":"","_relevanssi_hide_post":"","_relevanssi_hide_content":"","_relevanssi_pin_for_all":"","_relevanssi_pin_keywords":"","_relevanssi_unpin_keywords":"","_relevanssi_related_keywords":"","_relevanssi_related_include_ids":"","_relevanssi_related_exclude_ids":"","_relevanssi_related_no_append":"","_relevanssi_related_not_related":"","_relevanssi_related_posts":"","_relevanssi_noindex_reason":"","footnotes":""},"class_list":["post-89165","page","type-page","status-publish","hentry"],"acf":[],"yoast_head":"<!-- This site is optimized with the Yoast SEO plugin v26.7 - https:\/\/yoast.com\/wordpress\/plugins\/seo\/ -->\n<title>Mycologie\u00a0: Tests pour le diagnostic des infections mycologiques<\/title>\n<meta name=\"description\" content=\"L\u2019incidence des infections fongiques ne cesse d\u2019augmenter. Consultez ici nos solutions diagnostiques innovantes en mati\u00e8re de mycologie clinique.\" \/>\n<meta name=\"robots\" content=\"index, follow, max-snippet:-1, max-image-preview:large, max-video-preview:-1\" \/>\n<link rel=\"canonical\" href=\"https:\/\/clinical.r-biopharm.com\/fr\/diagnostics\/mycologie\/\" \/>\n<meta property=\"og:locale\" content=\"fr_FR\" \/>\n<meta property=\"og:type\" content=\"article\" \/>\n<meta property=\"og:title\" content=\"Mycologie\u00a0: Tests pour le diagnostic des infections mycologiques\" \/>\n<meta property=\"og:description\" content=\"L\u2019incidence des infections fongiques ne cesse d\u2019augmenter. Consultez ici nos solutions diagnostiques innovantes en mati\u00e8re de mycologie clinique.\" \/>\n<meta property=\"og:url\" content=\"https:\/\/clinical.r-biopharm.com\/fr\/diagnostics\/mycologie\/\" \/>\n<meta property=\"og:site_name\" content=\"Clinical Diagnostics\" \/>\n<meta property=\"article:modified_time\" content=\"2019-07-08T12:28:55+00:00\" \/>\n<meta name=\"twitter:label1\" content=\"Est. reading time\" \/>\n\t<meta name=\"twitter:data1\" content=\"3 minutes\" \/>\n<script type=\"application\/ld+json\" class=\"yoast-schema-graph\">{\"@context\":\"https:\/\/schema.org\",\"@graph\":[{\"@type\":\"WebPage\",\"@id\":\"https:\/\/clinical.r-biopharm.com\/fr\/diagnostics\/mycologie\/\",\"url\":\"https:\/\/clinical.r-biopharm.com\/fr\/diagnostics\/mycologie\/\",\"name\":\"Mycologie\u00a0: Tests pour le diagnostic des infections mycologiques\",\"isPartOf\":{\"@id\":\"https:\/\/clinical.r-biopharm.com\/fr\/#website\"},\"datePublished\":\"2015-10-05T09:42:27+00:00\",\"dateModified\":\"2019-07-08T12:28:55+00:00\",\"description\":\"L\u2019incidence des infections fongiques ne cesse d\u2019augmenter. Consultez ici nos solutions diagnostiques innovantes en mati\u00e8re de mycologie clinique.\",\"breadcrumb\":{\"@id\":\"https:\/\/clinical.r-biopharm.com\/fr\/diagnostics\/mycologie\/#breadcrumb\"},\"inLanguage\":\"fr-FR\",\"potentialAction\":[{\"@type\":\"ReadAction\",\"target\":[\"https:\/\/clinical.r-biopharm.com\/fr\/diagnostics\/mycologie\/\"]}]},{\"@type\":\"BreadcrumbList\",\"@id\":\"https:\/\/clinical.r-biopharm.com\/fr\/diagnostics\/mycologie\/#breadcrumb\",\"itemListElement\":[{\"@type\":\"ListItem\",\"position\":1,\"name\":\"Home\",\"item\":\"https:\/\/clinical.r-biopharm.com\/fr\/\"},{\"@type\":\"ListItem\",\"position\":2,\"name\":\"Diagnostics\",\"item\":\"https:\/\/clinical.r-biopharm.com\/fr\/diagnostics\/\"},{\"@type\":\"ListItem\",\"position\":3,\"name\":\"Mycologie\"}]},{\"@type\":\"WebSite\",\"@id\":\"https:\/\/clinical.r-biopharm.com\/fr\/#website\",\"url\":\"https:\/\/clinical.r-biopharm.com\/fr\/\",\"name\":\"Clinical Diagnostics\",\"description\":\"A Division of the R-Biopharm Group\",\"potentialAction\":[{\"@type\":\"SearchAction\",\"target\":{\"@type\":\"EntryPoint\",\"urlTemplate\":\"https:\/\/clinical.r-biopharm.com\/fr\/?s={search_term_string}\"},\"query-input\":{\"@type\":\"PropertyValueSpecification\",\"valueRequired\":true,\"valueName\":\"search_term_string\"}}],\"inLanguage\":\"fr-FR\"}]}<\/script>\n<!-- \/ Yoast SEO plugin. -->","yoast_head_json":{"title":"Mycologie\u00a0: Tests pour le diagnostic des infections mycologiques","description":"L\u2019incidence des infections fongiques ne cesse d\u2019augmenter. Consultez ici nos solutions diagnostiques innovantes en mati\u00e8re de mycologie clinique.","robots":{"index":"index","follow":"follow","max-snippet":"max-snippet:-1","max-image-preview":"max-image-preview:large","max-video-preview":"max-video-preview:-1"},"canonical":"https:\/\/clinical.r-biopharm.com\/fr\/diagnostics\/mycologie\/","og_locale":"fr_FR","og_type":"article","og_title":"Mycologie\u00a0: Tests pour le diagnostic des infections mycologiques","og_description":"L\u2019incidence des infections fongiques ne cesse d\u2019augmenter. Consultez ici nos solutions diagnostiques innovantes en mati\u00e8re de mycologie clinique.","og_url":"https:\/\/clinical.r-biopharm.com\/fr\/diagnostics\/mycologie\/","og_site_name":"Clinical Diagnostics","article_modified_time":"2019-07-08T12:28:55+00:00","twitter_misc":{"Est. reading time":"3 minutes"},"schema":{"@context":"https:\/\/schema.org","@graph":[{"@type":"WebPage","@id":"https:\/\/clinical.r-biopharm.com\/fr\/diagnostics\/mycologie\/","url":"https:\/\/clinical.r-biopharm.com\/fr\/diagnostics\/mycologie\/","name":"Mycologie\u00a0: Tests pour le diagnostic des infections mycologiques","isPartOf":{"@id":"https:\/\/clinical.r-biopharm.com\/fr\/#website"},"datePublished":"2015-10-05T09:42:27+00:00","dateModified":"2019-07-08T12:28:55+00:00","description":"L\u2019incidence des infections fongiques ne cesse d\u2019augmenter. Consultez ici nos solutions diagnostiques innovantes en mati\u00e8re de mycologie clinique.","breadcrumb":{"@id":"https:\/\/clinical.r-biopharm.com\/fr\/diagnostics\/mycologie\/#breadcrumb"},"inLanguage":"fr-FR","potentialAction":[{"@type":"ReadAction","target":["https:\/\/clinical.r-biopharm.com\/fr\/diagnostics\/mycologie\/"]}]},{"@type":"BreadcrumbList","@id":"https:\/\/clinical.r-biopharm.com\/fr\/diagnostics\/mycologie\/#breadcrumb","itemListElement":[{"@type":"ListItem","position":1,"name":"Home","item":"https:\/\/clinical.r-biopharm.com\/fr\/"},{"@type":"ListItem","position":2,"name":"Diagnostics","item":"https:\/\/clinical.r-biopharm.com\/fr\/diagnostics\/"},{"@type":"ListItem","position":3,"name":"Mycologie"}]},{"@type":"WebSite","@id":"https:\/\/clinical.r-biopharm.com\/fr\/#website","url":"https:\/\/clinical.r-biopharm.com\/fr\/","name":"Clinical Diagnostics","description":"A Division of the R-Biopharm Group","potentialAction":[{"@type":"SearchAction","target":{"@type":"EntryPoint","urlTemplate":"https:\/\/clinical.r-biopharm.com\/fr\/?s={search_term_string}"},"query-input":{"@type":"PropertyValueSpecification","valueRequired":true,"valueName":"search_term_string"}}],"inLanguage":"fr-FR"}]}},"_links":{"self":[{"href":"https:\/\/clinical.r-biopharm.com\/fr\/wp-json\/wp\/v2\/pages\/89165","targetHints":{"allow":["GET"]}}],"collection":[{"href":"https:\/\/clinical.r-biopharm.com\/fr\/wp-json\/wp\/v2\/pages"}],"about":[{"href":"https:\/\/clinical.r-biopharm.com\/fr\/wp-json\/wp\/v2\/types\/page"}],"author":[{"embeddable":true,"href":"https:\/\/clinical.r-biopharm.com\/fr\/wp-json\/wp\/v2\/users\/1"}],"replies":[{"embeddable":true,"href":"https:\/\/clinical.r-biopharm.com\/fr\/wp-json\/wp\/v2\/comments?post=89165"}],"version-history":[{"count":14,"href":"https:\/\/clinical.r-biopharm.com\/fr\/wp-json\/wp\/v2\/pages\/89165\/revisions"}],"predecessor-version":[{"id":97357,"href":"https:\/\/clinical.r-biopharm.com\/fr\/wp-json\/wp\/v2\/pages\/89165\/revisions\/97357"}],"up":[{"embeddable":true,"href":"https:\/\/clinical.r-biopharm.com\/fr\/wp-json\/wp\/v2\/pages\/89014"}],"wp:attachment":[{"href":"https:\/\/clinical.r-biopharm.com\/fr\/wp-json\/wp\/v2\/media?parent=89165"}],"curies":[{"name":"wp","href":"https:\/\/api.w.org\/{rel}","templated":true}]}}