{"id":89166,"date":"2015-10-05T11:42:43","date_gmt":"2015-10-05T09:42:43","guid":{"rendered":"https:\/\/clinical.r-biopharm.com\/technologies\/elisa\/"},"modified":"2019-07-08T15:38:49","modified_gmt":"2019-07-08T13:38:49","slug":"elisa","status":"publish","type":"page","link":"https:\/\/clinical.r-biopharm.com\/fr\/technologies\/elisa\/","title":{"rendered":"ELISA"},"content":{"rendered":"<div class=\"wpb-content-wrapper\">[mk_page_section padding_top=&#8221;30&#8243; padding_bottom=&#8221;30&#8243; sidebar=&#8221;sidebar-1&#8243;][vc_column width=&#8221;2\/3&#8243;][vc_column_text]<strong>Les tests RIDASCREEN\u00ae ELISA sont des plates-formes de dosage immunoenzymatique destin\u00e9es \u00e0 la d\u00e9termination qualitative, semi-quantitative ou quantitative des mol\u00e9cules cibles, telles que les biomarqueurs, les antig\u00e8nes ou les anticorps.<\/strong><\/p>\n<p>Nos tests ELISA permettent de r\u00e9aliser l\u2019analyse de diverses matrices, notamment\u00a0:[\/vc_column_text][mk_custom_list style=&#8221;mk-moon-circle-small&#8221;]\n<ul>\n<li>\u00c9chantillons de selles<\/li>\n<li>Sang, plasma, s\u00e9rum<\/li>\n<li>Urine<\/li>\n<\/ul>\n[\/mk_custom_list][vc_column_text]La plupart des tests RIDASCREEN\u00ae ELISA emploient des anticorps sp\u00e9cifiques selon une m\u00e9thode de type sandwich, o\u00f9 les anticorps sp\u00e9cifiques aux mol\u00e9cules sont fix\u00e9s sur le puits de la micro plaque ELISA.<\/p>\n<p>Nos tests ELISA pour diagnostic clinique sont optimis\u00e9s pour les plates-formes automatis\u00e9es. Pour demander des renseignements, veuillez utiliser le formulaire de contact afin d\u2019en savoir plus sur les diff\u00e9rentes possibilit\u00e9s d\u2019automatisation.<\/p>\n<p>Tous les dosages immunoenzymatiques de R-Biopharm portent le marquage CE.[\/vc_column_text][\/vc_column][vc_column width=&#8221;1\/3&#8243;][vc_column_text margin_bottom=&#8221;20&#8243;]\n<h3 style=\"margin-bottom: 25px;\">Choisissez une indication<\/h3>\n<div class=\"facetwp-facet facetwp-facet-indication_fselect facetwp-type-fselect\" data-name=\"indication_fselect\" data-type=\"fselect\"><\/div>[\/vc_column_text][vc_column_text margin_bottom=&#8221;20&#8243;]\n<h3 style=\"margin-bottom: 25px;\">Choisissez un domaine diagnostique<\/h3>\n<div class=\"facetwp-facet facetwp-facet-diagnostics_fselect facetwp-type-fselect\" data-name=\"diagnostics_fselect\" data-type=\"fselect\"><\/div>[\/vc_column_text][vc_column_text margin_bottom=&#8221;40&#8243;]\n<h3 style=\"margin-bottom: 25px;\">Choisissez votre produit ELISA<\/h3>\n<div class=\"facetwp-template\" data-name=\"elisa\"><ul class=\"product_facets\"><li>\n<a class=\"facetwp_pimg\" href=\"https:\/\/clinical.r-biopharm.com\/products\/ridascreen-ust-monitoring\/\"><img loading=\"lazy\" decoding=\"async\" width=\"100\" height=\"50\" src=\"https:\/\/clinical.r-biopharm.com\/wp-content\/uploads\/2021\/08\/g09049-ridascreen-ust-monitoring_neutral_rgb_lowres_2021-05-100x50.jpg\" class=\"recent-thumbs wp-post-image\" alt=\"\" srcset=\"https:\/\/clinical.r-biopharm.com\/wp-content\/uploads\/2021\/08\/g09049-ridascreen-ust-monitoring_neutral_rgb_lowres_2021-05-100x50.jpg 100w, https:\/\/clinical.r-biopharm.com\/wp-content\/uploads\/2021\/08\/g09049-ridascreen-ust-monitoring_neutral_rgb_lowres_2021-05-200x100.jpg 200w, https:\/\/clinical.r-biopharm.com\/wp-content\/uploads\/2021\/08\/g09049-ridascreen-ust-monitoring_neutral_rgb_lowres_2021-05-353x179.jpg 353w\" sizes=\"auto, (max-width: 100px) 100vw, 100px\" itemprop=\"image\" \/><\/a>\n<div class=\"facetwp_title_container\"><a class=\"facetwp_ptitle\" href=\"https:\/\/clinical.r-biopharm.com\/products\/ridascreen-ust-monitoring\/\">RIDASCREEN\u00ae UST Monitoring<\/a><\/div>\n<\/li>\n\n<li>\n<a class=\"facetwp_pimg\" href=\"https:\/\/clinical.r-biopharm.com\/products\/ridascreen-glm-monitoring\/\"><img loading=\"lazy\" decoding=\"async\" width=\"100\" height=\"50\" src=\"https:\/\/clinical.r-biopharm.com\/wp-content\/uploads\/2019\/02\/2019-10_g09047-ridascreen-glm-monitoring_neutral_rgb_lowres-100x50.jpg\" class=\"recent-thumbs wp-post-image\" alt=\"\" srcset=\"https:\/\/clinical.r-biopharm.com\/wp-content\/uploads\/2019\/02\/2019-10_g09047-ridascreen-glm-monitoring_neutral_rgb_lowres-100x50.jpg 100w, https:\/\/clinical.r-biopharm.com\/wp-content\/uploads\/2019\/02\/2019-10_g09047-ridascreen-glm-monitoring_neutral_rgb_lowres-200x100.jpg 200w, https:\/\/clinical.r-biopharm.com\/wp-content\/uploads\/2019\/02\/2019-10_g09047-ridascreen-glm-monitoring_neutral_rgb_lowres-353x179.jpg 353w\" sizes=\"auto, (max-width: 100px) 100vw, 100px\" itemprop=\"image\" \/><\/a>\n<div class=\"facetwp_title_container\"><a class=\"facetwp_ptitle\" href=\"https:\/\/clinical.r-biopharm.com\/products\/ridascreen-glm-monitoring\/\">RIDASCREEN\u00aeGLM Monitoring<\/a><\/div>\n<\/li>\n\n<li>\n<a class=\"facetwp_pimg\" href=\"https:\/\/clinical.r-biopharm.com\/products\/ridascreenhelicobacter\/\"><img loading=\"lazy\" decoding=\"async\" width=\"100\" height=\"50\" src=\"https:\/\/clinical.r-biopharm.com\/wp-content\/uploads\/2018\/08\/2018-03_n2302-ridascreen-helicobacter_rgb_lowres-1-100x50.jpg\" class=\"recent-thumbs wp-post-image\" alt=\"n2302-ridascreen-helicobacter\" srcset=\"https:\/\/clinical.r-biopharm.com\/wp-content\/uploads\/2018\/08\/2018-03_n2302-ridascreen-helicobacter_rgb_lowres-1-100x50.jpg 100w, https:\/\/clinical.r-biopharm.com\/wp-content\/uploads\/2018\/08\/2018-03_n2302-ridascreen-helicobacter_rgb_lowres-1-353x179.jpg 353w, https:\/\/clinical.r-biopharm.com\/wp-content\/uploads\/2018\/08\/2018-03_n2302-ridascreen-helicobacter_rgb_lowres-1-200x100.jpg 200w\" sizes=\"auto, (max-width: 100px) 100vw, 100px\" itemprop=\"image\" \/><\/a>\n<div class=\"facetwp_title_container\"><a class=\"facetwp_ptitle\" href=\"https:\/\/clinical.r-biopharm.com\/products\/ridascreenhelicobacter\/\">RIDASCREEN\u00ae Helicobacter<\/a><\/div>\n<\/li>\n\n<li>\n<a class=\"facetwp_pimg\" href=\"https:\/\/clinical.r-biopharm.com\/products\/ridascreen-vdz-monitoring\/\"><img loading=\"lazy\" decoding=\"async\" width=\"100\" height=\"50\" src=\"https:\/\/clinical.r-biopharm.com\/wp-content\/uploads\/2017\/12\/2019-03_g09045-rs-vdz-monitoring_600x300-100x50.jpg\" class=\"recent-thumbs wp-post-image\" alt=\"g09045-ridascreen-vdz-monitoring\" srcset=\"https:\/\/clinical.r-biopharm.com\/wp-content\/uploads\/2017\/12\/2019-03_g09045-rs-vdz-monitoring_600x300-100x50.jpg 100w, https:\/\/clinical.r-biopharm.com\/wp-content\/uploads\/2017\/12\/2019-03_g09045-rs-vdz-monitoring_600x300-300x150.jpg 300w, https:\/\/clinical.r-biopharm.com\/wp-content\/uploads\/2017\/12\/2019-03_g09045-rs-vdz-monitoring_600x300-353x179.jpg 353w, https:\/\/clinical.r-biopharm.com\/wp-content\/uploads\/2017\/12\/2019-03_g09045-rs-vdz-monitoring_600x300-200x100.jpg 200w, https:\/\/clinical.r-biopharm.com\/wp-content\/uploads\/2017\/12\/2019-03_g09045-rs-vdz-monitoring_600x300.jpg 600w\" sizes=\"auto, (max-width: 100px) 100vw, 100px\" itemprop=\"image\" \/><\/a>\n<div class=\"facetwp_title_container\"><a class=\"facetwp_ptitle\" href=\"https:\/\/clinical.r-biopharm.com\/products\/ridascreen-vdz-monitoring\/\">RIDASCREEN\u00ae VDZ Monitoring<\/a><\/div>\n<\/li>\n\n<li>\n<a class=\"facetwp_pimg\" href=\"https:\/\/clinical.r-biopharm.com\/products\/ridascreen-anti-adm-antibodies\/\"><img loading=\"lazy\" decoding=\"async\" width=\"100\" height=\"50\" src=\"https:\/\/clinical.r-biopharm.com\/wp-content\/uploads\/2017\/04\/2017-04_g09044_rs-anti-adm-antibodies_neutral_rgb_600-x-300-100x50.jpg\" class=\"recent-thumbs wp-post-image\" alt=\"g09044_ridascreen-anti-adm-antibodies\" srcset=\"https:\/\/clinical.r-biopharm.com\/wp-content\/uploads\/2017\/04\/2017-04_g09044_rs-anti-adm-antibodies_neutral_rgb_600-x-300-100x50.jpg 100w, https:\/\/clinical.r-biopharm.com\/wp-content\/uploads\/2017\/04\/2017-04_g09044_rs-anti-adm-antibodies_neutral_rgb_600-x-300-300x150.jpg 300w, https:\/\/clinical.r-biopharm.com\/wp-content\/uploads\/2017\/04\/2017-04_g09044_rs-anti-adm-antibodies_neutral_rgb_600-x-300-200x100.jpg 200w, https:\/\/clinical.r-biopharm.com\/wp-content\/uploads\/2017\/04\/2017-04_g09044_rs-anti-adm-antibodies_neutral_rgb_600-x-300.jpg 600w\" sizes=\"auto, (max-width: 100px) 100vw, 100px\" itemprop=\"image\" \/><\/a>\n<div class=\"facetwp_title_container\"><a class=\"facetwp_ptitle\" href=\"https:\/\/clinical.r-biopharm.com\/products\/ridascreen-anti-adm-antibodies\/\">RIDASCREEN\u00ae Anti-ADM Antibodies<\/a><\/div>\n<\/li>\n\n<li>\n<a class=\"facetwp_pimg\" href=\"https:\/\/clinical.r-biopharm.com\/products\/68079-2\/\"><img loading=\"lazy\" decoding=\"async\" width=\"100\" height=\"50\" src=\"https:\/\/clinical.r-biopharm.com\/wp-content\/uploads\/2016\/08\/2014-09_rida-ccd-inhibitor_rgb_600-x-300-100x50.jpg\" class=\"recent-thumbs wp-post-image\" alt=\"rida-ccd-inhibitor\" srcset=\"https:\/\/clinical.r-biopharm.com\/wp-content\/uploads\/2016\/08\/2014-09_rida-ccd-inhibitor_rgb_600-x-300-100x50.jpg 100w, https:\/\/clinical.r-biopharm.com\/wp-content\/uploads\/2016\/08\/2014-09_rida-ccd-inhibitor_rgb_600-x-300-300x150.jpg 300w, https:\/\/clinical.r-biopharm.com\/wp-content\/uploads\/2016\/08\/2014-09_rida-ccd-inhibitor_rgb_600-x-300-200x100.jpg 200w, https:\/\/clinical.r-biopharm.com\/wp-content\/uploads\/2016\/08\/2014-09_rida-ccd-inhibitor_rgb_600-x-300.jpg 600w\" sizes=\"auto, (max-width: 100px) 100vw, 100px\" itemprop=\"image\" \/><\/a>\n<div class=\"facetwp_title_container\"><a class=\"facetwp_ptitle\" href=\"https:\/\/clinical.r-biopharm.com\/products\/68079-2\/\">RIDA\u00ae CCD-Inhibitor<\/a><\/div>\n<\/li>\n\n<li>\n<a class=\"facetwp_pimg\" href=\"https:\/\/clinical.r-biopharm.com\/products\/ridascreen-verotoxin\/\"><img loading=\"lazy\" decoding=\"async\" width=\"100\" height=\"50\" src=\"https:\/\/clinical.r-biopharm.com\/wp-content\/uploads\/default_elisa-2016-11_kd_ridascreen-elisa-generisch_neutral_rgb_lores_web-100x50.jpg\" class=\"recent-thumbs debug\" alt=\"\" srcset=\"https:\/\/clinical.r-biopharm.com\/wp-content\/uploads\/default_elisa-2016-11_kd_ridascreen-elisa-generisch_neutral_rgb_lores_web-100x50.jpg 100w, https:\/\/clinical.r-biopharm.com\/wp-content\/uploads\/default_elisa-2016-11_kd_ridascreen-elisa-generisch_neutral_rgb_lores_web-300x150.jpg 300w, https:\/\/clinical.r-biopharm.com\/wp-content\/uploads\/default_elisa-2016-11_kd_ridascreen-elisa-generisch_neutral_rgb_lores_web-330x165.jpg 330w, https:\/\/clinical.r-biopharm.com\/wp-content\/uploads\/default_elisa-2016-11_kd_ridascreen-elisa-generisch_neutral_rgb_lores_web.jpg 600w, https:\/\/clinical.r-biopharm.com\/wp-content\/uploads\/default_elisa-2016-11_kd_ridascreen-elisa-generisch_neutral_rgb_lores_web-414x207.jpg 414w, https:\/\/clinical.r-biopharm.com\/wp-content\/uploads\/default_elisa-2016-11_kd_ridascreen-elisa-generisch_neutral_rgb_lores_web-200x100.jpg 200w, https:\/\/clinical.r-biopharm.com\/wp-content\/uploads\/default_elisa-2016-11_kd_ridascreen-elisa-generisch_neutral_rgb_lores_web-353x179.jpg 353w\" sizes=\"auto, (max-width: 100px) 100vw, 100px\" itemprop=\"image\" \/><\/a>\n<div class=\"facetwp_title_container\"><a class=\"facetwp_ptitle\" href=\"https:\/\/clinical.r-biopharm.com\/products\/ridascreen-verotoxin\/\">RIDASCREEN\u00ae Verotoxin<\/a><\/div>\n<\/li>\n\n<li>\n<a class=\"facetwp_pimg\" href=\"https:\/\/clinical.r-biopharm.com\/products\/ridascreen-legionella\/\"><img loading=\"lazy\" decoding=\"async\" width=\"100\" height=\"50\" src=\"https:\/\/clinical.r-biopharm.com\/wp-content\/uploads\/2017\/02\/2016-05_C8001_RS_Legionella_NEUTRAL_RGB_LoRes-100x50.jpg\" class=\"recent-thumbs wp-post-image\" alt=\"\" srcset=\"https:\/\/clinical.r-biopharm.com\/wp-content\/uploads\/2017\/02\/2016-05_C8001_RS_Legionella_NEUTRAL_RGB_LoRes-100x50.jpg 100w, https:\/\/clinical.r-biopharm.com\/wp-content\/uploads\/2017\/02\/2016-05_C8001_RS_Legionella_NEUTRAL_RGB_LoRes-768x384.jpg 768w, https:\/\/clinical.r-biopharm.com\/wp-content\/uploads\/2017\/02\/2016-05_C8001_RS_Legionella_NEUTRAL_RGB_LoRes-1200x600.jpg 1200w, https:\/\/clinical.r-biopharm.com\/wp-content\/uploads\/2017\/02\/2016-05_C8001_RS_Legionella_NEUTRAL_RGB_LoRes-736x368.jpg 736w, https:\/\/clinical.r-biopharm.com\/wp-content\/uploads\/2017\/02\/2016-05_C8001_RS_Legionella_NEUTRAL_RGB_LoRes-200x100.jpg 200w, https:\/\/clinical.r-biopharm.com\/wp-content\/uploads\/2017\/02\/2016-05_C8001_RS_Legionella_NEUTRAL_RGB_LoRes-353x179.jpg 353w, https:\/\/clinical.r-biopharm.com\/wp-content\/uploads\/2017\/02\/2016-05_C8001_RS_Legionella_NEUTRAL_RGB_LoRes.jpg 600w\" sizes=\"auto, (max-width: 100px) 100vw, 100px\" itemprop=\"image\" \/><\/a>\n<div class=\"facetwp_title_container\"><a class=\"facetwp_ptitle\" href=\"https:\/\/clinical.r-biopharm.com\/products\/ridascreen-legionella\/\">RIDASCREEN\u00ae Legionella<\/a><\/div>\n<\/li>\n\n<li>\n<a class=\"facetwp_pimg\" href=\"https:\/\/clinical.r-biopharm.com\/products\/ridascreen-adm-monitoring\/\"><img loading=\"lazy\" decoding=\"async\" width=\"100\" height=\"50\" src=\"https:\/\/clinical.r-biopharm.com\/wp-content\/uploads\/2016\/03\/2016-05_g09043_rs_adm-monitoring_rgb_600-x-300-100x50.jpg\" class=\"recent-thumbs wp-post-image\" alt=\"g09043_ridascreen_adm-monitoring\" srcset=\"https:\/\/clinical.r-biopharm.com\/wp-content\/uploads\/2016\/03\/2016-05_g09043_rs_adm-monitoring_rgb_600-x-300-100x50.jpg 100w, https:\/\/clinical.r-biopharm.com\/wp-content\/uploads\/2016\/03\/2016-05_g09043_rs_adm-monitoring_rgb_600-x-300-300x150.jpg 300w, https:\/\/clinical.r-biopharm.com\/wp-content\/uploads\/2016\/03\/2016-05_g09043_rs_adm-monitoring_rgb_600-x-300-200x100.jpg 200w, https:\/\/clinical.r-biopharm.com\/wp-content\/uploads\/2016\/03\/2016-05_g09043_rs_adm-monitoring_rgb_600-x-300.jpg 600w\" sizes=\"auto, (max-width: 100px) 100vw, 100px\" itemprop=\"image\" \/><\/a>\n<div class=\"facetwp_title_container\"><a class=\"facetwp_ptitle\" href=\"https:\/\/clinical.r-biopharm.com\/products\/ridascreen-adm-monitoring\/\">RIDASCREEN\u00ae ADM Monitoring<\/a><\/div>\n<\/li>\n\n<li>\n<a class=\"facetwp_pimg\" href=\"https:\/\/clinical.r-biopharm.com\/products\/ridascreen-anti-ifx-antibodies\/\"><img loading=\"lazy\" decoding=\"async\" width=\"100\" height=\"50\" src=\"https:\/\/clinical.r-biopharm.com\/wp-content\/uploads\/2016\/03\/2016-05_g09042_rs_anti-ifx-antibodies_rgb_600-x-300-100x50.jpg\" class=\"recent-thumbs wp-post-image\" alt=\"g09042_ridascreen_anti-ifx-antibodies\" srcset=\"https:\/\/clinical.r-biopharm.com\/wp-content\/uploads\/2016\/03\/2016-05_g09042_rs_anti-ifx-antibodies_rgb_600-x-300-100x50.jpg 100w, https:\/\/clinical.r-biopharm.com\/wp-content\/uploads\/2016\/03\/2016-05_g09042_rs_anti-ifx-antibodies_rgb_600-x-300-300x150.jpg 300w, https:\/\/clinical.r-biopharm.com\/wp-content\/uploads\/2016\/03\/2016-05_g09042_rs_anti-ifx-antibodies_rgb_600-x-300-200x100.jpg 200w, https:\/\/clinical.r-biopharm.com\/wp-content\/uploads\/2016\/03\/2016-05_g09042_rs_anti-ifx-antibodies_rgb_600-x-300.jpg 600w\" sizes=\"auto, (max-width: 100px) 100vw, 100px\" itemprop=\"image\" \/><\/a>\n<div class=\"facetwp_title_container\"><a class=\"facetwp_ptitle\" href=\"https:\/\/clinical.r-biopharm.com\/products\/ridascreen-anti-ifx-antibodies\/\">RIDASCREEN\u00ae Anti-IFX Antibodies<\/a><\/div>\n<\/li>\n\n<\/ul><\/div><div class=\"facetwp-facet facetwp-facet-load_more_pager facetwp-type-pager\" data-name=\"load_more_pager\" data-type=\"pager\"><button class=\"facetwp-load-more\" data-loading=\"Loading...\">Load more<\/button><\/div>[\/vc_column_text][\/vc_column][\/mk_page_section][mk_page_section bg_color=&#8221;#f7f7f7&#8243; padding_top=&#8221;0&#8243; padding_bottom=&#8221;0&#8243; sidebar=&#8221;sidebar-1&#8243;][vc_column css=&#8221;.vc_custom_1469015765963{margin-top: 25px !important;padding-bottom: 5px !important;}&#8221;][vc_column_text margin_bottom=&#8221;20&#8243; css=&#8221;.vc_custom_1530189736907{margin-bottom: 20px !important;}&#8221;]\n<h2 class=\"knubbel\">Derni\u00e8res nouvelles<\/h2>\n[\/vc_column_text][mk_blog_carousel cat=&#8221;232&#8243;][\/vc_column][\/mk_page_section][mk_page_section bg_color=&#8221;#ffffff&#8221; padding_top=&#8221;0&#8243; sidebar=&#8221;sidebar-1&#8243;][vc_column css=&#8221;.vc_custom_1467042052405{margin-top: 40px !important;}&#8221;][vc_column_text margin_bottom=&#8221;20&#8243;]\n<h2 class=\"knubbel\">Vous pourriez \u00e9galement \u00eatre int\u00e9ress\u00e9 par<\/h2>\n[\/vc_column_text][vc_row_inner css=&#8221;.vc_custom_1468404266697{margin-bottom: 40px !important;}&#8221;][vc_column_inner width=&#8221;1\/3&#8243; css=&#8221;.vc_custom_1468416557833{padding-bottom: 10px !important;padding-left: 0px !important;}&#8221;][mk_flipbox_rb taxonomy=&#8221;technology&#8221; tag_technology=&#8221;elisa-de&#8221; min_height=&#8221;200&#8243; button_bg_color=&#8221;#4d4d4d&#8221; button_bg_hover_color=&#8221;#ffffff&#8221; button_text=&#8221;More&#8221;][\/vc_column_inner][vc_column_inner width=&#8221;1\/3&#8243; css=&#8221;.vc_custom_1468416552613{padding-right: 7.5px !important;padding-bottom: 10px !important;padding-left: 7.5px !important;}&#8221;][mk_flipbox_rb taxonomy=&#8221;technology&#8221; tag_technology=&#8221;elisa-de&#8221; offset=&#8221;1&#8243; min_height=&#8221;200&#8243; button_bg_color=&#8221;#4d4d4d&#8221; button_bg_hover_color=&#8221;#ffffff&#8221; button_text=&#8221;More&#8221;][\/vc_column_inner][vc_column_inner width=&#8221;1\/3&#8243; css=&#8221;.vc_custom_1468416547451{padding-right: 0px !important;padding-bottom: 10px !important;}&#8221;][mk_flipbox_rb taxonomy=&#8221;technology&#8221; tag_technology=&#8221;elisa-de&#8221; offset=&#8221;2&#8243; min_height=&#8221;200&#8243; button_bg_color=&#8221;#4d4d4d&#8221; button_bg_hover_color=&#8221;#ffffff&#8221; button_text=&#8221;More&#8221;][\/vc_column_inner][\/vc_row_inner][\/vc_column][\/mk_page_section][mk_page_section bg_color=&#8221;#f7f7f7&#8243; padding_top=&#8221;20&#8243; padding_bottom=&#8221;20&#8243; sidebar=&#8221;sidebar-1&#8243;][vc_column css=&#8221;.vc_custom_1468415774645{padding-top: 0px !important;padding-bottom: 0px !important;}&#8221;][vc_column_text disable_pattern=&#8221;false&#8221; align=&#8221;center&#8221;]\n<h2>Assistance technique pour les tests ELISA<\/h2>\n<p>Des questions\u00a0? Profitez de l\u2019expertise de notre \u00e9quipe. Nous sommes l\u00e0 pour vous aider, vous et votre entreprise, et assurer votre succ\u00e8s tout au long du processus de test[\/vc_column_text][mk_button dimension=&#8221;flat&#8221; url=&#8221;\/fr\/contact\/&#8221; align=&#8221;center&#8221; margin_bottom=&#8221;&#8221; bg_color=&#8221;#4d4d4d&#8221; btn_hover_bg=&#8221;#ffffff&#8221; btn_hover_txt_color=&#8221;#4d4d4d&#8221;]Contactez-nous[\/mk_button][\/vc_column][\/mk_page_section]\n<\/div>","protected":false},"excerpt":{"rendered":"<p>[mk_page_section padding_top=&#8221;30&#8243; padding_bottom=&#8221;30&#8243; sidebar=&#8221;sidebar-1&#8243;][vc_column width=&#8221;2\/3&#8243;][vc_column_text]Les tests RIDASCREEN\u00ae ELISA sont des plates-formes de dosage immunoenzymatique destin\u00e9es \u00e0 la d\u00e9termination qualitative, semi-quantitative ou quantitative des mol\u00e9cules cibles, telles que les biomarqueurs, les antig\u00e8nes ou les anticorps. Nos tests ELISA permettent de r\u00e9aliser l\u2019analyse de diverses matrices, notamment\u00a0:[\/vc_column_text][mk_custom_list style=&#8221;mk-moon-circle-small&#8221;] \u00c9chantillons de selles Sang, plasma, s\u00e9rum Urine [\/mk_custom_list][vc_column_text]La plupart [&hellip;]<\/p>\n","protected":false},"author":1,"featured_media":0,"parent":89047,"menu_order":0,"comment_status":"closed","ping_status":"closed","template":"","meta":{"_acf_changed":false,"content-type":"","_relevanssi_hide_post":"","_relevanssi_hide_content":"","_relevanssi_pin_for_all":"","_relevanssi_pin_keywords":"","_relevanssi_unpin_keywords":"","_relevanssi_related_keywords":"","_relevanssi_related_include_ids":"","_relevanssi_related_exclude_ids":"","_relevanssi_related_no_append":"","_relevanssi_related_not_related":"","_relevanssi_related_posts":"","_relevanssi_noindex_reason":"","footnotes":""},"class_list":["post-89166","page","type-page","status-publish","hentry"],"acf":[],"yoast_head":"<!-- This site is optimized with the Yoast SEO plugin v26.7 - https:\/\/yoast.com\/wordpress\/plugins\/seo\/ -->\n<title>Technologie ELISA - Dosages immunoenzymatiques efficaces pour le diagnostic clinique<\/title>\n<meta name=\"description\" content=\"Le test ELISA (dosage par immuno-absorption enzymatique) est une m\u00e9thode rapide et fiable destin\u00e9e \u00e0 diverses applications dans le domaine du diagnostic clinique. Consultez ici tous les tests.\" \/>\n<meta name=\"robots\" content=\"index, follow, max-snippet:-1, max-image-preview:large, max-video-preview:-1\" \/>\n<link rel=\"canonical\" href=\"https:\/\/clinical.r-biopharm.com\/fr\/technologies\/elisa\/\" \/>\n<meta property=\"og:locale\" content=\"fr_FR\" \/>\n<meta property=\"og:type\" content=\"article\" \/>\n<meta property=\"og:title\" content=\"Technologie ELISA - Dosages immunoenzymatiques efficaces pour le diagnostic clinique\" \/>\n<meta property=\"og:description\" content=\"Le test ELISA (dosage par immuno-absorption enzymatique) est une m\u00e9thode rapide et fiable destin\u00e9e \u00e0 diverses applications dans le domaine du diagnostic clinique. Consultez ici tous les tests.\" \/>\n<meta property=\"og:url\" content=\"https:\/\/clinical.r-biopharm.com\/fr\/technologies\/elisa\/\" \/>\n<meta property=\"og:site_name\" content=\"Clinical Diagnostics\" \/>\n<meta property=\"article:modified_time\" content=\"2019-07-08T13:38:49+00:00\" \/>\n<meta name=\"twitter:label1\" content=\"Est. reading time\" \/>\n\t<meta name=\"twitter:data1\" content=\"3 minutes\" \/>\n<script type=\"application\/ld+json\" class=\"yoast-schema-graph\">{\"@context\":\"https:\/\/schema.org\",\"@graph\":[{\"@type\":\"WebPage\",\"@id\":\"https:\/\/clinical.r-biopharm.com\/fr\/technologies\/elisa\/\",\"url\":\"https:\/\/clinical.r-biopharm.com\/fr\/technologies\/elisa\/\",\"name\":\"Technologie ELISA - Dosages immunoenzymatiques efficaces pour le diagnostic clinique\",\"isPartOf\":{\"@id\":\"https:\/\/clinical.r-biopharm.com\/fr\/#website\"},\"datePublished\":\"2015-10-05T09:42:43+00:00\",\"dateModified\":\"2019-07-08T13:38:49+00:00\",\"description\":\"Le test ELISA (dosage par immuno-absorption enzymatique) est une m\u00e9thode rapide et fiable destin\u00e9e \u00e0 diverses applications dans le domaine du diagnostic clinique. Consultez ici tous les tests.\",\"breadcrumb\":{\"@id\":\"https:\/\/clinical.r-biopharm.com\/fr\/technologies\/elisa\/#breadcrumb\"},\"inLanguage\":\"fr-FR\",\"potentialAction\":[{\"@type\":\"ReadAction\",\"target\":[\"https:\/\/clinical.r-biopharm.com\/fr\/technologies\/elisa\/\"]}]},{\"@type\":\"BreadcrumbList\",\"@id\":\"https:\/\/clinical.r-biopharm.com\/fr\/technologies\/elisa\/#breadcrumb\",\"itemListElement\":[{\"@type\":\"ListItem\",\"position\":1,\"name\":\"Home\",\"item\":\"https:\/\/clinical.r-biopharm.com\/fr\/\"},{\"@type\":\"ListItem\",\"position\":2,\"name\":\"Technologies\",\"item\":\"https:\/\/clinical.r-biopharm.com\/fr\/technologies\/\"},{\"@type\":\"ListItem\",\"position\":3,\"name\":\"ELISA\"}]},{\"@type\":\"WebSite\",\"@id\":\"https:\/\/clinical.r-biopharm.com\/fr\/#website\",\"url\":\"https:\/\/clinical.r-biopharm.com\/fr\/\",\"name\":\"Clinical Diagnostics\",\"description\":\"A Division of the R-Biopharm Group\",\"potentialAction\":[{\"@type\":\"SearchAction\",\"target\":{\"@type\":\"EntryPoint\",\"urlTemplate\":\"https:\/\/clinical.r-biopharm.com\/fr\/?s={search_term_string}\"},\"query-input\":{\"@type\":\"PropertyValueSpecification\",\"valueRequired\":true,\"valueName\":\"search_term_string\"}}],\"inLanguage\":\"fr-FR\"}]}<\/script>\n<!-- \/ Yoast SEO plugin. -->","yoast_head_json":{"title":"Technologie ELISA - Dosages immunoenzymatiques efficaces pour le diagnostic clinique","description":"Le test ELISA (dosage par immuno-absorption enzymatique) est une m\u00e9thode rapide et fiable destin\u00e9e \u00e0 diverses applications dans le domaine du diagnostic clinique. Consultez ici tous les tests.","robots":{"index":"index","follow":"follow","max-snippet":"max-snippet:-1","max-image-preview":"max-image-preview:large","max-video-preview":"max-video-preview:-1"},"canonical":"https:\/\/clinical.r-biopharm.com\/fr\/technologies\/elisa\/","og_locale":"fr_FR","og_type":"article","og_title":"Technologie ELISA - Dosages immunoenzymatiques efficaces pour le diagnostic clinique","og_description":"Le test ELISA (dosage par immuno-absorption enzymatique) est une m\u00e9thode rapide et fiable destin\u00e9e \u00e0 diverses applications dans le domaine du diagnostic clinique. Consultez ici tous les tests.","og_url":"https:\/\/clinical.r-biopharm.com\/fr\/technologies\/elisa\/","og_site_name":"Clinical Diagnostics","article_modified_time":"2019-07-08T13:38:49+00:00","twitter_misc":{"Est. reading time":"3 minutes"},"schema":{"@context":"https:\/\/schema.org","@graph":[{"@type":"WebPage","@id":"https:\/\/clinical.r-biopharm.com\/fr\/technologies\/elisa\/","url":"https:\/\/clinical.r-biopharm.com\/fr\/technologies\/elisa\/","name":"Technologie ELISA - Dosages immunoenzymatiques efficaces pour le diagnostic clinique","isPartOf":{"@id":"https:\/\/clinical.r-biopharm.com\/fr\/#website"},"datePublished":"2015-10-05T09:42:43+00:00","dateModified":"2019-07-08T13:38:49+00:00","description":"Le test ELISA (dosage par immuno-absorption enzymatique) est une m\u00e9thode rapide et fiable destin\u00e9e \u00e0 diverses applications dans le domaine du diagnostic clinique. Consultez ici tous les tests.","breadcrumb":{"@id":"https:\/\/clinical.r-biopharm.com\/fr\/technologies\/elisa\/#breadcrumb"},"inLanguage":"fr-FR","potentialAction":[{"@type":"ReadAction","target":["https:\/\/clinical.r-biopharm.com\/fr\/technologies\/elisa\/"]}]},{"@type":"BreadcrumbList","@id":"https:\/\/clinical.r-biopharm.com\/fr\/technologies\/elisa\/#breadcrumb","itemListElement":[{"@type":"ListItem","position":1,"name":"Home","item":"https:\/\/clinical.r-biopharm.com\/fr\/"},{"@type":"ListItem","position":2,"name":"Technologies","item":"https:\/\/clinical.r-biopharm.com\/fr\/technologies\/"},{"@type":"ListItem","position":3,"name":"ELISA"}]},{"@type":"WebSite","@id":"https:\/\/clinical.r-biopharm.com\/fr\/#website","url":"https:\/\/clinical.r-biopharm.com\/fr\/","name":"Clinical Diagnostics","description":"A Division of the R-Biopharm Group","potentialAction":[{"@type":"SearchAction","target":{"@type":"EntryPoint","urlTemplate":"https:\/\/clinical.r-biopharm.com\/fr\/?s={search_term_string}"},"query-input":{"@type":"PropertyValueSpecification","valueRequired":true,"valueName":"search_term_string"}}],"inLanguage":"fr-FR"}]}},"_links":{"self":[{"href":"https:\/\/clinical.r-biopharm.com\/fr\/wp-json\/wp\/v2\/pages\/89166","targetHints":{"allow":["GET"]}}],"collection":[{"href":"https:\/\/clinical.r-biopharm.com\/fr\/wp-json\/wp\/v2\/pages"}],"about":[{"href":"https:\/\/clinical.r-biopharm.com\/fr\/wp-json\/wp\/v2\/types\/page"}],"author":[{"embeddable":true,"href":"https:\/\/clinical.r-biopharm.com\/fr\/wp-json\/wp\/v2\/users\/1"}],"replies":[{"embeddable":true,"href":"https:\/\/clinical.r-biopharm.com\/fr\/wp-json\/wp\/v2\/comments?post=89166"}],"version-history":[{"count":15,"href":"https:\/\/clinical.r-biopharm.com\/fr\/wp-json\/wp\/v2\/pages\/89166\/revisions"}],"predecessor-version":[{"id":97407,"href":"https:\/\/clinical.r-biopharm.com\/fr\/wp-json\/wp\/v2\/pages\/89166\/revisions\/97407"}],"up":[{"embeddable":true,"href":"https:\/\/clinical.r-biopharm.com\/fr\/wp-json\/wp\/v2\/pages\/89047"}],"wp:attachment":[{"href":"https:\/\/clinical.r-biopharm.com\/fr\/wp-json\/wp\/v2\/media?parent=89166"}],"curies":[{"name":"wp","href":"https:\/\/api.w.org\/{rel}","templated":true}]}}