{"id":94663,"date":"2018-10-09T10:20:52","date_gmt":"2018-10-09T08:20:52","guid":{"rendered":"https:\/\/clinical.r-biopharm.com\/diagnostics\/genetique-humaine\/"},"modified":"2018-10-18T11:20:10","modified_gmt":"2018-10-18T09:20:10","slug":"genetique-humaine","status":"publish","type":"page","link":"https:\/\/clinical.r-biopharm.com\/fr\/diagnostics\/genetique-humaine\/","title":{"rendered":"G\u00e9n\u00e9tique humaine"},"content":{"rendered":"<div class=\"wpb-content-wrapper\">[mk_page_section padding_top=&#8221;30&#8243; padding_bottom=&#8221;30&#8243; sidebar=&#8221;sidebar-1&#8243;][vc_column width=&#8221;2\/3&#8243;][vc_column_text css=&#8221;.vc_custom_1539068911347{margin-bottom: 0px !important;}&#8221;]\n<div id=\"text-block-3\" class=\"mk-text-block \">\n<p><strong>Dans tous les domaines de la m\u00e9decine, la g\u00e9n\u00e9tique humaine occupe une part importante \u00e9tant donn\u00e9 que de nombreuses maladies ou anomalies sont li\u00e9es \u00e0 la g\u00e9n\u00e9tique.<\/strong><\/p>\n<p>Le terme \u00ab\u00a0g\u00e9n\u00e9tique humaine\u00a0\u00bb englobe toutes les analyses d\u2019informations g\u00e9n\u00e9tiques de l\u2019\u00eatre humain. L\u2019information g\u00e9n\u00e9tique de l\u2019\u00eatre humain est inscrite dans l\u2019ADN (acide d\u00e9soxyribonucl\u00e9ique) inclus dans plus de 20\u00a0000\u00a0g\u00e8nes qui sont r\u00e9partis dans 46\u00a0chromosomes. L\u2019analyse des segments d\u2019ADN permet d\u2019identifier des pr\u00e9dispositions g\u00e9n\u00e9tiques qui peuvent \u00eatre associ\u00e9es \u00e0 certaines maladies. Dans de nombreux domaines, les tests g\u00e9n\u00e9tiques sont d\u00e9j\u00e0 un outil diagnostique important.<\/p>\n<h3 class=\"knubbel\">Produits de diagnostic pour la g\u00e9n\u00e9tique humaine<\/h3>\n<p>Le portefeuille de R-Biopharm de produits pour la g\u00e9n\u00e9tique humaine offre des solutions de diagnostic adapt\u00e9es aux besoins des laboratoires. R-Biopharm utilise la technologie moderne de la PCR en temps r\u00e9el qui permet de faire des analyses efficaces et pr\u00e9cises.<\/p>\n<p>Le test de PCR en temps r\u00e9el multiplexe RIDA\u00aeGENE HLA-B27 (r\u00e9f. PY0205) permet la d\u00e9tection qualitative directe du HLA-B27, une pr\u00e9disposition g\u00e9n\u00e9tique associ\u00e9e \u00e0 une maladie rhumato\u00efde inflammatoire chronique, la spondylarthrite ankylosante (SA). Le test comporte un contr\u00f4le interne, peut \u00eatre r\u00e9alis\u00e9 en utilisant des appareils de PCR classiques et \u00eatre combin\u00e9 \u00e0 d\u2019autres produits RIDA\u00aeGENE.<\/p>\n<p>D\u2019autres produits pour la g\u00e9n\u00e9tique humaine pour la d\u00e9tection de pr\u00e9dispositions g\u00e9n\u00e9tiques associ\u00e9es \u00e0 la thrombophilie, l\u2019intol\u00e9rance alimentaire ou l\u2019h\u00e9mochromatose sont en cours d\u2019\u00e9tude.<\/p>\n<\/div>\n[\/vc_column_text][vc_cta h2=&#8221;Diagnostics for Bechterew\u2019s disease&#8221; shape=&#8221;square&#8221; style=&#8221;flat&#8221; add_button=&#8221;right&#8221; btn_title=&#8221;Download flyer&#8221; btn_style=&#8221;flat&#8221; btn_shape=&#8221;square&#8221; btn_color=&#8221;inverse&#8221; btn_link=&#8221;url:https%3A%2F%2Fclinical.r-biopharm.com%2Fwp-content%2Fuploads%2Fsites%2F3%2F2018%2F10%2F2018-09_rida-gene-hla-b27_2p_en.pdf|target:%20_blank|&#8221;]Worldwide an estimated 540 million people suffer from low back pain. The causes vary widely. Frequently, a rheumatic illness such as Bechterew\u2019s disease is the cause. Genetic testing can support the diagnosis.[\/vc_cta][\/vc_column][vc_column width=&#8221;1\/3&#8243;][vc_column_text margin_bottom=&#8221;20&#8243;]\n<h3 style=\"margin-bottom: 25px;\">Choisissez une technologie<\/h3>\n<div class=\"facetwp-facet facetwp-facet-technology_fselect facetwp-type-fselect\" data-name=\"technology_fselect\" data-type=\"fselect\"><\/div>[\/vc_column_text][vc_column_text margin_bottom=&#8221;40&#8243; css=&#8221;.vc_custom_1539078491000{margin-bottom: 40px !important;}&#8221;]\n<h3 style=\"margin-bottom: 25px;\">Choisissez votre produit dans le domaine de la g\u00e9n\u00e9tique humaine<\/h3>\n<div class=\"facetwp-template\" data-name=\"human_genetics\"><ul class=\"product_facets\"><li>\n<a class=\"facetwp_pimg\" href=\"https:\/\/clinical.r-biopharm.com\/products\/ridagene-factor-ii\/\"><img loading=\"lazy\" decoding=\"async\" width=\"100\" height=\"50\" src=\"https:\/\/clinical.r-biopharm.com\/wp-content\/uploads\/2022\/06\/py1205_ridagene-factor-ii_neutral_rgb_1200x600_2022-06-1-100x50.jpg\" class=\"recent-thumbs wp-post-image\" alt=\"\" srcset=\"https:\/\/clinical.r-biopharm.com\/wp-content\/uploads\/2022\/06\/py1205_ridagene-factor-ii_neutral_rgb_1200x600_2022-06-1-100x50.jpg 100w, https:\/\/clinical.r-biopharm.com\/wp-content\/uploads\/2022\/06\/py1205_ridagene-factor-ii_neutral_rgb_1200x600_2022-06-1-300x150.jpg 300w, https:\/\/clinical.r-biopharm.com\/wp-content\/uploads\/2022\/06\/py1205_ridagene-factor-ii_neutral_rgb_1200x600_2022-06-1-1024x512.jpg 1024w, https:\/\/clinical.r-biopharm.com\/wp-content\/uploads\/2022\/06\/py1205_ridagene-factor-ii_neutral_rgb_1200x600_2022-06-1-768x384.jpg 768w, https:\/\/clinical.r-biopharm.com\/wp-content\/uploads\/2022\/06\/py1205_ridagene-factor-ii_neutral_rgb_1200x600_2022-06-1-353x179.jpg 353w, https:\/\/clinical.r-biopharm.com\/wp-content\/uploads\/2022\/06\/py1205_ridagene-factor-ii_neutral_rgb_1200x600_2022-06-1-200x100.jpg 200w, https:\/\/clinical.r-biopharm.com\/wp-content\/uploads\/2022\/06\/py1205_ridagene-factor-ii_neutral_rgb_1200x600_2022-06-1-600x300.jpg 600w, https:\/\/clinical.r-biopharm.com\/wp-content\/uploads\/2022\/06\/py1205_ridagene-factor-ii_neutral_rgb_1200x600_2022-06-1.jpg 1200w\" sizes=\"auto, (max-width: 100px) 100vw, 100px\" itemprop=\"image\" \/><\/a>\n<div class=\"facetwp_title_container\"><a class=\"facetwp_ptitle\" href=\"https:\/\/clinical.r-biopharm.com\/products\/ridagene-factor-ii\/\">RIDA\u00aeGENE Factor II<\/a><\/div>\n<\/li>\n\n<li>\n<a class=\"facetwp_pimg\" href=\"https:\/\/clinical.r-biopharm.com\/products\/ridagene-factor-v\/\"><img loading=\"lazy\" decoding=\"async\" width=\"100\" height=\"50\" src=\"https:\/\/clinical.r-biopharm.com\/wp-content\/uploads\/2022\/06\/py1210_ridagene-factor-v_neutral_rgb_1200x600_2022-06-100x50.jpg\" class=\"recent-thumbs wp-post-image\" alt=\"\" srcset=\"https:\/\/clinical.r-biopharm.com\/wp-content\/uploads\/2022\/06\/py1210_ridagene-factor-v_neutral_rgb_1200x600_2022-06-100x50.jpg 100w, https:\/\/clinical.r-biopharm.com\/wp-content\/uploads\/2022\/06\/py1210_ridagene-factor-v_neutral_rgb_1200x600_2022-06-300x150.jpg 300w, https:\/\/clinical.r-biopharm.com\/wp-content\/uploads\/2022\/06\/py1210_ridagene-factor-v_neutral_rgb_1200x600_2022-06-1024x512.jpg 1024w, https:\/\/clinical.r-biopharm.com\/wp-content\/uploads\/2022\/06\/py1210_ridagene-factor-v_neutral_rgb_1200x600_2022-06-768x384.jpg 768w, https:\/\/clinical.r-biopharm.com\/wp-content\/uploads\/2022\/06\/py1210_ridagene-factor-v_neutral_rgb_1200x600_2022-06-353x179.jpg 353w, https:\/\/clinical.r-biopharm.com\/wp-content\/uploads\/2022\/06\/py1210_ridagene-factor-v_neutral_rgb_1200x600_2022-06-600x300.jpg 600w, https:\/\/clinical.r-biopharm.com\/wp-content\/uploads\/2022\/06\/py1210_ridagene-factor-v_neutral_rgb_1200x600_2022-06.jpg 1200w\" sizes=\"auto, (max-width: 100px) 100vw, 100px\" itemprop=\"image\" \/><\/a>\n<div class=\"facetwp_title_container\"><a class=\"facetwp_ptitle\" href=\"https:\/\/clinical.r-biopharm.com\/products\/ridagene-factor-v\/\">RIDA\u00aeGENE Factor V<\/a><\/div>\n<\/li>\n\n<li>\n<a class=\"facetwp_pimg\" href=\"https:\/\/clinical.r-biopharm.com\/products\/ridagene-lac-intol\/\"><img loading=\"lazy\" decoding=\"async\" width=\"100\" height=\"50\" src=\"https:\/\/clinical.r-biopharm.com\/wp-content\/uploads\/2022\/06\/py4215_ridagene-lac-intol_neutral_rgb_1200x600_2022-06-100x50.jpg\" class=\"recent-thumbs wp-post-image\" alt=\"\" srcset=\"https:\/\/clinical.r-biopharm.com\/wp-content\/uploads\/2022\/06\/py4215_ridagene-lac-intol_neutral_rgb_1200x600_2022-06-100x50.jpg 100w, https:\/\/clinical.r-biopharm.com\/wp-content\/uploads\/2022\/06\/py4215_ridagene-lac-intol_neutral_rgb_1200x600_2022-06-300x150.jpg 300w, https:\/\/clinical.r-biopharm.com\/wp-content\/uploads\/2022\/06\/py4215_ridagene-lac-intol_neutral_rgb_1200x600_2022-06-1024x512.jpg 1024w, https:\/\/clinical.r-biopharm.com\/wp-content\/uploads\/2022\/06\/py4215_ridagene-lac-intol_neutral_rgb_1200x600_2022-06-768x384.jpg 768w, https:\/\/clinical.r-biopharm.com\/wp-content\/uploads\/2022\/06\/py4215_ridagene-lac-intol_neutral_rgb_1200x600_2022-06-353x179.jpg 353w, https:\/\/clinical.r-biopharm.com\/wp-content\/uploads\/2022\/06\/py4215_ridagene-lac-intol_neutral_rgb_1200x600_2022-06-600x300.jpg 600w, https:\/\/clinical.r-biopharm.com\/wp-content\/uploads\/2022\/06\/py4215_ridagene-lac-intol_neutral_rgb_1200x600_2022-06.jpg 1200w\" sizes=\"auto, (max-width: 100px) 100vw, 100px\" itemprop=\"image\" \/><\/a>\n<div class=\"facetwp_title_container\"><a class=\"facetwp_ptitle\" href=\"https:\/\/clinical.r-biopharm.com\/products\/ridagene-lac-intol\/\">RIDA\u00aeGENE Lac Intol<\/a><\/div>\n<\/li>\n\n<li>\n<a class=\"facetwp_pimg\" href=\"https:\/\/clinical.r-biopharm.com\/products\/ridaprecision-abcb1\/\"><img loading=\"lazy\" decoding=\"async\" width=\"100\" height=\"50\" src=\"https:\/\/clinical.r-biopharm.com\/wp-content\/uploads\/2018\/12\/2017-02_rida_precision-abcb_neutral_rgb_600-x-300-100x50.jpg\" class=\"recent-thumbs wp-post-image\" alt=\"rida_precision-abcb1\" srcset=\"https:\/\/clinical.r-biopharm.com\/wp-content\/uploads\/2018\/12\/2017-02_rida_precision-abcb_neutral_rgb_600-x-300-100x50.jpg 100w, https:\/\/clinical.r-biopharm.com\/wp-content\/uploads\/2018\/12\/2017-02_rida_precision-abcb_neutral_rgb_600-x-300-300x150.jpg 300w, https:\/\/clinical.r-biopharm.com\/wp-content\/uploads\/2018\/12\/2017-02_rida_precision-abcb_neutral_rgb_600-x-300-200x100.jpg 200w, https:\/\/clinical.r-biopharm.com\/wp-content\/uploads\/2018\/12\/2017-02_rida_precision-abcb_neutral_rgb_600-x-300.jpg 600w\" sizes=\"auto, (max-width: 100px) 100vw, 100px\" itemprop=\"image\" \/><\/a>\n<div class=\"facetwp_title_container\"><a class=\"facetwp_ptitle\" href=\"https:\/\/clinical.r-biopharm.com\/products\/ridaprecision-abcb1\/\">RIDA\u00aePRECISION ABCB1<\/a><\/div>\n<\/li>\n\n<li>\n<a class=\"facetwp_pimg\" href=\"https:\/\/clinical.r-biopharm.com\/products\/ridagene-hla-b27\/\"><img loading=\"lazy\" decoding=\"async\" width=\"100\" height=\"50\" src=\"https:\/\/clinical.r-biopharm.com\/wp-content\/uploads\/2018\/10\/2018-04_rida-gene-hla-b27_rgb_600-x-300-100x50.jpg\" class=\"recent-thumbs wp-post-image\" alt=\"rida-gene-hla-b27\" srcset=\"https:\/\/clinical.r-biopharm.com\/wp-content\/uploads\/2018\/10\/2018-04_rida-gene-hla-b27_rgb_600-x-300-100x50.jpg 100w, https:\/\/clinical.r-biopharm.com\/wp-content\/uploads\/2018\/10\/2018-04_rida-gene-hla-b27_rgb_600-x-300-300x150.jpg 300w, https:\/\/clinical.r-biopharm.com\/wp-content\/uploads\/2018\/10\/2018-04_rida-gene-hla-b27_rgb_600-x-300-200x100.jpg 200w, https:\/\/clinical.r-biopharm.com\/wp-content\/uploads\/2018\/10\/2018-04_rida-gene-hla-b27_rgb_600-x-300.jpg 600w\" sizes=\"auto, (max-width: 100px) 100vw, 100px\" itemprop=\"image\" \/><\/a>\n<div class=\"facetwp_title_container\"><a class=\"facetwp_ptitle\" href=\"https:\/\/clinical.r-biopharm.com\/products\/ridagene-hla-b27\/\">RIDA\u00aeGENE HLA-B27<\/a><\/div>\n<\/li>\n\n<\/ul><\/div><div class=\"facetwp-facet facetwp-facet-load_more_pager facetwp-type-pager\" data-name=\"load_more_pager\" data-type=\"pager\"><button class=\"facetwp-load-more\" data-loading=\"Loading...\">Load more<\/button><\/div>[\/vc_column_text][\/vc_column][\/mk_page_section][mk_page_section bg_color=&#8221;#f7f7f7&#8243; padding_top=&#8221;0&#8243; padding_bottom=&#8221;0&#8243; sidebar=&#8221;sidebar-1&#8243;][vc_column css=&#8221;.vc_custom_1469015765963{margin-top: 25px !important;padding-bottom: 5px !important;}&#8221;][vc_column_text margin_bottom=&#8221;20&#8243; css=&#8221;.vc_custom_1538993767035{margin-bottom: 20px !important;}&#8221;]\n<h2 class=\"knubbel\">Derni\u00e8res nouvelles<\/h2>\n[\/vc_column_text][mk_blog_carousel][\/vc_column][\/mk_page_section][mk_page_section bg_color=&#8221;#ffffff&#8221; padding_top=&#8221;0&#8243; sidebar=&#8221;sidebar-1&#8243;][vc_column css=&#8221;.vc_custom_1467042052405{margin-top: 40px !important;}&#8221;][vc_column_text margin_bottom=&#8221;20&#8243;]\n<h2 class=\"knubbel\">Vous pourriez \u00e9galement \u00eatre int\u00e9ress\u00e9 par<\/h2>\n[\/vc_column_text][vc_row_inner css=&#8221;.vc_custom_1468404266697{margin-bottom: 40px !important;}&#8221;][vc_column_inner width=&#8221;1\/3&#8243; css=&#8221;.vc_custom_1468416557833{padding-bottom: 10px !important;padding-left: 0px !important;}&#8221;][mk_flipbox_rb taxonomy=&#8221;technology&#8221; tag_technology=&#8221;qpcr&#8221; min_height=&#8221;200&#8243; button_bg_color=&#8221;#4d4d4d&#8221; button_bg_hover_color=&#8221;#ffffff&#8221; button_text=&#8221;More&#8221;][\/vc_column_inner][vc_column_inner width=&#8221;1\/3&#8243; css=&#8221;.vc_custom_1468416552613{padding-right: 7.5px !important;padding-bottom: 10px !important;padding-left: 7.5px !important;}&#8221;][mk_flipbox_rb taxonomy=&#8221;technology&#8221; tag_technology=&#8221;qpcr&#8221; offset=&#8221;1&#8243; min_height=&#8221;200&#8243; button_bg_color=&#8221;#4d4d4d&#8221; button_bg_hover_color=&#8221;#ffffff&#8221; button_text=&#8221;More&#8221;][\/vc_column_inner][vc_column_inner width=&#8221;1\/3&#8243; css=&#8221;.vc_custom_1468416547451{padding-right: 0px !important;padding-bottom: 10px !important;}&#8221;][mk_flipbox_rb taxonomy=&#8221;technology&#8221; tag_technology=&#8221;qpcr&#8221; offset=&#8221;2&#8243; min_height=&#8221;200&#8243; button_bg_color=&#8221;#4d4d4d&#8221; button_bg_hover_color=&#8221;#ffffff&#8221; button_text=&#8221;More&#8221;][\/vc_column_inner][\/vc_row_inner][\/vc_column][\/mk_page_section][mk_page_section bg_color=&#8221;#f7f7f7&#8243; padding_top=&#8221;20&#8243; padding_bottom=&#8221;20&#8243; sidebar=&#8221;sidebar-1&#8243;][vc_column css=&#8221;.vc_custom_1468415774645{padding-top: 0px !important;padding-bottom: 0px !important;}&#8221;][vc_column_text disable_pattern=&#8221;false&#8221; align=&#8221;center&#8221; css=&#8221;.vc_custom_1538993831162{margin-bottom: 0px !important;}&#8221;]\n<h2>Assistance sur la g\u00e9n\u00e9tique humaine<\/h2>\n<p>Des questions ? Profitez de l\u2019expertise de notre \u00e9quipe. Nous sommes l\u00e0 pour vous aider, vous et votre entreprise, et assurer votre succ\u00e8s tout au long du processus de test[\/vc_column_text][mk_button dimension=&#8221;flat&#8221; url=&#8221;\/contact&#8221; align=&#8221;center&#8221; margin_bottom=&#8221;&#8221; bg_color=&#8221;#4d4d4d&#8221; btn_hover_bg=&#8221;#ffffff&#8221; btn_hover_txt_color=&#8221;#4d4d4d&#8221;]Contactez-nous[\/mk_button][\/vc_column][\/mk_page_section]\n<\/div>","protected":false},"excerpt":{"rendered":"<p>[mk_page_section padding_top=&#8221;30&#8243; padding_bottom=&#8221;30&#8243; sidebar=&#8221;sidebar-1&#8243;][vc_column width=&#8221;2\/3&#8243;][vc_column_text css=&#8221;.vc_custom_1539068911347{margin-bottom: 0px !important;}&#8221;] Dans tous les domaines de la m\u00e9decine, la g\u00e9n\u00e9tique humaine occupe une part importante \u00e9tant donn\u00e9 que de nombreuses maladies ou anomalies sont li\u00e9es \u00e0 la g\u00e9n\u00e9tique. Le terme \u00ab\u00a0g\u00e9n\u00e9tique humaine\u00a0\u00bb englobe toutes les analyses d\u2019informations g\u00e9n\u00e9tiques de l\u2019\u00eatre humain. L\u2019information g\u00e9n\u00e9tique de l\u2019\u00eatre humain est inscrite [&hellip;]<\/p>\n","protected":false},"author":27,"featured_media":0,"parent":89014,"menu_order":0,"comment_status":"closed","ping_status":"closed","template":"","meta":{"_acf_changed":false,"content-type":"","_relevanssi_hide_post":"","_relevanssi_hide_content":"","_relevanssi_pin_for_all":"","_relevanssi_pin_keywords":"","_relevanssi_unpin_keywords":"","_relevanssi_related_keywords":"","_relevanssi_related_include_ids":"","_relevanssi_related_exclude_ids":"","_relevanssi_related_no_append":"","_relevanssi_related_not_related":"","_relevanssi_related_posts":"","_relevanssi_noindex_reason":"","footnotes":""},"class_list":["post-94663","page","type-page","status-publish","hentry"],"acf":[],"yoast_head":"<!-- This site is optimized with the Yoast SEO plugin v26.7 - https:\/\/yoast.com\/wordpress\/plugins\/seo\/ -->\n<title>G\u00e9n\u00e9tique humaine - Clinical Diagnostics<\/title>\n<meta name=\"description\" content=\"Dans tous les domaines de la m\u00e9decine, la g\u00e9n\u00e9tique humaine occupe une part importante \u00e9tant donn\u00e9 que de nombreuses maladies ou anomalies sont li\u00e9es \u00e0 la g\u00e9n\u00e9tique.\" \/>\n<meta name=\"robots\" content=\"index, follow, max-snippet:-1, max-image-preview:large, max-video-preview:-1\" \/>\n<link rel=\"canonical\" href=\"https:\/\/clinical.r-biopharm.com\/fr\/diagnostics\/genetique-humaine\/\" \/>\n<meta property=\"og:locale\" content=\"fr_FR\" \/>\n<meta property=\"og:type\" content=\"article\" \/>\n<meta property=\"og:title\" content=\"G\u00e9n\u00e9tique humaine - Clinical Diagnostics\" \/>\n<meta property=\"og:description\" content=\"Dans tous les domaines de la m\u00e9decine, la g\u00e9n\u00e9tique humaine occupe une part importante \u00e9tant donn\u00e9 que de nombreuses maladies ou anomalies sont li\u00e9es \u00e0 la g\u00e9n\u00e9tique.\" \/>\n<meta property=\"og:url\" content=\"https:\/\/clinical.r-biopharm.com\/fr\/diagnostics\/genetique-humaine\/\" \/>\n<meta property=\"og:site_name\" content=\"Clinical Diagnostics\" \/>\n<meta property=\"article:modified_time\" content=\"2018-10-18T09:20:10+00:00\" \/>\n<meta name=\"twitter:label1\" content=\"Est. reading time\" \/>\n\t<meta name=\"twitter:data1\" content=\"4 minutes\" \/>\n<script type=\"application\/ld+json\" class=\"yoast-schema-graph\">{\"@context\":\"https:\/\/schema.org\",\"@graph\":[{\"@type\":\"WebPage\",\"@id\":\"https:\/\/clinical.r-biopharm.com\/fr\/diagnostics\/genetique-humaine\/\",\"url\":\"https:\/\/clinical.r-biopharm.com\/fr\/diagnostics\/genetique-humaine\/\",\"name\":\"G\u00e9n\u00e9tique humaine - Clinical Diagnostics\",\"isPartOf\":{\"@id\":\"https:\/\/clinical.r-biopharm.com\/fr\/#website\"},\"datePublished\":\"2018-10-09T08:20:52+00:00\",\"dateModified\":\"2018-10-18T09:20:10+00:00\",\"description\":\"Dans tous les domaines de la m\u00e9decine, la g\u00e9n\u00e9tique humaine occupe une part importante \u00e9tant donn\u00e9 que de nombreuses maladies ou anomalies sont li\u00e9es \u00e0 la g\u00e9n\u00e9tique.\",\"breadcrumb\":{\"@id\":\"https:\/\/clinical.r-biopharm.com\/fr\/diagnostics\/genetique-humaine\/#breadcrumb\"},\"inLanguage\":\"fr-FR\",\"potentialAction\":[{\"@type\":\"ReadAction\",\"target\":[\"https:\/\/clinical.r-biopharm.com\/fr\/diagnostics\/genetique-humaine\/\"]}]},{\"@type\":\"BreadcrumbList\",\"@id\":\"https:\/\/clinical.r-biopharm.com\/fr\/diagnostics\/genetique-humaine\/#breadcrumb\",\"itemListElement\":[{\"@type\":\"ListItem\",\"position\":1,\"name\":\"Home\",\"item\":\"https:\/\/clinical.r-biopharm.com\/fr\/\"},{\"@type\":\"ListItem\",\"position\":2,\"name\":\"Diagnostics\",\"item\":\"https:\/\/clinical.r-biopharm.com\/fr\/diagnostics\/\"},{\"@type\":\"ListItem\",\"position\":3,\"name\":\"G\u00e9n\u00e9tique humaine\"}]},{\"@type\":\"WebSite\",\"@id\":\"https:\/\/clinical.r-biopharm.com\/fr\/#website\",\"url\":\"https:\/\/clinical.r-biopharm.com\/fr\/\",\"name\":\"Clinical Diagnostics\",\"description\":\"A Division of the R-Biopharm Group\",\"potentialAction\":[{\"@type\":\"SearchAction\",\"target\":{\"@type\":\"EntryPoint\",\"urlTemplate\":\"https:\/\/clinical.r-biopharm.com\/fr\/?s={search_term_string}\"},\"query-input\":{\"@type\":\"PropertyValueSpecification\",\"valueRequired\":true,\"valueName\":\"search_term_string\"}}],\"inLanguage\":\"fr-FR\"}]}<\/script>\n<!-- \/ Yoast SEO plugin. -->","yoast_head_json":{"title":"G\u00e9n\u00e9tique humaine - Clinical Diagnostics","description":"Dans tous les domaines de la m\u00e9decine, la g\u00e9n\u00e9tique humaine occupe une part importante \u00e9tant donn\u00e9 que de nombreuses maladies ou anomalies sont li\u00e9es \u00e0 la g\u00e9n\u00e9tique.","robots":{"index":"index","follow":"follow","max-snippet":"max-snippet:-1","max-image-preview":"max-image-preview:large","max-video-preview":"max-video-preview:-1"},"canonical":"https:\/\/clinical.r-biopharm.com\/fr\/diagnostics\/genetique-humaine\/","og_locale":"fr_FR","og_type":"article","og_title":"G\u00e9n\u00e9tique humaine - Clinical Diagnostics","og_description":"Dans tous les domaines de la m\u00e9decine, la g\u00e9n\u00e9tique humaine occupe une part importante \u00e9tant donn\u00e9 que de nombreuses maladies ou anomalies sont li\u00e9es \u00e0 la g\u00e9n\u00e9tique.","og_url":"https:\/\/clinical.r-biopharm.com\/fr\/diagnostics\/genetique-humaine\/","og_site_name":"Clinical Diagnostics","article_modified_time":"2018-10-18T09:20:10+00:00","twitter_misc":{"Est. reading time":"4 minutes"},"schema":{"@context":"https:\/\/schema.org","@graph":[{"@type":"WebPage","@id":"https:\/\/clinical.r-biopharm.com\/fr\/diagnostics\/genetique-humaine\/","url":"https:\/\/clinical.r-biopharm.com\/fr\/diagnostics\/genetique-humaine\/","name":"G\u00e9n\u00e9tique humaine - Clinical Diagnostics","isPartOf":{"@id":"https:\/\/clinical.r-biopharm.com\/fr\/#website"},"datePublished":"2018-10-09T08:20:52+00:00","dateModified":"2018-10-18T09:20:10+00:00","description":"Dans tous les domaines de la m\u00e9decine, la g\u00e9n\u00e9tique humaine occupe une part importante \u00e9tant donn\u00e9 que de nombreuses maladies ou anomalies sont li\u00e9es \u00e0 la g\u00e9n\u00e9tique.","breadcrumb":{"@id":"https:\/\/clinical.r-biopharm.com\/fr\/diagnostics\/genetique-humaine\/#breadcrumb"},"inLanguage":"fr-FR","potentialAction":[{"@type":"ReadAction","target":["https:\/\/clinical.r-biopharm.com\/fr\/diagnostics\/genetique-humaine\/"]}]},{"@type":"BreadcrumbList","@id":"https:\/\/clinical.r-biopharm.com\/fr\/diagnostics\/genetique-humaine\/#breadcrumb","itemListElement":[{"@type":"ListItem","position":1,"name":"Home","item":"https:\/\/clinical.r-biopharm.com\/fr\/"},{"@type":"ListItem","position":2,"name":"Diagnostics","item":"https:\/\/clinical.r-biopharm.com\/fr\/diagnostics\/"},{"@type":"ListItem","position":3,"name":"G\u00e9n\u00e9tique humaine"}]},{"@type":"WebSite","@id":"https:\/\/clinical.r-biopharm.com\/fr\/#website","url":"https:\/\/clinical.r-biopharm.com\/fr\/","name":"Clinical Diagnostics","description":"A Division of the R-Biopharm Group","potentialAction":[{"@type":"SearchAction","target":{"@type":"EntryPoint","urlTemplate":"https:\/\/clinical.r-biopharm.com\/fr\/?s={search_term_string}"},"query-input":{"@type":"PropertyValueSpecification","valueRequired":true,"valueName":"search_term_string"}}],"inLanguage":"fr-FR"}]}},"_links":{"self":[{"href":"https:\/\/clinical.r-biopharm.com\/fr\/wp-json\/wp\/v2\/pages\/94663","targetHints":{"allow":["GET"]}}],"collection":[{"href":"https:\/\/clinical.r-biopharm.com\/fr\/wp-json\/wp\/v2\/pages"}],"about":[{"href":"https:\/\/clinical.r-biopharm.com\/fr\/wp-json\/wp\/v2\/types\/page"}],"author":[{"embeddable":true,"href":"https:\/\/clinical.r-biopharm.com\/fr\/wp-json\/wp\/v2\/users\/27"}],"replies":[{"embeddable":true,"href":"https:\/\/clinical.r-biopharm.com\/fr\/wp-json\/wp\/v2\/comments?post=94663"}],"version-history":[{"count":1,"href":"https:\/\/clinical.r-biopharm.com\/fr\/wp-json\/wp\/v2\/pages\/94663\/revisions"}],"predecessor-version":[{"id":94664,"href":"https:\/\/clinical.r-biopharm.com\/fr\/wp-json\/wp\/v2\/pages\/94663\/revisions\/94664"}],"up":[{"embeddable":true,"href":"https:\/\/clinical.r-biopharm.com\/fr\/wp-json\/wp\/v2\/pages\/89014"}],"wp:attachment":[{"href":"https:\/\/clinical.r-biopharm.com\/fr\/wp-json\/wp\/v2\/media?parent=94663"}],"curies":[{"name":"wp","href":"https:\/\/api.w.org\/{rel}","templated":true}]}}