{"id":91018,"date":"2015-02-05T12:22:09","date_gmt":"2015-02-05T11:22:09","guid":{"rendered":"https:\/\/clinical.r-biopharm.com\/home\/"},"modified":"2025-07-23T11:57:32","modified_gmt":"2025-07-23T09:57:32","slug":"home","status":"publish","type":"page","link":"https:\/\/clinical.r-biopharm.com\/it\/","title":{"rendered":"Home"},"content":{"rendered":"<div class=\"wpb-content-wrapper\">[vc_row fullwidth=&#8221;true&#8221; fullwidth_content=&#8221;false&#8221; css=&#8221;.vc_custom_1688469275948{margin-bottom: 40px !important;background: #ffffff url(https:\/\/clinical.r-biopharm.com\/wp-content\/uploads\/2023\/07\/2023_06_starseite_kd_-scaled.jpg?id=173415) !important;background-position: center !important;background-repeat: no-repeat !important;background-size: cover !important;}&#8221;][vc_column width=&#8221;1\/3&#8243;][mk_padding_divider size=&#8221;300&#8243; visibility=&#8221;hidden-sm&#8221;][mk_padding_divider size=&#8221;150&#8243; visibility=&#8221;visible-sm&#8221;][vc_column_text el_class=&#8221;sliderbox&#8221; css=&#8221;.vc_custom_1576575854136{padding-top: 10px !important;padding-right: 10px !important;padding-bottom: 10px !important;padding-left: 10px !important;background-color: rgba(255,255,255,0.5) !important;*background-color: rgb(255,255,255) !important;}&#8221;]\n<h1 class=\"slider_maintext\">Benvenuto in Diagnostica Clinica<\/h1>\n<p><span style=\"font-size: 1.1em\">una divisione di R-Biopharm AG<\/span>[\/vc_column_text][mk_padding_divider size=&#8221;100&#8243; visibility=&#8221;hidden-sm&#8221;][mk_padding_divider size=&#8221;50&#8243; visibility=&#8221;visible-sm&#8221;][\/vc_column][vc_column width=&#8221;1\/3&#8243;][\/vc_column][vc_column width=&#8221;1\/3&#8243;][\/vc_column][\/vc_row][vc_row css=&#8221;.vc_custom_1509499314916{margin-top: 20px !important;margin-bottom: 20px !important;}&#8221;][vc_column width=&#8221;1\/2&#8243;][mk_icon_box2 icon_type=&#8221;image&#8221; icon_size=&#8221;inherit&#8221; icon_image=&#8221;https:\/\/clinical.r-biopharm.com\/wp-content\/uploads\/2024\/12\/bild-startseite-tb_2560x1280px.png&#8221; title=&#8221;R-Biopharm presenta un nuovo strumento nella lotta contro l&#039;infezione da tubercolosi.&#8221; title_top_padding=&#8221;20&#8243; title_bottom_padding=&#8221;20&#8243; align=&#8221;left&#8221; read_more_url=&#8221;https:\/\/clinical.r-biopharm.com\/news\/r-biopharm-introduces-new-tool-for-the-fight-against-tb\/&#8221; el_class=&#8221;yellow-border&#8221;]Tre provette, due opzioni: il portafoglio offre una soluzione da laboratorio professionale per throughput medio-alto (ELISA), cos\u00ec come per laboratori pi\u00f9 piccoli o localit\u00e0 remote con attrezzature limitate, sotto forma di test a flusso laterale.[\/mk_icon_box2][\/vc_column][vc_column width=&#8221;1\/2&#8243;][mk_icon_box2 icon_type=&#8221;image&#8221; icon_size=&#8221;inherit&#8221; icon_image=&#8221;https:\/\/clinical.r-biopharm.com\/wp-content\/uploads\/2024\/07\/adobestock_710994541-scaled.jpeg&#8221; title=&#8221;Le infezioni da Bordetella pertussis continuano ad aumentare!&#8221; title_top_padding=&#8221;20&#8243; title_bottom_padding=&#8221;20&#8243; align=&#8221;left&#8221; read_more_url=&#8221;https:\/\/clinical.r-biopharm.com\/news\/increasing-number-of-syphilis-infections\/&#8221; el_class=&#8221;yellow-border&#8221;]A differenza del periodo precedente e durante la pandemia di COVID-19, il numero di infezioni respiratorie causate da batteri \u00e8 attualmente allarmante. La stampa in tutta Europa si sta concentrando principalmente sull&#8217;elevato numero di rilevamenti di <em>Bordetella pertussis<\/em>.[\/mk_icon_box2][\/vc_column][\/vc_row][vc_row css=&#8221;.vc_custom_1509499314916{margin-top: 20px !important;margin-bottom: 20px !important;}&#8221;][vc_column width=&#8221;1\/2&#8243;][mk_icon_box2 icon_type=&#8221;image&#8221; icon_size=&#8221;inherit&#8221; icon_image=&#8221;https:\/\/clinical.r-biopharm.com\/wp-content\/uploads\/2023\/04\/ausdiagnostics_startseite_600x300.png&#8221; title=&#8221;Pannelli e dispositivi AusDiagnostics&#8221; title_top_padding=&#8221;20&#8243; title_bottom_padding=&#8221;20&#8243; align=&#8221;left&#8221; read_more_url=&#8221;\/news\/system-solutions-from-ausdiagnostics\/&#8221; el_class=&#8221;yellow-border&#8221;]Scopri il nostro nuovo portafoglio di pannelli PCR TandemPlex\u00ae e i sistemi automatizzati per la diagnostica sindromica.[\/mk_icon_box2][\/vc_column][vc_column width=&#8221;1\/2&#8243;][mk_icon_box2 icon_type=&#8221;image&#8221; icon_size=&#8221;inherit&#8221; icon_image=&#8221;https:\/\/clinical.r-biopharm.com\/wp-content\/uploads\/2023\/04\/rida_unity_startseite_600x300.png&#8221; title=&#8221;RIDA\u00aeUNITY&#8221; title_top_padding=&#8221;20&#8243; title_bottom_padding=&#8221;20&#8243; align=&#8221;left&#8221; read_more_url=&#8221;https:\/\/clinical.r-biopharm.com\/ridaunity\/&#8221; el_class=&#8221;yellow-border&#8221;]Approfitta del nostro sistema completamente automatizzato e certificato IVDR per la diagnostica real-time PCR[\/mk_icon_box2][\/vc_column][\/vc_row][vc_row css=&#8221;.vc_custom_1509499314916{margin-top: 20px !important;margin-bottom: 20px !important;}&#8221;][vc_column width=&#8221;1\/2&#8243;][mk_icon_box2 icon_type=&#8221;image&#8221; icon_size=&#8221;inherit&#8221; icon_image=&#8221;https:\/\/clinical.r-biopharm.com\/wp-content\/uploads\/2022\/03\/2022-02_website_kd_ivdr_startseite_600x300-px.jpg&#8221; title=&#8221;Massima priorit\u00e0 per R-Biopharm: il regolamento IVDR&#8221; title_top_padding=&#8221;20&#8243; title_bottom_padding=&#8221;20&#8243; align=&#8221;left&#8221; read_more_url=&#8221;\/news\/top-priority-at-r-biopharm-the-ivdr\/&#8221; el_class=&#8221;yellow-border&#8221;]L&#8217;UE ha creato un nuovo quadro normativo per la qualit\u00e0 e la sicurezza dei dispositivi medico-diagnostici in vitro.[\/mk_icon_box2][\/vc_column][vc_column width=&#8221;1\/2&#8243;][mk_icon_box2 icon_type=&#8221;image&#8221; icon_size=&#8221;inherit&#8221; icon_image=&#8221;https:\/\/clinical.r-biopharm.com\/wp-content\/uploads\/diagnostic-fields-1.jpg&#8221; title=&#8221;I nostri settori diagnostici &#8221; title_top_padding=&#8221;20&#8243; title_bottom_padding=&#8221;20&#8243; align=&#8221;left&#8221; read_more_url=&#8221;\/diagnostics\/&#8221; el_class=&#8221;yellow-border&#8221;]Offriamo prodotti innovativi per numerose applicazioni nel settore della diagnostica clinica. Consulta i nostri settori diagnostici e le nostre competenze.[\/mk_icon_box2][\/vc_column][\/vc_row][vc_row css=&#8221;.vc_custom_1509499453846{margin-top: 20px !important;margin-bottom: 20px !important;}&#8221;][vc_column width=&#8221;1\/2&#8243;][mk_icon_box2 icon_type=&#8221;image&#8221; icon_size=&#8221;inherit&#8221; icon_image=&#8221;https:\/\/clinical.r-biopharm.com\/wp-content\/uploads\/systems.jpg&#8221; title=&#8221;Sistemi&#8221; title_top_padding=&#8221;20&#8243; title_bottom_padding=&#8221;20&#8243; align=&#8221;left&#8221; read_more_url=&#8221;\/systems\/&#8221; el_class=&#8221;yellow-border&#8221;]L\u2019automazione sta diventando sempre pi\u00f9 importante per le diagnosi cliniche. Rendi il tuo laboratorio pi\u00f9 efficiente con i nostri pratici sistemi.[\/mk_icon_box2][\/vc_column][vc_column width=&#8221;1\/2&#8243;][mk_icon_box2 icon_type=&#8221;image&#8221; icon_size=&#8221;inherit&#8221; icon_image=&#8221;https:\/\/clinical.r-biopharm.com\/wp-content\/uploads\/indications.jpg&#8221; title=&#8221;Indicazioni&#8221; title_top_padding=&#8221;20&#8243; title_bottom_padding=&#8221;20&#8243; align=&#8221;left&#8221; read_more_url=&#8221;\/indications\/&#8221; el_class=&#8221;yellow-border&#8221;]Una diagnosi affidabile \u00e8 indispensabile per una cura efficace. Consulta il nostro portfolio e trova il test diagnostico migliore per la tua indicazione.[\/mk_icon_box2][\/vc_column][\/vc_row][vc_row disable_element=&#8221;yes&#8221; css=&#8221;.vc_custom_1605699891506{margin-top: 20px !important;margin-bottom: 20px !important;}&#8221;][vc_column width=&#8221;1\/2&#8243;][mk_icon_box2 icon_type=&#8221;image&#8221; icon_size=&#8221;inherit&#8221; icon_image=&#8221;https:\/\/clinical.r-biopharm.com\/wp-content\/uploads\/technologies.jpg&#8221; title=&#8221;Le nostre tecnologie&#8221; title_top_padding=&#8221;20&#8243; title_bottom_padding=&#8221;20&#8243; align=&#8221;left&#8221; read_more_url=&#8221;\/technologies\/&#8221; el_class=&#8221;yellow-border&#8221;]Le nostre tecnologie innovative per le diagnosi cliniche includono, tra gli altri, test ELISA, PCR, test a flusso laterale e blot test. Scopri i nostri metodi di analisi.[\/mk_icon_box2][\/vc_column][vc_column width=&#8221;1\/2&#8243;][\/vc_column][\/vc_row][vc_row fullwidth=&#8221;true&#8221;][vc_column][mk_padding_divider size=&#8221;50&#8243;][\/vc_column][\/vc_row][mk_page_section bg_color=&#8221;#fff5cc&#8221; padding_top=&#8221;30&#8243; padding_bottom=&#8221;0&#8243; sidebar=&#8221;sidebar-1&#8243;][vc_column width=&#8221;1\/3&#8243;][mk_milestone icon=&#8221;mk-li-posion&#8221; align=&#8221;center&#8221; icon_color=&#8221;#393836&#8243; stop=&#8221;35&#8243; text=&#8221;Anni di esperienza&#8221; text_color=&#8221;#666360&#8243; font_family=&#8221;none&#8221; desc_size=&#8221;20&#8243;][\/vc_column][vc_column width=&#8221;1\/3&#8243;][mk_milestone icon=&#8221;mk-moon-earth&#8221; align=&#8221;center&#8221; icon_color=&#8221;#393836&#8243; stop=&#8221;122&#8243; text=&#8221;Paesi&#8221; text_color=&#8221;#666360&#8243; font_family=&#8221;none&#8221; desc_size=&#8221;20&#8243;][\/vc_column][vc_column width=&#8221;1\/3&#8243;][mk_milestone icon=&#8221;mk-li-smile&#8221; align=&#8221;center&#8221; icon_color=&#8221;#393836&#8243; stop=&#8221;300&#8243; text=&#8221;Prodotti nel nostro portfolio&#8221; text_color=&#8221;#666360&#8243; font_family=&#8221;none&#8221; desc_size=&#8221;20&#8243;][\/vc_column][\/mk_page_section][mk_page_section bg_image=&#8221;https:\/\/clinical.r-biopharm.com\/wp-content\/uploads\/2019\/08\/weltkarte.jpg&#8221; attachment=&#8221;fixed&#8221; bg_position=&#8221;center center&#8221; bg_repeat=&#8221;no-repeat&#8221; video_color_mask=&#8221;#ffffff&#8221; video_opacity=&#8221;0.8&#8243; padding_top=&#8221;60&#8243; padding_bottom=&#8221;0&#8243; sidebar=&#8221;sidebar-1&#8243;][vc_column width=&#8221;1\/2&#8243; css=&#8221;.vc_custom_1429082440293{padding-right: 50px !important;padding-left: 20px !important;}&#8221;][mk_icon_box icon=&#8221;&#8221; title=&#8221;Monitoraggio terapeutico dei farmaci veloce e affidabile&#8221; text_size=&#8221;22&#8243; read_more_txt=&#8221;Esplora&#8221; read_more_url=&#8221;\/products\/ridaquick-ifx-monitoring\/&#8221; icon_size=&#8221;medium&#8221; icon_color=&#8221;#eeee22&#8243; icon_circle_color=&#8221;&#8221; margin=&#8221;50&#8243;]Monitoraggio farmacologico dell\u2019infliximab in 20 minuti: il kit RIDA\u00aeQUICK IFX Monitoring in associazione al lettore RIDA\u00aeQUICK SCAN II \u00e8 la soluzione ideale per le strutture sanitarie.[\/mk_icon_box][\/vc_column][vc_column width=&#8221;1\/2&#8243;][mk_icon_box icon=&#8221;&#8221; title=&#8221;Eventi&#8221; text_size=&#8221;22&#8243; read_more_txt=&#8221;Esplora&#8221; read_more_url=&#8221;\/events\/&#8221; icon_size=&#8221;medium&#8221; icon_color=&#8221;#eeee22&#8243; icon_circle_color=&#8221;&#8221; margin=&#8221;50&#8243;]Vieni a trovarci alle conferenze e fiere commerciali di tutto il mondo per scoprire le ultime novit\u00e0 nel campo della diagnostica clinica![\/mk_icon_box][\/vc_column][\/mk_page_section][mk_page_section bg_color=&#8221;#f7f7f7&#8243; padding_top=&#8221;20&#8243; padding_bottom=&#8221;20&#8243; sidebar=&#8221;sidebar-1&#8243;][vc_column][vc_column_text align=&#8221;center&#8221;]\n<h2>Hai visto qualcosa che ti interessa? Scopri di pi\u00f9 con un semplice clic!<\/h2>\n[\/vc_column_text][mk_button dimension=&#8221;flat&#8221; url=&#8221;\/contact&#8221; align=&#8221;center&#8221; margin_bottom=&#8221;&#8221; bg_color=&#8221;#4d4d4d&#8221; btn_hover_bg=&#8221;#ffffff&#8221; btn_hover_txt_color=&#8221;#4d4d4d&#8221;]Contattaci[\/mk_button][\/vc_column][\/mk_page_section]\n<\/div>","protected":false},"excerpt":{"rendered":"<p>[vc_row fullwidth=&#8221;true&#8221; fullwidth_content=&#8221;false&#8221; css=&#8221;.vc_custom_1688469275948{margin-bottom: 40px !important;background: #ffffff url(https:\/\/clinical.r-biopharm.com\/wp-content\/uploads\/2023\/07\/2023_06_starseite_kd_-scaled.jpg?id=173415) !important;background-position: center !important;background-repeat: no-repeat !important;background-size: cover !important;}&#8221;][vc_column width=&#8221;1\/3&#8243;][mk_padding_divider size=&#8221;300&#8243; visibility=&#8221;hidden-sm&#8221;][mk_padding_divider size=&#8221;150&#8243; visibility=&#8221;visible-sm&#8221;][vc_column_text el_class=&#8221;sliderbox&#8221; css=&#8221;.vc_custom_1576575854136{padding-top: 10px !important;padding-right: 10px !important;padding-bottom: 10px !important;padding-left: 10px !important;background-color: rgba(255,255,255,0.5) !important;*background-color: rgb(255,255,255) !important;}&#8221;] Benvenuto in Diagnostica Clinica una divisione di R-Biopharm AG[\/vc_column_text][mk_padding_divider size=&#8221;100&#8243; visibility=&#8221;hidden-sm&#8221;][mk_padding_divider size=&#8221;50&#8243; visibility=&#8221;visible-sm&#8221;][\/vc_column][vc_column width=&#8221;1\/3&#8243;][\/vc_column][vc_column width=&#8221;1\/3&#8243;][\/vc_column][\/vc_row][vc_row css=&#8221;.vc_custom_1509499314916{margin-top: 20px !important;margin-bottom: 20px !important;}&#8221;][vc_column width=&#8221;1\/2&#8243;][mk_icon_box2 [&hellip;]<\/p>\n","protected":false},"author":1,"featured_media":0,"parent":0,"menu_order":0,"comment_status":"closed","ping_status":"closed","template":"","meta":{"_acf_changed":false,"content-type":"","_relevanssi_hide_post":"","_relevanssi_hide_content":"","_relevanssi_pin_for_all":"","_relevanssi_pin_keywords":"","_relevanssi_unpin_keywords":"","_relevanssi_related_keywords":"","_relevanssi_related_include_ids":"","_relevanssi_related_exclude_ids":"","_relevanssi_related_no_append":"","_relevanssi_related_not_related":"","_relevanssi_related_posts":"","_relevanssi_noindex_reason":"","footnotes":""},"class_list":["post-91018","page","type-page","status-publish","hentry"],"acf":[],"yoast_head":"<!-- This site is optimized with the Yoast SEO plugin v26.7 - https:\/\/yoast.com\/wordpress\/plugins\/seo\/ -->\n<title>Diagnostica clinica: le efficienti soluzioni diagnostiche di R-Biopharm<\/title>\n<meta name=\"description\" content=\"Offriamo sistemi innovativi per diverse applicazioni nell&#039;area della diagnostica clinica, ad es. per infezioni, allergie, malattie gastroenterologiche.\" \/>\n<meta name=\"robots\" content=\"index, follow, max-snippet:-1, max-image-preview:large, max-video-preview:-1\" \/>\n<link rel=\"canonical\" href=\"https:\/\/clinical.r-biopharm.com\/it\/home\/\" \/>\n<meta property=\"og:locale\" content=\"it_IT\" \/>\n<meta property=\"og:type\" content=\"article\" \/>\n<meta property=\"og:title\" content=\"Diagnostica clinica: le efficienti soluzioni diagnostiche di R-Biopharm\" \/>\n<meta property=\"og:description\" content=\"Offriamo sistemi innovativi per diverse applicazioni nell&#039;area della diagnostica clinica, ad es. per infezioni, allergie, malattie gastroenterologiche.\" \/>\n<meta property=\"og:url\" content=\"https:\/\/clinical.r-biopharm.com\/it\/home\/\" \/>\n<meta property=\"og:site_name\" content=\"Clinical Diagnostics\" \/>\n<meta property=\"article:modified_time\" content=\"2025-07-23T09:57:32+00:00\" \/>\n<meta name=\"twitter:label1\" content=\"Est. reading time\" \/>\n\t<meta name=\"twitter:data1\" content=\"2 minutes\" \/>\n<script type=\"application\/ld+json\" class=\"yoast-schema-graph\">{\"@context\":\"https:\/\/schema.org\",\"@graph\":[{\"@type\":\"WebPage\",\"@id\":\"https:\/\/clinical.r-biopharm.com\/it\/home\/\",\"url\":\"https:\/\/clinical.r-biopharm.com\/it\/home\/\",\"name\":\"Diagnostica clinica: le efficienti soluzioni diagnostiche di R-Biopharm\",\"isPartOf\":{\"@id\":\"https:\/\/clinical.r-biopharm.com\/fr\/#website\"},\"datePublished\":\"2015-02-05T11:22:09+00:00\",\"dateModified\":\"2025-07-23T09:57:32+00:00\",\"description\":\"Offriamo sistemi innovativi per diverse applicazioni nell'area della diagnostica clinica, ad es. per infezioni, allergie, malattie gastroenterologiche.\",\"breadcrumb\":{\"@id\":\"https:\/\/clinical.r-biopharm.com\/it\/home\/#breadcrumb\"},\"inLanguage\":\"it-IT\",\"potentialAction\":[{\"@type\":\"ReadAction\",\"target\":[\"https:\/\/clinical.r-biopharm.com\/it\/home\/\"]}]},{\"@type\":\"BreadcrumbList\",\"@id\":\"https:\/\/clinical.r-biopharm.com\/it\/home\/#breadcrumb\",\"itemListElement\":[{\"@type\":\"ListItem\",\"position\":1,\"name\":\"Home\",\"item\":\"https:\/\/clinical.r-biopharm.com\/it\/home\/\"},{\"@type\":\"ListItem\",\"position\":2,\"name\":\"Home\"}]},{\"@type\":\"WebSite\",\"@id\":\"https:\/\/clinical.r-biopharm.com\/fr\/#website\",\"url\":\"https:\/\/clinical.r-biopharm.com\/fr\/\",\"name\":\"Clinical Diagnostics\",\"description\":\"A Division of the R-Biopharm Group\",\"potentialAction\":[{\"@type\":\"SearchAction\",\"target\":{\"@type\":\"EntryPoint\",\"urlTemplate\":\"https:\/\/clinical.r-biopharm.com\/fr\/?s={search_term_string}\"},\"query-input\":{\"@type\":\"PropertyValueSpecification\",\"valueRequired\":true,\"valueName\":\"search_term_string\"}}],\"inLanguage\":\"it-IT\"}]}<\/script>\n<!-- \/ Yoast SEO plugin. -->","yoast_head_json":{"title":"Diagnostica clinica: le efficienti soluzioni diagnostiche di R-Biopharm","description":"Offriamo sistemi innovativi per diverse applicazioni nell'area della diagnostica clinica, ad es. per infezioni, allergie, malattie gastroenterologiche.","robots":{"index":"index","follow":"follow","max-snippet":"max-snippet:-1","max-image-preview":"max-image-preview:large","max-video-preview":"max-video-preview:-1"},"canonical":"https:\/\/clinical.r-biopharm.com\/it\/home\/","og_locale":"it_IT","og_type":"article","og_title":"Diagnostica clinica: le efficienti soluzioni diagnostiche di R-Biopharm","og_description":"Offriamo sistemi innovativi per diverse applicazioni nell'area della diagnostica clinica, ad es. per infezioni, allergie, malattie gastroenterologiche.","og_url":"https:\/\/clinical.r-biopharm.com\/it\/home\/","og_site_name":"Clinical Diagnostics","article_modified_time":"2025-07-23T09:57:32+00:00","twitter_misc":{"Est. reading time":"2 minutes"},"schema":{"@context":"https:\/\/schema.org","@graph":[{"@type":"WebPage","@id":"https:\/\/clinical.r-biopharm.com\/it\/home\/","url":"https:\/\/clinical.r-biopharm.com\/it\/home\/","name":"Diagnostica clinica: le efficienti soluzioni diagnostiche di R-Biopharm","isPartOf":{"@id":"https:\/\/clinical.r-biopharm.com\/fr\/#website"},"datePublished":"2015-02-05T11:22:09+00:00","dateModified":"2025-07-23T09:57:32+00:00","description":"Offriamo sistemi innovativi per diverse applicazioni nell'area della diagnostica clinica, ad es. per infezioni, allergie, malattie gastroenterologiche.","breadcrumb":{"@id":"https:\/\/clinical.r-biopharm.com\/it\/home\/#breadcrumb"},"inLanguage":"it-IT","potentialAction":[{"@type":"ReadAction","target":["https:\/\/clinical.r-biopharm.com\/it\/home\/"]}]},{"@type":"BreadcrumbList","@id":"https:\/\/clinical.r-biopharm.com\/it\/home\/#breadcrumb","itemListElement":[{"@type":"ListItem","position":1,"name":"Home","item":"https:\/\/clinical.r-biopharm.com\/it\/home\/"},{"@type":"ListItem","position":2,"name":"Home"}]},{"@type":"WebSite","@id":"https:\/\/clinical.r-biopharm.com\/fr\/#website","url":"https:\/\/clinical.r-biopharm.com\/fr\/","name":"Clinical Diagnostics","description":"A Division of the R-Biopharm Group","potentialAction":[{"@type":"SearchAction","target":{"@type":"EntryPoint","urlTemplate":"https:\/\/clinical.r-biopharm.com\/fr\/?s={search_term_string}"},"query-input":{"@type":"PropertyValueSpecification","valueRequired":true,"valueName":"search_term_string"}}],"inLanguage":"it-IT"}]}},"_links":{"self":[{"href":"https:\/\/clinical.r-biopharm.com\/it\/wp-json\/wp\/v2\/pages\/91018","targetHints":{"allow":["GET"]}}],"collection":[{"href":"https:\/\/clinical.r-biopharm.com\/it\/wp-json\/wp\/v2\/pages"}],"about":[{"href":"https:\/\/clinical.r-biopharm.com\/it\/wp-json\/wp\/v2\/types\/page"}],"author":[{"embeddable":true,"href":"https:\/\/clinical.r-biopharm.com\/it\/wp-json\/wp\/v2\/users\/1"}],"replies":[{"embeddable":true,"href":"https:\/\/clinical.r-biopharm.com\/it\/wp-json\/wp\/v2\/comments?post=91018"}],"version-history":[{"count":32,"href":"https:\/\/clinical.r-biopharm.com\/it\/wp-json\/wp\/v2\/pages\/91018\/revisions"}],"predecessor-version":[{"id":181836,"href":"https:\/\/clinical.r-biopharm.com\/it\/wp-json\/wp\/v2\/pages\/91018\/revisions\/181836"}],"wp:attachment":[{"href":"https:\/\/clinical.r-biopharm.com\/it\/wp-json\/wp\/v2\/media?parent=91018"}],"curies":[{"name":"wp","href":"https:\/\/api.w.org\/{rel}","templated":true}]}}