{"id":90363,"date":"2016-12-15T16:05:30","date_gmt":"2016-12-15T15:05:30","guid":{"rendered":"https:\/\/clinical.r-biopharm.com\/indicatie\/parasitaire-infecties\/"},"modified":"2019-07-08T15:21:10","modified_gmt":"2019-07-08T13:21:10","slug":"parasitaire-infecties","status":"publish","type":"page","link":"https:\/\/clinical.r-biopharm.com\/nl\/indicatie\/parasitaire-infecties\/","title":{"rendered":"Parasitaire infecties"},"content":{"rendered":"<div class=\"wpb-content-wrapper\">[mk_page_section padding_top=&#8221;30&#8243; padding_bottom=&#8221;30&#8243; sidebar=&#8221;sidebar-1&#8243;][vc_column width=&#8221;2\/3&#8243;][vc_column_text]\n<div id=\"text-block-3\" class=\"mk-text-block \">\n<p><strong>Infecties met parasieten komen zeer vaak voor in gebieden met een tropisch klimaat, met malaria als meest voorkomende voorbeeld. In niet-tropische gebieden zijn de volgende parasitaire ziekten het meest karakteristiek: trichomoniasis, giardiasis, cryptosporidiose, amoebiasis en toxoplasmose.<\/strong><\/p>\n<p>Parasitaire infecties worden veroorzaakt door drie soorten organismen: protozo\u00ebn, wormen en ectoparasieten. Infecties met protozo\u00ebn kunnen bijvoorbeeld optreden door drinkwater met de cellen van het protozo\u00ebnorganisme of door voeding die niet voldoende verhit is. Giardia lamblia, Cryptosporidium parvum, Entamoeba histolytica en Dientamoeba fragilis zijn de belangrijkste protozo\u00ebn die diarree veroorzaken.<\/p>\n<p>Door de gemakkelijke verspreiding is een snelle en betrouwbare diagnose van een parasitaire infectie in een vroeg stadium cruciaal voor een effectieve behandeling. Immunoassays en moleculaire diagnostiek maken het mogelijk om parasitaire infecties eerder te detecteren en te differenti\u00ebren dan met traditionele methoden, zoals microscopie.<\/p>\n<h3>Innovatieve diagnostische oplossingen voor parasitologie<\/h3>\n<p>R-Biopharm biedt diverse technologie\u00ebn voor parasitologie die voldoen aan de diagnostische en organisatorische behoeften van kleine tot grote laboratoria, waaronder:<\/p>\n<\/div>\n[\/vc_column_text][mk_custom_list style=&#8221;mk-moon-circle-small&#8221;]\n<ul>\n<li>Rapid tests in de vorm van een cassette of een dipstick \u2013 een directe, eenvoudige, snelle en gevoelige methode voor de detectie van virale antigenen in kleine monstersets<\/li>\n<li>Real-time PCR-testkits die geschikt zijn voor verschillende open-platformcyclers<\/li>\n<li>Enzym-immunoassays gevalideerd voor automatiseringsplatformen<\/li>\n<\/ul>\n[\/mk_custom_list][vc_column_text]U kunt uit verschillende diagnostische systemen kiezen om op een verscheidenheid aan parasieten te testen, waaronder Entamoeba, Giardia en Cryptosporidium. Om een snelle detectie van meer parasieten door real-time PCR mogelijk te maken, bieden we ook RIDA\u00aeGENE Parasitic-fecespanelen aan.[\/vc_column_text][\/vc_column][vc_column width=&#8221;1\/3&#8243;][vc_column_text margin_bottom=&#8221;20&#8243;]\n<h3 style=\"margin-bottom: 25px;\">Kies een technologie<\/h3>\n<div class=\"facetwp-facet facetwp-facet-technology_fselect facetwp-type-fselect\" data-name=\"technology_fselect\" data-type=\"fselect\"><\/div>[\/vc_column_text][vc_column_text margin_bottom=&#8221;20&#8243;]\n<h3 style=\"margin-bottom: 25px;\">Kies een diagnostisch gebied<\/h3>\n<div class=\"facetwp-facet facetwp-facet-diagnostics_fselect facetwp-type-fselect\" data-name=\"diagnostics_fselect\" data-type=\"fselect\"><\/div>[\/vc_column_text][vc_column_text margin_bottom=&#8221;40&#8243;]\n<h3 style=\"margin-bottom: 25px;\">Kies uw product voor parasitaire infecties<\/h3>\n<div class=\"facetwp-template\" data-name=\"parasitic-infections\"><ul class=\"product_facets\"><li>\n<a class=\"facetwp_pimg\" href=\"https:\/\/clinical.r-biopharm.com\/products\/ridaquick-cryptosporidiumgiardiaentamoeba-combi-cassettes\/\"><img loading=\"lazy\" decoding=\"async\" width=\"100\" height=\"50\" src=\"https:\/\/clinical.r-biopharm.com\/wp-content\/uploads\/2012\/06\/2018-04_n1723_rq-crypto-giardia-entamoeba-kit-mit-inhalt_rgb_300x600-100x50.jpg\" class=\"recent-thumbs wp-post-image\" alt=\"n1723_rida-quick-crypto-giardia-entamoeba-kit\" srcset=\"https:\/\/clinical.r-biopharm.com\/wp-content\/uploads\/2012\/06\/2018-04_n1723_rq-crypto-giardia-entamoeba-kit-mit-inhalt_rgb_300x600-100x50.jpg 100w, https:\/\/clinical.r-biopharm.com\/wp-content\/uploads\/2012\/06\/2018-04_n1723_rq-crypto-giardia-entamoeba-kit-mit-inhalt_rgb_300x600-300x150.jpg 300w, https:\/\/clinical.r-biopharm.com\/wp-content\/uploads\/2012\/06\/2018-04_n1723_rq-crypto-giardia-entamoeba-kit-mit-inhalt_rgb_300x600-200x100.jpg 200w, https:\/\/clinical.r-biopharm.com\/wp-content\/uploads\/2012\/06\/2018-04_n1723_rq-crypto-giardia-entamoeba-kit-mit-inhalt_rgb_300x600-353x179.jpg 353w, https:\/\/clinical.r-biopharm.com\/wp-content\/uploads\/2012\/06\/2018-04_n1723_rq-crypto-giardia-entamoeba-kit-mit-inhalt_rgb_300x600.jpg 600w\" sizes=\"auto, (max-width: 100px) 100vw, 100px\" itemprop=\"image\" \/><\/a>\n<div class=\"facetwp_title_container\"><a class=\"facetwp_ptitle\" href=\"https:\/\/clinical.r-biopharm.com\/products\/ridaquick-cryptosporidiumgiardiaentamoeba-combi-cassettes\/\">RIDA\u00aeQUICK Cryptosporidium \/ Giardia \/ Entamoeba Combi (cassettes)<\/a><\/div>\n<\/li>\n\n<li>\n<a class=\"facetwp_pimg\" href=\"https:\/\/clinical.r-biopharm.com\/products\/ridaquick-entamoeba-cassettes\/\"><img loading=\"lazy\" decoding=\"async\" width=\"100\" height=\"50\" src=\"https:\/\/clinical.r-biopharm.com\/wp-content\/uploads\/2012\/06\/2018-04_n2203_rq-verotoxin-o157-kit-mit-inhalt_rgb_lowres-100x50.jpg\" class=\"recent-thumbs wp-post-image\" alt=\"n2203_rida-quick-verotoxin-o157-kit\" srcset=\"https:\/\/clinical.r-biopharm.com\/wp-content\/uploads\/2012\/06\/2018-04_n2203_rq-verotoxin-o157-kit-mit-inhalt_rgb_lowres-100x50.jpg 100w, https:\/\/clinical.r-biopharm.com\/wp-content\/uploads\/2012\/06\/2018-04_n2203_rq-verotoxin-o157-kit-mit-inhalt_rgb_lowres-200x100.jpg 200w, https:\/\/clinical.r-biopharm.com\/wp-content\/uploads\/2012\/06\/2018-04_n2203_rq-verotoxin-o157-kit-mit-inhalt_rgb_lowres-353x179.jpg 353w\" sizes=\"auto, (max-width: 100px) 100vw, 100px\" itemprop=\"image\" \/><\/a>\n<div class=\"facetwp_title_container\"><a class=\"facetwp_ptitle\" href=\"https:\/\/clinical.r-biopharm.com\/products\/ridaquick-entamoeba-cassettes\/\">RIDA\u00aeQUICK Entamoeba (cassettes)<\/a><\/div>\n<\/li>\n\n<li>\n<a class=\"facetwp_pimg\" href=\"https:\/\/clinical.r-biopharm.com\/products\/ridaquick-cryptosporidium-cassettes\/\"><img loading=\"lazy\" decoding=\"async\" width=\"100\" height=\"50\" src=\"https:\/\/clinical.r-biopharm.com\/wp-content\/uploads\/2012\/06\/2018-04_n2203_rq-verotoxin-o157-kit-mit-inhalt_rgb_lowres-100x50.jpg\" class=\"recent-thumbs wp-post-image\" alt=\"n2203_rida-quick-verotoxin-o157-kit\" srcset=\"https:\/\/clinical.r-biopharm.com\/wp-content\/uploads\/2012\/06\/2018-04_n2203_rq-verotoxin-o157-kit-mit-inhalt_rgb_lowres-100x50.jpg 100w, https:\/\/clinical.r-biopharm.com\/wp-content\/uploads\/2012\/06\/2018-04_n2203_rq-verotoxin-o157-kit-mit-inhalt_rgb_lowres-200x100.jpg 200w, https:\/\/clinical.r-biopharm.com\/wp-content\/uploads\/2012\/06\/2018-04_n2203_rq-verotoxin-o157-kit-mit-inhalt_rgb_lowres-353x179.jpg 353w\" sizes=\"auto, (max-width: 100px) 100vw, 100px\" itemprop=\"image\" \/><\/a>\n<div class=\"facetwp_title_container\"><a class=\"facetwp_ptitle\" href=\"https:\/\/clinical.r-biopharm.com\/products\/ridaquick-cryptosporidium-cassettes\/\">RIDA\u00aeQUICK Cryptosporidium (cassettes)<\/a><\/div>\n<\/li>\n\n<li>\n<a class=\"facetwp_pimg\" href=\"https:\/\/clinical.r-biopharm.com\/products\/ridaquick-cryptosporidiumgiardia-combi-cassettes\/\"><img loading=\"lazy\" decoding=\"async\" width=\"100\" height=\"50\" src=\"https:\/\/clinical.r-biopharm.com\/wp-content\/uploads\/2012\/06\/2018-04_n2203_rq-verotoxin-o157-kit-mit-inhalt_rgb_lowres-100x50.jpg\" class=\"recent-thumbs wp-post-image\" alt=\"n2203_rida-quick-verotoxin-o157-kit\" srcset=\"https:\/\/clinical.r-biopharm.com\/wp-content\/uploads\/2012\/06\/2018-04_n2203_rq-verotoxin-o157-kit-mit-inhalt_rgb_lowres-100x50.jpg 100w, https:\/\/clinical.r-biopharm.com\/wp-content\/uploads\/2012\/06\/2018-04_n2203_rq-verotoxin-o157-kit-mit-inhalt_rgb_lowres-200x100.jpg 200w, https:\/\/clinical.r-biopharm.com\/wp-content\/uploads\/2012\/06\/2018-04_n2203_rq-verotoxin-o157-kit-mit-inhalt_rgb_lowres-353x179.jpg 353w\" sizes=\"auto, (max-width: 100px) 100vw, 100px\" itemprop=\"image\" \/><\/a>\n<div class=\"facetwp_title_container\"><a class=\"facetwp_ptitle\" href=\"https:\/\/clinical.r-biopharm.com\/products\/ridaquick-cryptosporidiumgiardia-combi-cassettes\/\">RIDA\u00aeQUICK Cryptosporidium \/ Giardia Combi (cassettes)<\/a><\/div>\n<\/li>\n\n<li>\n<a class=\"facetwp_pimg\" href=\"https:\/\/clinical.r-biopharm.com\/products\/ridaquick-giardia-cassettes\/\"><img loading=\"lazy\" decoding=\"async\" width=\"100\" height=\"50\" src=\"https:\/\/clinical.r-biopharm.com\/wp-content\/uploads\/2012\/06\/2018-04_n2203_rq-verotoxin-o157-kit-mit-inhalt_rgb_lowres-100x50.jpg\" class=\"recent-thumbs wp-post-image\" alt=\"n2203_rida-quick-verotoxin-o157-kit\" srcset=\"https:\/\/clinical.r-biopharm.com\/wp-content\/uploads\/2012\/06\/2018-04_n2203_rq-verotoxin-o157-kit-mit-inhalt_rgb_lowres-100x50.jpg 100w, https:\/\/clinical.r-biopharm.com\/wp-content\/uploads\/2012\/06\/2018-04_n2203_rq-verotoxin-o157-kit-mit-inhalt_rgb_lowres-200x100.jpg 200w, https:\/\/clinical.r-biopharm.com\/wp-content\/uploads\/2012\/06\/2018-04_n2203_rq-verotoxin-o157-kit-mit-inhalt_rgb_lowres-353x179.jpg 353w\" sizes=\"auto, (max-width: 100px) 100vw, 100px\" itemprop=\"image\" \/><\/a>\n<div class=\"facetwp_title_container\"><a class=\"facetwp_ptitle\" href=\"https:\/\/clinical.r-biopharm.com\/products\/ridaquick-giardia-cassettes\/\">RIDA\u00aeQUICK Giardia (cassettes)<\/a><\/div>\n<\/li>\n\n<li>\n<a class=\"facetwp_pimg\" href=\"https:\/\/clinical.r-biopharm.com\/products\/ridascreen-entamoeba\/\"><img loading=\"lazy\" decoding=\"async\" width=\"100\" height=\"50\" src=\"https:\/\/clinical.r-biopharm.com\/wp-content\/uploads\/2016\/08\/2014-09_ridascreen-cryptosporidium-giardia-combi-m1-lowres-100x50.jpg\" class=\"recent-thumbs wp-post-image\" alt=\"ridascreen-cryptosporidium-giardia-combi-easy-kit\" srcset=\"https:\/\/clinical.r-biopharm.com\/wp-content\/uploads\/2016\/08\/2014-09_ridascreen-cryptosporidium-giardia-combi-m1-lowres-100x50.jpg 100w, https:\/\/clinical.r-biopharm.com\/wp-content\/uploads\/2016\/08\/2014-09_ridascreen-cryptosporidium-giardia-combi-m1-lowres-200x100.jpg 200w, https:\/\/clinical.r-biopharm.com\/wp-content\/uploads\/2016\/08\/2014-09_ridascreen-cryptosporidium-giardia-combi-m1-lowres-353x179.jpg 353w\" sizes=\"auto, (max-width: 100px) 100vw, 100px\" itemprop=\"image\" \/><\/a>\n<div class=\"facetwp_title_container\"><a class=\"facetwp_ptitle\" href=\"https:\/\/clinical.r-biopharm.com\/products\/ridascreen-entamoeba\/\">RIDASCREEN\u00ae Entamoeba<\/a><\/div>\n<\/li>\n\n<li>\n<a class=\"facetwp_pimg\" href=\"https:\/\/clinical.r-biopharm.com\/products\/ridascreen-cryptosporidium\/\"><img loading=\"lazy\" decoding=\"async\" width=\"100\" height=\"50\" src=\"https:\/\/clinical.r-biopharm.com\/wp-content\/uploads\/2016\/08\/2014-09_ridascreen-cryptosporidium-giardia-combi-m1-lowres-100x50.jpg\" class=\"recent-thumbs wp-post-image\" alt=\"ridascreen-cryptosporidium-giardia-combi-easy-kit\" srcset=\"https:\/\/clinical.r-biopharm.com\/wp-content\/uploads\/2016\/08\/2014-09_ridascreen-cryptosporidium-giardia-combi-m1-lowres-100x50.jpg 100w, https:\/\/clinical.r-biopharm.com\/wp-content\/uploads\/2016\/08\/2014-09_ridascreen-cryptosporidium-giardia-combi-m1-lowres-200x100.jpg 200w, https:\/\/clinical.r-biopharm.com\/wp-content\/uploads\/2016\/08\/2014-09_ridascreen-cryptosporidium-giardia-combi-m1-lowres-353x179.jpg 353w\" sizes=\"auto, (max-width: 100px) 100vw, 100px\" itemprop=\"image\" \/><\/a>\n<div class=\"facetwp_title_container\"><a class=\"facetwp_ptitle\" href=\"https:\/\/clinical.r-biopharm.com\/products\/ridascreen-cryptosporidium\/\">RIDASCREEN\u00ae Cryptosporidium<\/a><\/div>\n<\/li>\n\n<li>\n<a class=\"facetwp_pimg\" href=\"https:\/\/clinical.r-biopharm.com\/products\/ridascreen-giardia\/\"><img loading=\"lazy\" decoding=\"async\" width=\"100\" height=\"50\" src=\"https:\/\/clinical.r-biopharm.com\/wp-content\/uploads\/2016\/08\/2014-09_ridascreen-cryptosporidium-giardia-combi-m1-lowres-100x50.jpg\" class=\"recent-thumbs wp-post-image\" alt=\"ridascreen-cryptosporidium-giardia-combi-easy-kit\" srcset=\"https:\/\/clinical.r-biopharm.com\/wp-content\/uploads\/2016\/08\/2014-09_ridascreen-cryptosporidium-giardia-combi-m1-lowres-100x50.jpg 100w, https:\/\/clinical.r-biopharm.com\/wp-content\/uploads\/2016\/08\/2014-09_ridascreen-cryptosporidium-giardia-combi-m1-lowres-200x100.jpg 200w, https:\/\/clinical.r-biopharm.com\/wp-content\/uploads\/2016\/08\/2014-09_ridascreen-cryptosporidium-giardia-combi-m1-lowres-353x179.jpg 353w\" sizes=\"auto, (max-width: 100px) 100vw, 100px\" itemprop=\"image\" \/><\/a>\n<div class=\"facetwp_title_container\"><a class=\"facetwp_ptitle\" href=\"https:\/\/clinical.r-biopharm.com\/products\/ridascreen-giardia\/\">RIDASCREEN\u00ae Giardia<\/a><\/div>\n<\/li>\n\n<\/ul><\/div><div class=\"facetwp-facet facetwp-facet-load_more_pager facetwp-type-pager\" data-name=\"load_more_pager\" data-type=\"pager\"><button class=\"facetwp-load-more\" data-loading=\"Loading...\">Load more<\/button><\/div>[\/vc_column_text][\/vc_column][\/mk_page_section][mk_page_section bg_color=&#8221;#f7f7f7&#8243; padding_top=&#8221;0&#8243; padding_bottom=&#8221;0&#8243; sidebar=&#8221;sidebar-1&#8243;][vc_column css=&#8221;.vc_custom_1469015765963{margin-top: 25px !important;padding-bottom: 5px !important;}&#8221;][vc_column_text margin_bottom=&#8221;20&#8243; css=&#8221;.vc_custom_1530179502907{margin-bottom: 20px !important;}&#8221;]\n<h2 class=\"knubbel\">Recent nieuws<\/h2>\n[\/vc_column_text][mk_blog_carousel cat=&#8221;225&#8243;][\/vc_column][\/mk_page_section][mk_page_section bg_color=&#8221;#ffffff&#8221; padding_top=&#8221;0&#8243; sidebar=&#8221;sidebar-1&#8243;][vc_column css=&#8221;.vc_custom_1467042052405{margin-top: 40px !important;}&#8221;][vc_column_text margin_bottom=&#8221;20&#8243;]\n<h2 class=\"knubbel\">U bent misschien ook ge\u00efnteresseerd in<\/h2>\n[\/vc_column_text][vc_row_inner css=&#8221;.vc_custom_1468404266697{margin-bottom: 40px !important;}&#8221;][vc_column_inner width=&#8221;1\/3&#8243; css=&#8221;.vc_custom_1468416557833{padding-bottom: 10px !important;padding-left: 0px !important;}&#8221;][mk_flipbox_rb taxonomy=&#8221;indication&#8221; tag_indication=&#8221;parasitic-infections&#8221; min_height=&#8221;200&#8243; button_bg_color=&#8221;#4d4d4d&#8221; button_bg_hover_color=&#8221;#ffffff&#8221; button_text=&#8221;More&#8221;][\/vc_column_inner][vc_column_inner width=&#8221;1\/3&#8243; css=&#8221;.vc_custom_1468416552613{padding-right: 7.5px !important;padding-bottom: 10px !important;padding-left: 7.5px !important;}&#8221;][mk_flipbox_rb taxonomy=&#8221;indication&#8221; tag_indication=&#8221;parasitic-infections&#8221; offset=&#8221;1&#8243; min_height=&#8221;200&#8243; button_bg_color=&#8221;#4d4d4d&#8221; button_bg_hover_color=&#8221;#ffffff&#8221; button_text=&#8221;More&#8221;][\/vc_column_inner][vc_column_inner width=&#8221;1\/3&#8243; css=&#8221;.vc_custom_1468416547451{padding-right: 0px !important;padding-bottom: 10px !important;}&#8221;][mk_flipbox_rb taxonomy=&#8221;indication&#8221; tag_indication=&#8221;parasitic-infections&#8221; offset=&#8221;1&#8243; min_height=&#8221;200&#8243; button_bg_color=&#8221;#4d4d4d&#8221; button_bg_hover_color=&#8221;#ffffff&#8221; button_text=&#8221;More&#8221;][\/vc_column_inner][\/vc_row_inner][\/vc_column][\/mk_page_section][mk_page_section bg_color=&#8221;#f7f7f7&#8243; padding_top=&#8221;20&#8243; padding_bottom=&#8221;20&#8243; sidebar=&#8221;sidebar-1&#8243;][vc_column css=&#8221;.vc_custom_1468415774645{padding-top: 0px !important;padding-bottom: 0px !important;}&#8221;][vc_column_text disable_pattern=&#8221;false&#8221; align=&#8221;center&#8221;]\n<h2>Ondersteuning voor parasitaire infecties<\/h2>\n<p>Vragen? Maak gebruik van de expertise van ons team. Wij zijn er om u en uw organisatie tijdens het hele testproces te ondersteunen om uw succes te garanderen.[\/vc_column_text][mk_button dimension=&#8221;flat&#8221; url=&#8221;\/nl\/contact\/&#8221; align=&#8221;center&#8221; margin_bottom=&#8221;&#8221; bg_color=&#8221;#4d4d4d&#8221; btn_hover_bg=&#8221;#ffffff&#8221; btn_hover_txt_color=&#8221;#4d4d4d&#8221;]Neem contact met ons op[\/mk_button][\/vc_column][\/mk_page_section]\n<\/div>","protected":false},"excerpt":{"rendered":"<p>[mk_page_section padding_top=&#8221;30&#8243; padding_bottom=&#8221;30&#8243; sidebar=&#8221;sidebar-1&#8243;][vc_column width=&#8221;2\/3&#8243;][vc_column_text] Infecties met parasieten komen zeer vaak voor in gebieden met een tropisch klimaat, met malaria als meest voorkomende voorbeeld. In niet-tropische gebieden zijn de volgende parasitaire ziekten het meest karakteristiek: trichomoniasis, giardiasis, cryptosporidiose, amoebiasis en toxoplasmose. Parasitaire infecties worden veroorzaakt door drie soorten organismen: protozo\u00ebn, wormen en ectoparasieten. Infecties met [&hellip;]<\/p>\n","protected":false},"author":1,"featured_media":0,"parent":90032,"menu_order":0,"comment_status":"closed","ping_status":"closed","template":"","meta":{"_acf_changed":false,"content-type":"","_relevanssi_hide_post":"","_relevanssi_hide_content":"","_relevanssi_pin_for_all":"","_relevanssi_pin_keywords":"","_relevanssi_unpin_keywords":"","_relevanssi_related_keywords":"","_relevanssi_related_include_ids":"","_relevanssi_related_exclude_ids":"","_relevanssi_related_no_append":"","_relevanssi_related_not_related":"","_relevanssi_related_posts":"","_relevanssi_noindex_reason":"","footnotes":""},"class_list":["post-90363","page","type-page","status-publish","hentry"],"acf":[],"yoast_head":"<!-- This site is optimized with the Yoast SEO plugin v27.4 - https:\/\/yoast.com\/product\/yoast-seo-wordpress\/ -->\n<title>Parasitaire infecties: Oplossingen voor infectiediagnostiek<\/title>\n<meta name=\"robots\" content=\"index, follow, max-snippet:-1, max-image-preview:large, max-video-preview:-1\" \/>\n<link rel=\"canonical\" href=\"https:\/\/clinical.r-biopharm.com\/nl\/indicatie\/parasitaire-infecties\/\" \/>\n<meta property=\"og:locale\" content=\"nl_NL\" \/>\n<meta property=\"og:type\" content=\"article\" \/>\n<meta property=\"og:title\" content=\"Parasitaire infecties: Oplossingen voor infectiediagnostiek\" \/>\n<meta property=\"og:description\" content=\"[mk_page_section padding_top=&#8221;30&#8243; padding_bottom=&#8221;30&#8243; sidebar=&#8221;sidebar-1&#8243;][vc_column width=&#8221;2\/3&#8243;][vc_column_text] Infecties met parasieten komen zeer vaak voor in gebieden met een tropisch klimaat, met malaria als meest voorkomende voorbeeld. In niet-tropische gebieden zijn de volgende parasitaire ziekten het meest karakteristiek: trichomoniasis, giardiasis, cryptosporidiose, amoebiasis en toxoplasmose. Parasitaire infecties worden veroorzaakt door drie soorten organismen: protozo\u00ebn, wormen en ectoparasieten. Infecties met [&hellip;]\" \/>\n<meta property=\"og:url\" content=\"https:\/\/clinical.r-biopharm.com\/nl\/indicatie\/parasitaire-infecties\/\" \/>\n<meta property=\"og:site_name\" content=\"Clinical Diagnostics\" \/>\n<meta property=\"article:modified_time\" content=\"2019-07-08T13:21:10+00:00\" \/>\n<meta name=\"twitter:label1\" content=\"Est. reading time\" \/>\n\t<meta name=\"twitter:data1\" content=\"3 minutes\" \/>\n<script type=\"application\/ld+json\" class=\"yoast-schema-graph\">{\"@context\":\"https:\\\/\\\/schema.org\",\"@graph\":[{\"@type\":\"WebPage\",\"@id\":\"https:\\\/\\\/clinical.r-biopharm.com\\\/nl\\\/indicatie\\\/parasitaire-infecties\\\/\",\"url\":\"https:\\\/\\\/clinical.r-biopharm.com\\\/nl\\\/indicatie\\\/parasitaire-infecties\\\/\",\"name\":\"Parasitaire infecties: Oplossingen voor infectiediagnostiek\",\"isPartOf\":{\"@id\":\"https:\\\/\\\/clinical.r-biopharm.com\\\/fr\\\/#website\"},\"datePublished\":\"2016-12-15T15:05:30+00:00\",\"dateModified\":\"2019-07-08T13:21:10+00:00\",\"breadcrumb\":{\"@id\":\"https:\\\/\\\/clinical.r-biopharm.com\\\/nl\\\/indicatie\\\/parasitaire-infecties\\\/#breadcrumb\"},\"inLanguage\":\"nl-NL\",\"potentialAction\":[{\"@type\":\"ReadAction\",\"target\":[\"https:\\\/\\\/clinical.r-biopharm.com\\\/nl\\\/indicatie\\\/parasitaire-infecties\\\/\"]}]},{\"@type\":\"BreadcrumbList\",\"@id\":\"https:\\\/\\\/clinical.r-biopharm.com\\\/nl\\\/indicatie\\\/parasitaire-infecties\\\/#breadcrumb\",\"itemListElement\":[{\"@type\":\"ListItem\",\"position\":1,\"name\":\"Home\",\"item\":\"https:\\\/\\\/clinical.r-biopharm.com\\\/nl\\\/\"},{\"@type\":\"ListItem\",\"position\":2,\"name\":\"Indicatie\",\"item\":\"https:\\\/\\\/clinical.r-biopharm.com\\\/nl\\\/indicatie\\\/\"},{\"@type\":\"ListItem\",\"position\":3,\"name\":\"Parasitaire infecties\"}]},{\"@type\":\"WebSite\",\"@id\":\"https:\\\/\\\/clinical.r-biopharm.com\\\/fr\\\/#website\",\"url\":\"https:\\\/\\\/clinical.r-biopharm.com\\\/fr\\\/\",\"name\":\"Clinical Diagnostics\",\"description\":\"A Division of the R-Biopharm Group\",\"potentialAction\":[{\"@type\":\"SearchAction\",\"target\":{\"@type\":\"EntryPoint\",\"urlTemplate\":\"https:\\\/\\\/clinical.r-biopharm.com\\\/fr\\\/?s={search_term_string}\"},\"query-input\":{\"@type\":\"PropertyValueSpecification\",\"valueRequired\":true,\"valueName\":\"search_term_string\"}}],\"inLanguage\":\"nl-NL\"}]}<\/script>\n<!-- \/ Yoast SEO plugin. -->","yoast_head_json":{"title":"Parasitaire infecties: Oplossingen voor infectiediagnostiek","robots":{"index":"index","follow":"follow","max-snippet":"max-snippet:-1","max-image-preview":"max-image-preview:large","max-video-preview":"max-video-preview:-1"},"canonical":"https:\/\/clinical.r-biopharm.com\/nl\/indicatie\/parasitaire-infecties\/","og_locale":"nl_NL","og_type":"article","og_title":"Parasitaire infecties: Oplossingen voor infectiediagnostiek","og_description":"[mk_page_section padding_top=&#8221;30&#8243; padding_bottom=&#8221;30&#8243; sidebar=&#8221;sidebar-1&#8243;][vc_column width=&#8221;2\/3&#8243;][vc_column_text] Infecties met parasieten komen zeer vaak voor in gebieden met een tropisch klimaat, met malaria als meest voorkomende voorbeeld. In niet-tropische gebieden zijn de volgende parasitaire ziekten het meest karakteristiek: trichomoniasis, giardiasis, cryptosporidiose, amoebiasis en toxoplasmose. Parasitaire infecties worden veroorzaakt door drie soorten organismen: protozo\u00ebn, wormen en ectoparasieten. Infecties met [&hellip;]","og_url":"https:\/\/clinical.r-biopharm.com\/nl\/indicatie\/parasitaire-infecties\/","og_site_name":"Clinical Diagnostics","article_modified_time":"2019-07-08T13:21:10+00:00","twitter_misc":{"Est. reading time":"3 minutes"},"schema":{"@context":"https:\/\/schema.org","@graph":[{"@type":"WebPage","@id":"https:\/\/clinical.r-biopharm.com\/nl\/indicatie\/parasitaire-infecties\/","url":"https:\/\/clinical.r-biopharm.com\/nl\/indicatie\/parasitaire-infecties\/","name":"Parasitaire infecties: Oplossingen voor infectiediagnostiek","isPartOf":{"@id":"https:\/\/clinical.r-biopharm.com\/fr\/#website"},"datePublished":"2016-12-15T15:05:30+00:00","dateModified":"2019-07-08T13:21:10+00:00","breadcrumb":{"@id":"https:\/\/clinical.r-biopharm.com\/nl\/indicatie\/parasitaire-infecties\/#breadcrumb"},"inLanguage":"nl-NL","potentialAction":[{"@type":"ReadAction","target":["https:\/\/clinical.r-biopharm.com\/nl\/indicatie\/parasitaire-infecties\/"]}]},{"@type":"BreadcrumbList","@id":"https:\/\/clinical.r-biopharm.com\/nl\/indicatie\/parasitaire-infecties\/#breadcrumb","itemListElement":[{"@type":"ListItem","position":1,"name":"Home","item":"https:\/\/clinical.r-biopharm.com\/nl\/"},{"@type":"ListItem","position":2,"name":"Indicatie","item":"https:\/\/clinical.r-biopharm.com\/nl\/indicatie\/"},{"@type":"ListItem","position":3,"name":"Parasitaire infecties"}]},{"@type":"WebSite","@id":"https:\/\/clinical.r-biopharm.com\/fr\/#website","url":"https:\/\/clinical.r-biopharm.com\/fr\/","name":"Clinical Diagnostics","description":"A Division of the R-Biopharm Group","potentialAction":[{"@type":"SearchAction","target":{"@type":"EntryPoint","urlTemplate":"https:\/\/clinical.r-biopharm.com\/fr\/?s={search_term_string}"},"query-input":{"@type":"PropertyValueSpecification","valueRequired":true,"valueName":"search_term_string"}}],"inLanguage":"nl-NL"}]}},"_links":{"self":[{"href":"https:\/\/clinical.r-biopharm.com\/nl\/wp-json\/wp\/v2\/pages\/90363","targetHints":{"allow":["GET"]}}],"collection":[{"href":"https:\/\/clinical.r-biopharm.com\/nl\/wp-json\/wp\/v2\/pages"}],"about":[{"href":"https:\/\/clinical.r-biopharm.com\/nl\/wp-json\/wp\/v2\/types\/page"}],"author":[{"embeddable":true,"href":"https:\/\/clinical.r-biopharm.com\/nl\/wp-json\/wp\/v2\/users\/1"}],"replies":[{"embeddable":true,"href":"https:\/\/clinical.r-biopharm.com\/nl\/wp-json\/wp\/v2\/comments?post=90363"}],"version-history":[{"count":15,"href":"https:\/\/clinical.r-biopharm.com\/nl\/wp-json\/wp\/v2\/pages\/90363\/revisions"}],"predecessor-version":[{"id":97393,"href":"https:\/\/clinical.r-biopharm.com\/nl\/wp-json\/wp\/v2\/pages\/90363\/revisions\/97393"}],"up":[{"embeddable":true,"href":"https:\/\/clinical.r-biopharm.com\/nl\/wp-json\/wp\/v2\/pages\/90032"}],"wp:attachment":[{"href":"https:\/\/clinical.r-biopharm.com\/nl\/wp-json\/wp\/v2\/media?parent=90363"}],"curies":[{"name":"wp","href":"https:\/\/api.w.org\/{rel}","templated":true}]}}